{"id":911,"date":"2025-04-23T14:09:26","date_gmt":"2025-04-23T12:09:26","guid":{"rendered":"https:\/\/www.auvray-security.com\/?post_type=product&#038;p=911"},"modified":"2025-12-19T13:28:58","modified_gmt":"2025-12-19T12:28:58","slug":"safe-casque-velo-urbain-haute-securite","status":"publish","type":"product","link":"https:\/\/www.auvray-security.com\/fr\/produit\/safe-casque-velo-urbain-haute-securite\/","title":{"rendered":"SAFE"},"content":{"rendered":"<p>Casque in-mold 2 coques PC<br \/>\nR\u00e9glage par molette microm\u00e9trique<br \/>\nR\u00e9glage occipital en hauteur<br \/>\nMousses de confort amovibles<\/p>\n<p>\u00c9clairage arri\u00e8re LED<br \/>\nCE EN 1078<\/p>\n<p>Taille : <strong>S<\/strong> 53 \/ 56 cm &#8211; <strong>M<\/strong> 56 \/ 59 cm &#8211; <strong>L<\/strong> 59 \/ 63 cm<\/p>\n","protected":false},"excerpt":{"rendered":"<p>Casque in-mold 2 coques PC R\u00e9glage par molette microm\u00e9trique R\u00e9glage occipital en hauteur Mousses de confort amovibles \u00c9clairage arri\u00e8re LED CE EN 1078 Taille : S 53 \/ 56 cm &#8211; M 56 \/ 59 cm &#8211; L 59 \/ 63 cm<\/p>\n","protected":false},"featured_media":1694,"template":"","meta":{"_acf_changed":false,"inline_featured_image":false},"icon_library":[],"certification":[],"family":[],"product_brand":[],"product_cat":[108],"product_tag":[],"class_list":{"0":"post-911","1":"product","2":"type-product","3":"status-publish","4":"has-post-thumbnail","6":"product_cat-casque-velo-et-vae","8":"first","9":"instock","10":"taxable","11":"shipping-taxable","12":"product-type-simple"},"acf":[],"yoast_head":"<!-- This site is optimized with the Yoast SEO plugin v27.3 - https:\/\/yoast.com\/product\/yoast-seo-wordpress\/ -->\n<title>Casque V\u00e9los et VAE - SAFE - AUVRAY Security<\/title>\n<meta name=\"robots\" content=\"index, follow, max-snippet:-1, max-image-preview:large, max-video-preview:-1\" \/>\n<link rel=\"canonical\" href=\"https:\/\/www.auvray-security.com\/fr\/produit\/safe-casque-velo-urbain-haute-securite\/\" \/>\n<meta property=\"og:locale\" content=\"fr_FR\" \/>\n<meta property=\"og:type\" content=\"article\" \/>\n<meta property=\"og:title\" content=\"Casque V\u00e9los et VAE - SAFE - AUVRAY Security\" \/>\n<meta property=\"og:description\" content=\"Casque in-mold 2 coques PC R\u00e9glage par molette microm\u00e9trique R\u00e9glage occipital en hauteur Mousses de confort amovibles \u00c9clairage arri\u00e8re LED CE EN 1078 Taille : S 53 \/ 56 cm &#8211; M 56 \/ 59 cm &#8211; L 59 \/ 63 cm\" \/>\n<meta property=\"og:url\" content=\"https:\/\/www.auvray-security.com\/fr\/produit\/safe-casque-velo-urbain-haute-securite\/\" \/>\n<meta property=\"og:site_name\" content=\"AUVRAY Security\" \/>\n<meta property=\"article:modified_time\" content=\"2025-12-19T12:28:58+00:00\" \/>\n<meta property=\"og:image\" content=\"https:\/\/www.auvray-security.com\/wp-content\/uploads\/safe-casque-velo-00.jpg\" \/>\n\t<meta property=\"og:image:width\" content=\"1501\" \/>\n\t<meta property=\"og:image:height\" content=\"1500\" \/>\n\t<meta property=\"og:image:type\" content=\"image\/jpeg\" \/>\n<meta name=\"twitter:card\" content=\"summary_large_image\" \/>\n<meta name=\"twitter:label1\" content=\"Dur\u00e9e de lecture estim\u00e9e\" \/>\n\t<meta name=\"twitter:data1\" content=\"1 minute\" \/>\n<script type=\"application\/ld+json\" class=\"yoast-schema-graph\">{\"@context\":\"https:\\\/\\\/schema.org\",\"@graph\":[{\"@type\":\"WebPage\",\"@id\":\"https:\\\/\\\/www.auvray-security.com\\\/fr\\\/produit\\\/safe-casque-velo-urbain-haute-securite\\\/\",\"url\":\"https:\\\/\\\/www.auvray-security.com\\\/fr\\\/produit\\\/safe-casque-velo-urbain-haute-securite\\\/\",\"name\":\"Casque V\u00e9los et VAE - SAFE - AUVRAY Security\",\"isPartOf\":{\"@id\":\"https:\\\/\\\/www.auvray-security.com\\\/fr\\\/#website\"},\"primaryImageOfPage\":{\"@id\":\"https:\\\/\\\/www.auvray-security.com\\\/fr\\\/produit\\\/safe-casque-velo-urbain-haute-securite\\\/#primaryimage\"},\"image\":{\"@id\":\"https:\\\/\\\/www.auvray-security.com\\\/fr\\\/produit\\\/safe-casque-velo-urbain-haute-securite\\\/#primaryimage\"},\"thumbnailUrl\":\"https:\\\/\\\/www.auvray-security.com\\\/wp-content\\\/uploads\\\/safe-casque-velo-00.jpg\",\"datePublished\":\"2025-04-23T12:09:26+00:00\",\"dateModified\":\"2025-12-19T12:28:58+00:00\",\"breadcrumb\":{\"@id\":\"https:\\\/\\\/www.auvray-security.com\\\/fr\\\/produit\\\/safe-casque-velo-urbain-haute-securite\\\/#breadcrumb\"},\"inLanguage\":\"fr-FR\",\"potentialAction\":[{\"@type\":\"ReadAction\",\"target\":[\"https:\\\/\\\/www.auvray-security.com\\\/fr\\\/produit\\\/safe-casque-velo-urbain-haute-securite\\\/\"]}]},{\"@type\":\"ImageObject\",\"inLanguage\":\"fr-FR\",\"@id\":\"https:\\\/\\\/www.auvray-security.com\\\/fr\\\/produit\\\/safe-casque-velo-urbain-haute-securite\\\/#primaryimage\",\"url\":\"https:\\\/\\\/www.auvray-security.com\\\/wp-content\\\/uploads\\\/safe-casque-velo-00.jpg\",\"contentUrl\":\"https:\\\/\\\/www.auvray-security.com\\\/wp-content\\\/uploads\\\/safe-casque-velo-00.jpg\",\"width\":1501,\"height\":1500},{\"@type\":\"BreadcrumbList\",\"@id\":\"https:\\\/\\\/www.auvray-security.com\\\/fr\\\/produit\\\/safe-casque-velo-urbain-haute-securite\\\/#breadcrumb\",\"itemListElement\":[{\"@type\":\"ListItem\",\"position\":1,\"name\":\"Accueil\",\"item\":\"https:\\\/\\\/www.auvray-security.com\\\/fr\\\/\"},{\"@type\":\"ListItem\",\"position\":2,\"name\":\"Produits\",\"item\":\"https:\\\/\\\/www.auvray-security.com\\\/fr\\\/shop\\\/\"},{\"@type\":\"ListItem\",\"position\":3,\"name\":\"Casque V\u00e9los et VAE\",\"item\":\"https:\\\/\\\/www.auvray-security.com\\\/fr\\\/categorie-produit\\\/casque-velo-et-vae\\\/\"},{\"@type\":\"ListItem\",\"position\":4,\"name\":\"SAFE\"}]},{\"@type\":\"WebSite\",\"@id\":\"https:\\\/\\\/www.auvray-security.com\\\/fr\\\/#website\",\"url\":\"https:\\\/\\\/www.auvray-security.com\\\/fr\\\/\",\"name\":\"AUVRAY Security\",\"description\":\"\",\"potentialAction\":[{\"@type\":\"SearchAction\",\"target\":{\"@type\":\"EntryPoint\",\"urlTemplate\":\"https:\\\/\\\/www.auvray-security.com\\\/fr\\\/?s={search_term_string}\"},\"query-input\":{\"@type\":\"PropertyValueSpecification\",\"valueRequired\":true,\"valueName\":\"search_term_string\"}}],\"inLanguage\":\"fr-FR\"}]}<\/script>\n<!-- \/ Yoast SEO plugin. -->","yoast_head_json":{"title":"Casque V\u00e9los et VAE - SAFE - AUVRAY Security","robots":{"index":"index","follow":"follow","max-snippet":"max-snippet:-1","max-image-preview":"max-image-preview:large","max-video-preview":"max-video-preview:-1"},"canonical":"https:\/\/www.auvray-security.com\/fr\/produit\/safe-casque-velo-urbain-haute-securite\/","og_locale":"fr_FR","og_type":"article","og_title":"Casque V\u00e9los et VAE - SAFE - AUVRAY Security","og_description":"Casque in-mold 2 coques PC R\u00e9glage par molette microm\u00e9trique R\u00e9glage occipital en hauteur Mousses de confort amovibles \u00c9clairage arri\u00e8re LED CE EN 1078 Taille : S 53 \/ 56 cm &#8211; M 56 \/ 59 cm &#8211; L 59 \/ 63 cm","og_url":"https:\/\/www.auvray-security.com\/fr\/produit\/safe-casque-velo-urbain-haute-securite\/","og_site_name":"AUVRAY Security","article_modified_time":"2025-12-19T12:28:58+00:00","og_image":[{"width":1501,"height":1500,"url":"https:\/\/www.auvray-security.com\/wp-content\/uploads\/safe-casque-velo-00.jpg","type":"image\/jpeg"}],"twitter_card":"summary_large_image","twitter_misc":{"Dur\u00e9e de lecture estim\u00e9e":"1 minute"},"schema":{"@context":"https:\/\/schema.org","@graph":[{"@type":"WebPage","@id":"https:\/\/www.auvray-security.com\/fr\/produit\/safe-casque-velo-urbain-haute-securite\/","url":"https:\/\/www.auvray-security.com\/fr\/produit\/safe-casque-velo-urbain-haute-securite\/","name":"Casque V\u00e9los et VAE - SAFE - AUVRAY Security","isPartOf":{"@id":"https:\/\/www.auvray-security.com\/fr\/#website"},"primaryImageOfPage":{"@id":"https:\/\/www.auvray-security.com\/fr\/produit\/safe-casque-velo-urbain-haute-securite\/#primaryimage"},"image":{"@id":"https:\/\/www.auvray-security.com\/fr\/produit\/safe-casque-velo-urbain-haute-securite\/#primaryimage"},"thumbnailUrl":"https:\/\/www.auvray-security.com\/wp-content\/uploads\/safe-casque-velo-00.jpg","datePublished":"2025-04-23T12:09:26+00:00","dateModified":"2025-12-19T12:28:58+00:00","breadcrumb":{"@id":"https:\/\/www.auvray-security.com\/fr\/produit\/safe-casque-velo-urbain-haute-securite\/#breadcrumb"},"inLanguage":"fr-FR","potentialAction":[{"@type":"ReadAction","target":["https:\/\/www.auvray-security.com\/fr\/produit\/safe-casque-velo-urbain-haute-securite\/"]}]},{"@type":"ImageObject","inLanguage":"fr-FR","@id":"https:\/\/www.auvray-security.com\/fr\/produit\/safe-casque-velo-urbain-haute-securite\/#primaryimage","url":"https:\/\/www.auvray-security.com\/wp-content\/uploads\/safe-casque-velo-00.jpg","contentUrl":"https:\/\/www.auvray-security.com\/wp-content\/uploads\/safe-casque-velo-00.jpg","width":1501,"height":1500},{"@type":"BreadcrumbList","@id":"https:\/\/www.auvray-security.com\/fr\/produit\/safe-casque-velo-urbain-haute-securite\/#breadcrumb","itemListElement":[{"@type":"ListItem","position":1,"name":"Accueil","item":"https:\/\/www.auvray-security.com\/fr\/"},{"@type":"ListItem","position":2,"name":"Produits","item":"https:\/\/www.auvray-security.com\/fr\/shop\/"},{"@type":"ListItem","position":3,"name":"Casque V\u00e9los et VAE","item":"https:\/\/www.auvray-security.com\/fr\/categorie-produit\/casque-velo-et-vae\/"},{"@type":"ListItem","position":4,"name":"SAFE"}]},{"@type":"WebSite","@id":"https:\/\/www.auvray-security.com\/fr\/#website","url":"https:\/\/www.auvray-security.com\/fr\/","name":"AUVRAY Security","description":"","potentialAction":[{"@type":"SearchAction","target":{"@type":"EntryPoint","urlTemplate":"https:\/\/www.auvray-security.com\/fr\/?s={search_term_string}"},"query-input":{"@type":"PropertyValueSpecification","valueRequired":true,"valueName":"search_term_string"}}],"inLanguage":"fr-FR"}]}},"_links":{"self":[{"href":"https:\/\/www.auvray-security.com\/fr\/wp-json\/wp\/v2\/product\/911","targetHints":{"allow":["GET"]}}],"collection":[{"href":"https:\/\/www.auvray-security.com\/fr\/wp-json\/wp\/v2\/product"}],"about":[{"href":"https:\/\/www.auvray-security.com\/fr\/wp-json\/wp\/v2\/types\/product"}],"wp:featuredmedia":[{"embeddable":true,"href":"https:\/\/www.auvray-security.com\/fr\/wp-json\/wp\/v2\/media\/1694"}],"wp:attachment":[{"href":"https:\/\/www.auvray-security.com\/fr\/wp-json\/wp\/v2\/media?parent=911"}],"wp:term":[{"taxonomy":"icon_library","embeddable":true,"href":"https:\/\/www.auvray-security.com\/fr\/wp-json\/wp\/v2\/icon_library?post=911"},{"taxonomy":"certification","embeddable":true,"href":"https:\/\/www.auvray-security.com\/fr\/wp-json\/wp\/v2\/certification?post=911"},{"taxonomy":"family","embeddable":true,"href":"https:\/\/www.auvray-security.com\/fr\/wp-json\/wp\/v2\/family?post=911"},{"taxonomy":"product_brand","embeddable":true,"href":"https:\/\/www.auvray-security.com\/fr\/wp-json\/wp\/v2\/product_brand?post=911"},{"taxonomy":"product_cat","embeddable":true,"href":"https:\/\/www.auvray-security.com\/fr\/wp-json\/wp\/v2\/product_cat?post=911"},{"taxonomy":"product_tag","embeddable":true,"href":"https:\/\/www.auvray-security.com\/fr\/wp-json\/wp\/v2\/product_tag?post=911"}],"curies":[{"name":"wp","href":"https:\/\/api.w.org\/{rel}","templated":true}]}}