{"id":907,"date":"2025-05-06T09:00:23","date_gmt":"2025-05-06T07:00:23","guid":{"rendered":"https:\/\/www.auvray-security.com\/?post_type=product&#038;p=907"},"modified":"2025-12-19T13:25:20","modified_gmt":"2025-12-19T12:25:20","slug":"spirale-city-antivol-spirale-haute-securite","status":"publish","type":"product","link":"https:\/\/www.auvray-security.com\/fr\/produit\/spirale-city-antivol-spirale-haute-securite\/","title":{"rendered":"SPIRALE CITY"},"content":{"rendered":"<h3>AUVRAY SPIRALE CITY pour v\u00e9los<\/h3>\n<p>\u2714\ufe0f C\u00e2ble tress\u00e9 acier haute r\u00e9sistance \u00d8 12 mm<br \/>\n\u2714\ufe0f Gaine rubber finition noir mat<br \/>\n\u2714\ufe0f Longueur 150 \u00e0 180 cm<br \/>\n\u2714\ufe0f Livr\u00e9 avec 2 cl\u00e9s frais\u00e9es et support<\/p>\n<p>Variantes possible :<\/p>\n<ul>\n<li>Spirale City \u00d8 8 mm longueur 150 cm &#8211; R\u00e9f : SPLK150AUV08 &#8211; Poids 0,31<\/li>\n<li>Spirale City \u00d8 10 mm longueur 150 cm &#8211; R\u00e9f : SPLK150AUV10 &#8211; Poids 0,37<\/li>\n<li>Spirale City \u00d8 12 mm longueur 180 cm &#8211; R\u00e9f : SPLK180AUV12 &#8211; Poids 0,49<\/li>\n<li>Spirale City \u00d8 15 mm longueur 150 cm &#8211; R\u00e9f : SPLK150AUV15 &#8211; Poids 0,29<\/li>\n<\/ul>\n","protected":false},"excerpt":{"rendered":"<p>AUVRAY SPIRALE CITY pour v\u00e9los \u2714\ufe0f C\u00e2ble tress\u00e9 acier haute r\u00e9sistance \u00d8 12 mm \u2714\ufe0f Gaine rubber finition noir mat \u2714\ufe0f Longueur 150 \u00e0 180 cm \u2714\ufe0f Livr\u00e9 avec 2 cl\u00e9s frais\u00e9es et support Variantes possible : Spirale City \u00d8 8 mm longueur 150 cm &#8211; R\u00e9f : SPLK150AUV08 &#8211; Poids 0,31 Spirale City \u00d8 [&hellip;]<\/p>\n","protected":false},"featured_media":1648,"template":"","meta":{"_acf_changed":false,"inline_featured_image":false},"icon_library":[69,70,77,57,86],"certification":[55,43],"family":[303],"product_brand":[],"product_cat":[33],"product_tag":[],"class_list":{"0":"post-907","1":"product","2":"type-product","3":"status-publish","4":"has-post-thumbnail","6":"family-cable","7":"product_cat-cables-antivols-velo-et-vae","9":"first","10":"instock","11":"taxable","12":"shipping-taxable","13":"purchasable","14":"product-type-variable","15":"has-default-attributes"},"acf":[],"yoast_head":"<!-- This site is optimized with the Yoast SEO plugin v27.3 - https:\/\/yoast.com\/product\/yoast-seo-wordpress\/ -->\n<title>Antivols de cadre \/ Articul\u00e9s \/ C\u00e2bles \/ Spirales - SPIRALE CITY - AUVRAY Security<\/title>\n<meta name=\"robots\" content=\"index, follow, max-snippet:-1, max-image-preview:large, max-video-preview:-1\" \/>\n<link rel=\"canonical\" href=\"https:\/\/www.auvray-security.com\/fr\/produit\/spirale-city-antivol-spirale-haute-securite\/\" \/>\n<meta property=\"og:locale\" content=\"fr_FR\" \/>\n<meta property=\"og:type\" content=\"article\" \/>\n<meta property=\"og:title\" content=\"Antivols de cadre \/ Articul\u00e9s \/ C\u00e2bles \/ Spirales - SPIRALE CITY - AUVRAY Security\" \/>\n<meta property=\"og:description\" content=\"AUVRAY SPIRALE CITY pour v\u00e9los \u2714\ufe0f C\u00e2ble tress\u00e9 acier haute r\u00e9sistance \u00d8 12 mm \u2714\ufe0f Gaine rubber finition noir mat \u2714\ufe0f Longueur 150 \u00e0 180 cm \u2714\ufe0f Livr\u00e9 avec 2 cl\u00e9s frais\u00e9es et support Variantes possible : Spirale City \u00d8 8 mm longueur 150 cm &#8211; R\u00e9f : SPLK150AUV08 &#8211; Poids 0,31 Spirale City \u00d8 [&hellip;]\" \/>\n<meta property=\"og:url\" content=\"https:\/\/www.auvray-security.com\/fr\/produit\/spirale-city-antivol-spirale-haute-securite\/\" \/>\n<meta property=\"og:site_name\" content=\"AUVRAY Security\" \/>\n<meta property=\"article:modified_time\" content=\"2025-12-19T12:25:20+00:00\" \/>\n<meta property=\"og:image\" content=\"https:\/\/www.auvray-security.com\/wp-content\/uploads\/spirale-city-antivol-spirale-haute-securite-00.jpg\" \/>\n\t<meta property=\"og:image:width\" content=\"1501\" \/>\n\t<meta property=\"og:image:height\" content=\"1500\" \/>\n\t<meta property=\"og:image:type\" content=\"image\/jpeg\" \/>\n<meta name=\"twitter:card\" content=\"summary_large_image\" \/>\n<meta name=\"twitter:label1\" content=\"Dur\u00e9e de lecture estim\u00e9e\" \/>\n\t<meta name=\"twitter:data1\" content=\"1 minute\" \/>\n<script type=\"application\/ld+json\" class=\"yoast-schema-graph\">{\"@context\":\"https:\\\/\\\/schema.org\",\"@graph\":[{\"@type\":\"WebPage\",\"@id\":\"https:\\\/\\\/www.auvray-security.com\\\/fr\\\/produit\\\/spirale-city-antivol-spirale-haute-securite\\\/\",\"url\":\"https:\\\/\\\/www.auvray-security.com\\\/fr\\\/produit\\\/spirale-city-antivol-spirale-haute-securite\\\/\",\"name\":\"Antivols de cadre \\\/ Articul\u00e9s \\\/ C\u00e2bles \\\/ Spirales - SPIRALE CITY - AUVRAY Security\",\"isPartOf\":{\"@id\":\"https:\\\/\\\/www.auvray-security.com\\\/fr\\\/#website\"},\"primaryImageOfPage\":{\"@id\":\"https:\\\/\\\/www.auvray-security.com\\\/fr\\\/produit\\\/spirale-city-antivol-spirale-haute-securite\\\/#primaryimage\"},\"image\":{\"@id\":\"https:\\\/\\\/www.auvray-security.com\\\/fr\\\/produit\\\/spirale-city-antivol-spirale-haute-securite\\\/#primaryimage\"},\"thumbnailUrl\":\"https:\\\/\\\/www.auvray-security.com\\\/wp-content\\\/uploads\\\/spirale-city-antivol-spirale-haute-securite-00.jpg\",\"datePublished\":\"2025-05-06T07:00:23+00:00\",\"dateModified\":\"2025-12-19T12:25:20+00:00\",\"breadcrumb\":{\"@id\":\"https:\\\/\\\/www.auvray-security.com\\\/fr\\\/produit\\\/spirale-city-antivol-spirale-haute-securite\\\/#breadcrumb\"},\"inLanguage\":\"fr-FR\",\"potentialAction\":[{\"@type\":\"ReadAction\",\"target\":[\"https:\\\/\\\/www.auvray-security.com\\\/fr\\\/produit\\\/spirale-city-antivol-spirale-haute-securite\\\/\"]}]},{\"@type\":\"ImageObject\",\"inLanguage\":\"fr-FR\",\"@id\":\"https:\\\/\\\/www.auvray-security.com\\\/fr\\\/produit\\\/spirale-city-antivol-spirale-haute-securite\\\/#primaryimage\",\"url\":\"https:\\\/\\\/www.auvray-security.com\\\/wp-content\\\/uploads\\\/spirale-city-antivol-spirale-haute-securite-00.jpg\",\"contentUrl\":\"https:\\\/\\\/www.auvray-security.com\\\/wp-content\\\/uploads\\\/spirale-city-antivol-spirale-haute-securite-00.jpg\",\"width\":1501,\"height\":1500},{\"@type\":\"BreadcrumbList\",\"@id\":\"https:\\\/\\\/www.auvray-security.com\\\/fr\\\/produit\\\/spirale-city-antivol-spirale-haute-securite\\\/#breadcrumb\",\"itemListElement\":[{\"@type\":\"ListItem\",\"position\":1,\"name\":\"Accueil\",\"item\":\"https:\\\/\\\/www.auvray-security.com\\\/fr\\\/\"},{\"@type\":\"ListItem\",\"position\":2,\"name\":\"Produits\",\"item\":\"https:\\\/\\\/www.auvray-security.com\\\/fr\\\/shop\\\/\"},{\"@type\":\"ListItem\",\"position\":3,\"name\":\"Antivols v\u00e9lo et VAE\",\"item\":\"https:\\\/\\\/www.auvray-security.com\\\/fr\\\/categorie-produit\\\/antivols-velo-et-vae\\\/\"},{\"@type\":\"ListItem\",\"position\":4,\"name\":\"Antivols de cadre \\\/ Articul\u00e9s \\\/ C\u00e2bles \\\/ Spirales\",\"item\":\"https:\\\/\\\/www.auvray-security.com\\\/fr\\\/categorie-produit\\\/antivols-velo-et-vae\\\/cables-antivols-velo-et-vae\\\/\"},{\"@type\":\"ListItem\",\"position\":5,\"name\":\"SPIRALE CITY\"}]},{\"@type\":\"WebSite\",\"@id\":\"https:\\\/\\\/www.auvray-security.com\\\/fr\\\/#website\",\"url\":\"https:\\\/\\\/www.auvray-security.com\\\/fr\\\/\",\"name\":\"AUVRAY Security\",\"description\":\"\",\"potentialAction\":[{\"@type\":\"SearchAction\",\"target\":{\"@type\":\"EntryPoint\",\"urlTemplate\":\"https:\\\/\\\/www.auvray-security.com\\\/fr\\\/?s={search_term_string}\"},\"query-input\":{\"@type\":\"PropertyValueSpecification\",\"valueRequired\":true,\"valueName\":\"search_term_string\"}}],\"inLanguage\":\"fr-FR\"}]}<\/script>\n<!-- \/ Yoast SEO plugin. -->","yoast_head_json":{"title":"Antivols de cadre \/ Articul\u00e9s \/ C\u00e2bles \/ Spirales - SPIRALE CITY - AUVRAY Security","robots":{"index":"index","follow":"follow","max-snippet":"max-snippet:-1","max-image-preview":"max-image-preview:large","max-video-preview":"max-video-preview:-1"},"canonical":"https:\/\/www.auvray-security.com\/fr\/produit\/spirale-city-antivol-spirale-haute-securite\/","og_locale":"fr_FR","og_type":"article","og_title":"Antivols de cadre \/ Articul\u00e9s \/ C\u00e2bles \/ Spirales - SPIRALE CITY - AUVRAY Security","og_description":"AUVRAY SPIRALE CITY pour v\u00e9los \u2714\ufe0f C\u00e2ble tress\u00e9 acier haute r\u00e9sistance \u00d8 12 mm \u2714\ufe0f Gaine rubber finition noir mat \u2714\ufe0f Longueur 150 \u00e0 180 cm \u2714\ufe0f Livr\u00e9 avec 2 cl\u00e9s frais\u00e9es et support Variantes possible : Spirale City \u00d8 8 mm longueur 150 cm &#8211; R\u00e9f : SPLK150AUV08 &#8211; Poids 0,31 Spirale City \u00d8 [&hellip;]","og_url":"https:\/\/www.auvray-security.com\/fr\/produit\/spirale-city-antivol-spirale-haute-securite\/","og_site_name":"AUVRAY Security","article_modified_time":"2025-12-19T12:25:20+00:00","og_image":[{"width":1501,"height":1500,"url":"https:\/\/www.auvray-security.com\/wp-content\/uploads\/spirale-city-antivol-spirale-haute-securite-00.jpg","type":"image\/jpeg"}],"twitter_card":"summary_large_image","twitter_misc":{"Dur\u00e9e de lecture estim\u00e9e":"1 minute"},"schema":{"@context":"https:\/\/schema.org","@graph":[{"@type":"WebPage","@id":"https:\/\/www.auvray-security.com\/fr\/produit\/spirale-city-antivol-spirale-haute-securite\/","url":"https:\/\/www.auvray-security.com\/fr\/produit\/spirale-city-antivol-spirale-haute-securite\/","name":"Antivols de cadre \/ Articul\u00e9s \/ C\u00e2bles \/ Spirales - SPIRALE CITY - AUVRAY Security","isPartOf":{"@id":"https:\/\/www.auvray-security.com\/fr\/#website"},"primaryImageOfPage":{"@id":"https:\/\/www.auvray-security.com\/fr\/produit\/spirale-city-antivol-spirale-haute-securite\/#primaryimage"},"image":{"@id":"https:\/\/www.auvray-security.com\/fr\/produit\/spirale-city-antivol-spirale-haute-securite\/#primaryimage"},"thumbnailUrl":"https:\/\/www.auvray-security.com\/wp-content\/uploads\/spirale-city-antivol-spirale-haute-securite-00.jpg","datePublished":"2025-05-06T07:00:23+00:00","dateModified":"2025-12-19T12:25:20+00:00","breadcrumb":{"@id":"https:\/\/www.auvray-security.com\/fr\/produit\/spirale-city-antivol-spirale-haute-securite\/#breadcrumb"},"inLanguage":"fr-FR","potentialAction":[{"@type":"ReadAction","target":["https:\/\/www.auvray-security.com\/fr\/produit\/spirale-city-antivol-spirale-haute-securite\/"]}]},{"@type":"ImageObject","inLanguage":"fr-FR","@id":"https:\/\/www.auvray-security.com\/fr\/produit\/spirale-city-antivol-spirale-haute-securite\/#primaryimage","url":"https:\/\/www.auvray-security.com\/wp-content\/uploads\/spirale-city-antivol-spirale-haute-securite-00.jpg","contentUrl":"https:\/\/www.auvray-security.com\/wp-content\/uploads\/spirale-city-antivol-spirale-haute-securite-00.jpg","width":1501,"height":1500},{"@type":"BreadcrumbList","@id":"https:\/\/www.auvray-security.com\/fr\/produit\/spirale-city-antivol-spirale-haute-securite\/#breadcrumb","itemListElement":[{"@type":"ListItem","position":1,"name":"Accueil","item":"https:\/\/www.auvray-security.com\/fr\/"},{"@type":"ListItem","position":2,"name":"Produits","item":"https:\/\/www.auvray-security.com\/fr\/shop\/"},{"@type":"ListItem","position":3,"name":"Antivols v\u00e9lo et VAE","item":"https:\/\/www.auvray-security.com\/fr\/categorie-produit\/antivols-velo-et-vae\/"},{"@type":"ListItem","position":4,"name":"Antivols de cadre \/ Articul\u00e9s \/ C\u00e2bles \/ Spirales","item":"https:\/\/www.auvray-security.com\/fr\/categorie-produit\/antivols-velo-et-vae\/cables-antivols-velo-et-vae\/"},{"@type":"ListItem","position":5,"name":"SPIRALE CITY"}]},{"@type":"WebSite","@id":"https:\/\/www.auvray-security.com\/fr\/#website","url":"https:\/\/www.auvray-security.com\/fr\/","name":"AUVRAY Security","description":"","potentialAction":[{"@type":"SearchAction","target":{"@type":"EntryPoint","urlTemplate":"https:\/\/www.auvray-security.com\/fr\/?s={search_term_string}"},"query-input":{"@type":"PropertyValueSpecification","valueRequired":true,"valueName":"search_term_string"}}],"inLanguage":"fr-FR"}]}},"_links":{"self":[{"href":"https:\/\/www.auvray-security.com\/fr\/wp-json\/wp\/v2\/product\/907","targetHints":{"allow":["GET"]}}],"collection":[{"href":"https:\/\/www.auvray-security.com\/fr\/wp-json\/wp\/v2\/product"}],"about":[{"href":"https:\/\/www.auvray-security.com\/fr\/wp-json\/wp\/v2\/types\/product"}],"wp:featuredmedia":[{"embeddable":true,"href":"https:\/\/www.auvray-security.com\/fr\/wp-json\/wp\/v2\/media\/1648"}],"wp:attachment":[{"href":"https:\/\/www.auvray-security.com\/fr\/wp-json\/wp\/v2\/media?parent=907"}],"wp:term":[{"taxonomy":"icon_library","embeddable":true,"href":"https:\/\/www.auvray-security.com\/fr\/wp-json\/wp\/v2\/icon_library?post=907"},{"taxonomy":"certification","embeddable":true,"href":"https:\/\/www.auvray-security.com\/fr\/wp-json\/wp\/v2\/certification?post=907"},{"taxonomy":"family","embeddable":true,"href":"https:\/\/www.auvray-security.com\/fr\/wp-json\/wp\/v2\/family?post=907"},{"taxonomy":"product_brand","embeddable":true,"href":"https:\/\/www.auvray-security.com\/fr\/wp-json\/wp\/v2\/product_brand?post=907"},{"taxonomy":"product_cat","embeddable":true,"href":"https:\/\/www.auvray-security.com\/fr\/wp-json\/wp\/v2\/product_cat?post=907"},{"taxonomy":"product_tag","embeddable":true,"href":"https:\/\/www.auvray-security.com\/fr\/wp-json\/wp\/v2\/product_tag?post=907"}],"curies":[{"name":"wp","href":"https:\/\/api.w.org\/{rel}","templated":true}]}}