{"id":881,"date":"2025-05-05T14:00:35","date_gmt":"2025-05-05T12:00:35","guid":{"rendered":"https:\/\/www.auvray-security.com\/?post_type=product&#038;p=881"},"modified":"2025-12-19T13:26:28","modified_gmt":"2025-12-19T12:26:28","slug":"chaine-120","status":"publish","type":"product","link":"https:\/\/www.auvray-security.com\/fr\/produit\/chaine-120\/","title":{"rendered":"Cha\u00eene 120 seule <br>Droite | Lasso"},"content":{"rendered":"<h3>AUVRAY CHA\u00ceNE 120 SEULE pour motos, scooters et v\u00e9los<\/h3>\n<p>Nos chaines 120 peuvent \u00eatre coupl\u00e9es avec un U ou un BLOQUE DISQUE pour faire un ensemble<\/p>\n<p>Variantes possible :<\/p>\n<ul>\n<li>Cha\u00eene Xtrem \u00d8 10 mm droite 120 cm &#8211; R\u00e9f : CNH120AUV25 &#8211; Poids 2,22<\/li>\n<li>Cha\u00eene Xtrem \u00d8 12 mm lasso 120 cm &#8211; R\u00e9f : CNH12L120AUV &#8211; Poids 3,18<\/li>\n<\/ul>\n","protected":false},"excerpt":{"rendered":"<p>AUVRAY CHA\u00ceNE 120 SEULE pour motos, scooters et v\u00e9los Nos chaines 120 peuvent \u00eatre coupl\u00e9es avec un U ou un BLOQUE DISQUE pour faire un ensemble Variantes possible : Cha\u00eene Xtrem \u00d8 10 mm droite 120 cm &#8211; R\u00e9f : CNH120AUV25 &#8211; Poids 2,22 Cha\u00eene Xtrem \u00d8 12 mm lasso 120 cm &#8211; R\u00e9f : [&hellip;]<\/p>\n","protected":false},"featured_media":1382,"template":"","meta":{"_acf_changed":false,"inline_featured_image":false},"icon_library":[60,62,71,78],"certification":[],"family":[],"product_brand":[],"product_cat":[34],"product_tag":[],"class_list":{"0":"post-881","1":"product","2":"type-product","3":"status-publish","4":"has-post-thumbnail","6":"product_cat-chaines-cadenas-antivols-velo-et-vae","8":"first","9":"instock","10":"taxable","11":"shipping-taxable","12":"purchasable","13":"product-type-variable","14":"has-default-attributes"},"acf":[],"yoast_head":"<!-- This site is optimized with the Yoast SEO plugin v27.5 - https:\/\/yoast.com\/product\/yoast-seo-wordpress\/ -->\n<title>Chaines \/ Cadenas - Cha\u00eene 120 seule Droite | Lasso - AUVRAY Security<\/title>\n<meta name=\"robots\" content=\"index, follow, max-snippet:-1, max-image-preview:large, max-video-preview:-1\" \/>\n<link rel=\"canonical\" href=\"https:\/\/www.auvray-security.com\/fr\/produit\/chaine-120\/\" \/>\n<meta property=\"og:locale\" content=\"fr_FR\" \/>\n<meta property=\"og:type\" content=\"article\" \/>\n<meta property=\"og:title\" content=\"Chaines \/ Cadenas - Cha\u00eene 120 seule Droite | Lasso - AUVRAY Security\" \/>\n<meta property=\"og:description\" content=\"AUVRAY CHA\u00ceNE 120 SEULE pour motos, scooters et v\u00e9los Nos chaines 120 peuvent \u00eatre coupl\u00e9es avec un U ou un BLOQUE DISQUE pour faire un ensemble Variantes possible : Cha\u00eene Xtrem \u00d8 10 mm droite 120 cm &#8211; R\u00e9f : CNH120AUV25 &#8211; Poids 2,22 Cha\u00eene Xtrem \u00d8 12 mm lasso 120 cm &#8211; R\u00e9f : [&hellip;]\" \/>\n<meta property=\"og:url\" content=\"https:\/\/www.auvray-security.com\/fr\/produit\/chaine-120\/\" \/>\n<meta property=\"og:site_name\" content=\"AUVRAY Security\" \/>\n<meta property=\"article:modified_time\" content=\"2025-12-19T12:26:28+00:00\" \/>\n<meta property=\"og:image\" content=\"https:\/\/www.auvray-security.com\/wp-content\/uploads\/chaine-120-seule-droite-lasso-00.jpg\" \/>\n\t<meta property=\"og:image:width\" content=\"1500\" \/>\n\t<meta property=\"og:image:height\" content=\"1501\" \/>\n\t<meta property=\"og:image:type\" content=\"image\/jpeg\" \/>\n<meta name=\"twitter:card\" content=\"summary_large_image\" \/>\n<meta name=\"twitter:label1\" content=\"Dur\u00e9e de lecture estim\u00e9e\" \/>\n\t<meta name=\"twitter:data1\" content=\"1 minute\" \/>\n<script type=\"application\/ld+json\" class=\"yoast-schema-graph\">{\"@context\":\"https:\\\/\\\/schema.org\",\"@graph\":[{\"@type\":\"WebPage\",\"@id\":\"https:\\\/\\\/www.auvray-security.com\\\/fr\\\/produit\\\/chaine-120\\\/\",\"url\":\"https:\\\/\\\/www.auvray-security.com\\\/fr\\\/produit\\\/chaine-120\\\/\",\"name\":\"Chaines \\\/ Cadenas - Cha\u00eene 120 seule Droite | Lasso - AUVRAY Security\",\"isPartOf\":{\"@id\":\"https:\\\/\\\/www.auvray-security.com\\\/fr\\\/#website\"},\"primaryImageOfPage\":{\"@id\":\"https:\\\/\\\/www.auvray-security.com\\\/fr\\\/produit\\\/chaine-120\\\/#primaryimage\"},\"image\":{\"@id\":\"https:\\\/\\\/www.auvray-security.com\\\/fr\\\/produit\\\/chaine-120\\\/#primaryimage\"},\"thumbnailUrl\":\"https:\\\/\\\/www.auvray-security.com\\\/wp-content\\\/uploads\\\/chaine-120-seule-droite-lasso-00.jpg\",\"datePublished\":\"2025-05-05T12:00:35+00:00\",\"dateModified\":\"2025-12-19T12:26:28+00:00\",\"breadcrumb\":{\"@id\":\"https:\\\/\\\/www.auvray-security.com\\\/fr\\\/produit\\\/chaine-120\\\/#breadcrumb\"},\"inLanguage\":\"fr-FR\",\"potentialAction\":[{\"@type\":\"ReadAction\",\"target\":[\"https:\\\/\\\/www.auvray-security.com\\\/fr\\\/produit\\\/chaine-120\\\/\"]}]},{\"@type\":\"ImageObject\",\"inLanguage\":\"fr-FR\",\"@id\":\"https:\\\/\\\/www.auvray-security.com\\\/fr\\\/produit\\\/chaine-120\\\/#primaryimage\",\"url\":\"https:\\\/\\\/www.auvray-security.com\\\/wp-content\\\/uploads\\\/chaine-120-seule-droite-lasso-00.jpg\",\"contentUrl\":\"https:\\\/\\\/www.auvray-security.com\\\/wp-content\\\/uploads\\\/chaine-120-seule-droite-lasso-00.jpg\",\"width\":1500,\"height\":1501},{\"@type\":\"BreadcrumbList\",\"@id\":\"https:\\\/\\\/www.auvray-security.com\\\/fr\\\/produit\\\/chaine-120\\\/#breadcrumb\",\"itemListElement\":[{\"@type\":\"ListItem\",\"position\":1,\"name\":\"Accueil\",\"item\":\"https:\\\/\\\/www.auvray-security.com\\\/fr\\\/\"},{\"@type\":\"ListItem\",\"position\":2,\"name\":\"Produits\",\"item\":\"https:\\\/\\\/www.auvray-security.com\\\/fr\\\/shop\\\/\"},{\"@type\":\"ListItem\",\"position\":3,\"name\":\"Antivols v\u00e9lo et VAE\",\"item\":\"https:\\\/\\\/www.auvray-security.com\\\/fr\\\/categorie-produit\\\/antivols-velo-et-vae\\\/\"},{\"@type\":\"ListItem\",\"position\":4,\"name\":\"Chaines \\\/ Cadenas\",\"item\":\"https:\\\/\\\/www.auvray-security.com\\\/fr\\\/categorie-produit\\\/antivols-velo-et-vae\\\/chaines-cadenas-antivols-velo-et-vae\\\/\"},{\"@type\":\"ListItem\",\"position\":5,\"name\":\"Cha\u00eene 120 seule Droite | Lasso\"}]},{\"@type\":\"WebSite\",\"@id\":\"https:\\\/\\\/www.auvray-security.com\\\/fr\\\/#website\",\"url\":\"https:\\\/\\\/www.auvray-security.com\\\/fr\\\/\",\"name\":\"AUVRAY Security\",\"description\":\"\",\"potentialAction\":[{\"@type\":\"SearchAction\",\"target\":{\"@type\":\"EntryPoint\",\"urlTemplate\":\"https:\\\/\\\/www.auvray-security.com\\\/fr\\\/?s={search_term_string}\"},\"query-input\":{\"@type\":\"PropertyValueSpecification\",\"valueRequired\":true,\"valueName\":\"search_term_string\"}}],\"inLanguage\":\"fr-FR\"}]}<\/script>\n<!-- \/ Yoast SEO plugin. -->","yoast_head_json":{"title":"Chaines \/ Cadenas - Cha\u00eene 120 seule Droite | Lasso - AUVRAY Security","robots":{"index":"index","follow":"follow","max-snippet":"max-snippet:-1","max-image-preview":"max-image-preview:large","max-video-preview":"max-video-preview:-1"},"canonical":"https:\/\/www.auvray-security.com\/fr\/produit\/chaine-120\/","og_locale":"fr_FR","og_type":"article","og_title":"Chaines \/ Cadenas - Cha\u00eene 120 seule Droite | Lasso - AUVRAY Security","og_description":"AUVRAY CHA\u00ceNE 120 SEULE pour motos, scooters et v\u00e9los Nos chaines 120 peuvent \u00eatre coupl\u00e9es avec un U ou un BLOQUE DISQUE pour faire un ensemble Variantes possible : Cha\u00eene Xtrem \u00d8 10 mm droite 120 cm &#8211; R\u00e9f : CNH120AUV25 &#8211; Poids 2,22 Cha\u00eene Xtrem \u00d8 12 mm lasso 120 cm &#8211; R\u00e9f : [&hellip;]","og_url":"https:\/\/www.auvray-security.com\/fr\/produit\/chaine-120\/","og_site_name":"AUVRAY Security","article_modified_time":"2025-12-19T12:26:28+00:00","og_image":[{"width":1500,"height":1501,"url":"https:\/\/www.auvray-security.com\/wp-content\/uploads\/chaine-120-seule-droite-lasso-00.jpg","type":"image\/jpeg"}],"twitter_card":"summary_large_image","twitter_misc":{"Dur\u00e9e de lecture estim\u00e9e":"1 minute"},"schema":{"@context":"https:\/\/schema.org","@graph":[{"@type":"WebPage","@id":"https:\/\/www.auvray-security.com\/fr\/produit\/chaine-120\/","url":"https:\/\/www.auvray-security.com\/fr\/produit\/chaine-120\/","name":"Chaines \/ Cadenas - Cha\u00eene 120 seule Droite | Lasso - AUVRAY Security","isPartOf":{"@id":"https:\/\/www.auvray-security.com\/fr\/#website"},"primaryImageOfPage":{"@id":"https:\/\/www.auvray-security.com\/fr\/produit\/chaine-120\/#primaryimage"},"image":{"@id":"https:\/\/www.auvray-security.com\/fr\/produit\/chaine-120\/#primaryimage"},"thumbnailUrl":"https:\/\/www.auvray-security.com\/wp-content\/uploads\/chaine-120-seule-droite-lasso-00.jpg","datePublished":"2025-05-05T12:00:35+00:00","dateModified":"2025-12-19T12:26:28+00:00","breadcrumb":{"@id":"https:\/\/www.auvray-security.com\/fr\/produit\/chaine-120\/#breadcrumb"},"inLanguage":"fr-FR","potentialAction":[{"@type":"ReadAction","target":["https:\/\/www.auvray-security.com\/fr\/produit\/chaine-120\/"]}]},{"@type":"ImageObject","inLanguage":"fr-FR","@id":"https:\/\/www.auvray-security.com\/fr\/produit\/chaine-120\/#primaryimage","url":"https:\/\/www.auvray-security.com\/wp-content\/uploads\/chaine-120-seule-droite-lasso-00.jpg","contentUrl":"https:\/\/www.auvray-security.com\/wp-content\/uploads\/chaine-120-seule-droite-lasso-00.jpg","width":1500,"height":1501},{"@type":"BreadcrumbList","@id":"https:\/\/www.auvray-security.com\/fr\/produit\/chaine-120\/#breadcrumb","itemListElement":[{"@type":"ListItem","position":1,"name":"Accueil","item":"https:\/\/www.auvray-security.com\/fr\/"},{"@type":"ListItem","position":2,"name":"Produits","item":"https:\/\/www.auvray-security.com\/fr\/shop\/"},{"@type":"ListItem","position":3,"name":"Antivols v\u00e9lo et VAE","item":"https:\/\/www.auvray-security.com\/fr\/categorie-produit\/antivols-velo-et-vae\/"},{"@type":"ListItem","position":4,"name":"Chaines \/ Cadenas","item":"https:\/\/www.auvray-security.com\/fr\/categorie-produit\/antivols-velo-et-vae\/chaines-cadenas-antivols-velo-et-vae\/"},{"@type":"ListItem","position":5,"name":"Cha\u00eene 120 seule Droite | Lasso"}]},{"@type":"WebSite","@id":"https:\/\/www.auvray-security.com\/fr\/#website","url":"https:\/\/www.auvray-security.com\/fr\/","name":"AUVRAY Security","description":"","potentialAction":[{"@type":"SearchAction","target":{"@type":"EntryPoint","urlTemplate":"https:\/\/www.auvray-security.com\/fr\/?s={search_term_string}"},"query-input":{"@type":"PropertyValueSpecification","valueRequired":true,"valueName":"search_term_string"}}],"inLanguage":"fr-FR"}]}},"_links":{"self":[{"href":"https:\/\/www.auvray-security.com\/fr\/wp-json\/wp\/v2\/product\/881","targetHints":{"allow":["GET"]}}],"collection":[{"href":"https:\/\/www.auvray-security.com\/fr\/wp-json\/wp\/v2\/product"}],"about":[{"href":"https:\/\/www.auvray-security.com\/fr\/wp-json\/wp\/v2\/types\/product"}],"wp:featuredmedia":[{"embeddable":true,"href":"https:\/\/www.auvray-security.com\/fr\/wp-json\/wp\/v2\/media\/1382"}],"wp:attachment":[{"href":"https:\/\/www.auvray-security.com\/fr\/wp-json\/wp\/v2\/media?parent=881"}],"wp:term":[{"taxonomy":"icon_library","embeddable":true,"href":"https:\/\/www.auvray-security.com\/fr\/wp-json\/wp\/v2\/icon_library?post=881"},{"taxonomy":"certification","embeddable":true,"href":"https:\/\/www.auvray-security.com\/fr\/wp-json\/wp\/v2\/certification?post=881"},{"taxonomy":"family","embeddable":true,"href":"https:\/\/www.auvray-security.com\/fr\/wp-json\/wp\/v2\/family?post=881"},{"taxonomy":"product_brand","embeddable":true,"href":"https:\/\/www.auvray-security.com\/fr\/wp-json\/wp\/v2\/product_brand?post=881"},{"taxonomy":"product_cat","embeddable":true,"href":"https:\/\/www.auvray-security.com\/fr\/wp-json\/wp\/v2\/product_cat?post=881"},{"taxonomy":"product_tag","embeddable":true,"href":"https:\/\/www.auvray-security.com\/fr\/wp-json\/wp\/v2\/product_tag?post=881"}],"curies":[{"name":"wp","href":"https:\/\/api.w.org\/{rel}","templated":true}]}}