{"id":879,"date":"2025-05-05T18:30:48","date_gmt":"2025-05-05T16:30:48","guid":{"rendered":"https:\/\/www.auvray-security.com\/?post_type=product&#038;p=879"},"modified":"2025-12-19T13:25:46","modified_gmt":"2025-12-19T12:25:46","slug":"cbloc-pro-chaine-avec-cadenas-integre","status":"publish","type":"product","link":"https:\/\/www.auvray-security.com\/fr\/produit\/cbloc-pro-chaine-avec-cadenas-integre\/","title":{"rendered":"C\u2022BLOC PRO <br>Cha\u00eene avec cadenas int\u00e9gr\u00e9"},"content":{"rendered":"<p><strong>Prot\u00e9gez votre V\u00e9lo avec la Cha\u00eene C-Bloc PRO<\/strong><br \/>\nLa s\u00e9curit\u00e9 de votre v\u00e9lo est primordiale, et la cha\u00eene C-Bloc PRO de Auvray est con\u00e7ue pour offrir une protection robuste et fiable contre les tentatives de vol. Disponible en trois longueurs, la cha\u00eene C-Bloc est le choix id\u00e9al pour s\u00e9curiser votre v\u00e9lo en toutes circonstances.<\/p>\n<p><strong>Acier C\u00e9ment\u00e9 pour une R\u00e9sistance Maximale<\/strong><br \/>\nLa cha\u00eene C-Bloc PRO est fabriqu\u00e9e en acier c\u00e9ment\u00e9 de haute qualit\u00e9, offrant une r\u00e9sistance exceptionnelle contre les tentatives de coupe et de sciage.<br \/>\nLongueur 100 cm : Cha\u00eene en acier c\u00e9ment\u00e9 de 8,5 mm de diam\u00e8tre<\/p>\n<p><strong>Cadenas Int\u00e9gr\u00e9<\/strong><br \/>\nLa cha\u00eene C-Bloc Pro est \u00e9quip\u00e9e d&rsquo;un cadenas int\u00e9gr\u00e9, simplifiant le processus de verrouillage et augmentant la s\u00e9curit\u00e9 globale. Le cadenas robuste assure que votre v\u00e9lo reste fermement s\u00e9curis\u00e9 \u00e0 tout moment.<\/p>\n<p><strong>Protection par Gaine en Nylon Tress\u00e9 Noir<\/strong><br \/>\nPour prot\u00e9ger votre v\u00e9lo des rayures et des dommages, la cha\u00eene C-Bloc PRO est envelopp\u00e9e d&rsquo;une gaine en nylon tress\u00e9 noir. Cette gaine de protection durable non seulement prolonge la dur\u00e9e de vie de la cha\u00eene, mais maintient \u00e9galement l&rsquo;esth\u00e9tique de votre v\u00e9lo.<\/p>\n<p><strong>Accessoires Pratiques<\/strong><br \/>\nLa cha\u00eene C-Bloc Pro est livr\u00e9e avec deux cl\u00e9s, vous assurant toujours une cl\u00e9 de rechange \u00e0 port\u00e9e de main. Chaque cl\u00e9 est con\u00e7ue pour offrir une s\u00e9curit\u00e9 maximale et une utilisation pratique au quotidien.<\/p>\n<p><strong>Certifications et Garantie<\/strong><br \/>\nLa chaine C Bloc Pro est certifi\u00e9 ART**, attestant de sa haute performance en mati\u00e8re de s\u00e9curit\u00e9. Confiant dans la qualit\u00e9 de ses produits, Auvray offre une garantie de 2 ans sur cet antivol, vous assurant une protection fiable et durable.<\/p>\n","protected":false},"excerpt":{"rendered":"<p>Prot\u00e9gez votre V\u00e9lo avec la Cha\u00eene C-Bloc PRO La s\u00e9curit\u00e9 de votre v\u00e9lo est primordiale, et la cha\u00eene C-Bloc PRO de Auvray est con\u00e7ue pour offrir une protection robuste et fiable contre les tentatives de vol. Disponible en trois longueurs, la cha\u00eene C-Bloc est le choix id\u00e9al pour s\u00e9curiser votre v\u00e9lo en toutes circonstances. Acier [&hellip;]<\/p>\n","protected":false},"featured_media":952,"template":"","meta":{"_acf_changed":false,"inline_featured_image":false},"icon_library":[64,76,58,82,89],"certification":[224,38,55,46],"family":[306],"product_brand":[],"product_cat":[134,34],"product_tag":[22],"class_list":{"0":"post-879","1":"product","2":"type-product","3":"status-publish","4":"has-post-thumbnail","6":"family-chaine","7":"product_cat-antivols-velo-certifies-sra-art","8":"product_cat-chaines-cadenas-antivols-velo-et-vae","9":"product_tag-nouveau","11":"first","12":"instock","13":"taxable","14":"shipping-taxable","15":"purchasable","16":"product-type-simple"},"acf":[],"yoast_head":"<!-- This site is optimized with the Yoast SEO plugin v27.3 - https:\/\/yoast.com\/product\/yoast-seo-wordpress\/ -->\n<title>Antivols v\u00e9lo certifi\u00e9s SRA ART, Chaines \/ Cadenas - C\u2022BLOC PRO Cha\u00eene avec cadenas int\u00e9gr\u00e9 - AUVRAY Security<\/title>\n<meta name=\"robots\" content=\"index, follow, max-snippet:-1, max-image-preview:large, max-video-preview:-1\" \/>\n<link rel=\"canonical\" href=\"https:\/\/www.auvray-security.com\/fr\/produit\/cbloc-pro-chaine-avec-cadenas-integre\/\" \/>\n<meta property=\"og:locale\" content=\"fr_FR\" \/>\n<meta property=\"og:type\" content=\"article\" \/>\n<meta property=\"og:title\" content=\"Antivols v\u00e9lo certifi\u00e9s SRA ART, Chaines \/ Cadenas - C\u2022BLOC PRO Cha\u00eene avec cadenas int\u00e9gr\u00e9 - AUVRAY Security\" \/>\n<meta property=\"og:description\" content=\"Prot\u00e9gez votre V\u00e9lo avec la Cha\u00eene C-Bloc PRO La s\u00e9curit\u00e9 de votre v\u00e9lo est primordiale, et la cha\u00eene C-Bloc PRO de Auvray est con\u00e7ue pour offrir une protection robuste et fiable contre les tentatives de vol. Disponible en trois longueurs, la cha\u00eene C-Bloc est le choix id\u00e9al pour s\u00e9curiser votre v\u00e9lo en toutes circonstances. Acier [&hellip;]\" \/>\n<meta property=\"og:url\" content=\"https:\/\/www.auvray-security.com\/fr\/produit\/cbloc-pro-chaine-avec-cadenas-integre\/\" \/>\n<meta property=\"og:site_name\" content=\"AUVRAY Security\" \/>\n<meta property=\"article:modified_time\" content=\"2025-12-19T12:25:46+00:00\" \/>\n<meta property=\"og:image\" content=\"https:\/\/www.auvray-security.com\/wp-content\/uploads\/2025\/04\/cbloc-pro-00.jpg\" \/>\n\t<meta property=\"og:image:width\" content=\"1500\" \/>\n\t<meta property=\"og:image:height\" content=\"1500\" \/>\n\t<meta property=\"og:image:type\" content=\"image\/jpeg\" \/>\n<meta name=\"twitter:card\" content=\"summary_large_image\" \/>\n<meta name=\"twitter:label1\" content=\"Dur\u00e9e de lecture estim\u00e9e\" \/>\n\t<meta name=\"twitter:data1\" content=\"2 minutes\" \/>\n<script type=\"application\/ld+json\" class=\"yoast-schema-graph\">{\"@context\":\"https:\\\/\\\/schema.org\",\"@graph\":[{\"@type\":\"WebPage\",\"@id\":\"https:\\\/\\\/www.auvray-security.com\\\/fr\\\/produit\\\/cbloc-pro-chaine-avec-cadenas-integre\\\/\",\"url\":\"https:\\\/\\\/www.auvray-security.com\\\/fr\\\/produit\\\/cbloc-pro-chaine-avec-cadenas-integre\\\/\",\"name\":\"Antivols v\u00e9lo certifi\u00e9s SRA ART, Chaines \\\/ Cadenas - C\u2022BLOC PRO Cha\u00eene avec cadenas int\u00e9gr\u00e9 - AUVRAY Security\",\"isPartOf\":{\"@id\":\"https:\\\/\\\/www.auvray-security.com\\\/fr\\\/#website\"},\"primaryImageOfPage\":{\"@id\":\"https:\\\/\\\/www.auvray-security.com\\\/fr\\\/produit\\\/cbloc-pro-chaine-avec-cadenas-integre\\\/#primaryimage\"},\"image\":{\"@id\":\"https:\\\/\\\/www.auvray-security.com\\\/fr\\\/produit\\\/cbloc-pro-chaine-avec-cadenas-integre\\\/#primaryimage\"},\"thumbnailUrl\":\"https:\\\/\\\/www.auvray-security.com\\\/wp-content\\\/uploads\\\/2025\\\/04\\\/cbloc-pro-00.jpg\",\"datePublished\":\"2025-05-05T16:30:48+00:00\",\"dateModified\":\"2025-12-19T12:25:46+00:00\",\"breadcrumb\":{\"@id\":\"https:\\\/\\\/www.auvray-security.com\\\/fr\\\/produit\\\/cbloc-pro-chaine-avec-cadenas-integre\\\/#breadcrumb\"},\"inLanguage\":\"fr-FR\",\"potentialAction\":[{\"@type\":\"ReadAction\",\"target\":[\"https:\\\/\\\/www.auvray-security.com\\\/fr\\\/produit\\\/cbloc-pro-chaine-avec-cadenas-integre\\\/\"]}]},{\"@type\":\"ImageObject\",\"inLanguage\":\"fr-FR\",\"@id\":\"https:\\\/\\\/www.auvray-security.com\\\/fr\\\/produit\\\/cbloc-pro-chaine-avec-cadenas-integre\\\/#primaryimage\",\"url\":\"https:\\\/\\\/www.auvray-security.com\\\/wp-content\\\/uploads\\\/2025\\\/04\\\/cbloc-pro-00.jpg\",\"contentUrl\":\"https:\\\/\\\/www.auvray-security.com\\\/wp-content\\\/uploads\\\/2025\\\/04\\\/cbloc-pro-00.jpg\",\"width\":1500,\"height\":1500},{\"@type\":\"BreadcrumbList\",\"@id\":\"https:\\\/\\\/www.auvray-security.com\\\/fr\\\/produit\\\/cbloc-pro-chaine-avec-cadenas-integre\\\/#breadcrumb\",\"itemListElement\":[{\"@type\":\"ListItem\",\"position\":1,\"name\":\"Accueil\",\"item\":\"https:\\\/\\\/www.auvray-security.com\\\/fr\\\/\"},{\"@type\":\"ListItem\",\"position\":2,\"name\":\"Produits\",\"item\":\"https:\\\/\\\/www.auvray-security.com\\\/fr\\\/shop\\\/\"},{\"@type\":\"ListItem\",\"position\":3,\"name\":\"Antivols v\u00e9lo et VAE\",\"item\":\"https:\\\/\\\/www.auvray-security.com\\\/fr\\\/categorie-produit\\\/antivols-velo-et-vae\\\/\"},{\"@type\":\"ListItem\",\"position\":4,\"name\":\"Chaines \\\/ Cadenas\",\"item\":\"https:\\\/\\\/www.auvray-security.com\\\/fr\\\/categorie-produit\\\/antivols-velo-et-vae\\\/chaines-cadenas-antivols-velo-et-vae\\\/\"},{\"@type\":\"ListItem\",\"position\":5,\"name\":\"C\u2022BLOC PRO Cha\u00eene avec cadenas int\u00e9gr\u00e9\"}]},{\"@type\":\"WebSite\",\"@id\":\"https:\\\/\\\/www.auvray-security.com\\\/fr\\\/#website\",\"url\":\"https:\\\/\\\/www.auvray-security.com\\\/fr\\\/\",\"name\":\"AUVRAY Security\",\"description\":\"\",\"potentialAction\":[{\"@type\":\"SearchAction\",\"target\":{\"@type\":\"EntryPoint\",\"urlTemplate\":\"https:\\\/\\\/www.auvray-security.com\\\/fr\\\/?s={search_term_string}\"},\"query-input\":{\"@type\":\"PropertyValueSpecification\",\"valueRequired\":true,\"valueName\":\"search_term_string\"}}],\"inLanguage\":\"fr-FR\"}]}<\/script>\n<!-- \/ Yoast SEO plugin. -->","yoast_head_json":{"title":"Antivols v\u00e9lo certifi\u00e9s SRA ART, Chaines \/ Cadenas - C\u2022BLOC PRO Cha\u00eene avec cadenas int\u00e9gr\u00e9 - AUVRAY Security","robots":{"index":"index","follow":"follow","max-snippet":"max-snippet:-1","max-image-preview":"max-image-preview:large","max-video-preview":"max-video-preview:-1"},"canonical":"https:\/\/www.auvray-security.com\/fr\/produit\/cbloc-pro-chaine-avec-cadenas-integre\/","og_locale":"fr_FR","og_type":"article","og_title":"Antivols v\u00e9lo certifi\u00e9s SRA ART, Chaines \/ Cadenas - C\u2022BLOC PRO Cha\u00eene avec cadenas int\u00e9gr\u00e9 - AUVRAY Security","og_description":"Prot\u00e9gez votre V\u00e9lo avec la Cha\u00eene C-Bloc PRO La s\u00e9curit\u00e9 de votre v\u00e9lo est primordiale, et la cha\u00eene C-Bloc PRO de Auvray est con\u00e7ue pour offrir une protection robuste et fiable contre les tentatives de vol. Disponible en trois longueurs, la cha\u00eene C-Bloc est le choix id\u00e9al pour s\u00e9curiser votre v\u00e9lo en toutes circonstances. Acier [&hellip;]","og_url":"https:\/\/www.auvray-security.com\/fr\/produit\/cbloc-pro-chaine-avec-cadenas-integre\/","og_site_name":"AUVRAY Security","article_modified_time":"2025-12-19T12:25:46+00:00","og_image":[{"width":1500,"height":1500,"url":"https:\/\/www.auvray-security.com\/wp-content\/uploads\/2025\/04\/cbloc-pro-00.jpg","type":"image\/jpeg"}],"twitter_card":"summary_large_image","twitter_misc":{"Dur\u00e9e de lecture estim\u00e9e":"2 minutes"},"schema":{"@context":"https:\/\/schema.org","@graph":[{"@type":"WebPage","@id":"https:\/\/www.auvray-security.com\/fr\/produit\/cbloc-pro-chaine-avec-cadenas-integre\/","url":"https:\/\/www.auvray-security.com\/fr\/produit\/cbloc-pro-chaine-avec-cadenas-integre\/","name":"Antivols v\u00e9lo certifi\u00e9s SRA ART, Chaines \/ Cadenas - C\u2022BLOC PRO Cha\u00eene avec cadenas int\u00e9gr\u00e9 - AUVRAY Security","isPartOf":{"@id":"https:\/\/www.auvray-security.com\/fr\/#website"},"primaryImageOfPage":{"@id":"https:\/\/www.auvray-security.com\/fr\/produit\/cbloc-pro-chaine-avec-cadenas-integre\/#primaryimage"},"image":{"@id":"https:\/\/www.auvray-security.com\/fr\/produit\/cbloc-pro-chaine-avec-cadenas-integre\/#primaryimage"},"thumbnailUrl":"https:\/\/www.auvray-security.com\/wp-content\/uploads\/2025\/04\/cbloc-pro-00.jpg","datePublished":"2025-05-05T16:30:48+00:00","dateModified":"2025-12-19T12:25:46+00:00","breadcrumb":{"@id":"https:\/\/www.auvray-security.com\/fr\/produit\/cbloc-pro-chaine-avec-cadenas-integre\/#breadcrumb"},"inLanguage":"fr-FR","potentialAction":[{"@type":"ReadAction","target":["https:\/\/www.auvray-security.com\/fr\/produit\/cbloc-pro-chaine-avec-cadenas-integre\/"]}]},{"@type":"ImageObject","inLanguage":"fr-FR","@id":"https:\/\/www.auvray-security.com\/fr\/produit\/cbloc-pro-chaine-avec-cadenas-integre\/#primaryimage","url":"https:\/\/www.auvray-security.com\/wp-content\/uploads\/2025\/04\/cbloc-pro-00.jpg","contentUrl":"https:\/\/www.auvray-security.com\/wp-content\/uploads\/2025\/04\/cbloc-pro-00.jpg","width":1500,"height":1500},{"@type":"BreadcrumbList","@id":"https:\/\/www.auvray-security.com\/fr\/produit\/cbloc-pro-chaine-avec-cadenas-integre\/#breadcrumb","itemListElement":[{"@type":"ListItem","position":1,"name":"Accueil","item":"https:\/\/www.auvray-security.com\/fr\/"},{"@type":"ListItem","position":2,"name":"Produits","item":"https:\/\/www.auvray-security.com\/fr\/shop\/"},{"@type":"ListItem","position":3,"name":"Antivols v\u00e9lo et VAE","item":"https:\/\/www.auvray-security.com\/fr\/categorie-produit\/antivols-velo-et-vae\/"},{"@type":"ListItem","position":4,"name":"Chaines \/ Cadenas","item":"https:\/\/www.auvray-security.com\/fr\/categorie-produit\/antivols-velo-et-vae\/chaines-cadenas-antivols-velo-et-vae\/"},{"@type":"ListItem","position":5,"name":"C\u2022BLOC PRO Cha\u00eene avec cadenas int\u00e9gr\u00e9"}]},{"@type":"WebSite","@id":"https:\/\/www.auvray-security.com\/fr\/#website","url":"https:\/\/www.auvray-security.com\/fr\/","name":"AUVRAY Security","description":"","potentialAction":[{"@type":"SearchAction","target":{"@type":"EntryPoint","urlTemplate":"https:\/\/www.auvray-security.com\/fr\/?s={search_term_string}"},"query-input":{"@type":"PropertyValueSpecification","valueRequired":true,"valueName":"search_term_string"}}],"inLanguage":"fr-FR"}]}},"_links":{"self":[{"href":"https:\/\/www.auvray-security.com\/fr\/wp-json\/wp\/v2\/product\/879","targetHints":{"allow":["GET"]}}],"collection":[{"href":"https:\/\/www.auvray-security.com\/fr\/wp-json\/wp\/v2\/product"}],"about":[{"href":"https:\/\/www.auvray-security.com\/fr\/wp-json\/wp\/v2\/types\/product"}],"wp:featuredmedia":[{"embeddable":true,"href":"https:\/\/www.auvray-security.com\/fr\/wp-json\/wp\/v2\/media\/952"}],"wp:attachment":[{"href":"https:\/\/www.auvray-security.com\/fr\/wp-json\/wp\/v2\/media?parent=879"}],"wp:term":[{"taxonomy":"icon_library","embeddable":true,"href":"https:\/\/www.auvray-security.com\/fr\/wp-json\/wp\/v2\/icon_library?post=879"},{"taxonomy":"certification","embeddable":true,"href":"https:\/\/www.auvray-security.com\/fr\/wp-json\/wp\/v2\/certification?post=879"},{"taxonomy":"family","embeddable":true,"href":"https:\/\/www.auvray-security.com\/fr\/wp-json\/wp\/v2\/family?post=879"},{"taxonomy":"product_brand","embeddable":true,"href":"https:\/\/www.auvray-security.com\/fr\/wp-json\/wp\/v2\/product_brand?post=879"},{"taxonomy":"product_cat","embeddable":true,"href":"https:\/\/www.auvray-security.com\/fr\/wp-json\/wp\/v2\/product_cat?post=879"},{"taxonomy":"product_tag","embeddable":true,"href":"https:\/\/www.auvray-security.com\/fr\/wp-json\/wp\/v2\/product_tag?post=879"}],"curies":[{"name":"wp","href":"https:\/\/api.w.org\/{rel}","templated":true}]}}