{"id":877,"date":"2025-05-05T15:00:01","date_gmt":"2025-05-05T13:00:01","guid":{"rendered":"https:\/\/www.auvray-security.com\/?post_type=product&#038;p=877"},"modified":"2025-12-19T13:26:19","modified_gmt":"2025-12-19T12:26:19","slug":"nbloc-90-chaine-a-chiffres","status":"publish","type":"product","link":"https:\/\/www.auvray-security.com\/fr\/produit\/nbloc-90-chaine-a-chiffres\/","title":{"rendered":"N\u2022BLOC 90 <br>Cha\u00eene \u00e0 chiffres"},"content":{"rendered":"<p><strong>AUVRAY N\u2022BLOC \u2013 Cha\u00eene haute s\u00e9curit\u00e9 avec cadenas int\u00e9gr\u00e9 90<\/strong><\/p>\n<p>La cha\u00eene N\u2022BLOC est con\u00e7u pour offrir une protection contre le vol lors d\u2019arr\u00eats de courtes dur\u00e9es.<\/p>\n<p>Il associe une cha\u00eene en acier de 4mm avec une serrure \u00e0 code directement int\u00e9gr\u00e9 \u00e0 la chaine d\u2019une longueur de 90 cm.<\/p>\n<p>Une solution facile \u00e0 utiliser et \u00e0 transporter.<\/p>\n","protected":false},"excerpt":{"rendered":"<p>AUVRAY N\u2022BLOC \u2013 Cha\u00eene haute s\u00e9curit\u00e9 avec cadenas int\u00e9gr\u00e9 90 La cha\u00eene N\u2022BLOC est con\u00e7u pour offrir une protection contre le vol lors d\u2019arr\u00eats de courtes dur\u00e9es. Il associe une cha\u00eene en acier de 4mm avec une serrure \u00e0 code directement int\u00e9gr\u00e9 \u00e0 la chaine d\u2019une longueur de 90 cm. Une solution facile \u00e0 utiliser [&hellip;]<\/p>\n","protected":false},"featured_media":1576,"template":"","meta":{"_acf_changed":false,"inline_featured_image":false},"icon_library":[],"certification":[55,43],"family":[306],"product_brand":[],"product_cat":[34],"product_tag":[],"class_list":{"0":"post-877","1":"product","2":"type-product","3":"status-publish","4":"has-post-thumbnail","6":"family-chaine","7":"product_cat-chaines-cadenas-antivols-velo-et-vae","9":"first","10":"instock","11":"taxable","12":"shipping-taxable","13":"purchasable","14":"product-type-simple"},"acf":[],"yoast_head":"<!-- This site is optimized with the Yoast SEO plugin v27.5 - https:\/\/yoast.com\/product\/yoast-seo-wordpress\/ -->\n<title>Chaines \/ Cadenas - N\u2022BLOC 90 Cha\u00eene \u00e0 chiffres - AUVRAY Security<\/title>\n<meta name=\"robots\" content=\"index, follow, max-snippet:-1, max-image-preview:large, max-video-preview:-1\" \/>\n<link rel=\"canonical\" href=\"https:\/\/www.auvray-security.com\/fr\/produit\/nbloc-90-chaine-a-chiffres\/\" \/>\n<meta property=\"og:locale\" content=\"fr_FR\" \/>\n<meta property=\"og:type\" content=\"article\" \/>\n<meta property=\"og:title\" content=\"Chaines \/ Cadenas - N\u2022BLOC 90 Cha\u00eene \u00e0 chiffres - AUVRAY Security\" \/>\n<meta property=\"og:description\" content=\"AUVRAY N\u2022BLOC \u2013 Cha\u00eene haute s\u00e9curit\u00e9 avec cadenas int\u00e9gr\u00e9 90 La cha\u00eene N\u2022BLOC est con\u00e7u pour offrir une protection contre le vol lors d\u2019arr\u00eats de courtes dur\u00e9es. Il associe une cha\u00eene en acier de 4mm avec une serrure \u00e0 code directement int\u00e9gr\u00e9 \u00e0 la chaine d\u2019une longueur de 90 cm. Une solution facile \u00e0 utiliser [&hellip;]\" \/>\n<meta property=\"og:url\" content=\"https:\/\/www.auvray-security.com\/fr\/produit\/nbloc-90-chaine-a-chiffres\/\" \/>\n<meta property=\"og:site_name\" content=\"AUVRAY Security\" \/>\n<meta property=\"article:modified_time\" content=\"2025-12-19T12:26:19+00:00\" \/>\n<meta property=\"og:image\" content=\"https:\/\/www.auvray-security.com\/wp-content\/uploads\/nbloc-90-chaine-a-chiffres-00.jpg\" \/>\n\t<meta property=\"og:image:width\" content=\"1500\" \/>\n\t<meta property=\"og:image:height\" content=\"1501\" \/>\n\t<meta property=\"og:image:type\" content=\"image\/jpeg\" \/>\n<meta name=\"twitter:card\" content=\"summary_large_image\" \/>\n<meta name=\"twitter:label1\" content=\"Dur\u00e9e de lecture estim\u00e9e\" \/>\n\t<meta name=\"twitter:data1\" content=\"1 minute\" \/>\n<script type=\"application\/ld+json\" class=\"yoast-schema-graph\">{\"@context\":\"https:\\\/\\\/schema.org\",\"@graph\":[{\"@type\":\"WebPage\",\"@id\":\"https:\\\/\\\/www.auvray-security.com\\\/fr\\\/produit\\\/nbloc-90-chaine-a-chiffres\\\/\",\"url\":\"https:\\\/\\\/www.auvray-security.com\\\/fr\\\/produit\\\/nbloc-90-chaine-a-chiffres\\\/\",\"name\":\"Chaines \\\/ Cadenas - N\u2022BLOC 90 Cha\u00eene \u00e0 chiffres - AUVRAY Security\",\"isPartOf\":{\"@id\":\"https:\\\/\\\/www.auvray-security.com\\\/fr\\\/#website\"},\"primaryImageOfPage\":{\"@id\":\"https:\\\/\\\/www.auvray-security.com\\\/fr\\\/produit\\\/nbloc-90-chaine-a-chiffres\\\/#primaryimage\"},\"image\":{\"@id\":\"https:\\\/\\\/www.auvray-security.com\\\/fr\\\/produit\\\/nbloc-90-chaine-a-chiffres\\\/#primaryimage\"},\"thumbnailUrl\":\"https:\\\/\\\/www.auvray-security.com\\\/wp-content\\\/uploads\\\/nbloc-90-chaine-a-chiffres-00.jpg\",\"datePublished\":\"2025-05-05T13:00:01+00:00\",\"dateModified\":\"2025-12-19T12:26:19+00:00\",\"breadcrumb\":{\"@id\":\"https:\\\/\\\/www.auvray-security.com\\\/fr\\\/produit\\\/nbloc-90-chaine-a-chiffres\\\/#breadcrumb\"},\"inLanguage\":\"fr-FR\",\"potentialAction\":[{\"@type\":\"ReadAction\",\"target\":[\"https:\\\/\\\/www.auvray-security.com\\\/fr\\\/produit\\\/nbloc-90-chaine-a-chiffres\\\/\"]}]},{\"@type\":\"ImageObject\",\"inLanguage\":\"fr-FR\",\"@id\":\"https:\\\/\\\/www.auvray-security.com\\\/fr\\\/produit\\\/nbloc-90-chaine-a-chiffres\\\/#primaryimage\",\"url\":\"https:\\\/\\\/www.auvray-security.com\\\/wp-content\\\/uploads\\\/nbloc-90-chaine-a-chiffres-00.jpg\",\"contentUrl\":\"https:\\\/\\\/www.auvray-security.com\\\/wp-content\\\/uploads\\\/nbloc-90-chaine-a-chiffres-00.jpg\",\"width\":1500,\"height\":1501},{\"@type\":\"BreadcrumbList\",\"@id\":\"https:\\\/\\\/www.auvray-security.com\\\/fr\\\/produit\\\/nbloc-90-chaine-a-chiffres\\\/#breadcrumb\",\"itemListElement\":[{\"@type\":\"ListItem\",\"position\":1,\"name\":\"Accueil\",\"item\":\"https:\\\/\\\/www.auvray-security.com\\\/fr\\\/\"},{\"@type\":\"ListItem\",\"position\":2,\"name\":\"Produits\",\"item\":\"https:\\\/\\\/www.auvray-security.com\\\/fr\\\/shop\\\/\"},{\"@type\":\"ListItem\",\"position\":3,\"name\":\"Antivols v\u00e9lo et VAE\",\"item\":\"https:\\\/\\\/www.auvray-security.com\\\/fr\\\/categorie-produit\\\/antivols-velo-et-vae\\\/\"},{\"@type\":\"ListItem\",\"position\":4,\"name\":\"Chaines \\\/ Cadenas\",\"item\":\"https:\\\/\\\/www.auvray-security.com\\\/fr\\\/categorie-produit\\\/antivols-velo-et-vae\\\/chaines-cadenas-antivols-velo-et-vae\\\/\"},{\"@type\":\"ListItem\",\"position\":5,\"name\":\"N\u2022BLOC 90 Cha\u00eene \u00e0 chiffres\"}]},{\"@type\":\"WebSite\",\"@id\":\"https:\\\/\\\/www.auvray-security.com\\\/fr\\\/#website\",\"url\":\"https:\\\/\\\/www.auvray-security.com\\\/fr\\\/\",\"name\":\"AUVRAY Security\",\"description\":\"\",\"potentialAction\":[{\"@type\":\"SearchAction\",\"target\":{\"@type\":\"EntryPoint\",\"urlTemplate\":\"https:\\\/\\\/www.auvray-security.com\\\/fr\\\/?s={search_term_string}\"},\"query-input\":{\"@type\":\"PropertyValueSpecification\",\"valueRequired\":true,\"valueName\":\"search_term_string\"}}],\"inLanguage\":\"fr-FR\"}]}<\/script>\n<!-- \/ Yoast SEO plugin. -->","yoast_head_json":{"title":"Chaines \/ Cadenas - N\u2022BLOC 90 Cha\u00eene \u00e0 chiffres - AUVRAY Security","robots":{"index":"index","follow":"follow","max-snippet":"max-snippet:-1","max-image-preview":"max-image-preview:large","max-video-preview":"max-video-preview:-1"},"canonical":"https:\/\/www.auvray-security.com\/fr\/produit\/nbloc-90-chaine-a-chiffres\/","og_locale":"fr_FR","og_type":"article","og_title":"Chaines \/ Cadenas - N\u2022BLOC 90 Cha\u00eene \u00e0 chiffres - AUVRAY Security","og_description":"AUVRAY N\u2022BLOC \u2013 Cha\u00eene haute s\u00e9curit\u00e9 avec cadenas int\u00e9gr\u00e9 90 La cha\u00eene N\u2022BLOC est con\u00e7u pour offrir une protection contre le vol lors d\u2019arr\u00eats de courtes dur\u00e9es. Il associe une cha\u00eene en acier de 4mm avec une serrure \u00e0 code directement int\u00e9gr\u00e9 \u00e0 la chaine d\u2019une longueur de 90 cm. Une solution facile \u00e0 utiliser [&hellip;]","og_url":"https:\/\/www.auvray-security.com\/fr\/produit\/nbloc-90-chaine-a-chiffres\/","og_site_name":"AUVRAY Security","article_modified_time":"2025-12-19T12:26:19+00:00","og_image":[{"width":1500,"height":1501,"url":"https:\/\/www.auvray-security.com\/wp-content\/uploads\/nbloc-90-chaine-a-chiffres-00.jpg","type":"image\/jpeg"}],"twitter_card":"summary_large_image","twitter_misc":{"Dur\u00e9e de lecture estim\u00e9e":"1 minute"},"schema":{"@context":"https:\/\/schema.org","@graph":[{"@type":"WebPage","@id":"https:\/\/www.auvray-security.com\/fr\/produit\/nbloc-90-chaine-a-chiffres\/","url":"https:\/\/www.auvray-security.com\/fr\/produit\/nbloc-90-chaine-a-chiffres\/","name":"Chaines \/ Cadenas - N\u2022BLOC 90 Cha\u00eene \u00e0 chiffres - AUVRAY Security","isPartOf":{"@id":"https:\/\/www.auvray-security.com\/fr\/#website"},"primaryImageOfPage":{"@id":"https:\/\/www.auvray-security.com\/fr\/produit\/nbloc-90-chaine-a-chiffres\/#primaryimage"},"image":{"@id":"https:\/\/www.auvray-security.com\/fr\/produit\/nbloc-90-chaine-a-chiffres\/#primaryimage"},"thumbnailUrl":"https:\/\/www.auvray-security.com\/wp-content\/uploads\/nbloc-90-chaine-a-chiffres-00.jpg","datePublished":"2025-05-05T13:00:01+00:00","dateModified":"2025-12-19T12:26:19+00:00","breadcrumb":{"@id":"https:\/\/www.auvray-security.com\/fr\/produit\/nbloc-90-chaine-a-chiffres\/#breadcrumb"},"inLanguage":"fr-FR","potentialAction":[{"@type":"ReadAction","target":["https:\/\/www.auvray-security.com\/fr\/produit\/nbloc-90-chaine-a-chiffres\/"]}]},{"@type":"ImageObject","inLanguage":"fr-FR","@id":"https:\/\/www.auvray-security.com\/fr\/produit\/nbloc-90-chaine-a-chiffres\/#primaryimage","url":"https:\/\/www.auvray-security.com\/wp-content\/uploads\/nbloc-90-chaine-a-chiffres-00.jpg","contentUrl":"https:\/\/www.auvray-security.com\/wp-content\/uploads\/nbloc-90-chaine-a-chiffres-00.jpg","width":1500,"height":1501},{"@type":"BreadcrumbList","@id":"https:\/\/www.auvray-security.com\/fr\/produit\/nbloc-90-chaine-a-chiffres\/#breadcrumb","itemListElement":[{"@type":"ListItem","position":1,"name":"Accueil","item":"https:\/\/www.auvray-security.com\/fr\/"},{"@type":"ListItem","position":2,"name":"Produits","item":"https:\/\/www.auvray-security.com\/fr\/shop\/"},{"@type":"ListItem","position":3,"name":"Antivols v\u00e9lo et VAE","item":"https:\/\/www.auvray-security.com\/fr\/categorie-produit\/antivols-velo-et-vae\/"},{"@type":"ListItem","position":4,"name":"Chaines \/ Cadenas","item":"https:\/\/www.auvray-security.com\/fr\/categorie-produit\/antivols-velo-et-vae\/chaines-cadenas-antivols-velo-et-vae\/"},{"@type":"ListItem","position":5,"name":"N\u2022BLOC 90 Cha\u00eene \u00e0 chiffres"}]},{"@type":"WebSite","@id":"https:\/\/www.auvray-security.com\/fr\/#website","url":"https:\/\/www.auvray-security.com\/fr\/","name":"AUVRAY Security","description":"","potentialAction":[{"@type":"SearchAction","target":{"@type":"EntryPoint","urlTemplate":"https:\/\/www.auvray-security.com\/fr\/?s={search_term_string}"},"query-input":{"@type":"PropertyValueSpecification","valueRequired":true,"valueName":"search_term_string"}}],"inLanguage":"fr-FR"}]}},"_links":{"self":[{"href":"https:\/\/www.auvray-security.com\/fr\/wp-json\/wp\/v2\/product\/877","targetHints":{"allow":["GET"]}}],"collection":[{"href":"https:\/\/www.auvray-security.com\/fr\/wp-json\/wp\/v2\/product"}],"about":[{"href":"https:\/\/www.auvray-security.com\/fr\/wp-json\/wp\/v2\/types\/product"}],"wp:featuredmedia":[{"embeddable":true,"href":"https:\/\/www.auvray-security.com\/fr\/wp-json\/wp\/v2\/media\/1576"}],"wp:attachment":[{"href":"https:\/\/www.auvray-security.com\/fr\/wp-json\/wp\/v2\/media?parent=877"}],"wp:term":[{"taxonomy":"icon_library","embeddable":true,"href":"https:\/\/www.auvray-security.com\/fr\/wp-json\/wp\/v2\/icon_library?post=877"},{"taxonomy":"certification","embeddable":true,"href":"https:\/\/www.auvray-security.com\/fr\/wp-json\/wp\/v2\/certification?post=877"},{"taxonomy":"family","embeddable":true,"href":"https:\/\/www.auvray-security.com\/fr\/wp-json\/wp\/v2\/family?post=877"},{"taxonomy":"product_brand","embeddable":true,"href":"https:\/\/www.auvray-security.com\/fr\/wp-json\/wp\/v2\/product_brand?post=877"},{"taxonomy":"product_cat","embeddable":true,"href":"https:\/\/www.auvray-security.com\/fr\/wp-json\/wp\/v2\/product_cat?post=877"},{"taxonomy":"product_tag","embeddable":true,"href":"https:\/\/www.auvray-security.com\/fr\/wp-json\/wp\/v2\/product_tag?post=877"}],"curies":[{"name":"wp","href":"https:\/\/api.w.org\/{rel}","templated":true}]}}