{"id":873,"date":"2025-05-05T17:00:27","date_gmt":"2025-05-05T15:00:27","guid":{"rendered":"https:\/\/www.auvray-security.com\/?post_type=product&#038;p=873"},"modified":"2026-01-26T14:18:22","modified_gmt":"2026-01-26T13:18:22","slug":"kbloc-90-chaine-avec-cadenas-integre","status":"publish","type":"product","link":"https:\/\/www.auvray-security.com\/fr\/produit\/kbloc-90-chaine-avec-cadenas-integre\/","title":{"rendered":"K\u2022BLOC 90 <br>Cha\u00eene avec cadenas int\u00e9gr\u00e9"},"content":{"rendered":"<p><b>AUVRAY K\u2022BLOC \u2013 Cha\u00eene haute s\u00e9curit\u00e9 avec cadenas int\u00e9gr\u00e9 90<\/b><\/p>\n<p>La cha\u00eene K\u2022BLOC est con\u00e7u pour offrir une protection contre le vol lors d\u2019arr\u00eats de courtes dur\u00e9es.<br \/>\nIl associe une cha\u00eene en acier de 4mm avec un serrure directement int\u00e9gr\u00e9 \u00e0 la chaine d\u2019une longueur de 90cm.<br \/>\nUne solution facile \u00e0 utiliser et \u00e0 transporter.<\/p>\n","protected":false},"excerpt":{"rendered":"<p>AUVRAY K\u2022BLOC \u2013 Cha\u00eene haute s\u00e9curit\u00e9 avec cadenas int\u00e9gr\u00e9 90 La cha\u00eene K\u2022BLOC est con\u00e7u pour offrir une protection contre le vol lors d\u2019arr\u00eats de courtes dur\u00e9es. Il associe une cha\u00eene en acier de 4mm avec un serrure directement int\u00e9gr\u00e9 \u00e0 la chaine d\u2019une longueur de 90cm. Une solution facile \u00e0 utiliser et \u00e0 transporter.<\/p>\n","protected":false},"featured_media":1417,"template":"","meta":{"_acf_changed":false,"inline_featured_image":false},"icon_library":[60,62,71,78,57,89],"certification":[55,43],"family":[306],"product_brand":[],"product_cat":[34],"product_tag":[],"class_list":{"0":"post-873","1":"product","2":"type-product","3":"status-publish","4":"has-post-thumbnail","6":"family-chaine","7":"product_cat-chaines-cadenas-antivols-velo-et-vae","9":"first","10":"instock","11":"taxable","12":"shipping-taxable","13":"purchasable","14":"product-type-simple"},"acf":[],"yoast_head":"<!-- This site is optimized with the Yoast SEO plugin v27.5 - https:\/\/yoast.com\/product\/yoast-seo-wordpress\/ -->\n<title>Chaines \/ Cadenas - K\u2022BLOC 90 Cha\u00eene avec cadenas int\u00e9gr\u00e9 - AUVRAY Security<\/title>\n<meta name=\"robots\" content=\"index, follow, max-snippet:-1, max-image-preview:large, max-video-preview:-1\" \/>\n<link rel=\"canonical\" href=\"https:\/\/www.auvray-security.com\/fr\/produit\/kbloc-90-chaine-avec-cadenas-integre\/\" \/>\n<meta property=\"og:locale\" content=\"fr_FR\" \/>\n<meta property=\"og:type\" content=\"article\" \/>\n<meta property=\"og:title\" content=\"Chaines \/ Cadenas - K\u2022BLOC 90 Cha\u00eene avec cadenas int\u00e9gr\u00e9 - AUVRAY Security\" \/>\n<meta property=\"og:description\" content=\"AUVRAY K\u2022BLOC \u2013 Cha\u00eene haute s\u00e9curit\u00e9 avec cadenas int\u00e9gr\u00e9 90 La cha\u00eene K\u2022BLOC est con\u00e7u pour offrir une protection contre le vol lors d\u2019arr\u00eats de courtes dur\u00e9es. Il associe une cha\u00eene en acier de 4mm avec un serrure directement int\u00e9gr\u00e9 \u00e0 la chaine d\u2019une longueur de 90cm. Une solution facile \u00e0 utiliser et \u00e0 transporter.\" \/>\n<meta property=\"og:url\" content=\"https:\/\/www.auvray-security.com\/fr\/produit\/kbloc-90-chaine-avec-cadenas-integre\/\" \/>\n<meta property=\"og:site_name\" content=\"AUVRAY Security\" \/>\n<meta property=\"article:modified_time\" content=\"2026-01-26T13:18:22+00:00\" \/>\n<meta property=\"og:image\" content=\"https:\/\/www.auvray-security.com\/wp-content\/uploads\/kbloc-90-chaine-avec-cadenas-integre-00.jpg\" \/>\n\t<meta property=\"og:image:width\" content=\"1500\" \/>\n\t<meta property=\"og:image:height\" content=\"1501\" \/>\n\t<meta property=\"og:image:type\" content=\"image\/jpeg\" \/>\n<meta name=\"twitter:card\" content=\"summary_large_image\" \/>\n<meta name=\"twitter:label1\" content=\"Dur\u00e9e de lecture estim\u00e9e\" \/>\n\t<meta name=\"twitter:data1\" content=\"1 minute\" \/>\n<script type=\"application\/ld+json\" class=\"yoast-schema-graph\">{\"@context\":\"https:\\\/\\\/schema.org\",\"@graph\":[{\"@type\":\"WebPage\",\"@id\":\"https:\\\/\\\/www.auvray-security.com\\\/fr\\\/produit\\\/kbloc-90-chaine-avec-cadenas-integre\\\/\",\"url\":\"https:\\\/\\\/www.auvray-security.com\\\/fr\\\/produit\\\/kbloc-90-chaine-avec-cadenas-integre\\\/\",\"name\":\"Chaines \\\/ Cadenas - K\u2022BLOC 90 Cha\u00eene avec cadenas int\u00e9gr\u00e9 - AUVRAY Security\",\"isPartOf\":{\"@id\":\"https:\\\/\\\/www.auvray-security.com\\\/fr\\\/#website\"},\"primaryImageOfPage\":{\"@id\":\"https:\\\/\\\/www.auvray-security.com\\\/fr\\\/produit\\\/kbloc-90-chaine-avec-cadenas-integre\\\/#primaryimage\"},\"image\":{\"@id\":\"https:\\\/\\\/www.auvray-security.com\\\/fr\\\/produit\\\/kbloc-90-chaine-avec-cadenas-integre\\\/#primaryimage\"},\"thumbnailUrl\":\"https:\\\/\\\/www.auvray-security.com\\\/wp-content\\\/uploads\\\/kbloc-90-chaine-avec-cadenas-integre-00.jpg\",\"datePublished\":\"2025-05-05T15:00:27+00:00\",\"dateModified\":\"2026-01-26T13:18:22+00:00\",\"breadcrumb\":{\"@id\":\"https:\\\/\\\/www.auvray-security.com\\\/fr\\\/produit\\\/kbloc-90-chaine-avec-cadenas-integre\\\/#breadcrumb\"},\"inLanguage\":\"fr-FR\",\"potentialAction\":[{\"@type\":\"ReadAction\",\"target\":[\"https:\\\/\\\/www.auvray-security.com\\\/fr\\\/produit\\\/kbloc-90-chaine-avec-cadenas-integre\\\/\"]}]},{\"@type\":\"ImageObject\",\"inLanguage\":\"fr-FR\",\"@id\":\"https:\\\/\\\/www.auvray-security.com\\\/fr\\\/produit\\\/kbloc-90-chaine-avec-cadenas-integre\\\/#primaryimage\",\"url\":\"https:\\\/\\\/www.auvray-security.com\\\/wp-content\\\/uploads\\\/kbloc-90-chaine-avec-cadenas-integre-00.jpg\",\"contentUrl\":\"https:\\\/\\\/www.auvray-security.com\\\/wp-content\\\/uploads\\\/kbloc-90-chaine-avec-cadenas-integre-00.jpg\",\"width\":1500,\"height\":1501},{\"@type\":\"BreadcrumbList\",\"@id\":\"https:\\\/\\\/www.auvray-security.com\\\/fr\\\/produit\\\/kbloc-90-chaine-avec-cadenas-integre\\\/#breadcrumb\",\"itemListElement\":[{\"@type\":\"ListItem\",\"position\":1,\"name\":\"Accueil\",\"item\":\"https:\\\/\\\/www.auvray-security.com\\\/fr\\\/\"},{\"@type\":\"ListItem\",\"position\":2,\"name\":\"Produits\",\"item\":\"https:\\\/\\\/www.auvray-security.com\\\/fr\\\/shop\\\/\"},{\"@type\":\"ListItem\",\"position\":3,\"name\":\"Antivols v\u00e9lo et VAE\",\"item\":\"https:\\\/\\\/www.auvray-security.com\\\/fr\\\/categorie-produit\\\/antivols-velo-et-vae\\\/\"},{\"@type\":\"ListItem\",\"position\":4,\"name\":\"Chaines \\\/ Cadenas\",\"item\":\"https:\\\/\\\/www.auvray-security.com\\\/fr\\\/categorie-produit\\\/antivols-velo-et-vae\\\/chaines-cadenas-antivols-velo-et-vae\\\/\"},{\"@type\":\"ListItem\",\"position\":5,\"name\":\"K\u2022BLOC 90 Cha\u00eene avec cadenas int\u00e9gr\u00e9\"}]},{\"@type\":\"WebSite\",\"@id\":\"https:\\\/\\\/www.auvray-security.com\\\/fr\\\/#website\",\"url\":\"https:\\\/\\\/www.auvray-security.com\\\/fr\\\/\",\"name\":\"AUVRAY Security\",\"description\":\"\",\"potentialAction\":[{\"@type\":\"SearchAction\",\"target\":{\"@type\":\"EntryPoint\",\"urlTemplate\":\"https:\\\/\\\/www.auvray-security.com\\\/fr\\\/?s={search_term_string}\"},\"query-input\":{\"@type\":\"PropertyValueSpecification\",\"valueRequired\":true,\"valueName\":\"search_term_string\"}}],\"inLanguage\":\"fr-FR\"}]}<\/script>\n<!-- \/ Yoast SEO plugin. -->","yoast_head_json":{"title":"Chaines \/ Cadenas - K\u2022BLOC 90 Cha\u00eene avec cadenas int\u00e9gr\u00e9 - AUVRAY Security","robots":{"index":"index","follow":"follow","max-snippet":"max-snippet:-1","max-image-preview":"max-image-preview:large","max-video-preview":"max-video-preview:-1"},"canonical":"https:\/\/www.auvray-security.com\/fr\/produit\/kbloc-90-chaine-avec-cadenas-integre\/","og_locale":"fr_FR","og_type":"article","og_title":"Chaines \/ Cadenas - K\u2022BLOC 90 Cha\u00eene avec cadenas int\u00e9gr\u00e9 - AUVRAY Security","og_description":"AUVRAY K\u2022BLOC \u2013 Cha\u00eene haute s\u00e9curit\u00e9 avec cadenas int\u00e9gr\u00e9 90 La cha\u00eene K\u2022BLOC est con\u00e7u pour offrir une protection contre le vol lors d\u2019arr\u00eats de courtes dur\u00e9es. Il associe une cha\u00eene en acier de 4mm avec un serrure directement int\u00e9gr\u00e9 \u00e0 la chaine d\u2019une longueur de 90cm. Une solution facile \u00e0 utiliser et \u00e0 transporter.","og_url":"https:\/\/www.auvray-security.com\/fr\/produit\/kbloc-90-chaine-avec-cadenas-integre\/","og_site_name":"AUVRAY Security","article_modified_time":"2026-01-26T13:18:22+00:00","og_image":[{"width":1500,"height":1501,"url":"https:\/\/www.auvray-security.com\/wp-content\/uploads\/kbloc-90-chaine-avec-cadenas-integre-00.jpg","type":"image\/jpeg"}],"twitter_card":"summary_large_image","twitter_misc":{"Dur\u00e9e de lecture estim\u00e9e":"1 minute"},"schema":{"@context":"https:\/\/schema.org","@graph":[{"@type":"WebPage","@id":"https:\/\/www.auvray-security.com\/fr\/produit\/kbloc-90-chaine-avec-cadenas-integre\/","url":"https:\/\/www.auvray-security.com\/fr\/produit\/kbloc-90-chaine-avec-cadenas-integre\/","name":"Chaines \/ Cadenas - K\u2022BLOC 90 Cha\u00eene avec cadenas int\u00e9gr\u00e9 - AUVRAY Security","isPartOf":{"@id":"https:\/\/www.auvray-security.com\/fr\/#website"},"primaryImageOfPage":{"@id":"https:\/\/www.auvray-security.com\/fr\/produit\/kbloc-90-chaine-avec-cadenas-integre\/#primaryimage"},"image":{"@id":"https:\/\/www.auvray-security.com\/fr\/produit\/kbloc-90-chaine-avec-cadenas-integre\/#primaryimage"},"thumbnailUrl":"https:\/\/www.auvray-security.com\/wp-content\/uploads\/kbloc-90-chaine-avec-cadenas-integre-00.jpg","datePublished":"2025-05-05T15:00:27+00:00","dateModified":"2026-01-26T13:18:22+00:00","breadcrumb":{"@id":"https:\/\/www.auvray-security.com\/fr\/produit\/kbloc-90-chaine-avec-cadenas-integre\/#breadcrumb"},"inLanguage":"fr-FR","potentialAction":[{"@type":"ReadAction","target":["https:\/\/www.auvray-security.com\/fr\/produit\/kbloc-90-chaine-avec-cadenas-integre\/"]}]},{"@type":"ImageObject","inLanguage":"fr-FR","@id":"https:\/\/www.auvray-security.com\/fr\/produit\/kbloc-90-chaine-avec-cadenas-integre\/#primaryimage","url":"https:\/\/www.auvray-security.com\/wp-content\/uploads\/kbloc-90-chaine-avec-cadenas-integre-00.jpg","contentUrl":"https:\/\/www.auvray-security.com\/wp-content\/uploads\/kbloc-90-chaine-avec-cadenas-integre-00.jpg","width":1500,"height":1501},{"@type":"BreadcrumbList","@id":"https:\/\/www.auvray-security.com\/fr\/produit\/kbloc-90-chaine-avec-cadenas-integre\/#breadcrumb","itemListElement":[{"@type":"ListItem","position":1,"name":"Accueil","item":"https:\/\/www.auvray-security.com\/fr\/"},{"@type":"ListItem","position":2,"name":"Produits","item":"https:\/\/www.auvray-security.com\/fr\/shop\/"},{"@type":"ListItem","position":3,"name":"Antivols v\u00e9lo et VAE","item":"https:\/\/www.auvray-security.com\/fr\/categorie-produit\/antivols-velo-et-vae\/"},{"@type":"ListItem","position":4,"name":"Chaines \/ Cadenas","item":"https:\/\/www.auvray-security.com\/fr\/categorie-produit\/antivols-velo-et-vae\/chaines-cadenas-antivols-velo-et-vae\/"},{"@type":"ListItem","position":5,"name":"K\u2022BLOC 90 Cha\u00eene avec cadenas int\u00e9gr\u00e9"}]},{"@type":"WebSite","@id":"https:\/\/www.auvray-security.com\/fr\/#website","url":"https:\/\/www.auvray-security.com\/fr\/","name":"AUVRAY Security","description":"","potentialAction":[{"@type":"SearchAction","target":{"@type":"EntryPoint","urlTemplate":"https:\/\/www.auvray-security.com\/fr\/?s={search_term_string}"},"query-input":{"@type":"PropertyValueSpecification","valueRequired":true,"valueName":"search_term_string"}}],"inLanguage":"fr-FR"}]}},"_links":{"self":[{"href":"https:\/\/www.auvray-security.com\/fr\/wp-json\/wp\/v2\/product\/873","targetHints":{"allow":["GET"]}}],"collection":[{"href":"https:\/\/www.auvray-security.com\/fr\/wp-json\/wp\/v2\/product"}],"about":[{"href":"https:\/\/www.auvray-security.com\/fr\/wp-json\/wp\/v2\/types\/product"}],"wp:featuredmedia":[{"embeddable":true,"href":"https:\/\/www.auvray-security.com\/fr\/wp-json\/wp\/v2\/media\/1417"}],"wp:attachment":[{"href":"https:\/\/www.auvray-security.com\/fr\/wp-json\/wp\/v2\/media?parent=873"}],"wp:term":[{"taxonomy":"icon_library","embeddable":true,"href":"https:\/\/www.auvray-security.com\/fr\/wp-json\/wp\/v2\/icon_library?post=873"},{"taxonomy":"certification","embeddable":true,"href":"https:\/\/www.auvray-security.com\/fr\/wp-json\/wp\/v2\/certification?post=873"},{"taxonomy":"family","embeddable":true,"href":"https:\/\/www.auvray-security.com\/fr\/wp-json\/wp\/v2\/family?post=873"},{"taxonomy":"product_brand","embeddable":true,"href":"https:\/\/www.auvray-security.com\/fr\/wp-json\/wp\/v2\/product_brand?post=873"},{"taxonomy":"product_cat","embeddable":true,"href":"https:\/\/www.auvray-security.com\/fr\/wp-json\/wp\/v2\/product_cat?post=873"},{"taxonomy":"product_tag","embeddable":true,"href":"https:\/\/www.auvray-security.com\/fr\/wp-json\/wp\/v2\/product_tag?post=873"}],"curies":[{"name":"wp","href":"https:\/\/api.w.org\/{rel}","templated":true}]}}