{"id":867,"date":"2025-05-05T20:00:13","date_gmt":"2025-05-05T18:00:13","guid":{"rendered":"https:\/\/www.auvray-security.com\/?post_type=product&#038;p=867"},"modified":"2025-12-19T13:25:35","modified_gmt":"2025-12-19T12:25:35","slug":"k-bloc-120-art-chaine-avec-cadenas","status":"publish","type":"product","link":"https:\/\/www.auvray-security.com\/fr\/produit\/k-bloc-120-art-chaine-avec-cadenas\/","title":{"rendered":"K\u2022BLOC 120 ART<br>Cha\u00eene avec cadenas"},"content":{"rendered":"<p>AUVRAY Kit K-BLOC \u2013 Cha\u00eene 120 cm + Cadenas ART Haute S\u00e9curit\u00e9<\/p>\n<p>Le Kit K-BLOC est con\u00e7u pour offrir une protection de tr\u00e8s haut niveau contre le vol, m\u00eame dans les zones \u00e0 risque \u00e9lev\u00e9. Il associe une cha\u00eene renforc\u00e9e en acier c\u00e9ment\u00e9 de 120 cm \u00e0 un cadenas homologu\u00e9 ART \u00e0 anse blind\u00e9e. Id\u00e9al pour s\u00e9curiser votre moto, scooter ou v\u00e9lo \u00e9lectrique.<\/p>\n<p>\u2714\ufe0f Cadenas certifi\u00e9 ART \u2013 protection antivol reconnue<br \/>\n\u2714\ufe0f Maillons de cha\u00eene 10,5 mm ultra-r\u00e9sistants<br \/>\n\u2714\ufe0f Longueur 120 cm \u2013 id\u00e9ale pour points fixes<br \/>\n\u2714\ufe0f Usage ext\u00e9rieur ou int\u00e9rieur<br \/>\n\u2714\ufe0f Con\u00e7u pour durer, m\u00eame dans des conditions extr\u00eames<\/p>\n<p>Une solution robuste et homologu\u00e9e pour la s\u00e9curit\u00e9 des deux-roues exigeants.<\/p>\n","protected":false},"excerpt":{"rendered":"<p>AUVRAY Kit K-BLOC \u2013 Cha\u00eene 120 cm + Cadenas ART Haute S\u00e9curit\u00e9 Le Kit K-BLOC est con\u00e7u pour offrir une protection de tr\u00e8s haut niveau contre le vol, m\u00eame dans les zones \u00e0 risque \u00e9lev\u00e9. Il associe une cha\u00eene renforc\u00e9e en acier c\u00e9ment\u00e9 de 120 cm \u00e0 un cadenas homologu\u00e9 ART \u00e0 anse blind\u00e9e. Id\u00e9al [&hellip;]<\/p>\n","protected":false},"featured_media":1339,"template":"","meta":{"_acf_changed":false,"inline_featured_image":false},"icon_library":[63,74,57],"certification":[232,55,46],"family":[306],"product_brand":[],"product_cat":[34],"product_tag":[],"class_list":{"0":"post-867","1":"product","2":"type-product","3":"status-publish","4":"has-post-thumbnail","6":"family-chaine","7":"product_cat-chaines-cadenas-antivols-velo-et-vae","9":"first","10":"instock","11":"taxable","12":"shipping-taxable","13":"purchasable","14":"product-type-simple"},"acf":[],"yoast_head":"<!-- This site is optimized with the Yoast SEO plugin v27.5 - https:\/\/yoast.com\/product\/yoast-seo-wordpress\/ -->\n<title>Chaines \/ Cadenas - K\u2022BLOC 120 ARTCha\u00eene avec cadenas - AUVRAY Security<\/title>\n<meta name=\"robots\" content=\"index, follow, max-snippet:-1, max-image-preview:large, max-video-preview:-1\" \/>\n<link rel=\"canonical\" href=\"https:\/\/www.auvray-security.com\/fr\/produit\/k-bloc-120-art-chaine-avec-cadenas\/\" \/>\n<meta property=\"og:locale\" content=\"fr_FR\" \/>\n<meta property=\"og:type\" content=\"article\" \/>\n<meta property=\"og:title\" content=\"Chaines \/ Cadenas - K\u2022BLOC 120 ARTCha\u00eene avec cadenas - AUVRAY Security\" \/>\n<meta property=\"og:description\" content=\"AUVRAY Kit K-BLOC \u2013 Cha\u00eene 120 cm + Cadenas ART Haute S\u00e9curit\u00e9 Le Kit K-BLOC est con\u00e7u pour offrir une protection de tr\u00e8s haut niveau contre le vol, m\u00eame dans les zones \u00e0 risque \u00e9lev\u00e9. Il associe une cha\u00eene renforc\u00e9e en acier c\u00e9ment\u00e9 de 120 cm \u00e0 un cadenas homologu\u00e9 ART \u00e0 anse blind\u00e9e. Id\u00e9al [&hellip;]\" \/>\n<meta property=\"og:url\" content=\"https:\/\/www.auvray-security.com\/fr\/produit\/k-bloc-120-art-chaine-avec-cadenas\/\" \/>\n<meta property=\"og:site_name\" content=\"AUVRAY Security\" \/>\n<meta property=\"article:modified_time\" content=\"2025-12-19T12:25:35+00:00\" \/>\n<meta property=\"og:image\" content=\"https:\/\/www.auvray-security.com\/wp-content\/uploads\/kbloc-120-art-chaine-haute-securite-00.jpg\" \/>\n\t<meta property=\"og:image:width\" content=\"1500\" \/>\n\t<meta property=\"og:image:height\" content=\"1501\" \/>\n\t<meta property=\"og:image:type\" content=\"image\/jpeg\" \/>\n<meta name=\"twitter:card\" content=\"summary_large_image\" \/>\n<meta name=\"twitter:label1\" content=\"Dur\u00e9e de lecture estim\u00e9e\" \/>\n\t<meta name=\"twitter:data1\" content=\"1 minute\" \/>\n<script type=\"application\/ld+json\" class=\"yoast-schema-graph\">{\"@context\":\"https:\\\/\\\/schema.org\",\"@graph\":[{\"@type\":\"WebPage\",\"@id\":\"https:\\\/\\\/www.auvray-security.com\\\/fr\\\/produit\\\/k-bloc-120-art-chaine-avec-cadenas\\\/\",\"url\":\"https:\\\/\\\/www.auvray-security.com\\\/fr\\\/produit\\\/k-bloc-120-art-chaine-avec-cadenas\\\/\",\"name\":\"Chaines \\\/ Cadenas - K\u2022BLOC 120 ART Cha\u00eene avec cadenas - AUVRAY Security\",\"isPartOf\":{\"@id\":\"https:\\\/\\\/www.auvray-security.com\\\/fr\\\/#website\"},\"primaryImageOfPage\":{\"@id\":\"https:\\\/\\\/www.auvray-security.com\\\/fr\\\/produit\\\/k-bloc-120-art-chaine-avec-cadenas\\\/#primaryimage\"},\"image\":{\"@id\":\"https:\\\/\\\/www.auvray-security.com\\\/fr\\\/produit\\\/k-bloc-120-art-chaine-avec-cadenas\\\/#primaryimage\"},\"thumbnailUrl\":\"https:\\\/\\\/www.auvray-security.com\\\/wp-content\\\/uploads\\\/kbloc-120-art-chaine-haute-securite-00.jpg\",\"datePublished\":\"2025-05-05T18:00:13+00:00\",\"dateModified\":\"2025-12-19T12:25:35+00:00\",\"breadcrumb\":{\"@id\":\"https:\\\/\\\/www.auvray-security.com\\\/fr\\\/produit\\\/k-bloc-120-art-chaine-avec-cadenas\\\/#breadcrumb\"},\"inLanguage\":\"fr-FR\",\"potentialAction\":[{\"@type\":\"ReadAction\",\"target\":[\"https:\\\/\\\/www.auvray-security.com\\\/fr\\\/produit\\\/k-bloc-120-art-chaine-avec-cadenas\\\/\"]}]},{\"@type\":\"ImageObject\",\"inLanguage\":\"fr-FR\",\"@id\":\"https:\\\/\\\/www.auvray-security.com\\\/fr\\\/produit\\\/k-bloc-120-art-chaine-avec-cadenas\\\/#primaryimage\",\"url\":\"https:\\\/\\\/www.auvray-security.com\\\/wp-content\\\/uploads\\\/kbloc-120-art-chaine-haute-securite-00.jpg\",\"contentUrl\":\"https:\\\/\\\/www.auvray-security.com\\\/wp-content\\\/uploads\\\/kbloc-120-art-chaine-haute-securite-00.jpg\",\"width\":1500,\"height\":1501},{\"@type\":\"BreadcrumbList\",\"@id\":\"https:\\\/\\\/www.auvray-security.com\\\/fr\\\/produit\\\/k-bloc-120-art-chaine-avec-cadenas\\\/#breadcrumb\",\"itemListElement\":[{\"@type\":\"ListItem\",\"position\":1,\"name\":\"Accueil\",\"item\":\"https:\\\/\\\/www.auvray-security.com\\\/fr\\\/\"},{\"@type\":\"ListItem\",\"position\":2,\"name\":\"Produits\",\"item\":\"https:\\\/\\\/www.auvray-security.com\\\/fr\\\/shop\\\/\"},{\"@type\":\"ListItem\",\"position\":3,\"name\":\"Antivols v\u00e9lo et VAE\",\"item\":\"https:\\\/\\\/www.auvray-security.com\\\/fr\\\/categorie-produit\\\/antivols-velo-et-vae\\\/\"},{\"@type\":\"ListItem\",\"position\":4,\"name\":\"Chaines \\\/ Cadenas\",\"item\":\"https:\\\/\\\/www.auvray-security.com\\\/fr\\\/categorie-produit\\\/antivols-velo-et-vae\\\/chaines-cadenas-antivols-velo-et-vae\\\/\"},{\"@type\":\"ListItem\",\"position\":5,\"name\":\"K\u2022BLOC 120 ARTCha\u00eene avec cadenas\"}]},{\"@type\":\"WebSite\",\"@id\":\"https:\\\/\\\/www.auvray-security.com\\\/fr\\\/#website\",\"url\":\"https:\\\/\\\/www.auvray-security.com\\\/fr\\\/\",\"name\":\"AUVRAY Security\",\"description\":\"\",\"potentialAction\":[{\"@type\":\"SearchAction\",\"target\":{\"@type\":\"EntryPoint\",\"urlTemplate\":\"https:\\\/\\\/www.auvray-security.com\\\/fr\\\/?s={search_term_string}\"},\"query-input\":{\"@type\":\"PropertyValueSpecification\",\"valueRequired\":true,\"valueName\":\"search_term_string\"}}],\"inLanguage\":\"fr-FR\"}]}<\/script>\n<!-- \/ Yoast SEO plugin. -->","yoast_head_json":{"title":"Chaines \/ Cadenas - K\u2022BLOC 120 ARTCha\u00eene avec cadenas - AUVRAY Security","robots":{"index":"index","follow":"follow","max-snippet":"max-snippet:-1","max-image-preview":"max-image-preview:large","max-video-preview":"max-video-preview:-1"},"canonical":"https:\/\/www.auvray-security.com\/fr\/produit\/k-bloc-120-art-chaine-avec-cadenas\/","og_locale":"fr_FR","og_type":"article","og_title":"Chaines \/ Cadenas - K\u2022BLOC 120 ARTCha\u00eene avec cadenas - AUVRAY Security","og_description":"AUVRAY Kit K-BLOC \u2013 Cha\u00eene 120 cm + Cadenas ART Haute S\u00e9curit\u00e9 Le Kit K-BLOC est con\u00e7u pour offrir une protection de tr\u00e8s haut niveau contre le vol, m\u00eame dans les zones \u00e0 risque \u00e9lev\u00e9. Il associe une cha\u00eene renforc\u00e9e en acier c\u00e9ment\u00e9 de 120 cm \u00e0 un cadenas homologu\u00e9 ART \u00e0 anse blind\u00e9e. Id\u00e9al [&hellip;]","og_url":"https:\/\/www.auvray-security.com\/fr\/produit\/k-bloc-120-art-chaine-avec-cadenas\/","og_site_name":"AUVRAY Security","article_modified_time":"2025-12-19T12:25:35+00:00","og_image":[{"width":1500,"height":1501,"url":"https:\/\/www.auvray-security.com\/wp-content\/uploads\/kbloc-120-art-chaine-haute-securite-00.jpg","type":"image\/jpeg"}],"twitter_card":"summary_large_image","twitter_misc":{"Dur\u00e9e de lecture estim\u00e9e":"1 minute"},"schema":{"@context":"https:\/\/schema.org","@graph":[{"@type":"WebPage","@id":"https:\/\/www.auvray-security.com\/fr\/produit\/k-bloc-120-art-chaine-avec-cadenas\/","url":"https:\/\/www.auvray-security.com\/fr\/produit\/k-bloc-120-art-chaine-avec-cadenas\/","name":"Chaines \/ Cadenas - K\u2022BLOC 120 ART Cha\u00eene avec cadenas - AUVRAY Security","isPartOf":{"@id":"https:\/\/www.auvray-security.com\/fr\/#website"},"primaryImageOfPage":{"@id":"https:\/\/www.auvray-security.com\/fr\/produit\/k-bloc-120-art-chaine-avec-cadenas\/#primaryimage"},"image":{"@id":"https:\/\/www.auvray-security.com\/fr\/produit\/k-bloc-120-art-chaine-avec-cadenas\/#primaryimage"},"thumbnailUrl":"https:\/\/www.auvray-security.com\/wp-content\/uploads\/kbloc-120-art-chaine-haute-securite-00.jpg","datePublished":"2025-05-05T18:00:13+00:00","dateModified":"2025-12-19T12:25:35+00:00","breadcrumb":{"@id":"https:\/\/www.auvray-security.com\/fr\/produit\/k-bloc-120-art-chaine-avec-cadenas\/#breadcrumb"},"inLanguage":"fr-FR","potentialAction":[{"@type":"ReadAction","target":["https:\/\/www.auvray-security.com\/fr\/produit\/k-bloc-120-art-chaine-avec-cadenas\/"]}]},{"@type":"ImageObject","inLanguage":"fr-FR","@id":"https:\/\/www.auvray-security.com\/fr\/produit\/k-bloc-120-art-chaine-avec-cadenas\/#primaryimage","url":"https:\/\/www.auvray-security.com\/wp-content\/uploads\/kbloc-120-art-chaine-haute-securite-00.jpg","contentUrl":"https:\/\/www.auvray-security.com\/wp-content\/uploads\/kbloc-120-art-chaine-haute-securite-00.jpg","width":1500,"height":1501},{"@type":"BreadcrumbList","@id":"https:\/\/www.auvray-security.com\/fr\/produit\/k-bloc-120-art-chaine-avec-cadenas\/#breadcrumb","itemListElement":[{"@type":"ListItem","position":1,"name":"Accueil","item":"https:\/\/www.auvray-security.com\/fr\/"},{"@type":"ListItem","position":2,"name":"Produits","item":"https:\/\/www.auvray-security.com\/fr\/shop\/"},{"@type":"ListItem","position":3,"name":"Antivols v\u00e9lo et VAE","item":"https:\/\/www.auvray-security.com\/fr\/categorie-produit\/antivols-velo-et-vae\/"},{"@type":"ListItem","position":4,"name":"Chaines \/ Cadenas","item":"https:\/\/www.auvray-security.com\/fr\/categorie-produit\/antivols-velo-et-vae\/chaines-cadenas-antivols-velo-et-vae\/"},{"@type":"ListItem","position":5,"name":"K\u2022BLOC 120 ARTCha\u00eene avec cadenas"}]},{"@type":"WebSite","@id":"https:\/\/www.auvray-security.com\/fr\/#website","url":"https:\/\/www.auvray-security.com\/fr\/","name":"AUVRAY Security","description":"","potentialAction":[{"@type":"SearchAction","target":{"@type":"EntryPoint","urlTemplate":"https:\/\/www.auvray-security.com\/fr\/?s={search_term_string}"},"query-input":{"@type":"PropertyValueSpecification","valueRequired":true,"valueName":"search_term_string"}}],"inLanguage":"fr-FR"}]}},"_links":{"self":[{"href":"https:\/\/www.auvray-security.com\/fr\/wp-json\/wp\/v2\/product\/867","targetHints":{"allow":["GET"]}}],"collection":[{"href":"https:\/\/www.auvray-security.com\/fr\/wp-json\/wp\/v2\/product"}],"about":[{"href":"https:\/\/www.auvray-security.com\/fr\/wp-json\/wp\/v2\/types\/product"}],"wp:featuredmedia":[{"embeddable":true,"href":"https:\/\/www.auvray-security.com\/fr\/wp-json\/wp\/v2\/media\/1339"}],"wp:attachment":[{"href":"https:\/\/www.auvray-security.com\/fr\/wp-json\/wp\/v2\/media?parent=867"}],"wp:term":[{"taxonomy":"icon_library","embeddable":true,"href":"https:\/\/www.auvray-security.com\/fr\/wp-json\/wp\/v2\/icon_library?post=867"},{"taxonomy":"certification","embeddable":true,"href":"https:\/\/www.auvray-security.com\/fr\/wp-json\/wp\/v2\/certification?post=867"},{"taxonomy":"family","embeddable":true,"href":"https:\/\/www.auvray-security.com\/fr\/wp-json\/wp\/v2\/family?post=867"},{"taxonomy":"product_brand","embeddable":true,"href":"https:\/\/www.auvray-security.com\/fr\/wp-json\/wp\/v2\/product_brand?post=867"},{"taxonomy":"product_cat","embeddable":true,"href":"https:\/\/www.auvray-security.com\/fr\/wp-json\/wp\/v2\/product_cat?post=867"},{"taxonomy":"product_tag","embeddable":true,"href":"https:\/\/www.auvray-security.com\/fr\/wp-json\/wp\/v2\/product_tag?post=867"}],"curies":[{"name":"wp","href":"https:\/\/api.w.org\/{rel}","templated":true}]}}