{"id":817,"date":"2025-04-30T19:00:20","date_gmt":"2025-04-30T17:00:20","guid":{"rendered":"https:\/\/www.auvray-security.com\/?post_type=product&#038;p=817"},"modified":"2025-12-19T13:28:25","modified_gmt":"2025-12-19T12:28:25","slug":"cbloc-120-chaine-haute-securite-avec-cadenas-integre","status":"publish","type":"product","link":"https:\/\/www.auvray-security.com\/fr\/produit\/cbloc-120-chaine-haute-securite-avec-cadenas-integre\/","title":{"rendered":"C\u2022BLOC <br>avec cadenas int\u00e9gr\u00e9"},"content":{"rendered":"<h3>AUVRAY C\u2022BLOC \u2013 Cha\u00eene haute s\u00e9curit\u00e9 avec cadenas int\u00e9gr\u00e9 90 \/ 100 ou 120 cm<\/h3>\n<p>La cha\u00eene C\u2022BLOC est con\u00e7u pour offrir une protection contre le vol. Il associe une cha\u00eene renforc\u00e9e en acier avec un serrure directement int\u00e9gr\u00e9 \u00e0 la chaine.<br \/>\nUne solution facile \u00e0 utiliser et \u00e0 transporter.<\/p>\n<p>Cette chaine est recommand\u00e9e pour de courts arr\u00eats.<\/p>\n<p>Variantes possible :<\/p>\n<ul>\n<li>CHAINE C\u2022BLOC longeur 120 cm \u00d8 10 mm &#8211; R\u00e9f : CBL120AUV10 &#8211; Poids 2,45<\/li>\n<li>CHAINE C\u2022BLOC longeur 100 cm \u00d8 8 mm &#8211; R\u00e9f : CBL100AUV8 &#8211; Poids 1,30<\/li>\n<li>CHAINE C\u2022BLOC longeur 90 cm \u00d8 6 mm &#8211; R\u00e9f : CBL90AUV6 &#8211; Poids 0,66<\/li>\n<\/ul>\n","protected":false},"excerpt":{"rendered":"<p>AUVRAY C\u2022BLOC \u2013 Cha\u00eene haute s\u00e9curit\u00e9 avec cadenas int\u00e9gr\u00e9 90 \/ 100 ou 120 cm La cha\u00eene C\u2022BLOC est con\u00e7u pour offrir une protection contre le vol. Il associe une cha\u00eene renforc\u00e9e en acier avec un serrure directement int\u00e9gr\u00e9 \u00e0 la chaine. Une solution facile \u00e0 utiliser et \u00e0 transporter. Cette chaine est recommand\u00e9e pour [&hellip;]<\/p>\n","protected":false},"featured_media":1423,"template":"","meta":{"_acf_changed":false,"inline_featured_image":false},"icon_library":[],"certification":[55,45],"family":[306],"product_brand":[],"product_cat":[28],"product_tag":[],"class_list":{"0":"post-817","1":"product","2":"type-product","3":"status-publish","4":"has-post-thumbnail","6":"family-chaine","7":"product_cat-chaines-et-cadenas","9":"first","10":"instock","11":"taxable","12":"shipping-taxable","13":"purchasable","14":"product-type-variable","15":"has-default-attributes"},"acf":[],"yoast_head":"<!-- This site is optimized with the Yoast SEO plugin v27.3 - https:\/\/yoast.com\/product\/yoast-seo-wordpress\/ -->\n<title>Cha\u00eenes et cadenas - C\u2022BLOC avec cadenas int\u00e9gr\u00e9 - AUVRAY Security<\/title>\n<meta name=\"robots\" content=\"index, follow, max-snippet:-1, max-image-preview:large, max-video-preview:-1\" \/>\n<link rel=\"canonical\" href=\"https:\/\/www.auvray-security.com\/fr\/produit\/cbloc-120-chaine-haute-securite-avec-cadenas-integre\/\" \/>\n<meta property=\"og:locale\" content=\"fr_FR\" \/>\n<meta property=\"og:type\" content=\"article\" \/>\n<meta property=\"og:title\" content=\"Cha\u00eenes et cadenas - C\u2022BLOC avec cadenas int\u00e9gr\u00e9 - AUVRAY Security\" \/>\n<meta property=\"og:description\" content=\"AUVRAY C\u2022BLOC \u2013 Cha\u00eene haute s\u00e9curit\u00e9 avec cadenas int\u00e9gr\u00e9 90 \/ 100 ou 120 cm La cha\u00eene C\u2022BLOC est con\u00e7u pour offrir une protection contre le vol. Il associe une cha\u00eene renforc\u00e9e en acier avec un serrure directement int\u00e9gr\u00e9 \u00e0 la chaine. Une solution facile \u00e0 utiliser et \u00e0 transporter. Cette chaine est recommand\u00e9e pour [&hellip;]\" \/>\n<meta property=\"og:url\" content=\"https:\/\/www.auvray-security.com\/fr\/produit\/cbloc-120-chaine-haute-securite-avec-cadenas-integre\/\" \/>\n<meta property=\"og:site_name\" content=\"AUVRAY Security\" \/>\n<meta property=\"article:modified_time\" content=\"2025-12-19T12:28:25+00:00\" \/>\n<meta property=\"og:image\" content=\"https:\/\/www.auvray-security.com\/wp-content\/uploads\/cbloc-120-chaine-haute-securite-avec-cadenas-integre-00.jpg\" \/>\n\t<meta property=\"og:image:width\" content=\"1501\" \/>\n\t<meta property=\"og:image:height\" content=\"1500\" \/>\n\t<meta property=\"og:image:type\" content=\"image\/jpeg\" \/>\n<meta name=\"twitter:card\" content=\"summary_large_image\" \/>\n<meta name=\"twitter:label1\" content=\"Dur\u00e9e de lecture estim\u00e9e\" \/>\n\t<meta name=\"twitter:data1\" content=\"1 minute\" \/>\n<script type=\"application\/ld+json\" class=\"yoast-schema-graph\">{\"@context\":\"https:\\\/\\\/schema.org\",\"@graph\":[{\"@type\":\"WebPage\",\"@id\":\"https:\\\/\\\/www.auvray-security.com\\\/fr\\\/produit\\\/cbloc-120-chaine-haute-securite-avec-cadenas-integre\\\/\",\"url\":\"https:\\\/\\\/www.auvray-security.com\\\/fr\\\/produit\\\/cbloc-120-chaine-haute-securite-avec-cadenas-integre\\\/\",\"name\":\"Cha\u00eenes et cadenas - C\u2022BLOC avec cadenas int\u00e9gr\u00e9 - AUVRAY Security\",\"isPartOf\":{\"@id\":\"https:\\\/\\\/www.auvray-security.com\\\/fr\\\/#website\"},\"primaryImageOfPage\":{\"@id\":\"https:\\\/\\\/www.auvray-security.com\\\/fr\\\/produit\\\/cbloc-120-chaine-haute-securite-avec-cadenas-integre\\\/#primaryimage\"},\"image\":{\"@id\":\"https:\\\/\\\/www.auvray-security.com\\\/fr\\\/produit\\\/cbloc-120-chaine-haute-securite-avec-cadenas-integre\\\/#primaryimage\"},\"thumbnailUrl\":\"https:\\\/\\\/www.auvray-security.com\\\/wp-content\\\/uploads\\\/cbloc-120-chaine-haute-securite-avec-cadenas-integre-00.jpg\",\"datePublished\":\"2025-04-30T17:00:20+00:00\",\"dateModified\":\"2025-12-19T12:28:25+00:00\",\"breadcrumb\":{\"@id\":\"https:\\\/\\\/www.auvray-security.com\\\/fr\\\/produit\\\/cbloc-120-chaine-haute-securite-avec-cadenas-integre\\\/#breadcrumb\"},\"inLanguage\":\"fr-FR\",\"potentialAction\":[{\"@type\":\"ReadAction\",\"target\":[\"https:\\\/\\\/www.auvray-security.com\\\/fr\\\/produit\\\/cbloc-120-chaine-haute-securite-avec-cadenas-integre\\\/\"]}]},{\"@type\":\"ImageObject\",\"inLanguage\":\"fr-FR\",\"@id\":\"https:\\\/\\\/www.auvray-security.com\\\/fr\\\/produit\\\/cbloc-120-chaine-haute-securite-avec-cadenas-integre\\\/#primaryimage\",\"url\":\"https:\\\/\\\/www.auvray-security.com\\\/wp-content\\\/uploads\\\/cbloc-120-chaine-haute-securite-avec-cadenas-integre-00.jpg\",\"contentUrl\":\"https:\\\/\\\/www.auvray-security.com\\\/wp-content\\\/uploads\\\/cbloc-120-chaine-haute-securite-avec-cadenas-integre-00.jpg\",\"width\":1501,\"height\":1500},{\"@type\":\"BreadcrumbList\",\"@id\":\"https:\\\/\\\/www.auvray-security.com\\\/fr\\\/produit\\\/cbloc-120-chaine-haute-securite-avec-cadenas-integre\\\/#breadcrumb\",\"itemListElement\":[{\"@type\":\"ListItem\",\"position\":1,\"name\":\"Accueil\",\"item\":\"https:\\\/\\\/www.auvray-security.com\\\/fr\\\/\"},{\"@type\":\"ListItem\",\"position\":2,\"name\":\"Produits\",\"item\":\"https:\\\/\\\/www.auvray-security.com\\\/fr\\\/shop\\\/\"},{\"@type\":\"ListItem\",\"position\":3,\"name\":\"Antivols moto\",\"item\":\"https:\\\/\\\/www.auvray-security.com\\\/fr\\\/categorie-produit\\\/antivols-moto\\\/\"},{\"@type\":\"ListItem\",\"position\":4,\"name\":\"Cha\u00eenes et cadenas\",\"item\":\"https:\\\/\\\/www.auvray-security.com\\\/fr\\\/categorie-produit\\\/antivols-moto\\\/chaines-et-cadenas\\\/\"},{\"@type\":\"ListItem\",\"position\":5,\"name\":\"C\u2022BLOC avec cadenas int\u00e9gr\u00e9\"}]},{\"@type\":\"WebSite\",\"@id\":\"https:\\\/\\\/www.auvray-security.com\\\/fr\\\/#website\",\"url\":\"https:\\\/\\\/www.auvray-security.com\\\/fr\\\/\",\"name\":\"AUVRAY Security\",\"description\":\"\",\"potentialAction\":[{\"@type\":\"SearchAction\",\"target\":{\"@type\":\"EntryPoint\",\"urlTemplate\":\"https:\\\/\\\/www.auvray-security.com\\\/fr\\\/?s={search_term_string}\"},\"query-input\":{\"@type\":\"PropertyValueSpecification\",\"valueRequired\":true,\"valueName\":\"search_term_string\"}}],\"inLanguage\":\"fr-FR\"}]}<\/script>\n<!-- \/ Yoast SEO plugin. -->","yoast_head_json":{"title":"Cha\u00eenes et cadenas - C\u2022BLOC avec cadenas int\u00e9gr\u00e9 - AUVRAY Security","robots":{"index":"index","follow":"follow","max-snippet":"max-snippet:-1","max-image-preview":"max-image-preview:large","max-video-preview":"max-video-preview:-1"},"canonical":"https:\/\/www.auvray-security.com\/fr\/produit\/cbloc-120-chaine-haute-securite-avec-cadenas-integre\/","og_locale":"fr_FR","og_type":"article","og_title":"Cha\u00eenes et cadenas - C\u2022BLOC avec cadenas int\u00e9gr\u00e9 - AUVRAY Security","og_description":"AUVRAY C\u2022BLOC \u2013 Cha\u00eene haute s\u00e9curit\u00e9 avec cadenas int\u00e9gr\u00e9 90 \/ 100 ou 120 cm La cha\u00eene C\u2022BLOC est con\u00e7u pour offrir une protection contre le vol. Il associe une cha\u00eene renforc\u00e9e en acier avec un serrure directement int\u00e9gr\u00e9 \u00e0 la chaine. Une solution facile \u00e0 utiliser et \u00e0 transporter. Cette chaine est recommand\u00e9e pour [&hellip;]","og_url":"https:\/\/www.auvray-security.com\/fr\/produit\/cbloc-120-chaine-haute-securite-avec-cadenas-integre\/","og_site_name":"AUVRAY Security","article_modified_time":"2025-12-19T12:28:25+00:00","og_image":[{"width":1501,"height":1500,"url":"https:\/\/www.auvray-security.com\/wp-content\/uploads\/cbloc-120-chaine-haute-securite-avec-cadenas-integre-00.jpg","type":"image\/jpeg"}],"twitter_card":"summary_large_image","twitter_misc":{"Dur\u00e9e de lecture estim\u00e9e":"1 minute"},"schema":{"@context":"https:\/\/schema.org","@graph":[{"@type":"WebPage","@id":"https:\/\/www.auvray-security.com\/fr\/produit\/cbloc-120-chaine-haute-securite-avec-cadenas-integre\/","url":"https:\/\/www.auvray-security.com\/fr\/produit\/cbloc-120-chaine-haute-securite-avec-cadenas-integre\/","name":"Cha\u00eenes et cadenas - C\u2022BLOC avec cadenas int\u00e9gr\u00e9 - AUVRAY Security","isPartOf":{"@id":"https:\/\/www.auvray-security.com\/fr\/#website"},"primaryImageOfPage":{"@id":"https:\/\/www.auvray-security.com\/fr\/produit\/cbloc-120-chaine-haute-securite-avec-cadenas-integre\/#primaryimage"},"image":{"@id":"https:\/\/www.auvray-security.com\/fr\/produit\/cbloc-120-chaine-haute-securite-avec-cadenas-integre\/#primaryimage"},"thumbnailUrl":"https:\/\/www.auvray-security.com\/wp-content\/uploads\/cbloc-120-chaine-haute-securite-avec-cadenas-integre-00.jpg","datePublished":"2025-04-30T17:00:20+00:00","dateModified":"2025-12-19T12:28:25+00:00","breadcrumb":{"@id":"https:\/\/www.auvray-security.com\/fr\/produit\/cbloc-120-chaine-haute-securite-avec-cadenas-integre\/#breadcrumb"},"inLanguage":"fr-FR","potentialAction":[{"@type":"ReadAction","target":["https:\/\/www.auvray-security.com\/fr\/produit\/cbloc-120-chaine-haute-securite-avec-cadenas-integre\/"]}]},{"@type":"ImageObject","inLanguage":"fr-FR","@id":"https:\/\/www.auvray-security.com\/fr\/produit\/cbloc-120-chaine-haute-securite-avec-cadenas-integre\/#primaryimage","url":"https:\/\/www.auvray-security.com\/wp-content\/uploads\/cbloc-120-chaine-haute-securite-avec-cadenas-integre-00.jpg","contentUrl":"https:\/\/www.auvray-security.com\/wp-content\/uploads\/cbloc-120-chaine-haute-securite-avec-cadenas-integre-00.jpg","width":1501,"height":1500},{"@type":"BreadcrumbList","@id":"https:\/\/www.auvray-security.com\/fr\/produit\/cbloc-120-chaine-haute-securite-avec-cadenas-integre\/#breadcrumb","itemListElement":[{"@type":"ListItem","position":1,"name":"Accueil","item":"https:\/\/www.auvray-security.com\/fr\/"},{"@type":"ListItem","position":2,"name":"Produits","item":"https:\/\/www.auvray-security.com\/fr\/shop\/"},{"@type":"ListItem","position":3,"name":"Antivols moto","item":"https:\/\/www.auvray-security.com\/fr\/categorie-produit\/antivols-moto\/"},{"@type":"ListItem","position":4,"name":"Cha\u00eenes et cadenas","item":"https:\/\/www.auvray-security.com\/fr\/categorie-produit\/antivols-moto\/chaines-et-cadenas\/"},{"@type":"ListItem","position":5,"name":"C\u2022BLOC avec cadenas int\u00e9gr\u00e9"}]},{"@type":"WebSite","@id":"https:\/\/www.auvray-security.com\/fr\/#website","url":"https:\/\/www.auvray-security.com\/fr\/","name":"AUVRAY Security","description":"","potentialAction":[{"@type":"SearchAction","target":{"@type":"EntryPoint","urlTemplate":"https:\/\/www.auvray-security.com\/fr\/?s={search_term_string}"},"query-input":{"@type":"PropertyValueSpecification","valueRequired":true,"valueName":"search_term_string"}}],"inLanguage":"fr-FR"}]}},"_links":{"self":[{"href":"https:\/\/www.auvray-security.com\/fr\/wp-json\/wp\/v2\/product\/817","targetHints":{"allow":["GET"]}}],"collection":[{"href":"https:\/\/www.auvray-security.com\/fr\/wp-json\/wp\/v2\/product"}],"about":[{"href":"https:\/\/www.auvray-security.com\/fr\/wp-json\/wp\/v2\/types\/product"}],"wp:featuredmedia":[{"embeddable":true,"href":"https:\/\/www.auvray-security.com\/fr\/wp-json\/wp\/v2\/media\/1423"}],"wp:attachment":[{"href":"https:\/\/www.auvray-security.com\/fr\/wp-json\/wp\/v2\/media?parent=817"}],"wp:term":[{"taxonomy":"icon_library","embeddable":true,"href":"https:\/\/www.auvray-security.com\/fr\/wp-json\/wp\/v2\/icon_library?post=817"},{"taxonomy":"certification","embeddable":true,"href":"https:\/\/www.auvray-security.com\/fr\/wp-json\/wp\/v2\/certification?post=817"},{"taxonomy":"family","embeddable":true,"href":"https:\/\/www.auvray-security.com\/fr\/wp-json\/wp\/v2\/family?post=817"},{"taxonomy":"product_brand","embeddable":true,"href":"https:\/\/www.auvray-security.com\/fr\/wp-json\/wp\/v2\/product_brand?post=817"},{"taxonomy":"product_cat","embeddable":true,"href":"https:\/\/www.auvray-security.com\/fr\/wp-json\/wp\/v2\/product_cat?post=817"},{"taxonomy":"product_tag","embeddable":true,"href":"https:\/\/www.auvray-security.com\/fr\/wp-json\/wp\/v2\/product_tag?post=817"}],"curies":[{"name":"wp","href":"https:\/\/api.w.org\/{rel}","templated":true}]}}