{"id":809,"date":"2025-04-21T20:41:27","date_gmt":"2025-04-21T18:41:27","guid":{"rendered":"https:\/\/www.auvray-security.com\/?post_type=product&#038;p=809"},"modified":"2025-12-19T13:30:36","modified_gmt":"2025-12-19T12:30:36","slug":"xlock-120-bloque-disque-xtrem-mini","status":"publish","type":"product","link":"https:\/\/www.auvray-security.com\/fr\/produit\/xlock-120-bloque-disque-xtrem-mini\/","title":{"rendered":"X\u2022LOCK 120<br>+ Bloque disque XTREM Mini ART"},"content":{"rendered":"<h3>AUVRAY Cha\u00eene X\u2022LOCK 120 + Bloque-Disque Xtrem Mini<\/h3>\n<p>Prot\u00e9gez efficacement votre deux-roues avec <strong>ce pack complet<\/strong> associant <strong>une cha\u00eene en acier X\u2022LOCK 120 (droite ou lasso)<\/strong> et un <strong>bloque-disque haute r\u00e9sistance<\/strong>.<br \/>\n<strong>Le bloque disque est homologu\u00e9 ART et Classe SRA<\/strong> : il est compatible avec les exigences des assurances moto.<\/p>\n<p>\u2714\ufe0f Cha\u00eene 120 cm (droite ou lasso) avec maillons \u00e9pais anti-coupe<br \/>\n\u2714\ufe0f Bloque-disque ART \u00e0 cylindre haute s\u00e9curit\u00e9<br \/>\n\u2714\ufe0f 3 cl\u00e9s fournies + service de reproduction par code<br \/>\n\u2714\ufe0f Protection optimale en zone urbaine ou stationnement prolong\u00e9<br \/>\n\u2714\ufe0f Adapt\u00e9 motos, scooters, VAE haute valeur<\/p>\n<p>Une combinaison robuste sign\u00e9e Auvray, gage de confiance et de tranquillit\u00e9.<\/p>\n<p>Variantes de kit possible :<\/p>\n<ul>\n<li>longueur de cha\u00eene droite \u00d8 10 mm &#8211; 120 cm &#8211; Security Rating AUVRAY 7\/10<\/li>\n<li>longueur de cha\u00eene lasso \u00d8 12 mm &#8211; 120 cm &#8211; Security Rating AUVRAY 8\/10<\/li>\n<\/ul>\n","protected":false},"excerpt":{"rendered":"<p>AUVRAY Cha\u00eene X\u2022LOCK 120 + Bloque-Disque Xtrem Mini Prot\u00e9gez efficacement votre deux-roues avec ce pack complet associant une cha\u00eene en acier X\u2022LOCK 120 (droite ou lasso) et un bloque-disque haute r\u00e9sistance. Le bloque disque est homologu\u00e9 ART et Classe SRA : il est compatible avec les exigences des assurances moto. \u2714\ufe0f Cha\u00eene 120 cm (droite [&hellip;]<\/p>\n","protected":false},"featured_media":1328,"template":"","meta":{"_acf_changed":false,"inline_featured_image":false},"icon_library":[62,63,65,66,67,70,72,74,80,58,83,85],"certification":[217,38,50,46,47,39,51],"family":[302,306],"product_brand":[],"product_cat":[133,27],"product_tag":[],"class_list":{"0":"post-809","1":"product","2":"type-product","3":"status-publish","4":"has-post-thumbnail","6":"family-bloque_disque","7":"family-chaine","8":"product_cat-antivols-moto-certifies-sra-art","9":"product_cat-kits-chaines-sra-antivols","11":"first","12":"instock","13":"taxable","14":"shipping-taxable","15":"purchasable","16":"product-type-variable","17":"has-default-attributes"},"acf":[],"yoast_head":"<!-- This site is optimized with the Yoast SEO plugin v27.3 - https:\/\/yoast.com\/product\/yoast-seo-wordpress\/ -->\n<title>Antivols moto certifi\u00e9s SRA ART, Kits cha\u00eenes SRA + Antivols - X\u2022LOCK 120+ Bloque disque XTREM Mini ART - AUVRAY Security<\/title>\n<meta name=\"robots\" content=\"index, follow, max-snippet:-1, max-image-preview:large, max-video-preview:-1\" \/>\n<link rel=\"canonical\" href=\"https:\/\/www.auvray-security.com\/fr\/produit\/xlock-120-bloque-disque-xtrem-mini\/\" \/>\n<meta property=\"og:locale\" content=\"fr_FR\" \/>\n<meta property=\"og:type\" content=\"article\" \/>\n<meta property=\"og:title\" content=\"Antivols moto certifi\u00e9s SRA ART, Kits cha\u00eenes SRA + Antivols - X\u2022LOCK 120+ Bloque disque XTREM Mini ART - AUVRAY Security\" \/>\n<meta property=\"og:description\" content=\"AUVRAY Cha\u00eene X\u2022LOCK 120 + Bloque-Disque Xtrem Mini Prot\u00e9gez efficacement votre deux-roues avec ce pack complet associant une cha\u00eene en acier X\u2022LOCK 120 (droite ou lasso) et un bloque-disque haute r\u00e9sistance. Le bloque disque est homologu\u00e9 ART et Classe SRA : il est compatible avec les exigences des assurances moto. \u2714\ufe0f Cha\u00eene 120 cm (droite [&hellip;]\" \/>\n<meta property=\"og:url\" content=\"https:\/\/www.auvray-security.com\/fr\/produit\/xlock-120-bloque-disque-xtrem-mini\/\" \/>\n<meta property=\"og:site_name\" content=\"AUVRAY Security\" \/>\n<meta property=\"article:modified_time\" content=\"2025-12-19T12:30:36+00:00\" \/>\n<meta property=\"og:image\" content=\"https:\/\/www.auvray-security.com\/wp-content\/uploads\/xlock-120-bloque-disque-xtrem-mini-00.jpg\" \/>\n\t<meta property=\"og:image:width\" content=\"1500\" \/>\n\t<meta property=\"og:image:height\" content=\"1501\" \/>\n\t<meta property=\"og:image:type\" content=\"image\/jpeg\" \/>\n<meta name=\"twitter:card\" content=\"summary_large_image\" \/>\n<meta name=\"twitter:label1\" content=\"Dur\u00e9e de lecture estim\u00e9e\" \/>\n\t<meta name=\"twitter:data1\" content=\"1 minute\" \/>\n<script type=\"application\/ld+json\" class=\"yoast-schema-graph\">{\"@context\":\"https:\\\/\\\/schema.org\",\"@graph\":[{\"@type\":\"WebPage\",\"@id\":\"https:\\\/\\\/www.auvray-security.com\\\/fr\\\/produit\\\/xlock-120-bloque-disque-xtrem-mini\\\/\",\"url\":\"https:\\\/\\\/www.auvray-security.com\\\/fr\\\/produit\\\/xlock-120-bloque-disque-xtrem-mini\\\/\",\"name\":\"Antivols moto certifi\u00e9s SRA ART, Kits cha\u00eenes SRA + Antivols - X\u2022LOCK 120 + Bloque disque XTREM Mini ART - AUVRAY Security\",\"isPartOf\":{\"@id\":\"https:\\\/\\\/www.auvray-security.com\\\/fr\\\/#website\"},\"primaryImageOfPage\":{\"@id\":\"https:\\\/\\\/www.auvray-security.com\\\/fr\\\/produit\\\/xlock-120-bloque-disque-xtrem-mini\\\/#primaryimage\"},\"image\":{\"@id\":\"https:\\\/\\\/www.auvray-security.com\\\/fr\\\/produit\\\/xlock-120-bloque-disque-xtrem-mini\\\/#primaryimage\"},\"thumbnailUrl\":\"https:\\\/\\\/www.auvray-security.com\\\/wp-content\\\/uploads\\\/xlock-120-bloque-disque-xtrem-mini-00.jpg\",\"datePublished\":\"2025-04-21T18:41:27+00:00\",\"dateModified\":\"2025-12-19T12:30:36+00:00\",\"breadcrumb\":{\"@id\":\"https:\\\/\\\/www.auvray-security.com\\\/fr\\\/produit\\\/xlock-120-bloque-disque-xtrem-mini\\\/#breadcrumb\"},\"inLanguage\":\"fr-FR\",\"potentialAction\":[{\"@type\":\"ReadAction\",\"target\":[\"https:\\\/\\\/www.auvray-security.com\\\/fr\\\/produit\\\/xlock-120-bloque-disque-xtrem-mini\\\/\"]}]},{\"@type\":\"ImageObject\",\"inLanguage\":\"fr-FR\",\"@id\":\"https:\\\/\\\/www.auvray-security.com\\\/fr\\\/produit\\\/xlock-120-bloque-disque-xtrem-mini\\\/#primaryimage\",\"url\":\"https:\\\/\\\/www.auvray-security.com\\\/wp-content\\\/uploads\\\/xlock-120-bloque-disque-xtrem-mini-00.jpg\",\"contentUrl\":\"https:\\\/\\\/www.auvray-security.com\\\/wp-content\\\/uploads\\\/xlock-120-bloque-disque-xtrem-mini-00.jpg\",\"width\":1500,\"height\":1501},{\"@type\":\"BreadcrumbList\",\"@id\":\"https:\\\/\\\/www.auvray-security.com\\\/fr\\\/produit\\\/xlock-120-bloque-disque-xtrem-mini\\\/#breadcrumb\",\"itemListElement\":[{\"@type\":\"ListItem\",\"position\":1,\"name\":\"Accueil\",\"item\":\"https:\\\/\\\/www.auvray-security.com\\\/fr\\\/\"},{\"@type\":\"ListItem\",\"position\":2,\"name\":\"Produits\",\"item\":\"https:\\\/\\\/www.auvray-security.com\\\/fr\\\/shop\\\/\"},{\"@type\":\"ListItem\",\"position\":3,\"name\":\"Antivols moto\",\"item\":\"https:\\\/\\\/www.auvray-security.com\\\/fr\\\/categorie-produit\\\/antivols-moto\\\/\"},{\"@type\":\"ListItem\",\"position\":4,\"name\":\"Kits cha\u00eenes SRA + Antivols\",\"item\":\"https:\\\/\\\/www.auvray-security.com\\\/fr\\\/categorie-produit\\\/antivols-moto\\\/kits-chaines-sra-antivols\\\/\"},{\"@type\":\"ListItem\",\"position\":5,\"name\":\"X\u2022LOCK 120+ Bloque disque XTREM Mini ART\"}]},{\"@type\":\"WebSite\",\"@id\":\"https:\\\/\\\/www.auvray-security.com\\\/fr\\\/#website\",\"url\":\"https:\\\/\\\/www.auvray-security.com\\\/fr\\\/\",\"name\":\"AUVRAY Security\",\"description\":\"\",\"potentialAction\":[{\"@type\":\"SearchAction\",\"target\":{\"@type\":\"EntryPoint\",\"urlTemplate\":\"https:\\\/\\\/www.auvray-security.com\\\/fr\\\/?s={search_term_string}\"},\"query-input\":{\"@type\":\"PropertyValueSpecification\",\"valueRequired\":true,\"valueName\":\"search_term_string\"}}],\"inLanguage\":\"fr-FR\"}]}<\/script>\n<!-- \/ Yoast SEO plugin. -->","yoast_head_json":{"title":"Antivols moto certifi\u00e9s SRA ART, Kits cha\u00eenes SRA + Antivols - X\u2022LOCK 120+ Bloque disque XTREM Mini ART - AUVRAY Security","robots":{"index":"index","follow":"follow","max-snippet":"max-snippet:-1","max-image-preview":"max-image-preview:large","max-video-preview":"max-video-preview:-1"},"canonical":"https:\/\/www.auvray-security.com\/fr\/produit\/xlock-120-bloque-disque-xtrem-mini\/","og_locale":"fr_FR","og_type":"article","og_title":"Antivols moto certifi\u00e9s SRA ART, Kits cha\u00eenes SRA + Antivols - X\u2022LOCK 120+ Bloque disque XTREM Mini ART - AUVRAY Security","og_description":"AUVRAY Cha\u00eene X\u2022LOCK 120 + Bloque-Disque Xtrem Mini Prot\u00e9gez efficacement votre deux-roues avec ce pack complet associant une cha\u00eene en acier X\u2022LOCK 120 (droite ou lasso) et un bloque-disque haute r\u00e9sistance. Le bloque disque est homologu\u00e9 ART et Classe SRA : il est compatible avec les exigences des assurances moto. \u2714\ufe0f Cha\u00eene 120 cm (droite [&hellip;]","og_url":"https:\/\/www.auvray-security.com\/fr\/produit\/xlock-120-bloque-disque-xtrem-mini\/","og_site_name":"AUVRAY Security","article_modified_time":"2025-12-19T12:30:36+00:00","og_image":[{"width":1500,"height":1501,"url":"https:\/\/www.auvray-security.com\/wp-content\/uploads\/xlock-120-bloque-disque-xtrem-mini-00.jpg","type":"image\/jpeg"}],"twitter_card":"summary_large_image","twitter_misc":{"Dur\u00e9e de lecture estim\u00e9e":"1 minute"},"schema":{"@context":"https:\/\/schema.org","@graph":[{"@type":"WebPage","@id":"https:\/\/www.auvray-security.com\/fr\/produit\/xlock-120-bloque-disque-xtrem-mini\/","url":"https:\/\/www.auvray-security.com\/fr\/produit\/xlock-120-bloque-disque-xtrem-mini\/","name":"Antivols moto certifi\u00e9s SRA ART, Kits cha\u00eenes SRA + Antivols - X\u2022LOCK 120 + Bloque disque XTREM Mini ART - AUVRAY Security","isPartOf":{"@id":"https:\/\/www.auvray-security.com\/fr\/#website"},"primaryImageOfPage":{"@id":"https:\/\/www.auvray-security.com\/fr\/produit\/xlock-120-bloque-disque-xtrem-mini\/#primaryimage"},"image":{"@id":"https:\/\/www.auvray-security.com\/fr\/produit\/xlock-120-bloque-disque-xtrem-mini\/#primaryimage"},"thumbnailUrl":"https:\/\/www.auvray-security.com\/wp-content\/uploads\/xlock-120-bloque-disque-xtrem-mini-00.jpg","datePublished":"2025-04-21T18:41:27+00:00","dateModified":"2025-12-19T12:30:36+00:00","breadcrumb":{"@id":"https:\/\/www.auvray-security.com\/fr\/produit\/xlock-120-bloque-disque-xtrem-mini\/#breadcrumb"},"inLanguage":"fr-FR","potentialAction":[{"@type":"ReadAction","target":["https:\/\/www.auvray-security.com\/fr\/produit\/xlock-120-bloque-disque-xtrem-mini\/"]}]},{"@type":"ImageObject","inLanguage":"fr-FR","@id":"https:\/\/www.auvray-security.com\/fr\/produit\/xlock-120-bloque-disque-xtrem-mini\/#primaryimage","url":"https:\/\/www.auvray-security.com\/wp-content\/uploads\/xlock-120-bloque-disque-xtrem-mini-00.jpg","contentUrl":"https:\/\/www.auvray-security.com\/wp-content\/uploads\/xlock-120-bloque-disque-xtrem-mini-00.jpg","width":1500,"height":1501},{"@type":"BreadcrumbList","@id":"https:\/\/www.auvray-security.com\/fr\/produit\/xlock-120-bloque-disque-xtrem-mini\/#breadcrumb","itemListElement":[{"@type":"ListItem","position":1,"name":"Accueil","item":"https:\/\/www.auvray-security.com\/fr\/"},{"@type":"ListItem","position":2,"name":"Produits","item":"https:\/\/www.auvray-security.com\/fr\/shop\/"},{"@type":"ListItem","position":3,"name":"Antivols moto","item":"https:\/\/www.auvray-security.com\/fr\/categorie-produit\/antivols-moto\/"},{"@type":"ListItem","position":4,"name":"Kits cha\u00eenes SRA + Antivols","item":"https:\/\/www.auvray-security.com\/fr\/categorie-produit\/antivols-moto\/kits-chaines-sra-antivols\/"},{"@type":"ListItem","position":5,"name":"X\u2022LOCK 120+ Bloque disque XTREM Mini ART"}]},{"@type":"WebSite","@id":"https:\/\/www.auvray-security.com\/fr\/#website","url":"https:\/\/www.auvray-security.com\/fr\/","name":"AUVRAY Security","description":"","potentialAction":[{"@type":"SearchAction","target":{"@type":"EntryPoint","urlTemplate":"https:\/\/www.auvray-security.com\/fr\/?s={search_term_string}"},"query-input":{"@type":"PropertyValueSpecification","valueRequired":true,"valueName":"search_term_string"}}],"inLanguage":"fr-FR"}]}},"_links":{"self":[{"href":"https:\/\/www.auvray-security.com\/fr\/wp-json\/wp\/v2\/product\/809","targetHints":{"allow":["GET"]}}],"collection":[{"href":"https:\/\/www.auvray-security.com\/fr\/wp-json\/wp\/v2\/product"}],"about":[{"href":"https:\/\/www.auvray-security.com\/fr\/wp-json\/wp\/v2\/types\/product"}],"wp:featuredmedia":[{"embeddable":true,"href":"https:\/\/www.auvray-security.com\/fr\/wp-json\/wp\/v2\/media\/1328"}],"wp:attachment":[{"href":"https:\/\/www.auvray-security.com\/fr\/wp-json\/wp\/v2\/media?parent=809"}],"wp:term":[{"taxonomy":"icon_library","embeddable":true,"href":"https:\/\/www.auvray-security.com\/fr\/wp-json\/wp\/v2\/icon_library?post=809"},{"taxonomy":"certification","embeddable":true,"href":"https:\/\/www.auvray-security.com\/fr\/wp-json\/wp\/v2\/certification?post=809"},{"taxonomy":"family","embeddable":true,"href":"https:\/\/www.auvray-security.com\/fr\/wp-json\/wp\/v2\/family?post=809"},{"taxonomy":"product_brand","embeddable":true,"href":"https:\/\/www.auvray-security.com\/fr\/wp-json\/wp\/v2\/product_brand?post=809"},{"taxonomy":"product_cat","embeddable":true,"href":"https:\/\/www.auvray-security.com\/fr\/wp-json\/wp\/v2\/product_cat?post=809"},{"taxonomy":"product_tag","embeddable":true,"href":"https:\/\/www.auvray-security.com\/fr\/wp-json\/wp\/v2\/product_tag?post=809"}],"curies":[{"name":"wp","href":"https:\/\/api.w.org\/{rel}","templated":true}]}}