{"id":807,"date":"2025-04-21T23:30:44","date_gmt":"2025-04-21T21:30:44","guid":{"rendered":"https:\/\/www.auvray-security.com\/?post_type=product&#038;p=807"},"modified":"2025-12-19T13:29:41","modified_gmt":"2025-12-19T12:29:41","slug":"chaine-xtrem-bloque-disque-xtrem-mini-alert","status":"publish","type":"product","link":"https:\/\/www.auvray-security.com\/fr\/produit\/chaine-xtrem-bloque-disque-xtrem-mini-alert\/","title":{"rendered":"Cha\u00eene XTREM <br>+ Bloque disque XTREM Mini Alert"},"content":{"rendered":"<h3>AUVRAY Cha\u00eene + Bloque disque XTREM Mini Alert \u2013 Combo ultra-s\u00e9curis\u00e9 pour motos et scooters<\/h3>\n<p>Prot\u00e9gez efficacement votre deux-roues avec <strong>ce pack complet<\/strong> associant <strong>une cha\u00eene en acier c\u00e9ment\u00e9<\/strong> et un <strong>bloque-disque alarme haute r\u00e9sistance<\/strong>.<br \/>\nLe bloque disque est homologu\u00e9 Classe SRA, il est compatible avec les exigences des assurances moto.<\/p>\n<p>\u2714\ufe0f Cha\u00eene 100 &#8211; 120 &#8211; 140 ou 170 cm avec maillons \u00e9pais anti-coupe<br \/>\n\u2714\ufe0f Bloque-disque XTREM Mini Alert ART \u00e0 cylindre haute s\u00e9curit\u00e9 avec syst\u00e8me d&rsquo;alarme 120 db<br \/>\n\u2714\ufe0f 3 cl\u00e9s fournies + service de reproduction par code<br \/>\n\u2714\ufe0f Protection optimale en zone urbaine ou stationnement prolong\u00e9<br \/>\n\u2714\ufe0f Adapt\u00e9 motos, scooters, VAE haute valeur<\/p>\n<p>Une combinaison robuste sign\u00e9e Auvray, gage de confiance et de tranquillit\u00e9.<\/p>\n<p>Variantes de kit possible :<\/p>\n<ul>\n<li>longueur de cha\u00eene droite 100 cm &#8211; R\u00e9f : C2AXTR100AUV &#8211; Poids 5,52<\/li>\n<li>longueur de cha\u00eene lasso 100 cm &#8211; R\u00e9f : C2AXTR100LAUV &#8211; Poids 5,49<\/li>\n<li>longueur de cha\u00eene lasso 120 cm &#8211; R\u00e9f : C2AXTR120LAUV &#8211; Poids 6,26<\/li>\n<li>longueur de cha\u00eene droite 140 cm &#8211; R\u00e9f : C2AXTR140AUV &#8211; Poids 7,08<\/li>\n<li>longueur de cha\u00eene droite 170 cm &#8211; R\u00e9f : C2AXTR170AUV &#8211; Poids 8,18<\/li>\n<\/ul>\n<p><a href=\"https:\/\/www.auvray-security.com\/wp-content\/uploads\/1Bip-activation_2Bips-desactivation.mp4\" target=\"new\"><img fetchpriority=\"high\" decoding=\"async\" class=\"\" src=\"https:\/\/www.auvray-security.com\/wp-content\/uploads\/1Bip-activation_2Bips-desactivation.png\" width=\"250\" height=\"443\" \/><\/a><\/p>\n<p><a href=\"https:\/\/www.auvray-security.com\/wp-content\/uploads\/Fermeture-1BipActivation.mp4\" target=\"new\"><img decoding=\"async\" src=\"https:\/\/www.auvray-security.com\/wp-content\/uploads\/Fermeture-1BipActivation.png\" width=\"250\" height=\"443\" \/><\/a><\/p>\n<p><a href=\"https:\/\/www.auvray-security.com\/wp-content\/uploads\/Fermeture-2BipsDesactivation.mp4\" target=\"new\"><img decoding=\"async\" src=\"https:\/\/www.auvray-security.com\/wp-content\/uploads\/Fermeture-2BipsDesactivation.png\" width=\"250\" height=\"443\" \/><\/a><\/p>\n","protected":false},"excerpt":{"rendered":"<p>AUVRAY Cha\u00eene + Bloque disque XTREM Mini Alert \u2013 Combo ultra-s\u00e9curis\u00e9 pour motos et scooters Prot\u00e9gez efficacement votre deux-roues avec ce pack complet associant une cha\u00eene en acier c\u00e9ment\u00e9 et un bloque-disque alarme haute r\u00e9sistance. Le bloque disque est homologu\u00e9 Classe SRA, il est compatible avec les exigences des assurances moto. \u2714\ufe0f Cha\u00eene 100 &#8211; [&hellip;]<\/p>\n","protected":false},"featured_media":1286,"template":"","meta":{"_acf_changed":false,"inline_featured_image":false},"icon_library":[62,63,64,65,66,67,72,74,80,58,82,83],"certification":[53,218,38,50,49,39,51],"family":[302,306],"product_brand":[],"product_cat":[133,27],"product_tag":[22],"class_list":{"0":"post-807","1":"product","2":"type-product","3":"status-publish","4":"has-post-thumbnail","6":"family-bloque_disque","7":"family-chaine","8":"product_cat-antivols-moto-certifies-sra-art","9":"product_cat-kits-chaines-sra-antivols","10":"product_tag-nouveau","12":"first","13":"instock","14":"taxable","15":"shipping-taxable","16":"purchasable","17":"product-type-variable","18":"has-default-attributes"},"acf":[],"yoast_head":"<!-- This site is optimized with the Yoast SEO plugin v27.3 - https:\/\/yoast.com\/product\/yoast-seo-wordpress\/ -->\n<title>Antivols moto certifi\u00e9s SRA ART, Kits cha\u00eenes SRA + Antivols - Cha\u00eene XTREM + Bloque disque XTREM Mini Alert - AUVRAY Security<\/title>\n<meta name=\"robots\" content=\"index, follow, max-snippet:-1, max-image-preview:large, max-video-preview:-1\" \/>\n<link rel=\"canonical\" href=\"https:\/\/www.auvray-security.com\/fr\/produit\/chaine-xtrem-bloque-disque-xtrem-mini-alert\/\" \/>\n<meta property=\"og:locale\" content=\"fr_FR\" \/>\n<meta property=\"og:type\" content=\"article\" \/>\n<meta property=\"og:title\" content=\"Antivols moto certifi\u00e9s SRA ART, Kits cha\u00eenes SRA + Antivols - Cha\u00eene XTREM + Bloque disque XTREM Mini Alert - AUVRAY Security\" \/>\n<meta property=\"og:description\" content=\"AUVRAY Cha\u00eene + Bloque disque XTREM Mini Alert \u2013 Combo ultra-s\u00e9curis\u00e9 pour motos et scooters Prot\u00e9gez efficacement votre deux-roues avec ce pack complet associant une cha\u00eene en acier c\u00e9ment\u00e9 et un bloque-disque alarme haute r\u00e9sistance. Le bloque disque est homologu\u00e9 Classe SRA, il est compatible avec les exigences des assurances moto. \u2714\ufe0f Cha\u00eene 100 &#8211; [&hellip;]\" \/>\n<meta property=\"og:url\" content=\"https:\/\/www.auvray-security.com\/fr\/produit\/chaine-xtrem-bloque-disque-xtrem-mini-alert\/\" \/>\n<meta property=\"og:site_name\" content=\"AUVRAY Security\" \/>\n<meta property=\"article:modified_time\" content=\"2025-12-19T12:29:41+00:00\" \/>\n<meta property=\"og:image\" content=\"https:\/\/www.auvray-security.com\/wp-content\/uploads\/chaine-xtrem-bloque-disque-xtrem-mini-alert-00.jpg\" \/>\n\t<meta property=\"og:image:width\" content=\"1501\" \/>\n\t<meta property=\"og:image:height\" content=\"1501\" \/>\n\t<meta property=\"og:image:type\" content=\"image\/jpeg\" \/>\n<meta name=\"twitter:card\" content=\"summary_large_image\" \/>\n<meta name=\"twitter:label1\" content=\"Dur\u00e9e de lecture estim\u00e9e\" \/>\n\t<meta name=\"twitter:data1\" content=\"2 minutes\" \/>\n<script type=\"application\/ld+json\" class=\"yoast-schema-graph\">{\"@context\":\"https:\\\/\\\/schema.org\",\"@graph\":[{\"@type\":\"WebPage\",\"@id\":\"https:\\\/\\\/www.auvray-security.com\\\/fr\\\/produit\\\/chaine-xtrem-bloque-disque-xtrem-mini-alert\\\/\",\"url\":\"https:\\\/\\\/www.auvray-security.com\\\/fr\\\/produit\\\/chaine-xtrem-bloque-disque-xtrem-mini-alert\\\/\",\"name\":\"Antivols moto certifi\u00e9s SRA ART, Kits cha\u00eenes SRA + Antivols - Cha\u00eene XTREM + Bloque disque XTREM Mini Alert - AUVRAY Security\",\"isPartOf\":{\"@id\":\"https:\\\/\\\/www.auvray-security.com\\\/fr\\\/#website\"},\"primaryImageOfPage\":{\"@id\":\"https:\\\/\\\/www.auvray-security.com\\\/fr\\\/produit\\\/chaine-xtrem-bloque-disque-xtrem-mini-alert\\\/#primaryimage\"},\"image\":{\"@id\":\"https:\\\/\\\/www.auvray-security.com\\\/fr\\\/produit\\\/chaine-xtrem-bloque-disque-xtrem-mini-alert\\\/#primaryimage\"},\"thumbnailUrl\":\"https:\\\/\\\/www.auvray-security.com\\\/wp-content\\\/uploads\\\/chaine-xtrem-bloque-disque-xtrem-mini-alert-00.jpg\",\"datePublished\":\"2025-04-21T21:30:44+00:00\",\"dateModified\":\"2025-12-19T12:29:41+00:00\",\"breadcrumb\":{\"@id\":\"https:\\\/\\\/www.auvray-security.com\\\/fr\\\/produit\\\/chaine-xtrem-bloque-disque-xtrem-mini-alert\\\/#breadcrumb\"},\"inLanguage\":\"fr-FR\",\"potentialAction\":[{\"@type\":\"ReadAction\",\"target\":[\"https:\\\/\\\/www.auvray-security.com\\\/fr\\\/produit\\\/chaine-xtrem-bloque-disque-xtrem-mini-alert\\\/\"]}]},{\"@type\":\"ImageObject\",\"inLanguage\":\"fr-FR\",\"@id\":\"https:\\\/\\\/www.auvray-security.com\\\/fr\\\/produit\\\/chaine-xtrem-bloque-disque-xtrem-mini-alert\\\/#primaryimage\",\"url\":\"https:\\\/\\\/www.auvray-security.com\\\/wp-content\\\/uploads\\\/chaine-xtrem-bloque-disque-xtrem-mini-alert-00.jpg\",\"contentUrl\":\"https:\\\/\\\/www.auvray-security.com\\\/wp-content\\\/uploads\\\/chaine-xtrem-bloque-disque-xtrem-mini-alert-00.jpg\",\"width\":1501,\"height\":1501},{\"@type\":\"BreadcrumbList\",\"@id\":\"https:\\\/\\\/www.auvray-security.com\\\/fr\\\/produit\\\/chaine-xtrem-bloque-disque-xtrem-mini-alert\\\/#breadcrumb\",\"itemListElement\":[{\"@type\":\"ListItem\",\"position\":1,\"name\":\"Accueil\",\"item\":\"https:\\\/\\\/www.auvray-security.com\\\/fr\\\/\"},{\"@type\":\"ListItem\",\"position\":2,\"name\":\"Produits\",\"item\":\"https:\\\/\\\/www.auvray-security.com\\\/fr\\\/shop\\\/\"},{\"@type\":\"ListItem\",\"position\":3,\"name\":\"Antivols moto\",\"item\":\"https:\\\/\\\/www.auvray-security.com\\\/fr\\\/categorie-produit\\\/antivols-moto\\\/\"},{\"@type\":\"ListItem\",\"position\":4,\"name\":\"Kits cha\u00eenes SRA + Antivols\",\"item\":\"https:\\\/\\\/www.auvray-security.com\\\/fr\\\/categorie-produit\\\/antivols-moto\\\/kits-chaines-sra-antivols\\\/\"},{\"@type\":\"ListItem\",\"position\":5,\"name\":\"Cha\u00eene XTREM + Bloque disque XTREM Mini Alert\"}]},{\"@type\":\"WebSite\",\"@id\":\"https:\\\/\\\/www.auvray-security.com\\\/fr\\\/#website\",\"url\":\"https:\\\/\\\/www.auvray-security.com\\\/fr\\\/\",\"name\":\"AUVRAY Security\",\"description\":\"\",\"potentialAction\":[{\"@type\":\"SearchAction\",\"target\":{\"@type\":\"EntryPoint\",\"urlTemplate\":\"https:\\\/\\\/www.auvray-security.com\\\/fr\\\/?s={search_term_string}\"},\"query-input\":{\"@type\":\"PropertyValueSpecification\",\"valueRequired\":true,\"valueName\":\"search_term_string\"}}],\"inLanguage\":\"fr-FR\"}]}<\/script>\n<!-- \/ Yoast SEO plugin. -->","yoast_head_json":{"title":"Antivols moto certifi\u00e9s SRA ART, Kits cha\u00eenes SRA + Antivols - Cha\u00eene XTREM + Bloque disque XTREM Mini Alert - AUVRAY Security","robots":{"index":"index","follow":"follow","max-snippet":"max-snippet:-1","max-image-preview":"max-image-preview:large","max-video-preview":"max-video-preview:-1"},"canonical":"https:\/\/www.auvray-security.com\/fr\/produit\/chaine-xtrem-bloque-disque-xtrem-mini-alert\/","og_locale":"fr_FR","og_type":"article","og_title":"Antivols moto certifi\u00e9s SRA ART, Kits cha\u00eenes SRA + Antivols - Cha\u00eene XTREM + Bloque disque XTREM Mini Alert - AUVRAY Security","og_description":"AUVRAY Cha\u00eene + Bloque disque XTREM Mini Alert \u2013 Combo ultra-s\u00e9curis\u00e9 pour motos et scooters Prot\u00e9gez efficacement votre deux-roues avec ce pack complet associant une cha\u00eene en acier c\u00e9ment\u00e9 et un bloque-disque alarme haute r\u00e9sistance. Le bloque disque est homologu\u00e9 Classe SRA, il est compatible avec les exigences des assurances moto. \u2714\ufe0f Cha\u00eene 100 &#8211; [&hellip;]","og_url":"https:\/\/www.auvray-security.com\/fr\/produit\/chaine-xtrem-bloque-disque-xtrem-mini-alert\/","og_site_name":"AUVRAY Security","article_modified_time":"2025-12-19T12:29:41+00:00","og_image":[{"width":1501,"height":1501,"url":"https:\/\/www.auvray-security.com\/wp-content\/uploads\/chaine-xtrem-bloque-disque-xtrem-mini-alert-00.jpg","type":"image\/jpeg"}],"twitter_card":"summary_large_image","twitter_misc":{"Dur\u00e9e de lecture estim\u00e9e":"2 minutes"},"schema":{"@context":"https:\/\/schema.org","@graph":[{"@type":"WebPage","@id":"https:\/\/www.auvray-security.com\/fr\/produit\/chaine-xtrem-bloque-disque-xtrem-mini-alert\/","url":"https:\/\/www.auvray-security.com\/fr\/produit\/chaine-xtrem-bloque-disque-xtrem-mini-alert\/","name":"Antivols moto certifi\u00e9s SRA ART, Kits cha\u00eenes SRA + Antivols - Cha\u00eene XTREM + Bloque disque XTREM Mini Alert - AUVRAY Security","isPartOf":{"@id":"https:\/\/www.auvray-security.com\/fr\/#website"},"primaryImageOfPage":{"@id":"https:\/\/www.auvray-security.com\/fr\/produit\/chaine-xtrem-bloque-disque-xtrem-mini-alert\/#primaryimage"},"image":{"@id":"https:\/\/www.auvray-security.com\/fr\/produit\/chaine-xtrem-bloque-disque-xtrem-mini-alert\/#primaryimage"},"thumbnailUrl":"https:\/\/www.auvray-security.com\/wp-content\/uploads\/chaine-xtrem-bloque-disque-xtrem-mini-alert-00.jpg","datePublished":"2025-04-21T21:30:44+00:00","dateModified":"2025-12-19T12:29:41+00:00","breadcrumb":{"@id":"https:\/\/www.auvray-security.com\/fr\/produit\/chaine-xtrem-bloque-disque-xtrem-mini-alert\/#breadcrumb"},"inLanguage":"fr-FR","potentialAction":[{"@type":"ReadAction","target":["https:\/\/www.auvray-security.com\/fr\/produit\/chaine-xtrem-bloque-disque-xtrem-mini-alert\/"]}]},{"@type":"ImageObject","inLanguage":"fr-FR","@id":"https:\/\/www.auvray-security.com\/fr\/produit\/chaine-xtrem-bloque-disque-xtrem-mini-alert\/#primaryimage","url":"https:\/\/www.auvray-security.com\/wp-content\/uploads\/chaine-xtrem-bloque-disque-xtrem-mini-alert-00.jpg","contentUrl":"https:\/\/www.auvray-security.com\/wp-content\/uploads\/chaine-xtrem-bloque-disque-xtrem-mini-alert-00.jpg","width":1501,"height":1501},{"@type":"BreadcrumbList","@id":"https:\/\/www.auvray-security.com\/fr\/produit\/chaine-xtrem-bloque-disque-xtrem-mini-alert\/#breadcrumb","itemListElement":[{"@type":"ListItem","position":1,"name":"Accueil","item":"https:\/\/www.auvray-security.com\/fr\/"},{"@type":"ListItem","position":2,"name":"Produits","item":"https:\/\/www.auvray-security.com\/fr\/shop\/"},{"@type":"ListItem","position":3,"name":"Antivols moto","item":"https:\/\/www.auvray-security.com\/fr\/categorie-produit\/antivols-moto\/"},{"@type":"ListItem","position":4,"name":"Kits cha\u00eenes SRA + Antivols","item":"https:\/\/www.auvray-security.com\/fr\/categorie-produit\/antivols-moto\/kits-chaines-sra-antivols\/"},{"@type":"ListItem","position":5,"name":"Cha\u00eene XTREM + Bloque disque XTREM Mini Alert"}]},{"@type":"WebSite","@id":"https:\/\/www.auvray-security.com\/fr\/#website","url":"https:\/\/www.auvray-security.com\/fr\/","name":"AUVRAY Security","description":"","potentialAction":[{"@type":"SearchAction","target":{"@type":"EntryPoint","urlTemplate":"https:\/\/www.auvray-security.com\/fr\/?s={search_term_string}"},"query-input":{"@type":"PropertyValueSpecification","valueRequired":true,"valueName":"search_term_string"}}],"inLanguage":"fr-FR"}]}},"_links":{"self":[{"href":"https:\/\/www.auvray-security.com\/fr\/wp-json\/wp\/v2\/product\/807","targetHints":{"allow":["GET"]}}],"collection":[{"href":"https:\/\/www.auvray-security.com\/fr\/wp-json\/wp\/v2\/product"}],"about":[{"href":"https:\/\/www.auvray-security.com\/fr\/wp-json\/wp\/v2\/types\/product"}],"wp:featuredmedia":[{"embeddable":true,"href":"https:\/\/www.auvray-security.com\/fr\/wp-json\/wp\/v2\/media\/1286"}],"wp:attachment":[{"href":"https:\/\/www.auvray-security.com\/fr\/wp-json\/wp\/v2\/media?parent=807"}],"wp:term":[{"taxonomy":"icon_library","embeddable":true,"href":"https:\/\/www.auvray-security.com\/fr\/wp-json\/wp\/v2\/icon_library?post=807"},{"taxonomy":"certification","embeddable":true,"href":"https:\/\/www.auvray-security.com\/fr\/wp-json\/wp\/v2\/certification?post=807"},{"taxonomy":"family","embeddable":true,"href":"https:\/\/www.auvray-security.com\/fr\/wp-json\/wp\/v2\/family?post=807"},{"taxonomy":"product_brand","embeddable":true,"href":"https:\/\/www.auvray-security.com\/fr\/wp-json\/wp\/v2\/product_brand?post=807"},{"taxonomy":"product_cat","embeddable":true,"href":"https:\/\/www.auvray-security.com\/fr\/wp-json\/wp\/v2\/product_cat?post=807"},{"taxonomy":"product_tag","embeddable":true,"href":"https:\/\/www.auvray-security.com\/fr\/wp-json\/wp\/v2\/product_tag?post=807"}],"curies":[{"name":"wp","href":"https:\/\/api.w.org\/{rel}","templated":true}]}}