{"id":806,"date":"2025-04-21T23:39:26","date_gmt":"2025-04-21T21:39:26","guid":{"rendered":"https:\/\/www.auvray-security.com\/?post_type=product&#038;p=806"},"modified":"2025-12-19T13:29:34","modified_gmt":"2025-12-19T12:29:34","slug":"chaine-xtrem-bloque-disque-xtrem-mini","status":"publish","type":"product","link":"https:\/\/www.auvray-security.com\/fr\/produit\/chaine-xtrem-bloque-disque-xtrem-mini\/","title":{"rendered":"Cha\u00eene XTREM <br>+ Bloque disque XTREM Mini"},"content":{"rendered":"<h3>AUVRAY Cha\u00eene + Bloque-Disque Classe SRA \u2013 Combo ultra-s\u00e9curis\u00e9 pour motos et scooters<\/h3>\n<p>Prot\u00e9gez efficacement votre deux-roues avec <strong>ce pack complet<\/strong> associant <strong>une cha\u00eene en acier c\u00e9ment\u00e9<\/strong> et un <strong>bloque-disque haute r\u00e9sistance<\/strong>.<br \/>\nHomologu\u00e9 Classe SRA, il est compatible avec les exigences des assurances moto.<\/p>\n<p>\u2714\ufe0f Cha\u00eene 100 &#8211; 120 &#8211; 140 ou 170 cm avec maillons \u00e9pais anti-coupe de 13,5 mm<br \/>\n\u2714\ufe0f Bloque-disque \u00e0 cylindre haute s\u00e9curit\u00e9<br \/>\n\u2714\ufe0f 3 cl\u00e9s fournies + service de reproduction par code<br \/>\n\u2714\ufe0f Protection optimale en zone urbaine ou stationnement prolong\u00e9<br \/>\n\u2714\ufe0f Adapt\u00e9 motos, scooters, VAE haute valeur<\/p>\n<p>Une combinaison robuste sign\u00e9e Auvray, gage de confiance et de tranquillit\u00e9.<\/p>\n<p>Variantes de kit possible :<\/p>\n<ul>\n<li>longueur de cha\u00eene droite 100 cm &#8211; R\u00e9f : CAXTR100AUV &#8211; Poids 4,94<\/li>\n<li>longueur de cha\u00eene lasso 100 cm &#8211; R\u00e9f : CAXTR100LAUV &#8211; Poids 4,91<\/li>\n<li>longueur de cha\u00eene lasso 120 cm &#8211; R\u00e9f : CAXTR120LAUV &#8211; Poids 5,70<\/li>\n<li>longueur de cha\u00eene droite 140 cm &#8211; R\u00e9f : CAXTR140AUV &#8211; Poids 6,52<\/li>\n<li>longueur de cha\u00eene droite 170 cm &#8211; R\u00e9f : CAXTR170AUV &#8211; Poids 7,78<\/li>\n<\/ul>\n","protected":false},"excerpt":{"rendered":"<p>AUVRAY Cha\u00eene + Bloque-Disque Classe SRA \u2013 Combo ultra-s\u00e9curis\u00e9 pour motos et scooters Prot\u00e9gez efficacement votre deux-roues avec ce pack complet associant une cha\u00eene en acier c\u00e9ment\u00e9 et un bloque-disque haute r\u00e9sistance. Homologu\u00e9 Classe SRA, il est compatible avec les exigences des assurances moto. \u2714\ufe0f Cha\u00eene 100 &#8211; 120 &#8211; 140 ou 170 cm avec [&hellip;]<\/p>\n","protected":false},"featured_media":1303,"template":"","meta":{"_acf_changed":false,"inline_featured_image":false},"icon_library":[62,63,65,66,67,70,72,74,80,58],"certification":[217,38,50,49,39,51],"family":[302,306],"product_brand":[],"product_cat":[133,27],"product_tag":[],"class_list":{"0":"post-806","1":"product","2":"type-product","3":"status-publish","4":"has-post-thumbnail","6":"family-bloque_disque","7":"family-chaine","8":"product_cat-antivols-moto-certifies-sra-art","9":"product_cat-kits-chaines-sra-antivols","11":"first","12":"instock","13":"taxable","14":"shipping-taxable","15":"purchasable","16":"product-type-variable","17":"has-default-attributes"},"acf":[],"yoast_head":"<!-- This site is optimized with the Yoast SEO plugin v27.3 - https:\/\/yoast.com\/product\/yoast-seo-wordpress\/ -->\n<title>Antivols moto certifi\u00e9s SRA ART, Kits cha\u00eenes SRA + Antivols - Cha\u00eene XTREM + Bloque disque XTREM Mini - AUVRAY Security<\/title>\n<meta name=\"robots\" content=\"index, follow, max-snippet:-1, max-image-preview:large, max-video-preview:-1\" \/>\n<link rel=\"canonical\" href=\"https:\/\/www.auvray-security.com\/fr\/produit\/chaine-xtrem-bloque-disque-xtrem-mini\/\" \/>\n<meta property=\"og:locale\" content=\"fr_FR\" \/>\n<meta property=\"og:type\" content=\"article\" \/>\n<meta property=\"og:title\" content=\"Antivols moto certifi\u00e9s SRA ART, Kits cha\u00eenes SRA + Antivols - Cha\u00eene XTREM + Bloque disque XTREM Mini - AUVRAY Security\" \/>\n<meta property=\"og:description\" content=\"AUVRAY Cha\u00eene + Bloque-Disque Classe SRA \u2013 Combo ultra-s\u00e9curis\u00e9 pour motos et scooters Prot\u00e9gez efficacement votre deux-roues avec ce pack complet associant une cha\u00eene en acier c\u00e9ment\u00e9 et un bloque-disque haute r\u00e9sistance. Homologu\u00e9 Classe SRA, il est compatible avec les exigences des assurances moto. \u2714\ufe0f Cha\u00eene 100 &#8211; 120 &#8211; 140 ou 170 cm avec [&hellip;]\" \/>\n<meta property=\"og:url\" content=\"https:\/\/www.auvray-security.com\/fr\/produit\/chaine-xtrem-bloque-disque-xtrem-mini\/\" \/>\n<meta property=\"og:site_name\" content=\"AUVRAY Security\" \/>\n<meta property=\"article:modified_time\" content=\"2025-12-19T12:29:34+00:00\" \/>\n<meta property=\"og:image\" content=\"https:\/\/www.auvray-security.com\/wp-content\/uploads\/chaine-xtrem-bloque-disque-xtrem-mini-00-1.jpg\" \/>\n\t<meta property=\"og:image:width\" content=\"1500\" \/>\n\t<meta property=\"og:image:height\" content=\"1501\" \/>\n\t<meta property=\"og:image:type\" content=\"image\/jpeg\" \/>\n<meta name=\"twitter:card\" content=\"summary_large_image\" \/>\n<meta name=\"twitter:label1\" content=\"Dur\u00e9e de lecture estim\u00e9e\" \/>\n\t<meta name=\"twitter:data1\" content=\"1 minute\" \/>\n<script type=\"application\/ld+json\" class=\"yoast-schema-graph\">{\"@context\":\"https:\\\/\\\/schema.org\",\"@graph\":[{\"@type\":\"WebPage\",\"@id\":\"https:\\\/\\\/www.auvray-security.com\\\/fr\\\/produit\\\/chaine-xtrem-bloque-disque-xtrem-mini\\\/\",\"url\":\"https:\\\/\\\/www.auvray-security.com\\\/fr\\\/produit\\\/chaine-xtrem-bloque-disque-xtrem-mini\\\/\",\"name\":\"Antivols moto certifi\u00e9s SRA ART, Kits cha\u00eenes SRA + Antivols - Cha\u00eene XTREM + Bloque disque XTREM Mini - AUVRAY Security\",\"isPartOf\":{\"@id\":\"https:\\\/\\\/www.auvray-security.com\\\/fr\\\/#website\"},\"primaryImageOfPage\":{\"@id\":\"https:\\\/\\\/www.auvray-security.com\\\/fr\\\/produit\\\/chaine-xtrem-bloque-disque-xtrem-mini\\\/#primaryimage\"},\"image\":{\"@id\":\"https:\\\/\\\/www.auvray-security.com\\\/fr\\\/produit\\\/chaine-xtrem-bloque-disque-xtrem-mini\\\/#primaryimage\"},\"thumbnailUrl\":\"https:\\\/\\\/www.auvray-security.com\\\/wp-content\\\/uploads\\\/chaine-xtrem-bloque-disque-xtrem-mini-00-1.jpg\",\"datePublished\":\"2025-04-21T21:39:26+00:00\",\"dateModified\":\"2025-12-19T12:29:34+00:00\",\"breadcrumb\":{\"@id\":\"https:\\\/\\\/www.auvray-security.com\\\/fr\\\/produit\\\/chaine-xtrem-bloque-disque-xtrem-mini\\\/#breadcrumb\"},\"inLanguage\":\"fr-FR\",\"potentialAction\":[{\"@type\":\"ReadAction\",\"target\":[\"https:\\\/\\\/www.auvray-security.com\\\/fr\\\/produit\\\/chaine-xtrem-bloque-disque-xtrem-mini\\\/\"]}]},{\"@type\":\"ImageObject\",\"inLanguage\":\"fr-FR\",\"@id\":\"https:\\\/\\\/www.auvray-security.com\\\/fr\\\/produit\\\/chaine-xtrem-bloque-disque-xtrem-mini\\\/#primaryimage\",\"url\":\"https:\\\/\\\/www.auvray-security.com\\\/wp-content\\\/uploads\\\/chaine-xtrem-bloque-disque-xtrem-mini-00-1.jpg\",\"contentUrl\":\"https:\\\/\\\/www.auvray-security.com\\\/wp-content\\\/uploads\\\/chaine-xtrem-bloque-disque-xtrem-mini-00-1.jpg\",\"width\":1500,\"height\":1501},{\"@type\":\"BreadcrumbList\",\"@id\":\"https:\\\/\\\/www.auvray-security.com\\\/fr\\\/produit\\\/chaine-xtrem-bloque-disque-xtrem-mini\\\/#breadcrumb\",\"itemListElement\":[{\"@type\":\"ListItem\",\"position\":1,\"name\":\"Accueil\",\"item\":\"https:\\\/\\\/www.auvray-security.com\\\/fr\\\/\"},{\"@type\":\"ListItem\",\"position\":2,\"name\":\"Produits\",\"item\":\"https:\\\/\\\/www.auvray-security.com\\\/fr\\\/shop\\\/\"},{\"@type\":\"ListItem\",\"position\":3,\"name\":\"Antivols moto\",\"item\":\"https:\\\/\\\/www.auvray-security.com\\\/fr\\\/categorie-produit\\\/antivols-moto\\\/\"},{\"@type\":\"ListItem\",\"position\":4,\"name\":\"Kits cha\u00eenes SRA + Antivols\",\"item\":\"https:\\\/\\\/www.auvray-security.com\\\/fr\\\/categorie-produit\\\/antivols-moto\\\/kits-chaines-sra-antivols\\\/\"},{\"@type\":\"ListItem\",\"position\":5,\"name\":\"Cha\u00eene XTREM + Bloque disque XTREM Mini\"}]},{\"@type\":\"WebSite\",\"@id\":\"https:\\\/\\\/www.auvray-security.com\\\/fr\\\/#website\",\"url\":\"https:\\\/\\\/www.auvray-security.com\\\/fr\\\/\",\"name\":\"AUVRAY Security\",\"description\":\"\",\"potentialAction\":[{\"@type\":\"SearchAction\",\"target\":{\"@type\":\"EntryPoint\",\"urlTemplate\":\"https:\\\/\\\/www.auvray-security.com\\\/fr\\\/?s={search_term_string}\"},\"query-input\":{\"@type\":\"PropertyValueSpecification\",\"valueRequired\":true,\"valueName\":\"search_term_string\"}}],\"inLanguage\":\"fr-FR\"}]}<\/script>\n<!-- \/ Yoast SEO plugin. -->","yoast_head_json":{"title":"Antivols moto certifi\u00e9s SRA ART, Kits cha\u00eenes SRA + Antivols - Cha\u00eene XTREM + Bloque disque XTREM Mini - AUVRAY Security","robots":{"index":"index","follow":"follow","max-snippet":"max-snippet:-1","max-image-preview":"max-image-preview:large","max-video-preview":"max-video-preview:-1"},"canonical":"https:\/\/www.auvray-security.com\/fr\/produit\/chaine-xtrem-bloque-disque-xtrem-mini\/","og_locale":"fr_FR","og_type":"article","og_title":"Antivols moto certifi\u00e9s SRA ART, Kits cha\u00eenes SRA + Antivols - Cha\u00eene XTREM + Bloque disque XTREM Mini - AUVRAY Security","og_description":"AUVRAY Cha\u00eene + Bloque-Disque Classe SRA \u2013 Combo ultra-s\u00e9curis\u00e9 pour motos et scooters Prot\u00e9gez efficacement votre deux-roues avec ce pack complet associant une cha\u00eene en acier c\u00e9ment\u00e9 et un bloque-disque haute r\u00e9sistance. Homologu\u00e9 Classe SRA, il est compatible avec les exigences des assurances moto. \u2714\ufe0f Cha\u00eene 100 &#8211; 120 &#8211; 140 ou 170 cm avec [&hellip;]","og_url":"https:\/\/www.auvray-security.com\/fr\/produit\/chaine-xtrem-bloque-disque-xtrem-mini\/","og_site_name":"AUVRAY Security","article_modified_time":"2025-12-19T12:29:34+00:00","og_image":[{"width":1500,"height":1501,"url":"https:\/\/www.auvray-security.com\/wp-content\/uploads\/chaine-xtrem-bloque-disque-xtrem-mini-00-1.jpg","type":"image\/jpeg"}],"twitter_card":"summary_large_image","twitter_misc":{"Dur\u00e9e de lecture estim\u00e9e":"1 minute"},"schema":{"@context":"https:\/\/schema.org","@graph":[{"@type":"WebPage","@id":"https:\/\/www.auvray-security.com\/fr\/produit\/chaine-xtrem-bloque-disque-xtrem-mini\/","url":"https:\/\/www.auvray-security.com\/fr\/produit\/chaine-xtrem-bloque-disque-xtrem-mini\/","name":"Antivols moto certifi\u00e9s SRA ART, Kits cha\u00eenes SRA + Antivols - Cha\u00eene XTREM + Bloque disque XTREM Mini - AUVRAY Security","isPartOf":{"@id":"https:\/\/www.auvray-security.com\/fr\/#website"},"primaryImageOfPage":{"@id":"https:\/\/www.auvray-security.com\/fr\/produit\/chaine-xtrem-bloque-disque-xtrem-mini\/#primaryimage"},"image":{"@id":"https:\/\/www.auvray-security.com\/fr\/produit\/chaine-xtrem-bloque-disque-xtrem-mini\/#primaryimage"},"thumbnailUrl":"https:\/\/www.auvray-security.com\/wp-content\/uploads\/chaine-xtrem-bloque-disque-xtrem-mini-00-1.jpg","datePublished":"2025-04-21T21:39:26+00:00","dateModified":"2025-12-19T12:29:34+00:00","breadcrumb":{"@id":"https:\/\/www.auvray-security.com\/fr\/produit\/chaine-xtrem-bloque-disque-xtrem-mini\/#breadcrumb"},"inLanguage":"fr-FR","potentialAction":[{"@type":"ReadAction","target":["https:\/\/www.auvray-security.com\/fr\/produit\/chaine-xtrem-bloque-disque-xtrem-mini\/"]}]},{"@type":"ImageObject","inLanguage":"fr-FR","@id":"https:\/\/www.auvray-security.com\/fr\/produit\/chaine-xtrem-bloque-disque-xtrem-mini\/#primaryimage","url":"https:\/\/www.auvray-security.com\/wp-content\/uploads\/chaine-xtrem-bloque-disque-xtrem-mini-00-1.jpg","contentUrl":"https:\/\/www.auvray-security.com\/wp-content\/uploads\/chaine-xtrem-bloque-disque-xtrem-mini-00-1.jpg","width":1500,"height":1501},{"@type":"BreadcrumbList","@id":"https:\/\/www.auvray-security.com\/fr\/produit\/chaine-xtrem-bloque-disque-xtrem-mini\/#breadcrumb","itemListElement":[{"@type":"ListItem","position":1,"name":"Accueil","item":"https:\/\/www.auvray-security.com\/fr\/"},{"@type":"ListItem","position":2,"name":"Produits","item":"https:\/\/www.auvray-security.com\/fr\/shop\/"},{"@type":"ListItem","position":3,"name":"Antivols moto","item":"https:\/\/www.auvray-security.com\/fr\/categorie-produit\/antivols-moto\/"},{"@type":"ListItem","position":4,"name":"Kits cha\u00eenes SRA + Antivols","item":"https:\/\/www.auvray-security.com\/fr\/categorie-produit\/antivols-moto\/kits-chaines-sra-antivols\/"},{"@type":"ListItem","position":5,"name":"Cha\u00eene XTREM + Bloque disque XTREM Mini"}]},{"@type":"WebSite","@id":"https:\/\/www.auvray-security.com\/fr\/#website","url":"https:\/\/www.auvray-security.com\/fr\/","name":"AUVRAY Security","description":"","potentialAction":[{"@type":"SearchAction","target":{"@type":"EntryPoint","urlTemplate":"https:\/\/www.auvray-security.com\/fr\/?s={search_term_string}"},"query-input":{"@type":"PropertyValueSpecification","valueRequired":true,"valueName":"search_term_string"}}],"inLanguage":"fr-FR"}]}},"_links":{"self":[{"href":"https:\/\/www.auvray-security.com\/fr\/wp-json\/wp\/v2\/product\/806","targetHints":{"allow":["GET"]}}],"collection":[{"href":"https:\/\/www.auvray-security.com\/fr\/wp-json\/wp\/v2\/product"}],"about":[{"href":"https:\/\/www.auvray-security.com\/fr\/wp-json\/wp\/v2\/types\/product"}],"wp:featuredmedia":[{"embeddable":true,"href":"https:\/\/www.auvray-security.com\/fr\/wp-json\/wp\/v2\/media\/1303"}],"wp:attachment":[{"href":"https:\/\/www.auvray-security.com\/fr\/wp-json\/wp\/v2\/media?parent=806"}],"wp:term":[{"taxonomy":"icon_library","embeddable":true,"href":"https:\/\/www.auvray-security.com\/fr\/wp-json\/wp\/v2\/icon_library?post=806"},{"taxonomy":"certification","embeddable":true,"href":"https:\/\/www.auvray-security.com\/fr\/wp-json\/wp\/v2\/certification?post=806"},{"taxonomy":"family","embeddable":true,"href":"https:\/\/www.auvray-security.com\/fr\/wp-json\/wp\/v2\/family?post=806"},{"taxonomy":"product_brand","embeddable":true,"href":"https:\/\/www.auvray-security.com\/fr\/wp-json\/wp\/v2\/product_brand?post=806"},{"taxonomy":"product_cat","embeddable":true,"href":"https:\/\/www.auvray-security.com\/fr\/wp-json\/wp\/v2\/product_cat?post=806"},{"taxonomy":"product_tag","embeddable":true,"href":"https:\/\/www.auvray-security.com\/fr\/wp-json\/wp\/v2\/product_tag?post=806"}],"curies":[{"name":"wp","href":"https:\/\/api.w.org\/{rel}","templated":true}]}}