{"id":802,"date":"2025-04-21T21:20:20","date_gmt":"2025-04-21T19:20:20","guid":{"rendered":"https:\/\/www.auvray-security.com\/?post_type=product&#038;p=802"},"modified":"2025-12-19T13:30:16","modified_gmt":"2025-12-19T12:30:16","slug":"dk-06-noir-bloque-disque-haute-securite","status":"publish","type":"product","link":"https:\/\/www.auvray-security.com\/fr\/produit\/dk-06-noir-bloque-disque-haute-securite\/","title":{"rendered":"DK 06 Noir"},"content":{"rendered":"<h1>BLOQUE DISQUE SCOOTER<\/h1>\n<p><strong data-start=\"526\" data-end=\"554\">\u2714\ufe0f\u00a0<\/strong> Compacit\u00e9 et l\u00e9g\u00e8ret\u00e9<br \/>\nSon design est l\u00e9ger et compact, ce qui facilite son transport partout \u2013 tr\u00e8s pratique \u00e0 glisser sous la selle ou dans une sacoche<\/p>\n<p><strong data-start=\"526\" data-end=\"554\">\u2714\ufe0f\u00a0<\/strong> Mat\u00e9riaux robustes et durables<br \/>\nCorps en acier inoxydable, 100\u202f% anti\u2011rouille, parfait pour r\u00e9sister aux intemp\u00e9ries<br \/>\nAxe de verrouillage de \u00d8\u202f6\u202fmm, avec double m\u00e9canisme de verrouillage assurant une bonne r\u00e9sistance<\/p>\n<p><strong data-start=\"526\" data-end=\"554\">\u2714\ufe0f\u00a0<\/strong> Fiabilit\u00e9 du syst\u00e8me de verrouillage<br \/>\nCylindre anti\u2011crochetage, am\u00e9liorant la s\u00e9curit\u00e9 face aux tentatives d\u2019effraction<br \/>\nLivr\u00e9 avec 3 cl\u00e9s frais\u00e9es, ce qui \u00e9vite les pertes, permet une copie s\u00e9curis\u00e9e, ou un partage avec un proche<\/p>\n<p><strong data-start=\"526\" data-end=\"554\">\u2714\ufe0f\u00a0<\/strong> Adaptabilit\u00e9 et compatibilit\u00e9<br \/>\nConvient \u00e0 la plupart des motos et scooters : universel pour deux\u2011roues<\/p>\n","protected":false},"excerpt":{"rendered":"<p>BLOQUE DISQUE SCOOTER \u2714\ufe0f\u00a0 Compacit\u00e9 et l\u00e9g\u00e8ret\u00e9 Son design est l\u00e9ger et compact, ce qui facilite son transport partout \u2013 tr\u00e8s pratique \u00e0 glisser sous la selle ou dans une sacoche \u2714\ufe0f\u00a0 Mat\u00e9riaux robustes et durables Corps en acier inoxydable, 100\u202f% anti\u2011rouille, parfait pour r\u00e9sister aux intemp\u00e9ries Axe de verrouillage de \u00d8\u202f6\u202fmm, avec double m\u00e9canisme [&hellip;]<\/p>\n","protected":false},"featured_media":1252,"template":"","meta":{"_acf_changed":false,"inline_featured_image":false},"icon_library":[56,73],"certification":[55,43],"family":[302],"product_brand":[],"product_cat":[26],"product_tag":[],"class_list":{"0":"post-802","1":"product","2":"type-product","3":"status-publish","4":"has-post-thumbnail","6":"family-bloque_disque","7":"product_cat-bloque-disque-scooter","9":"first","10":"instock","11":"taxable","12":"shipping-taxable","13":"purchasable","14":"product-type-simple"},"acf":[],"yoast_head":"<!-- This site is optimized with the Yoast SEO plugin v27.3 - https:\/\/yoast.com\/product\/yoast-seo-wordpress\/ -->\n<title>Bloque disque scooter - DK 06 Noir - AUVRAY Security<\/title>\n<meta name=\"robots\" content=\"index, follow, max-snippet:-1, max-image-preview:large, max-video-preview:-1\" \/>\n<link rel=\"canonical\" href=\"https:\/\/www.auvray-security.com\/fr\/produit\/dk-06-noir-bloque-disque-haute-securite\/\" \/>\n<meta property=\"og:locale\" content=\"fr_FR\" \/>\n<meta property=\"og:type\" content=\"article\" \/>\n<meta property=\"og:title\" content=\"Bloque disque scooter - DK 06 Noir - AUVRAY Security\" \/>\n<meta property=\"og:description\" content=\"BLOQUE DISQUE SCOOTER \u2714\ufe0f\u00a0 Compacit\u00e9 et l\u00e9g\u00e8ret\u00e9 Son design est l\u00e9ger et compact, ce qui facilite son transport partout \u2013 tr\u00e8s pratique \u00e0 glisser sous la selle ou dans une sacoche \u2714\ufe0f\u00a0 Mat\u00e9riaux robustes et durables Corps en acier inoxydable, 100\u202f% anti\u2011rouille, parfait pour r\u00e9sister aux intemp\u00e9ries Axe de verrouillage de \u00d8\u202f6\u202fmm, avec double m\u00e9canisme [&hellip;]\" \/>\n<meta property=\"og:url\" content=\"https:\/\/www.auvray-security.com\/fr\/produit\/dk-06-noir-bloque-disque-haute-securite\/\" \/>\n<meta property=\"og:site_name\" content=\"AUVRAY Security\" \/>\n<meta property=\"article:modified_time\" content=\"2025-12-19T12:30:16+00:00\" \/>\n<meta property=\"og:image\" content=\"https:\/\/www.auvray-security.com\/wp-content\/uploads\/dk-06-noir-bloque-disque-haute-securite-00.jpg\" \/>\n\t<meta property=\"og:image:width\" content=\"1500\" \/>\n\t<meta property=\"og:image:height\" content=\"1501\" \/>\n\t<meta property=\"og:image:type\" content=\"image\/jpeg\" \/>\n<meta name=\"twitter:card\" content=\"summary_large_image\" \/>\n<meta name=\"twitter:label1\" content=\"Dur\u00e9e de lecture estim\u00e9e\" \/>\n\t<meta name=\"twitter:data1\" content=\"1 minute\" \/>\n<script type=\"application\/ld+json\" class=\"yoast-schema-graph\">{\"@context\":\"https:\\\/\\\/schema.org\",\"@graph\":[{\"@type\":\"WebPage\",\"@id\":\"https:\\\/\\\/www.auvray-security.com\\\/fr\\\/produit\\\/dk-06-noir-bloque-disque-haute-securite\\\/\",\"url\":\"https:\\\/\\\/www.auvray-security.com\\\/fr\\\/produit\\\/dk-06-noir-bloque-disque-haute-securite\\\/\",\"name\":\"Bloque disque scooter - DK 06 Noir - AUVRAY Security\",\"isPartOf\":{\"@id\":\"https:\\\/\\\/www.auvray-security.com\\\/fr\\\/#website\"},\"primaryImageOfPage\":{\"@id\":\"https:\\\/\\\/www.auvray-security.com\\\/fr\\\/produit\\\/dk-06-noir-bloque-disque-haute-securite\\\/#primaryimage\"},\"image\":{\"@id\":\"https:\\\/\\\/www.auvray-security.com\\\/fr\\\/produit\\\/dk-06-noir-bloque-disque-haute-securite\\\/#primaryimage\"},\"thumbnailUrl\":\"https:\\\/\\\/www.auvray-security.com\\\/wp-content\\\/uploads\\\/dk-06-noir-bloque-disque-haute-securite-00.jpg\",\"datePublished\":\"2025-04-21T19:20:20+00:00\",\"dateModified\":\"2025-12-19T12:30:16+00:00\",\"breadcrumb\":{\"@id\":\"https:\\\/\\\/www.auvray-security.com\\\/fr\\\/produit\\\/dk-06-noir-bloque-disque-haute-securite\\\/#breadcrumb\"},\"inLanguage\":\"fr-FR\",\"potentialAction\":[{\"@type\":\"ReadAction\",\"target\":[\"https:\\\/\\\/www.auvray-security.com\\\/fr\\\/produit\\\/dk-06-noir-bloque-disque-haute-securite\\\/\"]}]},{\"@type\":\"ImageObject\",\"inLanguage\":\"fr-FR\",\"@id\":\"https:\\\/\\\/www.auvray-security.com\\\/fr\\\/produit\\\/dk-06-noir-bloque-disque-haute-securite\\\/#primaryimage\",\"url\":\"https:\\\/\\\/www.auvray-security.com\\\/wp-content\\\/uploads\\\/dk-06-noir-bloque-disque-haute-securite-00.jpg\",\"contentUrl\":\"https:\\\/\\\/www.auvray-security.com\\\/wp-content\\\/uploads\\\/dk-06-noir-bloque-disque-haute-securite-00.jpg\",\"width\":1500,\"height\":1501},{\"@type\":\"BreadcrumbList\",\"@id\":\"https:\\\/\\\/www.auvray-security.com\\\/fr\\\/produit\\\/dk-06-noir-bloque-disque-haute-securite\\\/#breadcrumb\",\"itemListElement\":[{\"@type\":\"ListItem\",\"position\":1,\"name\":\"Accueil\",\"item\":\"https:\\\/\\\/www.auvray-security.com\\\/fr\\\/\"},{\"@type\":\"ListItem\",\"position\":2,\"name\":\"Produits\",\"item\":\"https:\\\/\\\/www.auvray-security.com\\\/fr\\\/shop\\\/\"},{\"@type\":\"ListItem\",\"position\":3,\"name\":\"Antivols moto\",\"item\":\"https:\\\/\\\/www.auvray-security.com\\\/fr\\\/categorie-produit\\\/antivols-moto\\\/\"},{\"@type\":\"ListItem\",\"position\":4,\"name\":\"Bloque disque scooter\",\"item\":\"https:\\\/\\\/www.auvray-security.com\\\/fr\\\/categorie-produit\\\/antivols-moto\\\/bloque-disque-scooter\\\/\"},{\"@type\":\"ListItem\",\"position\":5,\"name\":\"DK 06 Noir\"}]},{\"@type\":\"WebSite\",\"@id\":\"https:\\\/\\\/www.auvray-security.com\\\/fr\\\/#website\",\"url\":\"https:\\\/\\\/www.auvray-security.com\\\/fr\\\/\",\"name\":\"AUVRAY Security\",\"description\":\"\",\"potentialAction\":[{\"@type\":\"SearchAction\",\"target\":{\"@type\":\"EntryPoint\",\"urlTemplate\":\"https:\\\/\\\/www.auvray-security.com\\\/fr\\\/?s={search_term_string}\"},\"query-input\":{\"@type\":\"PropertyValueSpecification\",\"valueRequired\":true,\"valueName\":\"search_term_string\"}}],\"inLanguage\":\"fr-FR\"}]}<\/script>\n<!-- \/ Yoast SEO plugin. -->","yoast_head_json":{"title":"Bloque disque scooter - DK 06 Noir - AUVRAY Security","robots":{"index":"index","follow":"follow","max-snippet":"max-snippet:-1","max-image-preview":"max-image-preview:large","max-video-preview":"max-video-preview:-1"},"canonical":"https:\/\/www.auvray-security.com\/fr\/produit\/dk-06-noir-bloque-disque-haute-securite\/","og_locale":"fr_FR","og_type":"article","og_title":"Bloque disque scooter - DK 06 Noir - AUVRAY Security","og_description":"BLOQUE DISQUE SCOOTER \u2714\ufe0f\u00a0 Compacit\u00e9 et l\u00e9g\u00e8ret\u00e9 Son design est l\u00e9ger et compact, ce qui facilite son transport partout \u2013 tr\u00e8s pratique \u00e0 glisser sous la selle ou dans une sacoche \u2714\ufe0f\u00a0 Mat\u00e9riaux robustes et durables Corps en acier inoxydable, 100\u202f% anti\u2011rouille, parfait pour r\u00e9sister aux intemp\u00e9ries Axe de verrouillage de \u00d8\u202f6\u202fmm, avec double m\u00e9canisme [&hellip;]","og_url":"https:\/\/www.auvray-security.com\/fr\/produit\/dk-06-noir-bloque-disque-haute-securite\/","og_site_name":"AUVRAY Security","article_modified_time":"2025-12-19T12:30:16+00:00","og_image":[{"width":1500,"height":1501,"url":"https:\/\/www.auvray-security.com\/wp-content\/uploads\/dk-06-noir-bloque-disque-haute-securite-00.jpg","type":"image\/jpeg"}],"twitter_card":"summary_large_image","twitter_misc":{"Dur\u00e9e de lecture estim\u00e9e":"1 minute"},"schema":{"@context":"https:\/\/schema.org","@graph":[{"@type":"WebPage","@id":"https:\/\/www.auvray-security.com\/fr\/produit\/dk-06-noir-bloque-disque-haute-securite\/","url":"https:\/\/www.auvray-security.com\/fr\/produit\/dk-06-noir-bloque-disque-haute-securite\/","name":"Bloque disque scooter - DK 06 Noir - AUVRAY Security","isPartOf":{"@id":"https:\/\/www.auvray-security.com\/fr\/#website"},"primaryImageOfPage":{"@id":"https:\/\/www.auvray-security.com\/fr\/produit\/dk-06-noir-bloque-disque-haute-securite\/#primaryimage"},"image":{"@id":"https:\/\/www.auvray-security.com\/fr\/produit\/dk-06-noir-bloque-disque-haute-securite\/#primaryimage"},"thumbnailUrl":"https:\/\/www.auvray-security.com\/wp-content\/uploads\/dk-06-noir-bloque-disque-haute-securite-00.jpg","datePublished":"2025-04-21T19:20:20+00:00","dateModified":"2025-12-19T12:30:16+00:00","breadcrumb":{"@id":"https:\/\/www.auvray-security.com\/fr\/produit\/dk-06-noir-bloque-disque-haute-securite\/#breadcrumb"},"inLanguage":"fr-FR","potentialAction":[{"@type":"ReadAction","target":["https:\/\/www.auvray-security.com\/fr\/produit\/dk-06-noir-bloque-disque-haute-securite\/"]}]},{"@type":"ImageObject","inLanguage":"fr-FR","@id":"https:\/\/www.auvray-security.com\/fr\/produit\/dk-06-noir-bloque-disque-haute-securite\/#primaryimage","url":"https:\/\/www.auvray-security.com\/wp-content\/uploads\/dk-06-noir-bloque-disque-haute-securite-00.jpg","contentUrl":"https:\/\/www.auvray-security.com\/wp-content\/uploads\/dk-06-noir-bloque-disque-haute-securite-00.jpg","width":1500,"height":1501},{"@type":"BreadcrumbList","@id":"https:\/\/www.auvray-security.com\/fr\/produit\/dk-06-noir-bloque-disque-haute-securite\/#breadcrumb","itemListElement":[{"@type":"ListItem","position":1,"name":"Accueil","item":"https:\/\/www.auvray-security.com\/fr\/"},{"@type":"ListItem","position":2,"name":"Produits","item":"https:\/\/www.auvray-security.com\/fr\/shop\/"},{"@type":"ListItem","position":3,"name":"Antivols moto","item":"https:\/\/www.auvray-security.com\/fr\/categorie-produit\/antivols-moto\/"},{"@type":"ListItem","position":4,"name":"Bloque disque scooter","item":"https:\/\/www.auvray-security.com\/fr\/categorie-produit\/antivols-moto\/bloque-disque-scooter\/"},{"@type":"ListItem","position":5,"name":"DK 06 Noir"}]},{"@type":"WebSite","@id":"https:\/\/www.auvray-security.com\/fr\/#website","url":"https:\/\/www.auvray-security.com\/fr\/","name":"AUVRAY Security","description":"","potentialAction":[{"@type":"SearchAction","target":{"@type":"EntryPoint","urlTemplate":"https:\/\/www.auvray-security.com\/fr\/?s={search_term_string}"},"query-input":{"@type":"PropertyValueSpecification","valueRequired":true,"valueName":"search_term_string"}}],"inLanguage":"fr-FR"}]}},"_links":{"self":[{"href":"https:\/\/www.auvray-security.com\/fr\/wp-json\/wp\/v2\/product\/802","targetHints":{"allow":["GET"]}}],"collection":[{"href":"https:\/\/www.auvray-security.com\/fr\/wp-json\/wp\/v2\/product"}],"about":[{"href":"https:\/\/www.auvray-security.com\/fr\/wp-json\/wp\/v2\/types\/product"}],"wp:featuredmedia":[{"embeddable":true,"href":"https:\/\/www.auvray-security.com\/fr\/wp-json\/wp\/v2\/media\/1252"}],"wp:attachment":[{"href":"https:\/\/www.auvray-security.com\/fr\/wp-json\/wp\/v2\/media?parent=802"}],"wp:term":[{"taxonomy":"icon_library","embeddable":true,"href":"https:\/\/www.auvray-security.com\/fr\/wp-json\/wp\/v2\/icon_library?post=802"},{"taxonomy":"certification","embeddable":true,"href":"https:\/\/www.auvray-security.com\/fr\/wp-json\/wp\/v2\/certification?post=802"},{"taxonomy":"family","embeddable":true,"href":"https:\/\/www.auvray-security.com\/fr\/wp-json\/wp\/v2\/family?post=802"},{"taxonomy":"product_brand","embeddable":true,"href":"https:\/\/www.auvray-security.com\/fr\/wp-json\/wp\/v2\/product_brand?post=802"},{"taxonomy":"product_cat","embeddable":true,"href":"https:\/\/www.auvray-security.com\/fr\/wp-json\/wp\/v2\/product_cat?post=802"},{"taxonomy":"product_tag","embeddable":true,"href":"https:\/\/www.auvray-security.com\/fr\/wp-json\/wp\/v2\/product_tag?post=802"}],"curies":[{"name":"wp","href":"https:\/\/api.w.org\/{rel}","templated":true}]}}