{"id":794,"date":"2025-04-21T21:48:14","date_gmt":"2025-04-21T19:48:14","guid":{"rendered":"https:\/\/www.auvray-security.com\/?post_type=product&#038;p=794"},"modified":"2025-12-19T13:30:05","modified_gmt":"2025-12-19T12:30:05","slug":"xtrem-mini-alert-bloque-disque-universel","status":"publish","type":"product","link":"https:\/\/www.auvray-security.com\/fr\/produit\/xtrem-mini-alert-bloque-disque-universel\/","title":{"rendered":"XTREM Mini Alert"},"content":{"rendered":"<h1><strong>XTREM MINI ALERT \u2013 Antivol compact avec alarme int\u00e9gr\u00e9e 120 dB<\/strong><\/h1>\n<h2>Compact, puissant, personnalisable : une nouvelle r\u00e9f\u00e9rence pour 2025.<\/h2>\n<p>Prot\u00e9gez votre deux-roues avec l&rsquo;efficacit\u00e9 redoutable du XTREM MINI ALERT, l\u2019antivol derni\u00e8re g\u00e9n\u00e9ration sign\u00e9 Auvray. Dot\u00e9 d\u2019un syst\u00e8me d\u2019alarme sonore de 120 dB activable selon vos besoins, ce bloque-disque compact offre une double dissuasion : m\u00e9canique et sonore. Son cylindre haute s\u00e9curit\u00e9 \u00e0 7 disques, ses embouts renforc\u00e9s en ABS, et ses 3 cl\u00e9s frais\u00e9es exclusives garantissent une protection de niveau professionnel.<\/p>\n<p>Livr\u00e9 avec un cordon de rappel et une pile CR2 Lithium 3V, il int\u00e8gre \u00e9galement un service de reproduction de cl\u00e9 par code pratique et s\u00e9curis\u00e9.<\/p>\n<p><a href=\"https:\/\/www.auvray-security.com\/wp-content\/uploads\/1Bip-activation_2Bips-desactivation.mp4\" target=\"new\"><img fetchpriority=\"high\" decoding=\"async\" class=\"\" src=\"https:\/\/www.auvray-security.com\/wp-content\/uploads\/1Bip-activation_2Bips-desactivation.png\" width=\"250\" height=\"443\" \/><\/a><\/p>\n<p><a href=\"https:\/\/www.auvray-security.com\/wp-content\/uploads\/Fermeture-1BipActivation.mp4\" target=\"new\"><img decoding=\"async\" src=\"https:\/\/www.auvray-security.com\/wp-content\/uploads\/Fermeture-1BipActivation.png\" width=\"250\" height=\"443\" \/><\/a><\/p>\n<p><a href=\"https:\/\/www.auvray-security.com\/wp-content\/uploads\/Fermeture-2BipsDesactivation.mp4\" target=\"new\"><img decoding=\"async\" src=\"https:\/\/www.auvray-security.com\/wp-content\/uploads\/Fermeture-2BipsDesactivation.png\" width=\"250\" height=\"443\" \/><\/a><\/p>\n","protected":false},"excerpt":{"rendered":"<p>XTREM MINI ALERT \u2013 Antivol compact avec alarme int\u00e9gr\u00e9e 120 dB Compact, puissant, personnalisable : une nouvelle r\u00e9f\u00e9rence pour 2025. Prot\u00e9gez votre deux-roues avec l&rsquo;efficacit\u00e9 redoutable du XTREM MINI ALERT, l\u2019antivol derni\u00e8re g\u00e9n\u00e9ration sign\u00e9 Auvray. Dot\u00e9 d\u2019un syst\u00e8me d\u2019alarme sonore de 120 dB activable selon vos besoins, ce bloque-disque compact offre une double dissuasion : [&hellip;]<\/p>\n","protected":false},"featured_media":970,"template":"","meta":{"_acf_changed":false,"inline_featured_image":false},"icon_library":[58,82,85],"certification":[53,218,38,54,50,48,39,51],"family":[302],"product_brand":[],"product_cat":[133,21],"product_tag":[22],"class_list":{"0":"post-794","1":"product","2":"type-product","3":"status-publish","4":"has-post-thumbnail","6":"family-bloque_disque","7":"product_cat-antivols-moto-certifies-sra-art","8":"product_cat-bloque-disque-avec-alarme-classe-sra","9":"product_tag-nouveau","11":"first","12":"instock","13":"taxable","14":"shipping-taxable","15":"purchasable","16":"product-type-simple"},"acf":[],"yoast_head":"<!-- This site is optimized with the Yoast SEO plugin v27.5 - https:\/\/yoast.com\/product\/yoast-seo-wordpress\/ -->\n<title>Antivols moto certifi\u00e9s SRA ART, Bloque disque alarme classe SRA - XTREM Mini Alert - AUVRAY Security<\/title>\n<meta name=\"robots\" content=\"index, follow, max-snippet:-1, max-image-preview:large, max-video-preview:-1\" \/>\n<link rel=\"canonical\" href=\"https:\/\/www.auvray-security.com\/fr\/produit\/xtrem-mini-alert-bloque-disque-universel\/\" \/>\n<meta property=\"og:locale\" content=\"fr_FR\" \/>\n<meta property=\"og:type\" content=\"article\" \/>\n<meta property=\"og:title\" content=\"Antivols moto certifi\u00e9s SRA ART, Bloque disque alarme classe SRA - XTREM Mini Alert - AUVRAY Security\" \/>\n<meta property=\"og:description\" content=\"XTREM MINI ALERT \u2013 Antivol compact avec alarme int\u00e9gr\u00e9e 120 dB Compact, puissant, personnalisable : une nouvelle r\u00e9f\u00e9rence pour 2025. Prot\u00e9gez votre deux-roues avec l&rsquo;efficacit\u00e9 redoutable du XTREM MINI ALERT, l\u2019antivol derni\u00e8re g\u00e9n\u00e9ration sign\u00e9 Auvray. Dot\u00e9 d\u2019un syst\u00e8me d\u2019alarme sonore de 120 dB activable selon vos besoins, ce bloque-disque compact offre une double dissuasion : [&hellip;]\" \/>\n<meta property=\"og:url\" content=\"https:\/\/www.auvray-security.com\/fr\/produit\/xtrem-mini-alert-bloque-disque-universel\/\" \/>\n<meta property=\"og:site_name\" content=\"AUVRAY Security\" \/>\n<meta property=\"article:modified_time\" content=\"2025-12-19T12:30:05+00:00\" \/>\n<meta property=\"og:image\" content=\"https:\/\/www.auvray-security.com\/wp-content\/uploads\/2025\/04\/xtrem-mini-alert-bloque-disque-universel-00.jpg\" \/>\n\t<meta property=\"og:image:width\" content=\"1501\" \/>\n\t<meta property=\"og:image:height\" content=\"1501\" \/>\n\t<meta property=\"og:image:type\" content=\"image\/jpeg\" \/>\n<meta name=\"twitter:card\" content=\"summary_large_image\" \/>\n<meta name=\"twitter:label1\" content=\"Dur\u00e9e de lecture estim\u00e9e\" \/>\n\t<meta name=\"twitter:data1\" content=\"2 minutes\" \/>\n<script type=\"application\/ld+json\" class=\"yoast-schema-graph\">{\"@context\":\"https:\\\/\\\/schema.org\",\"@graph\":[{\"@type\":\"WebPage\",\"@id\":\"https:\\\/\\\/www.auvray-security.com\\\/fr\\\/produit\\\/xtrem-mini-alert-bloque-disque-universel\\\/\",\"url\":\"https:\\\/\\\/www.auvray-security.com\\\/fr\\\/produit\\\/xtrem-mini-alert-bloque-disque-universel\\\/\",\"name\":\"Antivols moto certifi\u00e9s SRA ART, Bloque disque alarme classe SRA - XTREM Mini Alert - AUVRAY Security\",\"isPartOf\":{\"@id\":\"https:\\\/\\\/www.auvray-security.com\\\/fr\\\/#website\"},\"primaryImageOfPage\":{\"@id\":\"https:\\\/\\\/www.auvray-security.com\\\/fr\\\/produit\\\/xtrem-mini-alert-bloque-disque-universel\\\/#primaryimage\"},\"image\":{\"@id\":\"https:\\\/\\\/www.auvray-security.com\\\/fr\\\/produit\\\/xtrem-mini-alert-bloque-disque-universel\\\/#primaryimage\"},\"thumbnailUrl\":\"https:\\\/\\\/www.auvray-security.com\\\/wp-content\\\/uploads\\\/2025\\\/04\\\/xtrem-mini-alert-bloque-disque-universel-00.jpg\",\"datePublished\":\"2025-04-21T19:48:14+00:00\",\"dateModified\":\"2025-12-19T12:30:05+00:00\",\"breadcrumb\":{\"@id\":\"https:\\\/\\\/www.auvray-security.com\\\/fr\\\/produit\\\/xtrem-mini-alert-bloque-disque-universel\\\/#breadcrumb\"},\"inLanguage\":\"fr-FR\",\"potentialAction\":[{\"@type\":\"ReadAction\",\"target\":[\"https:\\\/\\\/www.auvray-security.com\\\/fr\\\/produit\\\/xtrem-mini-alert-bloque-disque-universel\\\/\"]}]},{\"@type\":\"ImageObject\",\"inLanguage\":\"fr-FR\",\"@id\":\"https:\\\/\\\/www.auvray-security.com\\\/fr\\\/produit\\\/xtrem-mini-alert-bloque-disque-universel\\\/#primaryimage\",\"url\":\"https:\\\/\\\/www.auvray-security.com\\\/wp-content\\\/uploads\\\/2025\\\/04\\\/xtrem-mini-alert-bloque-disque-universel-00.jpg\",\"contentUrl\":\"https:\\\/\\\/www.auvray-security.com\\\/wp-content\\\/uploads\\\/2025\\\/04\\\/xtrem-mini-alert-bloque-disque-universel-00.jpg\",\"width\":1501,\"height\":1501},{\"@type\":\"BreadcrumbList\",\"@id\":\"https:\\\/\\\/www.auvray-security.com\\\/fr\\\/produit\\\/xtrem-mini-alert-bloque-disque-universel\\\/#breadcrumb\",\"itemListElement\":[{\"@type\":\"ListItem\",\"position\":1,\"name\":\"Accueil\",\"item\":\"https:\\\/\\\/www.auvray-security.com\\\/fr\\\/\"},{\"@type\":\"ListItem\",\"position\":2,\"name\":\"Produits\",\"item\":\"https:\\\/\\\/www.auvray-security.com\\\/fr\\\/shop\\\/\"},{\"@type\":\"ListItem\",\"position\":3,\"name\":\"Antivols moto\",\"item\":\"https:\\\/\\\/www.auvray-security.com\\\/fr\\\/categorie-produit\\\/antivols-moto\\\/\"},{\"@type\":\"ListItem\",\"position\":4,\"name\":\"Bloque disque alarme classe SRA\",\"item\":\"https:\\\/\\\/www.auvray-security.com\\\/fr\\\/categorie-produit\\\/antivols-moto\\\/bloque-disque-avec-alarme-classe-sra\\\/\"},{\"@type\":\"ListItem\",\"position\":5,\"name\":\"XTREM Mini Alert\"}]},{\"@type\":\"WebSite\",\"@id\":\"https:\\\/\\\/www.auvray-security.com\\\/fr\\\/#website\",\"url\":\"https:\\\/\\\/www.auvray-security.com\\\/fr\\\/\",\"name\":\"AUVRAY Security\",\"description\":\"\",\"potentialAction\":[{\"@type\":\"SearchAction\",\"target\":{\"@type\":\"EntryPoint\",\"urlTemplate\":\"https:\\\/\\\/www.auvray-security.com\\\/fr\\\/?s={search_term_string}\"},\"query-input\":{\"@type\":\"PropertyValueSpecification\",\"valueRequired\":true,\"valueName\":\"search_term_string\"}}],\"inLanguage\":\"fr-FR\"}]}<\/script>\n<!-- \/ Yoast SEO plugin. -->","yoast_head_json":{"title":"Antivols moto certifi\u00e9s SRA ART, Bloque disque alarme classe SRA - XTREM Mini Alert - AUVRAY Security","robots":{"index":"index","follow":"follow","max-snippet":"max-snippet:-1","max-image-preview":"max-image-preview:large","max-video-preview":"max-video-preview:-1"},"canonical":"https:\/\/www.auvray-security.com\/fr\/produit\/xtrem-mini-alert-bloque-disque-universel\/","og_locale":"fr_FR","og_type":"article","og_title":"Antivols moto certifi\u00e9s SRA ART, Bloque disque alarme classe SRA - XTREM Mini Alert - AUVRAY Security","og_description":"XTREM MINI ALERT \u2013 Antivol compact avec alarme int\u00e9gr\u00e9e 120 dB Compact, puissant, personnalisable : une nouvelle r\u00e9f\u00e9rence pour 2025. Prot\u00e9gez votre deux-roues avec l&rsquo;efficacit\u00e9 redoutable du XTREM MINI ALERT, l\u2019antivol derni\u00e8re g\u00e9n\u00e9ration sign\u00e9 Auvray. Dot\u00e9 d\u2019un syst\u00e8me d\u2019alarme sonore de 120 dB activable selon vos besoins, ce bloque-disque compact offre une double dissuasion : [&hellip;]","og_url":"https:\/\/www.auvray-security.com\/fr\/produit\/xtrem-mini-alert-bloque-disque-universel\/","og_site_name":"AUVRAY Security","article_modified_time":"2025-12-19T12:30:05+00:00","og_image":[{"width":1501,"height":1501,"url":"https:\/\/www.auvray-security.com\/wp-content\/uploads\/2025\/04\/xtrem-mini-alert-bloque-disque-universel-00.jpg","type":"image\/jpeg"}],"twitter_card":"summary_large_image","twitter_misc":{"Dur\u00e9e de lecture estim\u00e9e":"2 minutes"},"schema":{"@context":"https:\/\/schema.org","@graph":[{"@type":"WebPage","@id":"https:\/\/www.auvray-security.com\/fr\/produit\/xtrem-mini-alert-bloque-disque-universel\/","url":"https:\/\/www.auvray-security.com\/fr\/produit\/xtrem-mini-alert-bloque-disque-universel\/","name":"Antivols moto certifi\u00e9s SRA ART, Bloque disque alarme classe SRA - XTREM Mini Alert - AUVRAY Security","isPartOf":{"@id":"https:\/\/www.auvray-security.com\/fr\/#website"},"primaryImageOfPage":{"@id":"https:\/\/www.auvray-security.com\/fr\/produit\/xtrem-mini-alert-bloque-disque-universel\/#primaryimage"},"image":{"@id":"https:\/\/www.auvray-security.com\/fr\/produit\/xtrem-mini-alert-bloque-disque-universel\/#primaryimage"},"thumbnailUrl":"https:\/\/www.auvray-security.com\/wp-content\/uploads\/2025\/04\/xtrem-mini-alert-bloque-disque-universel-00.jpg","datePublished":"2025-04-21T19:48:14+00:00","dateModified":"2025-12-19T12:30:05+00:00","breadcrumb":{"@id":"https:\/\/www.auvray-security.com\/fr\/produit\/xtrem-mini-alert-bloque-disque-universel\/#breadcrumb"},"inLanguage":"fr-FR","potentialAction":[{"@type":"ReadAction","target":["https:\/\/www.auvray-security.com\/fr\/produit\/xtrem-mini-alert-bloque-disque-universel\/"]}]},{"@type":"ImageObject","inLanguage":"fr-FR","@id":"https:\/\/www.auvray-security.com\/fr\/produit\/xtrem-mini-alert-bloque-disque-universel\/#primaryimage","url":"https:\/\/www.auvray-security.com\/wp-content\/uploads\/2025\/04\/xtrem-mini-alert-bloque-disque-universel-00.jpg","contentUrl":"https:\/\/www.auvray-security.com\/wp-content\/uploads\/2025\/04\/xtrem-mini-alert-bloque-disque-universel-00.jpg","width":1501,"height":1501},{"@type":"BreadcrumbList","@id":"https:\/\/www.auvray-security.com\/fr\/produit\/xtrem-mini-alert-bloque-disque-universel\/#breadcrumb","itemListElement":[{"@type":"ListItem","position":1,"name":"Accueil","item":"https:\/\/www.auvray-security.com\/fr\/"},{"@type":"ListItem","position":2,"name":"Produits","item":"https:\/\/www.auvray-security.com\/fr\/shop\/"},{"@type":"ListItem","position":3,"name":"Antivols moto","item":"https:\/\/www.auvray-security.com\/fr\/categorie-produit\/antivols-moto\/"},{"@type":"ListItem","position":4,"name":"Bloque disque alarme classe SRA","item":"https:\/\/www.auvray-security.com\/fr\/categorie-produit\/antivols-moto\/bloque-disque-avec-alarme-classe-sra\/"},{"@type":"ListItem","position":5,"name":"XTREM Mini Alert"}]},{"@type":"WebSite","@id":"https:\/\/www.auvray-security.com\/fr\/#website","url":"https:\/\/www.auvray-security.com\/fr\/","name":"AUVRAY Security","description":"","potentialAction":[{"@type":"SearchAction","target":{"@type":"EntryPoint","urlTemplate":"https:\/\/www.auvray-security.com\/fr\/?s={search_term_string}"},"query-input":{"@type":"PropertyValueSpecification","valueRequired":true,"valueName":"search_term_string"}}],"inLanguage":"fr-FR"}]}},"_links":{"self":[{"href":"https:\/\/www.auvray-security.com\/fr\/wp-json\/wp\/v2\/product\/794","targetHints":{"allow":["GET"]}}],"collection":[{"href":"https:\/\/www.auvray-security.com\/fr\/wp-json\/wp\/v2\/product"}],"about":[{"href":"https:\/\/www.auvray-security.com\/fr\/wp-json\/wp\/v2\/types\/product"}],"wp:featuredmedia":[{"embeddable":true,"href":"https:\/\/www.auvray-security.com\/fr\/wp-json\/wp\/v2\/media\/970"}],"wp:attachment":[{"href":"https:\/\/www.auvray-security.com\/fr\/wp-json\/wp\/v2\/media?parent=794"}],"wp:term":[{"taxonomy":"icon_library","embeddable":true,"href":"https:\/\/www.auvray-security.com\/fr\/wp-json\/wp\/v2\/icon_library?post=794"},{"taxonomy":"certification","embeddable":true,"href":"https:\/\/www.auvray-security.com\/fr\/wp-json\/wp\/v2\/certification?post=794"},{"taxonomy":"family","embeddable":true,"href":"https:\/\/www.auvray-security.com\/fr\/wp-json\/wp\/v2\/family?post=794"},{"taxonomy":"product_brand","embeddable":true,"href":"https:\/\/www.auvray-security.com\/fr\/wp-json\/wp\/v2\/product_brand?post=794"},{"taxonomy":"product_cat","embeddable":true,"href":"https:\/\/www.auvray-security.com\/fr\/wp-json\/wp\/v2\/product_cat?post=794"},{"taxonomy":"product_tag","embeddable":true,"href":"https:\/\/www.auvray-security.com\/fr\/wp-json\/wp\/v2\/product_tag?post=794"}],"curies":[{"name":"wp","href":"https:\/\/api.w.org\/{rel}","templated":true}]}}