{"id":793,"date":"2025-04-21T20:50:41","date_gmt":"2025-04-21T18:50:41","guid":{"rendered":"https:\/\/www.auvray-security.com\/?post_type=product&#038;p=793"},"modified":"2025-12-19T13:30:31","modified_gmt":"2025-12-19T12:30:31","slug":"b-lock-10-inox-ou-jaune-bloque-disque-haute-securite","status":"publish","type":"product","link":"https:\/\/www.auvray-security.com\/fr\/produit\/b-lock-10-inox-ou-jaune-bloque-disque-haute-securite\/","title":{"rendered":"B-LOCK 10 Inox | Jaune"},"content":{"rendered":"<p><strong>B-Lock 10<\/strong> \u2013 Bloque-disque compact avec alarme int\u00e9gr\u00e9e pour une s\u00e9curit\u00e9 optimale disponible en coloris Jaune\/noir ou full Inox<\/p>\n<p>Le <strong>B-Lock 10<\/strong> est un bloque-disque compact et robuste, con\u00e7u pour offrir une protection efficace contre le vol. Son corps en acier inoxydable assure une r\u00e9sistance \u00e9lev\u00e9e aux tentatives de sciage et de crochetage, tout en garantissant une durabilit\u00e9 exceptionnelle face aux intemp\u00e9ries.<\/p>\n<p>Dot\u00e9 d&rsquo;un <strong>double m\u00e9canisme de verrouillage avec une broche de 10 mm de diam\u00e8tre<\/strong>, il offre une fixation solide sur le disque de frein, rendant toute tentative d&rsquo;arrachement particuli\u00e8rement difficile. L&rsquo;absence de commutateur marche\/arr\u00eat simplifie son utilisation, et le syst\u00e8me \u00e9lectronique est con\u00e7u pour r\u00e9sister aux conditions m\u00e9t\u00e9orologiques les plus d\u00e9favorables.<\/p>\n<p>Le <strong>syst\u00e8me d&rsquo;alarme int\u00e9gr\u00e9 de 120 dB<\/strong> se d\u00e9clenche automatiquement en cas de d\u00e9tection de mouvement ou de choc, offrant une dissuasion sonore efficace contre les tentatives de vol. L&rsquo;utilisateur a la possibilit\u00e9 de s\u00e9lectionner la fonction d&rsquo;alarme selon ses besoins.<\/p>\n<p>Ce bloque-disque est livr\u00e9 avec trois cl\u00e9s frais\u00e9es pour une s\u00e9curit\u00e9 accrue et une pile CR2 3V Lithium assurant une longue autonomie. Sa conception 100 % anti-rouille garantit une performance constante dans le temps.<\/p>\n","protected":false},"excerpt":{"rendered":"<p>B-Lock 10 \u2013 Bloque-disque compact avec alarme int\u00e9gr\u00e9e pour une s\u00e9curit\u00e9 optimale disponible en coloris Jaune\/noir ou full Inox Le B-Lock 10 est un bloque-disque compact et robuste, con\u00e7u pour offrir une protection efficace contre le vol. Son corps en acier inoxydable assure une r\u00e9sistance \u00e9lev\u00e9e aux tentatives de sciage et de crochetage, tout en [&hellip;]<\/p>\n","protected":false},"featured_media":994,"template":"","meta":{"_acf_changed":false,"inline_featured_image":false},"icon_library":[58,82,85],"certification":[53,38,50,48,39],"family":[302],"product_brand":[],"product_cat":[133,21],"product_tag":[],"class_list":{"0":"post-793","1":"product","2":"type-product","3":"status-publish","4":"has-post-thumbnail","6":"family-bloque_disque","7":"product_cat-antivols-moto-certifies-sra-art","8":"product_cat-bloque-disque-avec-alarme-classe-sra","10":"first","11":"instock","12":"taxable","13":"shipping-taxable","14":"purchasable","15":"product-type-simple"},"acf":[],"yoast_head":"<!-- This site is optimized with the Yoast SEO plugin v27.3 - https:\/\/yoast.com\/product\/yoast-seo-wordpress\/ -->\n<title>Antivols moto certifi\u00e9s SRA ART, Bloque disque alarme classe SRA - B-LOCK 10 Inox | Jaune - AUVRAY Security<\/title>\n<meta name=\"robots\" content=\"index, follow, max-snippet:-1, max-image-preview:large, max-video-preview:-1\" \/>\n<link rel=\"canonical\" href=\"https:\/\/www.auvray-security.com\/fr\/produit\/b-lock-10-inox-ou-jaune-bloque-disque-haute-securite\/\" \/>\n<meta property=\"og:locale\" content=\"fr_FR\" \/>\n<meta property=\"og:type\" content=\"article\" \/>\n<meta property=\"og:title\" content=\"Antivols moto certifi\u00e9s SRA ART, Bloque disque alarme classe SRA - B-LOCK 10 Inox | Jaune - AUVRAY Security\" \/>\n<meta property=\"og:description\" content=\"B-Lock 10 \u2013 Bloque-disque compact avec alarme int\u00e9gr\u00e9e pour une s\u00e9curit\u00e9 optimale disponible en coloris Jaune\/noir ou full Inox Le B-Lock 10 est un bloque-disque compact et robuste, con\u00e7u pour offrir une protection efficace contre le vol. Son corps en acier inoxydable assure une r\u00e9sistance \u00e9lev\u00e9e aux tentatives de sciage et de crochetage, tout en [&hellip;]\" \/>\n<meta property=\"og:url\" content=\"https:\/\/www.auvray-security.com\/fr\/produit\/b-lock-10-inox-ou-jaune-bloque-disque-haute-securite\/\" \/>\n<meta property=\"og:site_name\" content=\"AUVRAY Security\" \/>\n<meta property=\"article:modified_time\" content=\"2025-12-19T12:30:31+00:00\" \/>\n<meta property=\"og:image\" content=\"https:\/\/www.auvray-security.com\/wp-content\/uploads\/b-lock-10-inox-ou-jaune-00.jpg\" \/>\n\t<meta property=\"og:image:width\" content=\"1501\" \/>\n\t<meta property=\"og:image:height\" content=\"1500\" \/>\n\t<meta property=\"og:image:type\" content=\"image\/jpeg\" \/>\n<meta name=\"twitter:card\" content=\"summary_large_image\" \/>\n<meta name=\"twitter:label1\" content=\"Dur\u00e9e de lecture estim\u00e9e\" \/>\n\t<meta name=\"twitter:data1\" content=\"2 minutes\" \/>\n<script type=\"application\/ld+json\" class=\"yoast-schema-graph\">{\"@context\":\"https:\\\/\\\/schema.org\",\"@graph\":[{\"@type\":\"WebPage\",\"@id\":\"https:\\\/\\\/www.auvray-security.com\\\/fr\\\/produit\\\/b-lock-10-inox-ou-jaune-bloque-disque-haute-securite\\\/\",\"url\":\"https:\\\/\\\/www.auvray-security.com\\\/fr\\\/produit\\\/b-lock-10-inox-ou-jaune-bloque-disque-haute-securite\\\/\",\"name\":\"Antivols moto certifi\u00e9s SRA ART, Bloque disque alarme classe SRA - B-LOCK 10 Inox | Jaune - AUVRAY Security\",\"isPartOf\":{\"@id\":\"https:\\\/\\\/www.auvray-security.com\\\/fr\\\/#website\"},\"primaryImageOfPage\":{\"@id\":\"https:\\\/\\\/www.auvray-security.com\\\/fr\\\/produit\\\/b-lock-10-inox-ou-jaune-bloque-disque-haute-securite\\\/#primaryimage\"},\"image\":{\"@id\":\"https:\\\/\\\/www.auvray-security.com\\\/fr\\\/produit\\\/b-lock-10-inox-ou-jaune-bloque-disque-haute-securite\\\/#primaryimage\"},\"thumbnailUrl\":\"https:\\\/\\\/www.auvray-security.com\\\/wp-content\\\/uploads\\\/b-lock-10-inox-ou-jaune-00.jpg\",\"datePublished\":\"2025-04-21T18:50:41+00:00\",\"dateModified\":\"2025-12-19T12:30:31+00:00\",\"breadcrumb\":{\"@id\":\"https:\\\/\\\/www.auvray-security.com\\\/fr\\\/produit\\\/b-lock-10-inox-ou-jaune-bloque-disque-haute-securite\\\/#breadcrumb\"},\"inLanguage\":\"fr-FR\",\"potentialAction\":[{\"@type\":\"ReadAction\",\"target\":[\"https:\\\/\\\/www.auvray-security.com\\\/fr\\\/produit\\\/b-lock-10-inox-ou-jaune-bloque-disque-haute-securite\\\/\"]}]},{\"@type\":\"ImageObject\",\"inLanguage\":\"fr-FR\",\"@id\":\"https:\\\/\\\/www.auvray-security.com\\\/fr\\\/produit\\\/b-lock-10-inox-ou-jaune-bloque-disque-haute-securite\\\/#primaryimage\",\"url\":\"https:\\\/\\\/www.auvray-security.com\\\/wp-content\\\/uploads\\\/b-lock-10-inox-ou-jaune-00.jpg\",\"contentUrl\":\"https:\\\/\\\/www.auvray-security.com\\\/wp-content\\\/uploads\\\/b-lock-10-inox-ou-jaune-00.jpg\",\"width\":1501,\"height\":1500},{\"@type\":\"BreadcrumbList\",\"@id\":\"https:\\\/\\\/www.auvray-security.com\\\/fr\\\/produit\\\/b-lock-10-inox-ou-jaune-bloque-disque-haute-securite\\\/#breadcrumb\",\"itemListElement\":[{\"@type\":\"ListItem\",\"position\":1,\"name\":\"Accueil\",\"item\":\"https:\\\/\\\/www.auvray-security.com\\\/fr\\\/\"},{\"@type\":\"ListItem\",\"position\":2,\"name\":\"Produits\",\"item\":\"https:\\\/\\\/www.auvray-security.com\\\/fr\\\/shop\\\/\"},{\"@type\":\"ListItem\",\"position\":3,\"name\":\"Antivols moto\",\"item\":\"https:\\\/\\\/www.auvray-security.com\\\/fr\\\/categorie-produit\\\/antivols-moto\\\/\"},{\"@type\":\"ListItem\",\"position\":4,\"name\":\"Bloque disque alarme classe SRA\",\"item\":\"https:\\\/\\\/www.auvray-security.com\\\/fr\\\/categorie-produit\\\/antivols-moto\\\/bloque-disque-avec-alarme-classe-sra\\\/\"},{\"@type\":\"ListItem\",\"position\":5,\"name\":\"B-LOCK 10 Inox | Jaune\"}]},{\"@type\":\"WebSite\",\"@id\":\"https:\\\/\\\/www.auvray-security.com\\\/fr\\\/#website\",\"url\":\"https:\\\/\\\/www.auvray-security.com\\\/fr\\\/\",\"name\":\"AUVRAY Security\",\"description\":\"\",\"potentialAction\":[{\"@type\":\"SearchAction\",\"target\":{\"@type\":\"EntryPoint\",\"urlTemplate\":\"https:\\\/\\\/www.auvray-security.com\\\/fr\\\/?s={search_term_string}\"},\"query-input\":{\"@type\":\"PropertyValueSpecification\",\"valueRequired\":true,\"valueName\":\"search_term_string\"}}],\"inLanguage\":\"fr-FR\"}]}<\/script>\n<!-- \/ Yoast SEO plugin. -->","yoast_head_json":{"title":"Antivols moto certifi\u00e9s SRA ART, Bloque disque alarme classe SRA - B-LOCK 10 Inox | Jaune - AUVRAY Security","robots":{"index":"index","follow":"follow","max-snippet":"max-snippet:-1","max-image-preview":"max-image-preview:large","max-video-preview":"max-video-preview:-1"},"canonical":"https:\/\/www.auvray-security.com\/fr\/produit\/b-lock-10-inox-ou-jaune-bloque-disque-haute-securite\/","og_locale":"fr_FR","og_type":"article","og_title":"Antivols moto certifi\u00e9s SRA ART, Bloque disque alarme classe SRA - B-LOCK 10 Inox | Jaune - AUVRAY Security","og_description":"B-Lock 10 \u2013 Bloque-disque compact avec alarme int\u00e9gr\u00e9e pour une s\u00e9curit\u00e9 optimale disponible en coloris Jaune\/noir ou full Inox Le B-Lock 10 est un bloque-disque compact et robuste, con\u00e7u pour offrir une protection efficace contre le vol. Son corps en acier inoxydable assure une r\u00e9sistance \u00e9lev\u00e9e aux tentatives de sciage et de crochetage, tout en [&hellip;]","og_url":"https:\/\/www.auvray-security.com\/fr\/produit\/b-lock-10-inox-ou-jaune-bloque-disque-haute-securite\/","og_site_name":"AUVRAY Security","article_modified_time":"2025-12-19T12:30:31+00:00","og_image":[{"width":1501,"height":1500,"url":"https:\/\/www.auvray-security.com\/wp-content\/uploads\/b-lock-10-inox-ou-jaune-00.jpg","type":"image\/jpeg"}],"twitter_card":"summary_large_image","twitter_misc":{"Dur\u00e9e de lecture estim\u00e9e":"2 minutes"},"schema":{"@context":"https:\/\/schema.org","@graph":[{"@type":"WebPage","@id":"https:\/\/www.auvray-security.com\/fr\/produit\/b-lock-10-inox-ou-jaune-bloque-disque-haute-securite\/","url":"https:\/\/www.auvray-security.com\/fr\/produit\/b-lock-10-inox-ou-jaune-bloque-disque-haute-securite\/","name":"Antivols moto certifi\u00e9s SRA ART, Bloque disque alarme classe SRA - B-LOCK 10 Inox | Jaune - AUVRAY Security","isPartOf":{"@id":"https:\/\/www.auvray-security.com\/fr\/#website"},"primaryImageOfPage":{"@id":"https:\/\/www.auvray-security.com\/fr\/produit\/b-lock-10-inox-ou-jaune-bloque-disque-haute-securite\/#primaryimage"},"image":{"@id":"https:\/\/www.auvray-security.com\/fr\/produit\/b-lock-10-inox-ou-jaune-bloque-disque-haute-securite\/#primaryimage"},"thumbnailUrl":"https:\/\/www.auvray-security.com\/wp-content\/uploads\/b-lock-10-inox-ou-jaune-00.jpg","datePublished":"2025-04-21T18:50:41+00:00","dateModified":"2025-12-19T12:30:31+00:00","breadcrumb":{"@id":"https:\/\/www.auvray-security.com\/fr\/produit\/b-lock-10-inox-ou-jaune-bloque-disque-haute-securite\/#breadcrumb"},"inLanguage":"fr-FR","potentialAction":[{"@type":"ReadAction","target":["https:\/\/www.auvray-security.com\/fr\/produit\/b-lock-10-inox-ou-jaune-bloque-disque-haute-securite\/"]}]},{"@type":"ImageObject","inLanguage":"fr-FR","@id":"https:\/\/www.auvray-security.com\/fr\/produit\/b-lock-10-inox-ou-jaune-bloque-disque-haute-securite\/#primaryimage","url":"https:\/\/www.auvray-security.com\/wp-content\/uploads\/b-lock-10-inox-ou-jaune-00.jpg","contentUrl":"https:\/\/www.auvray-security.com\/wp-content\/uploads\/b-lock-10-inox-ou-jaune-00.jpg","width":1501,"height":1500},{"@type":"BreadcrumbList","@id":"https:\/\/www.auvray-security.com\/fr\/produit\/b-lock-10-inox-ou-jaune-bloque-disque-haute-securite\/#breadcrumb","itemListElement":[{"@type":"ListItem","position":1,"name":"Accueil","item":"https:\/\/www.auvray-security.com\/fr\/"},{"@type":"ListItem","position":2,"name":"Produits","item":"https:\/\/www.auvray-security.com\/fr\/shop\/"},{"@type":"ListItem","position":3,"name":"Antivols moto","item":"https:\/\/www.auvray-security.com\/fr\/categorie-produit\/antivols-moto\/"},{"@type":"ListItem","position":4,"name":"Bloque disque alarme classe SRA","item":"https:\/\/www.auvray-security.com\/fr\/categorie-produit\/antivols-moto\/bloque-disque-avec-alarme-classe-sra\/"},{"@type":"ListItem","position":5,"name":"B-LOCK 10 Inox | Jaune"}]},{"@type":"WebSite","@id":"https:\/\/www.auvray-security.com\/fr\/#website","url":"https:\/\/www.auvray-security.com\/fr\/","name":"AUVRAY Security","description":"","potentialAction":[{"@type":"SearchAction","target":{"@type":"EntryPoint","urlTemplate":"https:\/\/www.auvray-security.com\/fr\/?s={search_term_string}"},"query-input":{"@type":"PropertyValueSpecification","valueRequired":true,"valueName":"search_term_string"}}],"inLanguage":"fr-FR"}]}},"_links":{"self":[{"href":"https:\/\/www.auvray-security.com\/fr\/wp-json\/wp\/v2\/product\/793","targetHints":{"allow":["GET"]}}],"collection":[{"href":"https:\/\/www.auvray-security.com\/fr\/wp-json\/wp\/v2\/product"}],"about":[{"href":"https:\/\/www.auvray-security.com\/fr\/wp-json\/wp\/v2\/types\/product"}],"wp:featuredmedia":[{"embeddable":true,"href":"https:\/\/www.auvray-security.com\/fr\/wp-json\/wp\/v2\/media\/994"}],"wp:attachment":[{"href":"https:\/\/www.auvray-security.com\/fr\/wp-json\/wp\/v2\/media?parent=793"}],"wp:term":[{"taxonomy":"icon_library","embeddable":true,"href":"https:\/\/www.auvray-security.com\/fr\/wp-json\/wp\/v2\/icon_library?post=793"},{"taxonomy":"certification","embeddable":true,"href":"https:\/\/www.auvray-security.com\/fr\/wp-json\/wp\/v2\/certification?post=793"},{"taxonomy":"family","embeddable":true,"href":"https:\/\/www.auvray-security.com\/fr\/wp-json\/wp\/v2\/family?post=793"},{"taxonomy":"product_brand","embeddable":true,"href":"https:\/\/www.auvray-security.com\/fr\/wp-json\/wp\/v2\/product_brand?post=793"},{"taxonomy":"product_cat","embeddable":true,"href":"https:\/\/www.auvray-security.com\/fr\/wp-json\/wp\/v2\/product_cat?post=793"},{"taxonomy":"product_tag","embeddable":true,"href":"https:\/\/www.auvray-security.com\/fr\/wp-json\/wp\/v2\/product_tag?post=793"}],"curies":[{"name":"wp","href":"https:\/\/api.w.org\/{rel}","templated":true}]}}