{"id":792,"date":"2025-04-21T20:51:51","date_gmt":"2025-04-21T18:51:51","guid":{"rendered":"https:\/\/www.auvray-security.com\/?post_type=product&#038;p=792"},"modified":"2025-12-19T13:30:25","modified_gmt":"2025-12-19T12:30:25","slug":"b-lock-14-inox-ou-noir-bloque-disque-haute-securite","status":"publish","type":"product","link":"https:\/\/www.auvray-security.com\/fr\/produit\/b-lock-14-inox-ou-noir-bloque-disque-haute-securite\/","title":{"rendered":"B-LOCK 14 Inox | Noir"},"content":{"rendered":"<p><strong>B-LOCK 14<\/strong> \u2013 Le bloque-disque disponible en coloris noir ou full inox, c&rsquo;est un bloque disque avec alarme int\u00e9gr\u00e9e pour une s\u00e9curit\u00e9 renforc\u00e9e<\/p>\n<p>Le <strong>B-LOCK 14<\/strong> est un bloque-disque compact, puissant et redoutablement dissuasif. Con\u00e7u en acier inoxydable pour r\u00e9sister aux agressions ext\u00e9rieures comme \u00e0 l\u2019oxydation, il offre une excellente r\u00e9sistance aux tentatives de vol. <strong>Son axe de verrouillage de 14 mm<\/strong> garantit un maintien ferme sur le disque de frein, limitant les risques d\u2019arrachement ou de torsion.<\/p>\n<p><strong>Ce mod\u00e8le est \u00e9quip\u00e9 d\u2019un syst\u00e8me d\u2019alarme \u00e9lectronique de 120 dB<\/strong>, qui se d\u00e9clenche automatiquement \u00e0 la moindre tentative de d\u00e9placement ou de manipulation suspecte. Gr\u00e2ce \u00e0 son d\u00e9tecteur de choc et de mouvement int\u00e9gr\u00e9, il agit comme un v\u00e9ritable dispositif de dissuasion sonore, id\u00e9al pour les stationnements en zone urbaine ou dans les lieux \u00e0 forte fr\u00e9quentation.<\/p>\n<p>Le m\u00e9canisme de fermeture \u00e0 cl\u00e9 garantit une utilisation simple et rapide au quotidien, tandis que le design robuste permet une compatibilit\u00e9 avec une grande majorit\u00e9 de motos et scooters. Sa finition en acier inox ou en noir lui conf\u00e8re non seulement une excellente durabilit\u00e9, mais aussi une protection accrue contre les intemp\u00e9ries.<\/p>\n<p>&nbsp;<\/p>\n<p>Con\u00e7u pour allier s\u00e9curit\u00e9 m\u00e9canique et \u00e9lectronique, le <strong>B-LOCK 14<\/strong> est le choix id\u00e9al pour les motards qui veulent prot\u00e9ger leur v\u00e9hicule efficacement, sans compromis sur la fiabilit\u00e9.<\/p>\n","protected":false},"excerpt":{"rendered":"<p>B-LOCK 14 \u2013 Le bloque-disque disponible en coloris noir ou full inox, c&rsquo;est un bloque disque avec alarme int\u00e9gr\u00e9e pour une s\u00e9curit\u00e9 renforc\u00e9e Le B-LOCK 14 est un bloque-disque compact, puissant et redoutablement dissuasif. Con\u00e7u en acier inoxydable pour r\u00e9sister aux agressions ext\u00e9rieures comme \u00e0 l\u2019oxydation, il offre une excellente r\u00e9sistance aux tentatives de vol. [&hellip;]<\/p>\n","protected":false},"featured_media":987,"template":"","meta":{"_acf_changed":false,"inline_featured_image":false},"icon_library":[58,82,85],"certification":[53,228,38,50,48,39],"family":[302],"product_brand":[],"product_cat":[133,21],"product_tag":[],"class_list":{"0":"post-792","1":"product","2":"type-product","3":"status-publish","4":"has-post-thumbnail","6":"family-bloque_disque","7":"product_cat-antivols-moto-certifies-sra-art","8":"product_cat-bloque-disque-avec-alarme-classe-sra","10":"first","11":"instock","12":"taxable","13":"shipping-taxable","14":"purchasable","15":"product-type-simple"},"acf":[],"yoast_head":"<!-- This site is optimized with the Yoast SEO plugin v27.3 - https:\/\/yoast.com\/product\/yoast-seo-wordpress\/ -->\n<title>Antivols moto certifi\u00e9s SRA ART, Bloque disque alarme classe SRA - B-LOCK 14 Inox | Noir - AUVRAY Security<\/title>\n<meta name=\"robots\" content=\"index, follow, max-snippet:-1, max-image-preview:large, max-video-preview:-1\" \/>\n<link rel=\"canonical\" href=\"https:\/\/www.auvray-security.com\/fr\/produit\/b-lock-14-inox-ou-noir-bloque-disque-haute-securite\/\" \/>\n<meta property=\"og:locale\" content=\"fr_FR\" \/>\n<meta property=\"og:type\" content=\"article\" \/>\n<meta property=\"og:title\" content=\"Antivols moto certifi\u00e9s SRA ART, Bloque disque alarme classe SRA - B-LOCK 14 Inox | Noir - AUVRAY Security\" \/>\n<meta property=\"og:description\" content=\"B-LOCK 14 \u2013 Le bloque-disque disponible en coloris noir ou full inox, c&rsquo;est un bloque disque avec alarme int\u00e9gr\u00e9e pour une s\u00e9curit\u00e9 renforc\u00e9e Le B-LOCK 14 est un bloque-disque compact, puissant et redoutablement dissuasif. Con\u00e7u en acier inoxydable pour r\u00e9sister aux agressions ext\u00e9rieures comme \u00e0 l\u2019oxydation, il offre une excellente r\u00e9sistance aux tentatives de vol. [&hellip;]\" \/>\n<meta property=\"og:url\" content=\"https:\/\/www.auvray-security.com\/fr\/produit\/b-lock-14-inox-ou-noir-bloque-disque-haute-securite\/\" \/>\n<meta property=\"og:site_name\" content=\"AUVRAY Security\" \/>\n<meta property=\"article:modified_time\" content=\"2025-12-19T12:30:25+00:00\" \/>\n<meta property=\"og:image\" content=\"https:\/\/www.auvray-security.com\/wp-content\/uploads\/b-lock-14-inox-ou-noir-00.jpg\" \/>\n\t<meta property=\"og:image:width\" content=\"1501\" \/>\n\t<meta property=\"og:image:height\" content=\"1500\" \/>\n\t<meta property=\"og:image:type\" content=\"image\/jpeg\" \/>\n<meta name=\"twitter:card\" content=\"summary_large_image\" \/>\n<meta name=\"twitter:label1\" content=\"Dur\u00e9e de lecture estim\u00e9e\" \/>\n\t<meta name=\"twitter:data1\" content=\"2 minutes\" \/>\n<script type=\"application\/ld+json\" class=\"yoast-schema-graph\">{\"@context\":\"https:\\\/\\\/schema.org\",\"@graph\":[{\"@type\":\"WebPage\",\"@id\":\"https:\\\/\\\/www.auvray-security.com\\\/fr\\\/produit\\\/b-lock-14-inox-ou-noir-bloque-disque-haute-securite\\\/\",\"url\":\"https:\\\/\\\/www.auvray-security.com\\\/fr\\\/produit\\\/b-lock-14-inox-ou-noir-bloque-disque-haute-securite\\\/\",\"name\":\"Antivols moto certifi\u00e9s SRA ART, Bloque disque alarme classe SRA - B-LOCK 14 Inox | Noir - AUVRAY Security\",\"isPartOf\":{\"@id\":\"https:\\\/\\\/www.auvray-security.com\\\/fr\\\/#website\"},\"primaryImageOfPage\":{\"@id\":\"https:\\\/\\\/www.auvray-security.com\\\/fr\\\/produit\\\/b-lock-14-inox-ou-noir-bloque-disque-haute-securite\\\/#primaryimage\"},\"image\":{\"@id\":\"https:\\\/\\\/www.auvray-security.com\\\/fr\\\/produit\\\/b-lock-14-inox-ou-noir-bloque-disque-haute-securite\\\/#primaryimage\"},\"thumbnailUrl\":\"https:\\\/\\\/www.auvray-security.com\\\/wp-content\\\/uploads\\\/b-lock-14-inox-ou-noir-00.jpg\",\"datePublished\":\"2025-04-21T18:51:51+00:00\",\"dateModified\":\"2025-12-19T12:30:25+00:00\",\"breadcrumb\":{\"@id\":\"https:\\\/\\\/www.auvray-security.com\\\/fr\\\/produit\\\/b-lock-14-inox-ou-noir-bloque-disque-haute-securite\\\/#breadcrumb\"},\"inLanguage\":\"fr-FR\",\"potentialAction\":[{\"@type\":\"ReadAction\",\"target\":[\"https:\\\/\\\/www.auvray-security.com\\\/fr\\\/produit\\\/b-lock-14-inox-ou-noir-bloque-disque-haute-securite\\\/\"]}]},{\"@type\":\"ImageObject\",\"inLanguage\":\"fr-FR\",\"@id\":\"https:\\\/\\\/www.auvray-security.com\\\/fr\\\/produit\\\/b-lock-14-inox-ou-noir-bloque-disque-haute-securite\\\/#primaryimage\",\"url\":\"https:\\\/\\\/www.auvray-security.com\\\/wp-content\\\/uploads\\\/b-lock-14-inox-ou-noir-00.jpg\",\"contentUrl\":\"https:\\\/\\\/www.auvray-security.com\\\/wp-content\\\/uploads\\\/b-lock-14-inox-ou-noir-00.jpg\",\"width\":1501,\"height\":1500},{\"@type\":\"BreadcrumbList\",\"@id\":\"https:\\\/\\\/www.auvray-security.com\\\/fr\\\/produit\\\/b-lock-14-inox-ou-noir-bloque-disque-haute-securite\\\/#breadcrumb\",\"itemListElement\":[{\"@type\":\"ListItem\",\"position\":1,\"name\":\"Accueil\",\"item\":\"https:\\\/\\\/www.auvray-security.com\\\/fr\\\/\"},{\"@type\":\"ListItem\",\"position\":2,\"name\":\"Produits\",\"item\":\"https:\\\/\\\/www.auvray-security.com\\\/fr\\\/shop\\\/\"},{\"@type\":\"ListItem\",\"position\":3,\"name\":\"Antivols moto\",\"item\":\"https:\\\/\\\/www.auvray-security.com\\\/fr\\\/categorie-produit\\\/antivols-moto\\\/\"},{\"@type\":\"ListItem\",\"position\":4,\"name\":\"Bloque disque alarme classe SRA\",\"item\":\"https:\\\/\\\/www.auvray-security.com\\\/fr\\\/categorie-produit\\\/antivols-moto\\\/bloque-disque-avec-alarme-classe-sra\\\/\"},{\"@type\":\"ListItem\",\"position\":5,\"name\":\"B-LOCK 14 Inox | Noir\"}]},{\"@type\":\"WebSite\",\"@id\":\"https:\\\/\\\/www.auvray-security.com\\\/fr\\\/#website\",\"url\":\"https:\\\/\\\/www.auvray-security.com\\\/fr\\\/\",\"name\":\"AUVRAY Security\",\"description\":\"\",\"potentialAction\":[{\"@type\":\"SearchAction\",\"target\":{\"@type\":\"EntryPoint\",\"urlTemplate\":\"https:\\\/\\\/www.auvray-security.com\\\/fr\\\/?s={search_term_string}\"},\"query-input\":{\"@type\":\"PropertyValueSpecification\",\"valueRequired\":true,\"valueName\":\"search_term_string\"}}],\"inLanguage\":\"fr-FR\"}]}<\/script>\n<!-- \/ Yoast SEO plugin. -->","yoast_head_json":{"title":"Antivols moto certifi\u00e9s SRA ART, Bloque disque alarme classe SRA - B-LOCK 14 Inox | Noir - AUVRAY Security","robots":{"index":"index","follow":"follow","max-snippet":"max-snippet:-1","max-image-preview":"max-image-preview:large","max-video-preview":"max-video-preview:-1"},"canonical":"https:\/\/www.auvray-security.com\/fr\/produit\/b-lock-14-inox-ou-noir-bloque-disque-haute-securite\/","og_locale":"fr_FR","og_type":"article","og_title":"Antivols moto certifi\u00e9s SRA ART, Bloque disque alarme classe SRA - B-LOCK 14 Inox | Noir - AUVRAY Security","og_description":"B-LOCK 14 \u2013 Le bloque-disque disponible en coloris noir ou full inox, c&rsquo;est un bloque disque avec alarme int\u00e9gr\u00e9e pour une s\u00e9curit\u00e9 renforc\u00e9e Le B-LOCK 14 est un bloque-disque compact, puissant et redoutablement dissuasif. Con\u00e7u en acier inoxydable pour r\u00e9sister aux agressions ext\u00e9rieures comme \u00e0 l\u2019oxydation, il offre une excellente r\u00e9sistance aux tentatives de vol. [&hellip;]","og_url":"https:\/\/www.auvray-security.com\/fr\/produit\/b-lock-14-inox-ou-noir-bloque-disque-haute-securite\/","og_site_name":"AUVRAY Security","article_modified_time":"2025-12-19T12:30:25+00:00","og_image":[{"width":1501,"height":1500,"url":"https:\/\/www.auvray-security.com\/wp-content\/uploads\/b-lock-14-inox-ou-noir-00.jpg","type":"image\/jpeg"}],"twitter_card":"summary_large_image","twitter_misc":{"Dur\u00e9e de lecture estim\u00e9e":"2 minutes"},"schema":{"@context":"https:\/\/schema.org","@graph":[{"@type":"WebPage","@id":"https:\/\/www.auvray-security.com\/fr\/produit\/b-lock-14-inox-ou-noir-bloque-disque-haute-securite\/","url":"https:\/\/www.auvray-security.com\/fr\/produit\/b-lock-14-inox-ou-noir-bloque-disque-haute-securite\/","name":"Antivols moto certifi\u00e9s SRA ART, Bloque disque alarme classe SRA - B-LOCK 14 Inox | Noir - AUVRAY Security","isPartOf":{"@id":"https:\/\/www.auvray-security.com\/fr\/#website"},"primaryImageOfPage":{"@id":"https:\/\/www.auvray-security.com\/fr\/produit\/b-lock-14-inox-ou-noir-bloque-disque-haute-securite\/#primaryimage"},"image":{"@id":"https:\/\/www.auvray-security.com\/fr\/produit\/b-lock-14-inox-ou-noir-bloque-disque-haute-securite\/#primaryimage"},"thumbnailUrl":"https:\/\/www.auvray-security.com\/wp-content\/uploads\/b-lock-14-inox-ou-noir-00.jpg","datePublished":"2025-04-21T18:51:51+00:00","dateModified":"2025-12-19T12:30:25+00:00","breadcrumb":{"@id":"https:\/\/www.auvray-security.com\/fr\/produit\/b-lock-14-inox-ou-noir-bloque-disque-haute-securite\/#breadcrumb"},"inLanguage":"fr-FR","potentialAction":[{"@type":"ReadAction","target":["https:\/\/www.auvray-security.com\/fr\/produit\/b-lock-14-inox-ou-noir-bloque-disque-haute-securite\/"]}]},{"@type":"ImageObject","inLanguage":"fr-FR","@id":"https:\/\/www.auvray-security.com\/fr\/produit\/b-lock-14-inox-ou-noir-bloque-disque-haute-securite\/#primaryimage","url":"https:\/\/www.auvray-security.com\/wp-content\/uploads\/b-lock-14-inox-ou-noir-00.jpg","contentUrl":"https:\/\/www.auvray-security.com\/wp-content\/uploads\/b-lock-14-inox-ou-noir-00.jpg","width":1501,"height":1500},{"@type":"BreadcrumbList","@id":"https:\/\/www.auvray-security.com\/fr\/produit\/b-lock-14-inox-ou-noir-bloque-disque-haute-securite\/#breadcrumb","itemListElement":[{"@type":"ListItem","position":1,"name":"Accueil","item":"https:\/\/www.auvray-security.com\/fr\/"},{"@type":"ListItem","position":2,"name":"Produits","item":"https:\/\/www.auvray-security.com\/fr\/shop\/"},{"@type":"ListItem","position":3,"name":"Antivols moto","item":"https:\/\/www.auvray-security.com\/fr\/categorie-produit\/antivols-moto\/"},{"@type":"ListItem","position":4,"name":"Bloque disque alarme classe SRA","item":"https:\/\/www.auvray-security.com\/fr\/categorie-produit\/antivols-moto\/bloque-disque-avec-alarme-classe-sra\/"},{"@type":"ListItem","position":5,"name":"B-LOCK 14 Inox | Noir"}]},{"@type":"WebSite","@id":"https:\/\/www.auvray-security.com\/fr\/#website","url":"https:\/\/www.auvray-security.com\/fr\/","name":"AUVRAY Security","description":"","potentialAction":[{"@type":"SearchAction","target":{"@type":"EntryPoint","urlTemplate":"https:\/\/www.auvray-security.com\/fr\/?s={search_term_string}"},"query-input":{"@type":"PropertyValueSpecification","valueRequired":true,"valueName":"search_term_string"}}],"inLanguage":"fr-FR"}]}},"_links":{"self":[{"href":"https:\/\/www.auvray-security.com\/fr\/wp-json\/wp\/v2\/product\/792","targetHints":{"allow":["GET"]}}],"collection":[{"href":"https:\/\/www.auvray-security.com\/fr\/wp-json\/wp\/v2\/product"}],"about":[{"href":"https:\/\/www.auvray-security.com\/fr\/wp-json\/wp\/v2\/types\/product"}],"wp:featuredmedia":[{"embeddable":true,"href":"https:\/\/www.auvray-security.com\/fr\/wp-json\/wp\/v2\/media\/987"}],"wp:attachment":[{"href":"https:\/\/www.auvray-security.com\/fr\/wp-json\/wp\/v2\/media?parent=792"}],"wp:term":[{"taxonomy":"icon_library","embeddable":true,"href":"https:\/\/www.auvray-security.com\/fr\/wp-json\/wp\/v2\/icon_library?post=792"},{"taxonomy":"certification","embeddable":true,"href":"https:\/\/www.auvray-security.com\/fr\/wp-json\/wp\/v2\/certification?post=792"},{"taxonomy":"family","embeddable":true,"href":"https:\/\/www.auvray-security.com\/fr\/wp-json\/wp\/v2\/family?post=792"},{"taxonomy":"product_brand","embeddable":true,"href":"https:\/\/www.auvray-security.com\/fr\/wp-json\/wp\/v2\/product_brand?post=792"},{"taxonomy":"product_cat","embeddable":true,"href":"https:\/\/www.auvray-security.com\/fr\/wp-json\/wp\/v2\/product_cat?post=792"},{"taxonomy":"product_tag","embeddable":true,"href":"https:\/\/www.auvray-security.com\/fr\/wp-json\/wp\/v2\/product_tag?post=792"}],"curies":[{"name":"wp","href":"https:\/\/api.w.org\/{rel}","templated":true}]}}