{"id":7904,"date":"2026-03-29T14:19:37","date_gmt":"2026-03-29T12:19:37","guid":{"rendered":"https:\/\/www.auvray-security.com\/?post_type=product&#038;p=7904"},"modified":"2026-03-29T14:28:56","modified_gmt":"2026-03-29T12:28:56","slug":"xtrem-medium-maxi-alert-aw85250auv","status":"publish","type":"product","link":"https:\/\/www.auvray-security.com\/fr\/produit\/xtrem-medium-maxi-alert-aw85250auv\/","title":{"rendered":"XTREM Medium Alert"},"content":{"rendered":"<p><strong>XTREM MEDIUM ALERT \u2013 L\u2019antivol en U haute s\u00e9curit\u00e9 avec bloc alarme int\u00e9gr\u00e9, con\u00e7u pour r\u00e9sister aux attaques les plus extr\u00eames<\/strong><\/p>\n<p>Prot\u00e9gez efficacement votre deux-roues avec l\u2019antivol en U XTREM MEDIUM ALERT de la marque fran\u00e7aise AUVRAY, reconnue pour son expertise en s\u00e9curit\u00e9 moto. Ce mod\u00e8le est sp\u00e9cialement con\u00e7u pour offrir une r\u00e9sistance maximale face aux tentatives de vol, m\u00eame les plus agressives.<\/p>\n<p><strong>Caract\u00e9ristiques techniques :<\/strong><\/p>\n<p><strong data-start=\"526\" data-end=\"554\">\u2714\ufe0f\u00a0<\/strong>Anse en acier c\u00e9ment\u00e9 de 18 mm : extr\u00eamement r\u00e9sistante \u00e0 la coupe, au sciage et aux attaques \u00e0 la masse.<br \/>\n<strong data-start=\"526\" data-end=\"554\">\u2714\ufe0f\u00a0<\/strong>Syst\u00e8me alarme \u00e0 120 db &#8211; S\u00e9lection de la fonction alarme<br \/>\n<strong data-start=\"526\" data-end=\"554\">\u2714\ufe0f\u00a0<\/strong>Double verrouillage renforc\u00e9 : le syst\u00e8me de fermeture verrouille l\u2019anse des deux c\u00f4t\u00e9s, augmentant la r\u00e9sistance \u00e0 l\u2019arrachement.<br \/>\n<strong data-start=\"526\" data-end=\"554\">\u2714\ufe0f\u00a0<\/strong>Serrure haute s\u00e9curit\u00e9 : m\u00e9canisme anti-crochetage et anti-per\u00e7age, livr\u00e9 avec 3 cl\u00e9s num\u00e9rot\u00e9es (possibilit\u00e9 de commande de cl\u00e9 suppl\u00e9mentaire).<br \/>\n<strong data-start=\"526\" data-end=\"554\">\u2714\ufe0f\u00a0<\/strong>Homologation SRA : conforme aux normes d\u2019assurance, un gage de fiabilit\u00e9 et de solidit\u00e9.<br \/>\n<strong data-start=\"526\" data-end=\"554\">\u2714\ufe0f\u00a0<\/strong>Traitement anti-corrosion : protection renforc\u00e9e contre les intemp\u00e9ries et l\u2019usure.<\/p>\n<p><strong>Pourquoi choisir l\u2019Antivol XTREM ?<\/strong><\/p>\n<p><strong data-start=\"526\" data-end=\"554\">\u2714\ufe0f\u00a0<\/strong>Recommand\u00e9 pour un usage quotidien en zone urbaine ou lors de stationnements prolong\u00e9s.<br \/>\n<strong data-start=\"526\" data-end=\"554\">\u2714\ufe0f\u00a0<\/strong>Compatible avec la plupart des motos, scooters et maxi-scooters du march\u00e9.<br \/>\n<strong data-start=\"526\" data-end=\"554\">\u2714\ufe0f\u00a0<\/strong>Fabriqu\u00e9 avec des mat\u00e9riaux de qualit\u00e9 pour une long\u00e9vit\u00e9 exceptionnelle.<\/p>\n<p>Un antivol alarme pens\u00e9 pour les motards exigeants, con\u00e7u pour durer et dissuader efficacement les voleurs.<\/p>\n","protected":false},"excerpt":{"rendered":"<p>XTREM MEDIUM ALERT \u2013 L\u2019antivol en U haute s\u00e9curit\u00e9 avec bloc alarme int\u00e9gr\u00e9, con\u00e7u pour r\u00e9sister aux attaques les plus extr\u00eames Prot\u00e9gez efficacement votre deux-roues avec l\u2019antivol en U XTREM MEDIUM ALERT de la marque fran\u00e7aise AUVRAY, reconnue pour son expertise en s\u00e9curit\u00e9 moto. Ce mod\u00e8le est sp\u00e9cialement con\u00e7u pour offrir une r\u00e9sistance maximale face [&hellip;]<\/p>\n","protected":false},"featured_media":7921,"template":"","meta":{"_acf_changed":false,"inline_featured_image":false},"icon_library":[64,72,74,76,83],"certification":[391,38,50,49,39],"family":[],"product_brand":[],"product_cat":[20,133],"product_tag":[377],"class_list":{"0":"post-7904","1":"product","2":"type-product","3":"status-publish","4":"has-post-thumbnail","6":"product_cat-antivols-en-u","7":"product_cat-antivols-moto-certifies-sra-art","8":"product_tag-nouveaute-2026","10":"first","11":"instock","12":"taxable","13":"shipping-taxable","14":"purchasable","15":"product-type-simple"},"acf":[],"yoast_head":"<!-- This site is optimized with the Yoast SEO plugin v27.3 - https:\/\/yoast.com\/product\/yoast-seo-wordpress\/ -->\n<title>Antivols en U classe SRA, Antivols moto certifi\u00e9s SRA ART - XTREM Medium Alert - AUVRAY Security<\/title>\n<meta name=\"robots\" content=\"index, follow, max-snippet:-1, max-image-preview:large, max-video-preview:-1\" \/>\n<link rel=\"canonical\" href=\"https:\/\/www.auvray-security.com\/fr\/produit\/xtrem-medium-maxi-alert-aw85250auv\/\" \/>\n<meta property=\"og:locale\" content=\"fr_FR\" \/>\n<meta property=\"og:type\" content=\"article\" \/>\n<meta property=\"og:title\" content=\"Antivols en U classe SRA, Antivols moto certifi\u00e9s SRA ART - XTREM Medium Alert - AUVRAY Security\" \/>\n<meta property=\"og:description\" content=\"XTREM MEDIUM ALERT \u2013 L\u2019antivol en U haute s\u00e9curit\u00e9 avec bloc alarme int\u00e9gr\u00e9, con\u00e7u pour r\u00e9sister aux attaques les plus extr\u00eames Prot\u00e9gez efficacement votre deux-roues avec l\u2019antivol en U XTREM MEDIUM ALERT de la marque fran\u00e7aise AUVRAY, reconnue pour son expertise en s\u00e9curit\u00e9 moto. Ce mod\u00e8le est sp\u00e9cialement con\u00e7u pour offrir une r\u00e9sistance maximale face [&hellip;]\" \/>\n<meta property=\"og:url\" content=\"https:\/\/www.auvray-security.com\/fr\/produit\/xtrem-medium-maxi-alert-aw85250auv\/\" \/>\n<meta property=\"og:site_name\" content=\"AUVRAY Security\" \/>\n<meta property=\"article:modified_time\" content=\"2026-03-29T12:28:56+00:00\" \/>\n<meta property=\"og:image\" content=\"https:\/\/www.auvray-security.com\/wp-content\/uploads\/UA85250AUV-00-scaled.jpg\" \/>\n\t<meta property=\"og:image:width\" content=\"2560\" \/>\n\t<meta property=\"og:image:height\" content=\"2560\" \/>\n\t<meta property=\"og:image:type\" content=\"image\/jpeg\" \/>\n<meta name=\"twitter:card\" content=\"summary_large_image\" \/>\n<meta name=\"twitter:label1\" content=\"Dur\u00e9e de lecture estim\u00e9e\" \/>\n\t<meta name=\"twitter:data1\" content=\"2 minutes\" \/>\n<script type=\"application\/ld+json\" class=\"yoast-schema-graph\">{\"@context\":\"https:\\\/\\\/schema.org\",\"@graph\":[{\"@type\":\"WebPage\",\"@id\":\"https:\\\/\\\/www.auvray-security.com\\\/fr\\\/produit\\\/xtrem-medium-maxi-alert-aw85250auv\\\/\",\"url\":\"https:\\\/\\\/www.auvray-security.com\\\/fr\\\/produit\\\/xtrem-medium-maxi-alert-aw85250auv\\\/\",\"name\":\"Antivols en U classe SRA, Antivols moto certifi\u00e9s SRA ART - XTREM Medium Alert - AUVRAY Security\",\"isPartOf\":{\"@id\":\"https:\\\/\\\/www.auvray-security.com\\\/fr\\\/#website\"},\"primaryImageOfPage\":{\"@id\":\"https:\\\/\\\/www.auvray-security.com\\\/fr\\\/produit\\\/xtrem-medium-maxi-alert-aw85250auv\\\/#primaryimage\"},\"image\":{\"@id\":\"https:\\\/\\\/www.auvray-security.com\\\/fr\\\/produit\\\/xtrem-medium-maxi-alert-aw85250auv\\\/#primaryimage\"},\"thumbnailUrl\":\"https:\\\/\\\/www.auvray-security.com\\\/wp-content\\\/uploads\\\/UA85250AUV-00-scaled.jpg\",\"datePublished\":\"2026-03-29T12:19:37+00:00\",\"dateModified\":\"2026-03-29T12:28:56+00:00\",\"breadcrumb\":{\"@id\":\"https:\\\/\\\/www.auvray-security.com\\\/fr\\\/produit\\\/xtrem-medium-maxi-alert-aw85250auv\\\/#breadcrumb\"},\"inLanguage\":\"fr-FR\",\"potentialAction\":[{\"@type\":\"ReadAction\",\"target\":[\"https:\\\/\\\/www.auvray-security.com\\\/fr\\\/produit\\\/xtrem-medium-maxi-alert-aw85250auv\\\/\"]}]},{\"@type\":\"ImageObject\",\"inLanguage\":\"fr-FR\",\"@id\":\"https:\\\/\\\/www.auvray-security.com\\\/fr\\\/produit\\\/xtrem-medium-maxi-alert-aw85250auv\\\/#primaryimage\",\"url\":\"https:\\\/\\\/www.auvray-security.com\\\/wp-content\\\/uploads\\\/UA85250AUV-00-scaled.jpg\",\"contentUrl\":\"https:\\\/\\\/www.auvray-security.com\\\/wp-content\\\/uploads\\\/UA85250AUV-00-scaled.jpg\",\"width\":2560,\"height\":2560},{\"@type\":\"BreadcrumbList\",\"@id\":\"https:\\\/\\\/www.auvray-security.com\\\/fr\\\/produit\\\/xtrem-medium-maxi-alert-aw85250auv\\\/#breadcrumb\",\"itemListElement\":[{\"@type\":\"ListItem\",\"position\":1,\"name\":\"Accueil\",\"item\":\"https:\\\/\\\/www.auvray-security.com\\\/fr\\\/\"},{\"@type\":\"ListItem\",\"position\":2,\"name\":\"Produits\",\"item\":\"https:\\\/\\\/www.auvray-security.com\\\/fr\\\/shop\\\/\"},{\"@type\":\"ListItem\",\"position\":3,\"name\":\"Antivols moto\",\"item\":\"https:\\\/\\\/www.auvray-security.com\\\/fr\\\/categorie-produit\\\/antivols-moto\\\/\"},{\"@type\":\"ListItem\",\"position\":4,\"name\":\"Antivols en U classe SRA\",\"item\":\"https:\\\/\\\/www.auvray-security.com\\\/fr\\\/categorie-produit\\\/antivols-moto\\\/antivols-en-u\\\/\"},{\"@type\":\"ListItem\",\"position\":5,\"name\":\"XTREM Medium Alert\"}]},{\"@type\":\"WebSite\",\"@id\":\"https:\\\/\\\/www.auvray-security.com\\\/fr\\\/#website\",\"url\":\"https:\\\/\\\/www.auvray-security.com\\\/fr\\\/\",\"name\":\"AUVRAY Security\",\"description\":\"\",\"potentialAction\":[{\"@type\":\"SearchAction\",\"target\":{\"@type\":\"EntryPoint\",\"urlTemplate\":\"https:\\\/\\\/www.auvray-security.com\\\/fr\\\/?s={search_term_string}\"},\"query-input\":{\"@type\":\"PropertyValueSpecification\",\"valueRequired\":true,\"valueName\":\"search_term_string\"}}],\"inLanguage\":\"fr-FR\"}]}<\/script>\n<!-- \/ Yoast SEO plugin. -->","yoast_head_json":{"title":"Antivols en U classe SRA, Antivols moto certifi\u00e9s SRA ART - XTREM Medium Alert - AUVRAY Security","robots":{"index":"index","follow":"follow","max-snippet":"max-snippet:-1","max-image-preview":"max-image-preview:large","max-video-preview":"max-video-preview:-1"},"canonical":"https:\/\/www.auvray-security.com\/fr\/produit\/xtrem-medium-maxi-alert-aw85250auv\/","og_locale":"fr_FR","og_type":"article","og_title":"Antivols en U classe SRA, Antivols moto certifi\u00e9s SRA ART - XTREM Medium Alert - AUVRAY Security","og_description":"XTREM MEDIUM ALERT \u2013 L\u2019antivol en U haute s\u00e9curit\u00e9 avec bloc alarme int\u00e9gr\u00e9, con\u00e7u pour r\u00e9sister aux attaques les plus extr\u00eames Prot\u00e9gez efficacement votre deux-roues avec l\u2019antivol en U XTREM MEDIUM ALERT de la marque fran\u00e7aise AUVRAY, reconnue pour son expertise en s\u00e9curit\u00e9 moto. Ce mod\u00e8le est sp\u00e9cialement con\u00e7u pour offrir une r\u00e9sistance maximale face [&hellip;]","og_url":"https:\/\/www.auvray-security.com\/fr\/produit\/xtrem-medium-maxi-alert-aw85250auv\/","og_site_name":"AUVRAY Security","article_modified_time":"2026-03-29T12:28:56+00:00","og_image":[{"width":2560,"height":2560,"url":"https:\/\/www.auvray-security.com\/wp-content\/uploads\/UA85250AUV-00-scaled.jpg","type":"image\/jpeg"}],"twitter_card":"summary_large_image","twitter_misc":{"Dur\u00e9e de lecture estim\u00e9e":"2 minutes"},"schema":{"@context":"https:\/\/schema.org","@graph":[{"@type":"WebPage","@id":"https:\/\/www.auvray-security.com\/fr\/produit\/xtrem-medium-maxi-alert-aw85250auv\/","url":"https:\/\/www.auvray-security.com\/fr\/produit\/xtrem-medium-maxi-alert-aw85250auv\/","name":"Antivols en U classe SRA, Antivols moto certifi\u00e9s SRA ART - XTREM Medium Alert - AUVRAY Security","isPartOf":{"@id":"https:\/\/www.auvray-security.com\/fr\/#website"},"primaryImageOfPage":{"@id":"https:\/\/www.auvray-security.com\/fr\/produit\/xtrem-medium-maxi-alert-aw85250auv\/#primaryimage"},"image":{"@id":"https:\/\/www.auvray-security.com\/fr\/produit\/xtrem-medium-maxi-alert-aw85250auv\/#primaryimage"},"thumbnailUrl":"https:\/\/www.auvray-security.com\/wp-content\/uploads\/UA85250AUV-00-scaled.jpg","datePublished":"2026-03-29T12:19:37+00:00","dateModified":"2026-03-29T12:28:56+00:00","breadcrumb":{"@id":"https:\/\/www.auvray-security.com\/fr\/produit\/xtrem-medium-maxi-alert-aw85250auv\/#breadcrumb"},"inLanguage":"fr-FR","potentialAction":[{"@type":"ReadAction","target":["https:\/\/www.auvray-security.com\/fr\/produit\/xtrem-medium-maxi-alert-aw85250auv\/"]}]},{"@type":"ImageObject","inLanguage":"fr-FR","@id":"https:\/\/www.auvray-security.com\/fr\/produit\/xtrem-medium-maxi-alert-aw85250auv\/#primaryimage","url":"https:\/\/www.auvray-security.com\/wp-content\/uploads\/UA85250AUV-00-scaled.jpg","contentUrl":"https:\/\/www.auvray-security.com\/wp-content\/uploads\/UA85250AUV-00-scaled.jpg","width":2560,"height":2560},{"@type":"BreadcrumbList","@id":"https:\/\/www.auvray-security.com\/fr\/produit\/xtrem-medium-maxi-alert-aw85250auv\/#breadcrumb","itemListElement":[{"@type":"ListItem","position":1,"name":"Accueil","item":"https:\/\/www.auvray-security.com\/fr\/"},{"@type":"ListItem","position":2,"name":"Produits","item":"https:\/\/www.auvray-security.com\/fr\/shop\/"},{"@type":"ListItem","position":3,"name":"Antivols moto","item":"https:\/\/www.auvray-security.com\/fr\/categorie-produit\/antivols-moto\/"},{"@type":"ListItem","position":4,"name":"Antivols en U classe SRA","item":"https:\/\/www.auvray-security.com\/fr\/categorie-produit\/antivols-moto\/antivols-en-u\/"},{"@type":"ListItem","position":5,"name":"XTREM Medium Alert"}]},{"@type":"WebSite","@id":"https:\/\/www.auvray-security.com\/fr\/#website","url":"https:\/\/www.auvray-security.com\/fr\/","name":"AUVRAY Security","description":"","potentialAction":[{"@type":"SearchAction","target":{"@type":"EntryPoint","urlTemplate":"https:\/\/www.auvray-security.com\/fr\/?s={search_term_string}"},"query-input":{"@type":"PropertyValueSpecification","valueRequired":true,"valueName":"search_term_string"}}],"inLanguage":"fr-FR"}]}},"_links":{"self":[{"href":"https:\/\/www.auvray-security.com\/fr\/wp-json\/wp\/v2\/product\/7904","targetHints":{"allow":["GET"]}}],"collection":[{"href":"https:\/\/www.auvray-security.com\/fr\/wp-json\/wp\/v2\/product"}],"about":[{"href":"https:\/\/www.auvray-security.com\/fr\/wp-json\/wp\/v2\/types\/product"}],"wp:featuredmedia":[{"embeddable":true,"href":"https:\/\/www.auvray-security.com\/fr\/wp-json\/wp\/v2\/media\/7921"}],"wp:attachment":[{"href":"https:\/\/www.auvray-security.com\/fr\/wp-json\/wp\/v2\/media?parent=7904"}],"wp:term":[{"taxonomy":"icon_library","embeddable":true,"href":"https:\/\/www.auvray-security.com\/fr\/wp-json\/wp\/v2\/icon_library?post=7904"},{"taxonomy":"certification","embeddable":true,"href":"https:\/\/www.auvray-security.com\/fr\/wp-json\/wp\/v2\/certification?post=7904"},{"taxonomy":"family","embeddable":true,"href":"https:\/\/www.auvray-security.com\/fr\/wp-json\/wp\/v2\/family?post=7904"},{"taxonomy":"product_brand","embeddable":true,"href":"https:\/\/www.auvray-security.com\/fr\/wp-json\/wp\/v2\/product_brand?post=7904"},{"taxonomy":"product_cat","embeddable":true,"href":"https:\/\/www.auvray-security.com\/fr\/wp-json\/wp\/v2\/product_cat?post=7904"},{"taxonomy":"product_tag","embeddable":true,"href":"https:\/\/www.auvray-security.com\/fr\/wp-json\/wp\/v2\/product_tag?post=7904"}],"curies":[{"name":"wp","href":"https:\/\/api.w.org\/{rel}","templated":true}]}}