{"id":7894,"date":"2026-03-29T14:07:20","date_gmt":"2026-03-29T12:07:20","guid":{"rendered":"https:\/\/www.auvray-security.com\/?post_type=product&#038;p=7894"},"modified":"2026-03-29T14:12:50","modified_gmt":"2026-03-29T12:12:50","slug":"connecteur-de-chaine-pour-bloque-disque-cobdauv","status":"publish","type":"product","link":"https:\/\/www.auvray-security.com\/fr\/produit\/connecteur-de-chaine-pour-bloque-disque-cobdauv\/","title":{"rendered":"Connecteur de cha\u00eene pour bloque-disque"},"content":{"rendered":"<p>CONNECTEUR CHAINE POUR BLOQUE DISQUES<br \/>\nB-LOCK 10 &amp; B-LOCK 14 \/ DK10 &amp; DK14<\/p>\n<ul>\n<li>Compatibilit\u00e9 cha\u00eene \u00d8 13,5 mm et 10 mm<\/li>\n<li>Anse \u00d8 12 mm inox<\/li>\n<li>Dimension 55 mm x 78 mm<\/li>\n<\/ul>\n","protected":false},"excerpt":{"rendered":"<p>CONNECTEUR CHAINE POUR BLOQUE DISQUES B-LOCK 10 &amp; B-LOCK 14 \/ DK10 &amp; DK14 Compatibilit\u00e9 cha\u00eene \u00d8 13,5 mm et 10 mm Anse \u00d8 12 mm inox Dimension 55 mm x 78 mm<\/p>\n","protected":false},"featured_media":7896,"template":"","meta":{"_acf_changed":false,"inline_featured_image":false},"icon_library":[],"certification":[],"family":[],"product_brand":[],"product_cat":[104],"product_tag":[],"class_list":{"0":"post-7894","1":"product","2":"type-product","3":"status-publish","4":"has-post-thumbnail","6":"product_cat-accessoires-pour-antivols-moto-scooter","8":"first","9":"instock","10":"taxable","11":"shipping-taxable","12":"purchasable","13":"product-type-simple"},"acf":[],"yoast_head":"<!-- This site is optimized with the Yoast SEO plugin v27.3 - https:\/\/yoast.com\/product\/yoast-seo-wordpress\/ -->\n<title>Accessoires pour antivols moto \/ scooter - Connecteur de cha\u00eene pour bloque-disque - AUVRAY Security<\/title>\n<meta name=\"robots\" content=\"index, follow, max-snippet:-1, max-image-preview:large, max-video-preview:-1\" \/>\n<link rel=\"canonical\" href=\"https:\/\/www.auvray-security.com\/fr\/produit\/connecteur-de-chaine-pour-bloque-disque-cobdauv\/\" \/>\n<meta property=\"og:locale\" content=\"fr_FR\" \/>\n<meta property=\"og:type\" content=\"article\" \/>\n<meta property=\"og:title\" content=\"Accessoires pour antivols moto \/ scooter - Connecteur de cha\u00eene pour bloque-disque - AUVRAY Security\" \/>\n<meta property=\"og:description\" content=\"CONNECTEUR CHAINE POUR BLOQUE DISQUES B-LOCK 10 &amp; B-LOCK 14 \/ DK10 &amp; DK14 Compatibilit\u00e9 cha\u00eene \u00d8 13,5 mm et 10 mm Anse \u00d8 12 mm inox Dimension 55 mm x 78 mm\" \/>\n<meta property=\"og:url\" content=\"https:\/\/www.auvray-security.com\/fr\/produit\/connecteur-de-chaine-pour-bloque-disque-cobdauv\/\" \/>\n<meta property=\"og:site_name\" content=\"AUVRAY Security\" \/>\n<meta property=\"article:modified_time\" content=\"2026-03-29T12:12:50+00:00\" \/>\n<meta property=\"og:image\" content=\"https:\/\/www.auvray-security.com\/wp-content\/uploads\/COBDAUV-00-scaled.jpg\" \/>\n\t<meta property=\"og:image:width\" content=\"2560\" \/>\n\t<meta property=\"og:image:height\" content=\"2560\" \/>\n\t<meta property=\"og:image:type\" content=\"image\/jpeg\" \/>\n<meta name=\"twitter:card\" content=\"summary_large_image\" \/>\n<meta name=\"twitter:label1\" content=\"Dur\u00e9e de lecture estim\u00e9e\" \/>\n\t<meta name=\"twitter:data1\" content=\"1 minute\" \/>\n<script type=\"application\/ld+json\" class=\"yoast-schema-graph\">{\"@context\":\"https:\\\/\\\/schema.org\",\"@graph\":[{\"@type\":\"WebPage\",\"@id\":\"https:\\\/\\\/www.auvray-security.com\\\/fr\\\/produit\\\/connecteur-de-chaine-pour-bloque-disque-cobdauv\\\/\",\"url\":\"https:\\\/\\\/www.auvray-security.com\\\/fr\\\/produit\\\/connecteur-de-chaine-pour-bloque-disque-cobdauv\\\/\",\"name\":\"Accessoires pour antivols moto \\\/ scooter - Connecteur de cha\u00eene pour bloque-disque - AUVRAY Security\",\"isPartOf\":{\"@id\":\"https:\\\/\\\/www.auvray-security.com\\\/fr\\\/#website\"},\"primaryImageOfPage\":{\"@id\":\"https:\\\/\\\/www.auvray-security.com\\\/fr\\\/produit\\\/connecteur-de-chaine-pour-bloque-disque-cobdauv\\\/#primaryimage\"},\"image\":{\"@id\":\"https:\\\/\\\/www.auvray-security.com\\\/fr\\\/produit\\\/connecteur-de-chaine-pour-bloque-disque-cobdauv\\\/#primaryimage\"},\"thumbnailUrl\":\"https:\\\/\\\/www.auvray-security.com\\\/wp-content\\\/uploads\\\/COBDAUV-00-scaled.jpg\",\"datePublished\":\"2026-03-29T12:07:20+00:00\",\"dateModified\":\"2026-03-29T12:12:50+00:00\",\"breadcrumb\":{\"@id\":\"https:\\\/\\\/www.auvray-security.com\\\/fr\\\/produit\\\/connecteur-de-chaine-pour-bloque-disque-cobdauv\\\/#breadcrumb\"},\"inLanguage\":\"fr-FR\",\"potentialAction\":[{\"@type\":\"ReadAction\",\"target\":[\"https:\\\/\\\/www.auvray-security.com\\\/fr\\\/produit\\\/connecteur-de-chaine-pour-bloque-disque-cobdauv\\\/\"]}]},{\"@type\":\"ImageObject\",\"inLanguage\":\"fr-FR\",\"@id\":\"https:\\\/\\\/www.auvray-security.com\\\/fr\\\/produit\\\/connecteur-de-chaine-pour-bloque-disque-cobdauv\\\/#primaryimage\",\"url\":\"https:\\\/\\\/www.auvray-security.com\\\/wp-content\\\/uploads\\\/COBDAUV-00-scaled.jpg\",\"contentUrl\":\"https:\\\/\\\/www.auvray-security.com\\\/wp-content\\\/uploads\\\/COBDAUV-00-scaled.jpg\",\"width\":2560,\"height\":2560},{\"@type\":\"BreadcrumbList\",\"@id\":\"https:\\\/\\\/www.auvray-security.com\\\/fr\\\/produit\\\/connecteur-de-chaine-pour-bloque-disque-cobdauv\\\/#breadcrumb\",\"itemListElement\":[{\"@type\":\"ListItem\",\"position\":1,\"name\":\"Accueil\",\"item\":\"https:\\\/\\\/www.auvray-security.com\\\/fr\\\/\"},{\"@type\":\"ListItem\",\"position\":2,\"name\":\"Produits\",\"item\":\"https:\\\/\\\/www.auvray-security.com\\\/fr\\\/shop\\\/\"},{\"@type\":\"ListItem\",\"position\":3,\"name\":\"Antivols moto\",\"item\":\"https:\\\/\\\/www.auvray-security.com\\\/fr\\\/categorie-produit\\\/antivols-moto\\\/\"},{\"@type\":\"ListItem\",\"position\":4,\"name\":\"Accessoires pour antivols moto \\\/ scooter\",\"item\":\"https:\\\/\\\/www.auvray-security.com\\\/fr\\\/categorie-produit\\\/antivols-moto\\\/accessoires-pour-antivols-moto-scooter\\\/\"},{\"@type\":\"ListItem\",\"position\":5,\"name\":\"Connecteur de cha\u00eene pour bloque-disque\"}]},{\"@type\":\"WebSite\",\"@id\":\"https:\\\/\\\/www.auvray-security.com\\\/fr\\\/#website\",\"url\":\"https:\\\/\\\/www.auvray-security.com\\\/fr\\\/\",\"name\":\"AUVRAY Security\",\"description\":\"\",\"potentialAction\":[{\"@type\":\"SearchAction\",\"target\":{\"@type\":\"EntryPoint\",\"urlTemplate\":\"https:\\\/\\\/www.auvray-security.com\\\/fr\\\/?s={search_term_string}\"},\"query-input\":{\"@type\":\"PropertyValueSpecification\",\"valueRequired\":true,\"valueName\":\"search_term_string\"}}],\"inLanguage\":\"fr-FR\"}]}<\/script>\n<!-- \/ Yoast SEO plugin. -->","yoast_head_json":{"title":"Accessoires pour antivols moto \/ scooter - Connecteur de cha\u00eene pour bloque-disque - AUVRAY Security","robots":{"index":"index","follow":"follow","max-snippet":"max-snippet:-1","max-image-preview":"max-image-preview:large","max-video-preview":"max-video-preview:-1"},"canonical":"https:\/\/www.auvray-security.com\/fr\/produit\/connecteur-de-chaine-pour-bloque-disque-cobdauv\/","og_locale":"fr_FR","og_type":"article","og_title":"Accessoires pour antivols moto \/ scooter - Connecteur de cha\u00eene pour bloque-disque - AUVRAY Security","og_description":"CONNECTEUR CHAINE POUR BLOQUE DISQUES B-LOCK 10 &amp; B-LOCK 14 \/ DK10 &amp; DK14 Compatibilit\u00e9 cha\u00eene \u00d8 13,5 mm et 10 mm Anse \u00d8 12 mm inox Dimension 55 mm x 78 mm","og_url":"https:\/\/www.auvray-security.com\/fr\/produit\/connecteur-de-chaine-pour-bloque-disque-cobdauv\/","og_site_name":"AUVRAY Security","article_modified_time":"2026-03-29T12:12:50+00:00","og_image":[{"width":2560,"height":2560,"url":"https:\/\/www.auvray-security.com\/wp-content\/uploads\/COBDAUV-00-scaled.jpg","type":"image\/jpeg"}],"twitter_card":"summary_large_image","twitter_misc":{"Dur\u00e9e de lecture estim\u00e9e":"1 minute"},"schema":{"@context":"https:\/\/schema.org","@graph":[{"@type":"WebPage","@id":"https:\/\/www.auvray-security.com\/fr\/produit\/connecteur-de-chaine-pour-bloque-disque-cobdauv\/","url":"https:\/\/www.auvray-security.com\/fr\/produit\/connecteur-de-chaine-pour-bloque-disque-cobdauv\/","name":"Accessoires pour antivols moto \/ scooter - Connecteur de cha\u00eene pour bloque-disque - AUVRAY Security","isPartOf":{"@id":"https:\/\/www.auvray-security.com\/fr\/#website"},"primaryImageOfPage":{"@id":"https:\/\/www.auvray-security.com\/fr\/produit\/connecteur-de-chaine-pour-bloque-disque-cobdauv\/#primaryimage"},"image":{"@id":"https:\/\/www.auvray-security.com\/fr\/produit\/connecteur-de-chaine-pour-bloque-disque-cobdauv\/#primaryimage"},"thumbnailUrl":"https:\/\/www.auvray-security.com\/wp-content\/uploads\/COBDAUV-00-scaled.jpg","datePublished":"2026-03-29T12:07:20+00:00","dateModified":"2026-03-29T12:12:50+00:00","breadcrumb":{"@id":"https:\/\/www.auvray-security.com\/fr\/produit\/connecteur-de-chaine-pour-bloque-disque-cobdauv\/#breadcrumb"},"inLanguage":"fr-FR","potentialAction":[{"@type":"ReadAction","target":["https:\/\/www.auvray-security.com\/fr\/produit\/connecteur-de-chaine-pour-bloque-disque-cobdauv\/"]}]},{"@type":"ImageObject","inLanguage":"fr-FR","@id":"https:\/\/www.auvray-security.com\/fr\/produit\/connecteur-de-chaine-pour-bloque-disque-cobdauv\/#primaryimage","url":"https:\/\/www.auvray-security.com\/wp-content\/uploads\/COBDAUV-00-scaled.jpg","contentUrl":"https:\/\/www.auvray-security.com\/wp-content\/uploads\/COBDAUV-00-scaled.jpg","width":2560,"height":2560},{"@type":"BreadcrumbList","@id":"https:\/\/www.auvray-security.com\/fr\/produit\/connecteur-de-chaine-pour-bloque-disque-cobdauv\/#breadcrumb","itemListElement":[{"@type":"ListItem","position":1,"name":"Accueil","item":"https:\/\/www.auvray-security.com\/fr\/"},{"@type":"ListItem","position":2,"name":"Produits","item":"https:\/\/www.auvray-security.com\/fr\/shop\/"},{"@type":"ListItem","position":3,"name":"Antivols moto","item":"https:\/\/www.auvray-security.com\/fr\/categorie-produit\/antivols-moto\/"},{"@type":"ListItem","position":4,"name":"Accessoires pour antivols moto \/ scooter","item":"https:\/\/www.auvray-security.com\/fr\/categorie-produit\/antivols-moto\/accessoires-pour-antivols-moto-scooter\/"},{"@type":"ListItem","position":5,"name":"Connecteur de cha\u00eene pour bloque-disque"}]},{"@type":"WebSite","@id":"https:\/\/www.auvray-security.com\/fr\/#website","url":"https:\/\/www.auvray-security.com\/fr\/","name":"AUVRAY Security","description":"","potentialAction":[{"@type":"SearchAction","target":{"@type":"EntryPoint","urlTemplate":"https:\/\/www.auvray-security.com\/fr\/?s={search_term_string}"},"query-input":{"@type":"PropertyValueSpecification","valueRequired":true,"valueName":"search_term_string"}}],"inLanguage":"fr-FR"}]}},"_links":{"self":[{"href":"https:\/\/www.auvray-security.com\/fr\/wp-json\/wp\/v2\/product\/7894","targetHints":{"allow":["GET"]}}],"collection":[{"href":"https:\/\/www.auvray-security.com\/fr\/wp-json\/wp\/v2\/product"}],"about":[{"href":"https:\/\/www.auvray-security.com\/fr\/wp-json\/wp\/v2\/types\/product"}],"wp:featuredmedia":[{"embeddable":true,"href":"https:\/\/www.auvray-security.com\/fr\/wp-json\/wp\/v2\/media\/7896"}],"wp:attachment":[{"href":"https:\/\/www.auvray-security.com\/fr\/wp-json\/wp\/v2\/media?parent=7894"}],"wp:term":[{"taxonomy":"icon_library","embeddable":true,"href":"https:\/\/www.auvray-security.com\/fr\/wp-json\/wp\/v2\/icon_library?post=7894"},{"taxonomy":"certification","embeddable":true,"href":"https:\/\/www.auvray-security.com\/fr\/wp-json\/wp\/v2\/certification?post=7894"},{"taxonomy":"family","embeddable":true,"href":"https:\/\/www.auvray-security.com\/fr\/wp-json\/wp\/v2\/family?post=7894"},{"taxonomy":"product_brand","embeddable":true,"href":"https:\/\/www.auvray-security.com\/fr\/wp-json\/wp\/v2\/product_brand?post=7894"},{"taxonomy":"product_cat","embeddable":true,"href":"https:\/\/www.auvray-security.com\/fr\/wp-json\/wp\/v2\/product_cat?post=7894"},{"taxonomy":"product_tag","embeddable":true,"href":"https:\/\/www.auvray-security.com\/fr\/wp-json\/wp\/v2\/product_tag?post=7894"}],"curies":[{"name":"wp","href":"https:\/\/api.w.org\/{rel}","templated":true}]}}