{"id":7884,"date":"2026-03-29T13:54:20","date_gmt":"2026-03-29T11:54:20","guid":{"rendered":"https:\/\/www.auvray-security.com\/?post_type=product&#038;p=7884"},"modified":"2026-03-29T14:02:31","modified_gmt":"2026-03-29T12:02:31","slug":"set-evo-lock-chaine-chevo900auv85","status":"publish","type":"product","link":"https:\/\/www.auvray-security.com\/fr\/produit\/set-evo-lock-chaine-chevo900auv85\/","title":{"rendered":"SET EVO LOCK + CHA\u00ceNE"},"content":{"rendered":"<p>Ce kit comprend <strong>un antivol de cadre haute s\u00e9curit\u00e9 avec une cha\u00eene lasso \u00d8 8,5 mm Longueur 900 <\/strong><\/p>\n<p>L\u2019antivol de cadre <strong>Evolock Auvray<\/strong>, aussi appel\u00e9 antivol \u00ab\u202ffer \u00e0 cheval\u202f\u00bb, se fixe solidement aux haubans du v\u00e9lo et bloque efficacement la roue arri\u00e8re. Id\u00e9al pour vos arr\u00eats courts en ville, son syst\u00e8me simple se verrouille en quelques secondes. Toujours attach\u00e9 au cadre, il n\u2019encombre pas et vous accompagne dans tous vos trajets<\/p>\n<p><strong>Anse en Acier Haute R\u00e9sistance<\/strong><br \/>\nL\u2019antivol Evolock est dot\u00e9 d\u2019une anse en acier haute r\u00e9sistance de 9 mm de diam\u00e8tre permettant de faire passer un pneu allant jusqu\u2019\u00e0 2,3\u2019\u2019. Cette anse robuste offre une excellente protection contre les tentatives de coupe et de sciage, garantissant la s\u00e9curit\u00e9 de votre v\u00e9lo.<\/p>\n<p><strong>Corps en Acier Solide<\/strong><br \/>\nLe corps de l\u2019antivol est fabriqu\u00e9 en acier solide, offrant une durabilit\u00e9 et une robustesse accrues. Ce mat\u00e9riau r\u00e9sistant aux attaques assure une protection fiable et durable pour votre v\u00e9lo.<br \/>\nIl est \u00e9l\u00e9gamment recouvert d\u2019une coque plastique pour une belle finition sur votre v\u00e9lo.<\/p>\n<p><strong>Chaine inclus dans le kit<\/strong><b><br \/>\n<\/b>Sa conception ing\u00e9nieuse permet \u00e9galement d\u2019y connecter la <b>cha\u00eene<\/b> <strong>Lasso PLUG \u00d8 8,5 mm &#8211; longueur de 900 mm\u00a0<\/strong>pour s\u00e9curiser le v\u00e9lo \u00e0 un point fixe.<br \/>\nUn connecteur directement int\u00e9gr\u00e9 sur le cot\u00e9 de l\u2019antivol permet une fixation rapide et solide.<\/p>\n<p><strong>Certifications et Garantie<\/strong><br \/>\nL\u2019antivol Evolock est certifi\u00e9 ART**, attestant de sa haute performance en mati\u00e8re de s\u00e9curit\u00e9. Confiant dans la qualit\u00e9 de ses produits, Auvray offre une garantie de 2 ans sur cet antivol, vous assurant une protection fiable et durable.<\/p>\n<p>&nbsp;<\/p>\n","protected":false},"excerpt":{"rendered":"<p>Ce kit comprend un antivol de cadre haute s\u00e9curit\u00e9 avec une cha\u00eene lasso \u00d8 8,5 mm Longueur 900 L\u2019antivol de cadre Evolock Auvray, aussi appel\u00e9 antivol \u00ab\u202ffer \u00e0 cheval\u202f\u00bb, se fixe solidement aux haubans du v\u00e9lo et bloque efficacement la roue arri\u00e8re. Id\u00e9al pour vos arr\u00eats courts en ville, son syst\u00e8me simple se verrouille en [&hellip;]<\/p>\n","protected":false},"featured_media":7886,"template":"","meta":{"_acf_changed":false,"inline_featured_image":false},"icon_library":[60,62,71,78],"certification":[221,38,55,46,379],"family":[],"product_brand":[],"product_cat":[33,134],"product_tag":[],"class_list":{"0":"post-7884","1":"product","2":"type-product","3":"status-publish","4":"has-post-thumbnail","6":"product_cat-cables-antivols-velo-et-vae","7":"product_cat-antivols-velo-certifies-sra-art","9":"first","10":"instock","11":"taxable","12":"shipping-taxable","13":"purchasable","14":"product-type-simple"},"acf":[],"yoast_head":"<!-- This site is optimized with the Yoast SEO plugin v27.3 - https:\/\/yoast.com\/product\/yoast-seo-wordpress\/ -->\n<title>Antivols de cadre \/ Articul\u00e9s \/ C\u00e2bles \/ Spirales, Antivols v\u00e9lo certifi\u00e9s SRA ART - SET EVO LOCK + CHA\u00ceNE - AUVRAY Security<\/title>\n<meta name=\"robots\" content=\"index, follow, max-snippet:-1, max-image-preview:large, max-video-preview:-1\" \/>\n<link rel=\"canonical\" href=\"https:\/\/www.auvray-security.com\/fr\/produit\/set-evo-lock-chaine-chevo900auv85\/\" \/>\n<meta property=\"og:locale\" content=\"fr_FR\" \/>\n<meta property=\"og:type\" content=\"article\" \/>\n<meta property=\"og:title\" content=\"Antivols de cadre \/ Articul\u00e9s \/ C\u00e2bles \/ Spirales, Antivols v\u00e9lo certifi\u00e9s SRA ART - SET EVO LOCK + CHA\u00ceNE - AUVRAY Security\" \/>\n<meta property=\"og:description\" content=\"Ce kit comprend un antivol de cadre haute s\u00e9curit\u00e9 avec une cha\u00eene lasso \u00d8 8,5 mm Longueur 900 L\u2019antivol de cadre Evolock Auvray, aussi appel\u00e9 antivol \u00ab\u202ffer \u00e0 cheval\u202f\u00bb, se fixe solidement aux haubans du v\u00e9lo et bloque efficacement la roue arri\u00e8re. Id\u00e9al pour vos arr\u00eats courts en ville, son syst\u00e8me simple se verrouille en [&hellip;]\" \/>\n<meta property=\"og:url\" content=\"https:\/\/www.auvray-security.com\/fr\/produit\/set-evo-lock-chaine-chevo900auv85\/\" \/>\n<meta property=\"og:site_name\" content=\"AUVRAY Security\" \/>\n<meta property=\"article:modified_time\" content=\"2026-03-29T12:02:31+00:00\" \/>\n<meta property=\"og:image\" content=\"https:\/\/www.auvray-security.com\/wp-content\/uploads\/CHEVO900AUV85-00-scaled.jpg\" \/>\n\t<meta property=\"og:image:width\" content=\"2560\" \/>\n\t<meta property=\"og:image:height\" content=\"2560\" \/>\n\t<meta property=\"og:image:type\" content=\"image\/jpeg\" \/>\n<meta name=\"twitter:card\" content=\"summary_large_image\" \/>\n<meta name=\"twitter:label1\" content=\"Dur\u00e9e de lecture estim\u00e9e\" \/>\n\t<meta name=\"twitter:data1\" content=\"2 minutes\" \/>\n<script type=\"application\/ld+json\" class=\"yoast-schema-graph\">{\"@context\":\"https:\\\/\\\/schema.org\",\"@graph\":[{\"@type\":\"WebPage\",\"@id\":\"https:\\\/\\\/www.auvray-security.com\\\/fr\\\/produit\\\/set-evo-lock-chaine-chevo900auv85\\\/\",\"url\":\"https:\\\/\\\/www.auvray-security.com\\\/fr\\\/produit\\\/set-evo-lock-chaine-chevo900auv85\\\/\",\"name\":\"Antivols de cadre \\\/ Articul\u00e9s \\\/ C\u00e2bles \\\/ Spirales, Antivols v\u00e9lo certifi\u00e9s SRA ART - SET EVO LOCK + CHA\u00ceNE - AUVRAY Security\",\"isPartOf\":{\"@id\":\"https:\\\/\\\/www.auvray-security.com\\\/fr\\\/#website\"},\"primaryImageOfPage\":{\"@id\":\"https:\\\/\\\/www.auvray-security.com\\\/fr\\\/produit\\\/set-evo-lock-chaine-chevo900auv85\\\/#primaryimage\"},\"image\":{\"@id\":\"https:\\\/\\\/www.auvray-security.com\\\/fr\\\/produit\\\/set-evo-lock-chaine-chevo900auv85\\\/#primaryimage\"},\"thumbnailUrl\":\"https:\\\/\\\/www.auvray-security.com\\\/wp-content\\\/uploads\\\/CHEVO900AUV85-00-scaled.jpg\",\"datePublished\":\"2026-03-29T11:54:20+00:00\",\"dateModified\":\"2026-03-29T12:02:31+00:00\",\"breadcrumb\":{\"@id\":\"https:\\\/\\\/www.auvray-security.com\\\/fr\\\/produit\\\/set-evo-lock-chaine-chevo900auv85\\\/#breadcrumb\"},\"inLanguage\":\"fr-FR\",\"potentialAction\":[{\"@type\":\"ReadAction\",\"target\":[\"https:\\\/\\\/www.auvray-security.com\\\/fr\\\/produit\\\/set-evo-lock-chaine-chevo900auv85\\\/\"]}]},{\"@type\":\"ImageObject\",\"inLanguage\":\"fr-FR\",\"@id\":\"https:\\\/\\\/www.auvray-security.com\\\/fr\\\/produit\\\/set-evo-lock-chaine-chevo900auv85\\\/#primaryimage\",\"url\":\"https:\\\/\\\/www.auvray-security.com\\\/wp-content\\\/uploads\\\/CHEVO900AUV85-00-scaled.jpg\",\"contentUrl\":\"https:\\\/\\\/www.auvray-security.com\\\/wp-content\\\/uploads\\\/CHEVO900AUV85-00-scaled.jpg\",\"width\":2560,\"height\":2560},{\"@type\":\"BreadcrumbList\",\"@id\":\"https:\\\/\\\/www.auvray-security.com\\\/fr\\\/produit\\\/set-evo-lock-chaine-chevo900auv85\\\/#breadcrumb\",\"itemListElement\":[{\"@type\":\"ListItem\",\"position\":1,\"name\":\"Accueil\",\"item\":\"https:\\\/\\\/www.auvray-security.com\\\/fr\\\/\"},{\"@type\":\"ListItem\",\"position\":2,\"name\":\"Produits\",\"item\":\"https:\\\/\\\/www.auvray-security.com\\\/fr\\\/shop\\\/\"},{\"@type\":\"ListItem\",\"position\":3,\"name\":\"Antivols v\u00e9lo et VAE\",\"item\":\"https:\\\/\\\/www.auvray-security.com\\\/fr\\\/categorie-produit\\\/antivols-velo-et-vae\\\/\"},{\"@type\":\"ListItem\",\"position\":4,\"name\":\"Antivols de cadre \\\/ Articul\u00e9s \\\/ C\u00e2bles \\\/ Spirales\",\"item\":\"https:\\\/\\\/www.auvray-security.com\\\/fr\\\/categorie-produit\\\/antivols-velo-et-vae\\\/cables-antivols-velo-et-vae\\\/\"},{\"@type\":\"ListItem\",\"position\":5,\"name\":\"SET EVO LOCK + CHA\u00ceNE\"}]},{\"@type\":\"WebSite\",\"@id\":\"https:\\\/\\\/www.auvray-security.com\\\/fr\\\/#website\",\"url\":\"https:\\\/\\\/www.auvray-security.com\\\/fr\\\/\",\"name\":\"AUVRAY Security\",\"description\":\"\",\"potentialAction\":[{\"@type\":\"SearchAction\",\"target\":{\"@type\":\"EntryPoint\",\"urlTemplate\":\"https:\\\/\\\/www.auvray-security.com\\\/fr\\\/?s={search_term_string}\"},\"query-input\":{\"@type\":\"PropertyValueSpecification\",\"valueRequired\":true,\"valueName\":\"search_term_string\"}}],\"inLanguage\":\"fr-FR\"}]}<\/script>\n<!-- \/ Yoast SEO plugin. -->","yoast_head_json":{"title":"Antivols de cadre \/ Articul\u00e9s \/ C\u00e2bles \/ Spirales, Antivols v\u00e9lo certifi\u00e9s SRA ART - SET EVO LOCK + CHA\u00ceNE - AUVRAY Security","robots":{"index":"index","follow":"follow","max-snippet":"max-snippet:-1","max-image-preview":"max-image-preview:large","max-video-preview":"max-video-preview:-1"},"canonical":"https:\/\/www.auvray-security.com\/fr\/produit\/set-evo-lock-chaine-chevo900auv85\/","og_locale":"fr_FR","og_type":"article","og_title":"Antivols de cadre \/ Articul\u00e9s \/ C\u00e2bles \/ Spirales, Antivols v\u00e9lo certifi\u00e9s SRA ART - SET EVO LOCK + CHA\u00ceNE - AUVRAY Security","og_description":"Ce kit comprend un antivol de cadre haute s\u00e9curit\u00e9 avec une cha\u00eene lasso \u00d8 8,5 mm Longueur 900 L\u2019antivol de cadre Evolock Auvray, aussi appel\u00e9 antivol \u00ab\u202ffer \u00e0 cheval\u202f\u00bb, se fixe solidement aux haubans du v\u00e9lo et bloque efficacement la roue arri\u00e8re. Id\u00e9al pour vos arr\u00eats courts en ville, son syst\u00e8me simple se verrouille en [&hellip;]","og_url":"https:\/\/www.auvray-security.com\/fr\/produit\/set-evo-lock-chaine-chevo900auv85\/","og_site_name":"AUVRAY Security","article_modified_time":"2026-03-29T12:02:31+00:00","og_image":[{"width":2560,"height":2560,"url":"https:\/\/www.auvray-security.com\/wp-content\/uploads\/CHEVO900AUV85-00-scaled.jpg","type":"image\/jpeg"}],"twitter_card":"summary_large_image","twitter_misc":{"Dur\u00e9e de lecture estim\u00e9e":"2 minutes"},"schema":{"@context":"https:\/\/schema.org","@graph":[{"@type":"WebPage","@id":"https:\/\/www.auvray-security.com\/fr\/produit\/set-evo-lock-chaine-chevo900auv85\/","url":"https:\/\/www.auvray-security.com\/fr\/produit\/set-evo-lock-chaine-chevo900auv85\/","name":"Antivols de cadre \/ Articul\u00e9s \/ C\u00e2bles \/ Spirales, Antivols v\u00e9lo certifi\u00e9s SRA ART - SET EVO LOCK + CHA\u00ceNE - AUVRAY Security","isPartOf":{"@id":"https:\/\/www.auvray-security.com\/fr\/#website"},"primaryImageOfPage":{"@id":"https:\/\/www.auvray-security.com\/fr\/produit\/set-evo-lock-chaine-chevo900auv85\/#primaryimage"},"image":{"@id":"https:\/\/www.auvray-security.com\/fr\/produit\/set-evo-lock-chaine-chevo900auv85\/#primaryimage"},"thumbnailUrl":"https:\/\/www.auvray-security.com\/wp-content\/uploads\/CHEVO900AUV85-00-scaled.jpg","datePublished":"2026-03-29T11:54:20+00:00","dateModified":"2026-03-29T12:02:31+00:00","breadcrumb":{"@id":"https:\/\/www.auvray-security.com\/fr\/produit\/set-evo-lock-chaine-chevo900auv85\/#breadcrumb"},"inLanguage":"fr-FR","potentialAction":[{"@type":"ReadAction","target":["https:\/\/www.auvray-security.com\/fr\/produit\/set-evo-lock-chaine-chevo900auv85\/"]}]},{"@type":"ImageObject","inLanguage":"fr-FR","@id":"https:\/\/www.auvray-security.com\/fr\/produit\/set-evo-lock-chaine-chevo900auv85\/#primaryimage","url":"https:\/\/www.auvray-security.com\/wp-content\/uploads\/CHEVO900AUV85-00-scaled.jpg","contentUrl":"https:\/\/www.auvray-security.com\/wp-content\/uploads\/CHEVO900AUV85-00-scaled.jpg","width":2560,"height":2560},{"@type":"BreadcrumbList","@id":"https:\/\/www.auvray-security.com\/fr\/produit\/set-evo-lock-chaine-chevo900auv85\/#breadcrumb","itemListElement":[{"@type":"ListItem","position":1,"name":"Accueil","item":"https:\/\/www.auvray-security.com\/fr\/"},{"@type":"ListItem","position":2,"name":"Produits","item":"https:\/\/www.auvray-security.com\/fr\/shop\/"},{"@type":"ListItem","position":3,"name":"Antivols v\u00e9lo et VAE","item":"https:\/\/www.auvray-security.com\/fr\/categorie-produit\/antivols-velo-et-vae\/"},{"@type":"ListItem","position":4,"name":"Antivols de cadre \/ Articul\u00e9s \/ C\u00e2bles \/ Spirales","item":"https:\/\/www.auvray-security.com\/fr\/categorie-produit\/antivols-velo-et-vae\/cables-antivols-velo-et-vae\/"},{"@type":"ListItem","position":5,"name":"SET EVO LOCK + CHA\u00ceNE"}]},{"@type":"WebSite","@id":"https:\/\/www.auvray-security.com\/fr\/#website","url":"https:\/\/www.auvray-security.com\/fr\/","name":"AUVRAY Security","description":"","potentialAction":[{"@type":"SearchAction","target":{"@type":"EntryPoint","urlTemplate":"https:\/\/www.auvray-security.com\/fr\/?s={search_term_string}"},"query-input":{"@type":"PropertyValueSpecification","valueRequired":true,"valueName":"search_term_string"}}],"inLanguage":"fr-FR"}]}},"_links":{"self":[{"href":"https:\/\/www.auvray-security.com\/fr\/wp-json\/wp\/v2\/product\/7884","targetHints":{"allow":["GET"]}}],"collection":[{"href":"https:\/\/www.auvray-security.com\/fr\/wp-json\/wp\/v2\/product"}],"about":[{"href":"https:\/\/www.auvray-security.com\/fr\/wp-json\/wp\/v2\/types\/product"}],"wp:featuredmedia":[{"embeddable":true,"href":"https:\/\/www.auvray-security.com\/fr\/wp-json\/wp\/v2\/media\/7886"}],"wp:attachment":[{"href":"https:\/\/www.auvray-security.com\/fr\/wp-json\/wp\/v2\/media?parent=7884"}],"wp:term":[{"taxonomy":"icon_library","embeddable":true,"href":"https:\/\/www.auvray-security.com\/fr\/wp-json\/wp\/v2\/icon_library?post=7884"},{"taxonomy":"certification","embeddable":true,"href":"https:\/\/www.auvray-security.com\/fr\/wp-json\/wp\/v2\/certification?post=7884"},{"taxonomy":"family","embeddable":true,"href":"https:\/\/www.auvray-security.com\/fr\/wp-json\/wp\/v2\/family?post=7884"},{"taxonomy":"product_brand","embeddable":true,"href":"https:\/\/www.auvray-security.com\/fr\/wp-json\/wp\/v2\/product_brand?post=7884"},{"taxonomy":"product_cat","embeddable":true,"href":"https:\/\/www.auvray-security.com\/fr\/wp-json\/wp\/v2\/product_cat?post=7884"},{"taxonomy":"product_tag","embeddable":true,"href":"https:\/\/www.auvray-security.com\/fr\/wp-json\/wp\/v2\/product_tag?post=7884"}],"curies":[{"name":"wp","href":"https:\/\/api.w.org\/{rel}","templated":true}]}}