{"id":788,"date":"2025-01-02T20:36:49","date_gmt":"2025-01-02T19:36:49","guid":{"rendered":"https:\/\/www.auvray-security.com\/?post_type=product&#038;p=788"},"modified":"2025-12-19T13:31:22","modified_gmt":"2025-12-19T12:31:22","slug":"u-force-10-antivol-en-u-haute-securite","status":"publish","type":"product","link":"https:\/\/www.auvray-security.com\/fr\/produit\/u-force-10-antivol-en-u-haute-securite\/","title":{"rendered":"U FORCE 10"},"content":{"rendered":"<p><strong>U FORCE 10 \u2013 L\u2019efficacit\u00e9 d\u2019un antivol en U, la fiabilit\u00e9 d\u2019une marque de r\u00e9f\u00e9rence<\/strong><\/p>\n<p>Pens\u00e9 pour les motards qui exigent un haut niveau de s\u00e9curit\u00e9 sans compromis sur la praticit\u00e9, l&rsquo;antivol <strong>U FORCE 10 d\u2019AUVRAY<\/strong> incarne la solution id\u00e9ale pour dissuader toute tentative de vol. Fabriqu\u00e9 en acier c\u00e9ment\u00e9, il b\u00e9n\u00e9ficie d&rsquo;une anse de 18 mm de diam\u00e8tre, particuli\u00e8rement r\u00e9sistante aux attaques m\u00e9caniques, qu\u2019il s\u2019agisse de coupe-boulons, de levier ou de sciage. Sa conception robuste est associ\u00e9e \u00e0 une double fermeture s\u00e9curis\u00e9e, garantissant un verrouillage solide de chaque c\u00f4t\u00e9 de l\u2019anse.<\/p>\n<p>Le syst\u00e8me de serrure haute s\u00e9curit\u00e9 a \u00e9t\u00e9 d\u00e9velopp\u00e9 pour r\u00e9sister aux techniques de crochetage, et offre une excellente protection contre les manipulations frauduleuses.<\/p>\n<p><strong>Certifi\u00e9 SRA<\/strong>, le<strong> U FORCE 10<\/strong> est conforme aux exigences des compagnies d\u2019assurance, ce qui en fait un choix judicieux pour ceux qui recherchent un antivol homologu\u00e9, fiable et reconnu par les professionnels. Sa finition soign\u00e9e, avec rev\u00eatement anti-corrosion et protection en caoutchouc, garantit une durabilit\u00e9 optimale tout en pr\u00e9servant les surfaces de contact sur votre moto.<\/p>\n<p>Compact et facile \u00e0 transporter, le <strong>U FORCE 10<\/strong> s\u2019adapte \u00e0 une large gamme de deux-roues, des scooters urbains aux motos de grande cylindr\u00e9e. Sa polyvalence permet un verrouillage efficace sur disque de frein, jante ou autour d\u2019un point fixe s\u00e9curis\u00e9.<\/p>\n<p>Pens\u00e9 pour les usages intensifs et les environnements urbains \u00e0 risque, il combine ing\u00e9nierie fran\u00e7aise, r\u00e9sistance m\u00e9canique et confort d\u2019utilisation. Avec le <strong>U FORCE 10<\/strong>, la s\u00e9curit\u00e9 devient un r\u00e9flexe simple, rapide\u2026 et redoutablement dissuasif.<\/p>\n","protected":false},"excerpt":{"rendered":"<p>U FORCE 10 \u2013 L\u2019efficacit\u00e9 d\u2019un antivol en U, la fiabilit\u00e9 d\u2019une marque de r\u00e9f\u00e9rence Pens\u00e9 pour les motards qui exigent un haut niveau de s\u00e9curit\u00e9 sans compromis sur la praticit\u00e9, l&rsquo;antivol U FORCE 10 d\u2019AUVRAY incarne la solution id\u00e9ale pour dissuader toute tentative de vol. Fabriqu\u00e9 en acier c\u00e9ment\u00e9, il b\u00e9n\u00e9ficie d&rsquo;une anse de [&hellip;]<\/p>\n","protected":false},"featured_media":1212,"template":"","meta":{"_acf_changed":false,"inline_featured_image":false},"icon_library":[],"certification":[217,38,50,49,39],"family":[300],"product_brand":[],"product_cat":[20,133],"product_tag":[106],"class_list":{"0":"post-788","1":"product","2":"type-product","3":"status-publish","4":"has-post-thumbnail","6":"family-antivol_u","7":"product_cat-antivols-en-u","8":"product_cat-antivols-moto-certifies-sra-art","9":"product_tag-100-securite-assurances-sra","11":"first","12":"instock","13":"taxable","14":"shipping-taxable","15":"purchasable","16":"product-type-variable","17":"has-default-attributes"},"acf":[],"yoast_head":"<!-- This site is optimized with the Yoast SEO plugin v27.3 - https:\/\/yoast.com\/product\/yoast-seo-wordpress\/ -->\n<title>Antivols en U classe SRA, Antivols moto certifi\u00e9s SRA ART - U FORCE 10 - AUVRAY Security<\/title>\n<meta name=\"robots\" content=\"index, follow, max-snippet:-1, max-image-preview:large, max-video-preview:-1\" \/>\n<link rel=\"canonical\" href=\"https:\/\/www.auvray-security.com\/fr\/produit\/u-force-10-antivol-en-u-haute-securite\/\" \/>\n<meta property=\"og:locale\" content=\"fr_FR\" \/>\n<meta property=\"og:type\" content=\"article\" \/>\n<meta property=\"og:title\" content=\"Antivols en U classe SRA, Antivols moto certifi\u00e9s SRA ART - U FORCE 10 - AUVRAY Security\" \/>\n<meta property=\"og:description\" content=\"U FORCE 10 \u2013 L\u2019efficacit\u00e9 d\u2019un antivol en U, la fiabilit\u00e9 d\u2019une marque de r\u00e9f\u00e9rence Pens\u00e9 pour les motards qui exigent un haut niveau de s\u00e9curit\u00e9 sans compromis sur la praticit\u00e9, l&rsquo;antivol U FORCE 10 d\u2019AUVRAY incarne la solution id\u00e9ale pour dissuader toute tentative de vol. Fabriqu\u00e9 en acier c\u00e9ment\u00e9, il b\u00e9n\u00e9ficie d&rsquo;une anse de [&hellip;]\" \/>\n<meta property=\"og:url\" content=\"https:\/\/www.auvray-security.com\/fr\/produit\/u-force-10-antivol-en-u-haute-securite\/\" \/>\n<meta property=\"og:site_name\" content=\"AUVRAY Security\" \/>\n<meta property=\"article:modified_time\" content=\"2025-12-19T12:31:22+00:00\" \/>\n<meta property=\"og:image\" content=\"https:\/\/www.auvray-security.com\/wp-content\/uploads\/u-force-10-antivol-en-u-haute-securite-00.jpg\" \/>\n\t<meta property=\"og:image:width\" content=\"1500\" \/>\n\t<meta property=\"og:image:height\" content=\"1501\" \/>\n\t<meta property=\"og:image:type\" content=\"image\/jpeg\" \/>\n<meta name=\"twitter:card\" content=\"summary_large_image\" \/>\n<meta name=\"twitter:label1\" content=\"Dur\u00e9e de lecture estim\u00e9e\" \/>\n\t<meta name=\"twitter:data1\" content=\"2 minutes\" \/>\n<script type=\"application\/ld+json\" class=\"yoast-schema-graph\">{\"@context\":\"https:\\\/\\\/schema.org\",\"@graph\":[{\"@type\":\"WebPage\",\"@id\":\"https:\\\/\\\/www.auvray-security.com\\\/fr\\\/produit\\\/u-force-10-antivol-en-u-haute-securite\\\/\",\"url\":\"https:\\\/\\\/www.auvray-security.com\\\/fr\\\/produit\\\/u-force-10-antivol-en-u-haute-securite\\\/\",\"name\":\"Antivols en U classe SRA, Antivols moto certifi\u00e9s SRA ART - U FORCE 10 - AUVRAY Security\",\"isPartOf\":{\"@id\":\"https:\\\/\\\/www.auvray-security.com\\\/fr\\\/#website\"},\"primaryImageOfPage\":{\"@id\":\"https:\\\/\\\/www.auvray-security.com\\\/fr\\\/produit\\\/u-force-10-antivol-en-u-haute-securite\\\/#primaryimage\"},\"image\":{\"@id\":\"https:\\\/\\\/www.auvray-security.com\\\/fr\\\/produit\\\/u-force-10-antivol-en-u-haute-securite\\\/#primaryimage\"},\"thumbnailUrl\":\"https:\\\/\\\/www.auvray-security.com\\\/wp-content\\\/uploads\\\/u-force-10-antivol-en-u-haute-securite-00.jpg\",\"datePublished\":\"2025-01-02T19:36:49+00:00\",\"dateModified\":\"2025-12-19T12:31:22+00:00\",\"breadcrumb\":{\"@id\":\"https:\\\/\\\/www.auvray-security.com\\\/fr\\\/produit\\\/u-force-10-antivol-en-u-haute-securite\\\/#breadcrumb\"},\"inLanguage\":\"fr-FR\",\"potentialAction\":[{\"@type\":\"ReadAction\",\"target\":[\"https:\\\/\\\/www.auvray-security.com\\\/fr\\\/produit\\\/u-force-10-antivol-en-u-haute-securite\\\/\"]}]},{\"@type\":\"ImageObject\",\"inLanguage\":\"fr-FR\",\"@id\":\"https:\\\/\\\/www.auvray-security.com\\\/fr\\\/produit\\\/u-force-10-antivol-en-u-haute-securite\\\/#primaryimage\",\"url\":\"https:\\\/\\\/www.auvray-security.com\\\/wp-content\\\/uploads\\\/u-force-10-antivol-en-u-haute-securite-00.jpg\",\"contentUrl\":\"https:\\\/\\\/www.auvray-security.com\\\/wp-content\\\/uploads\\\/u-force-10-antivol-en-u-haute-securite-00.jpg\",\"width\":1500,\"height\":1501},{\"@type\":\"BreadcrumbList\",\"@id\":\"https:\\\/\\\/www.auvray-security.com\\\/fr\\\/produit\\\/u-force-10-antivol-en-u-haute-securite\\\/#breadcrumb\",\"itemListElement\":[{\"@type\":\"ListItem\",\"position\":1,\"name\":\"Accueil\",\"item\":\"https:\\\/\\\/www.auvray-security.com\\\/fr\\\/\"},{\"@type\":\"ListItem\",\"position\":2,\"name\":\"Produits\",\"item\":\"https:\\\/\\\/www.auvray-security.com\\\/fr\\\/shop\\\/\"},{\"@type\":\"ListItem\",\"position\":3,\"name\":\"Antivols moto\",\"item\":\"https:\\\/\\\/www.auvray-security.com\\\/fr\\\/categorie-produit\\\/antivols-moto\\\/\"},{\"@type\":\"ListItem\",\"position\":4,\"name\":\"Antivols en U classe SRA\",\"item\":\"https:\\\/\\\/www.auvray-security.com\\\/fr\\\/categorie-produit\\\/antivols-moto\\\/antivols-en-u\\\/\"},{\"@type\":\"ListItem\",\"position\":5,\"name\":\"U FORCE 10\"}]},{\"@type\":\"WebSite\",\"@id\":\"https:\\\/\\\/www.auvray-security.com\\\/fr\\\/#website\",\"url\":\"https:\\\/\\\/www.auvray-security.com\\\/fr\\\/\",\"name\":\"AUVRAY Security\",\"description\":\"\",\"potentialAction\":[{\"@type\":\"SearchAction\",\"target\":{\"@type\":\"EntryPoint\",\"urlTemplate\":\"https:\\\/\\\/www.auvray-security.com\\\/fr\\\/?s={search_term_string}\"},\"query-input\":{\"@type\":\"PropertyValueSpecification\",\"valueRequired\":true,\"valueName\":\"search_term_string\"}}],\"inLanguage\":\"fr-FR\"}]}<\/script>\n<!-- \/ Yoast SEO plugin. -->","yoast_head_json":{"title":"Antivols en U classe SRA, Antivols moto certifi\u00e9s SRA ART - U FORCE 10 - AUVRAY Security","robots":{"index":"index","follow":"follow","max-snippet":"max-snippet:-1","max-image-preview":"max-image-preview:large","max-video-preview":"max-video-preview:-1"},"canonical":"https:\/\/www.auvray-security.com\/fr\/produit\/u-force-10-antivol-en-u-haute-securite\/","og_locale":"fr_FR","og_type":"article","og_title":"Antivols en U classe SRA, Antivols moto certifi\u00e9s SRA ART - U FORCE 10 - AUVRAY Security","og_description":"U FORCE 10 \u2013 L\u2019efficacit\u00e9 d\u2019un antivol en U, la fiabilit\u00e9 d\u2019une marque de r\u00e9f\u00e9rence Pens\u00e9 pour les motards qui exigent un haut niveau de s\u00e9curit\u00e9 sans compromis sur la praticit\u00e9, l&rsquo;antivol U FORCE 10 d\u2019AUVRAY incarne la solution id\u00e9ale pour dissuader toute tentative de vol. Fabriqu\u00e9 en acier c\u00e9ment\u00e9, il b\u00e9n\u00e9ficie d&rsquo;une anse de [&hellip;]","og_url":"https:\/\/www.auvray-security.com\/fr\/produit\/u-force-10-antivol-en-u-haute-securite\/","og_site_name":"AUVRAY Security","article_modified_time":"2025-12-19T12:31:22+00:00","og_image":[{"width":1500,"height":1501,"url":"https:\/\/www.auvray-security.com\/wp-content\/uploads\/u-force-10-antivol-en-u-haute-securite-00.jpg","type":"image\/jpeg"}],"twitter_card":"summary_large_image","twitter_misc":{"Dur\u00e9e de lecture estim\u00e9e":"2 minutes"},"schema":{"@context":"https:\/\/schema.org","@graph":[{"@type":"WebPage","@id":"https:\/\/www.auvray-security.com\/fr\/produit\/u-force-10-antivol-en-u-haute-securite\/","url":"https:\/\/www.auvray-security.com\/fr\/produit\/u-force-10-antivol-en-u-haute-securite\/","name":"Antivols en U classe SRA, Antivols moto certifi\u00e9s SRA ART - U FORCE 10 - AUVRAY Security","isPartOf":{"@id":"https:\/\/www.auvray-security.com\/fr\/#website"},"primaryImageOfPage":{"@id":"https:\/\/www.auvray-security.com\/fr\/produit\/u-force-10-antivol-en-u-haute-securite\/#primaryimage"},"image":{"@id":"https:\/\/www.auvray-security.com\/fr\/produit\/u-force-10-antivol-en-u-haute-securite\/#primaryimage"},"thumbnailUrl":"https:\/\/www.auvray-security.com\/wp-content\/uploads\/u-force-10-antivol-en-u-haute-securite-00.jpg","datePublished":"2025-01-02T19:36:49+00:00","dateModified":"2025-12-19T12:31:22+00:00","breadcrumb":{"@id":"https:\/\/www.auvray-security.com\/fr\/produit\/u-force-10-antivol-en-u-haute-securite\/#breadcrumb"},"inLanguage":"fr-FR","potentialAction":[{"@type":"ReadAction","target":["https:\/\/www.auvray-security.com\/fr\/produit\/u-force-10-antivol-en-u-haute-securite\/"]}]},{"@type":"ImageObject","inLanguage":"fr-FR","@id":"https:\/\/www.auvray-security.com\/fr\/produit\/u-force-10-antivol-en-u-haute-securite\/#primaryimage","url":"https:\/\/www.auvray-security.com\/wp-content\/uploads\/u-force-10-antivol-en-u-haute-securite-00.jpg","contentUrl":"https:\/\/www.auvray-security.com\/wp-content\/uploads\/u-force-10-antivol-en-u-haute-securite-00.jpg","width":1500,"height":1501},{"@type":"BreadcrumbList","@id":"https:\/\/www.auvray-security.com\/fr\/produit\/u-force-10-antivol-en-u-haute-securite\/#breadcrumb","itemListElement":[{"@type":"ListItem","position":1,"name":"Accueil","item":"https:\/\/www.auvray-security.com\/fr\/"},{"@type":"ListItem","position":2,"name":"Produits","item":"https:\/\/www.auvray-security.com\/fr\/shop\/"},{"@type":"ListItem","position":3,"name":"Antivols moto","item":"https:\/\/www.auvray-security.com\/fr\/categorie-produit\/antivols-moto\/"},{"@type":"ListItem","position":4,"name":"Antivols en U classe SRA","item":"https:\/\/www.auvray-security.com\/fr\/categorie-produit\/antivols-moto\/antivols-en-u\/"},{"@type":"ListItem","position":5,"name":"U FORCE 10"}]},{"@type":"WebSite","@id":"https:\/\/www.auvray-security.com\/fr\/#website","url":"https:\/\/www.auvray-security.com\/fr\/","name":"AUVRAY Security","description":"","potentialAction":[{"@type":"SearchAction","target":{"@type":"EntryPoint","urlTemplate":"https:\/\/www.auvray-security.com\/fr\/?s={search_term_string}"},"query-input":{"@type":"PropertyValueSpecification","valueRequired":true,"valueName":"search_term_string"}}],"inLanguage":"fr-FR"}]}},"_links":{"self":[{"href":"https:\/\/www.auvray-security.com\/fr\/wp-json\/wp\/v2\/product\/788","targetHints":{"allow":["GET"]}}],"collection":[{"href":"https:\/\/www.auvray-security.com\/fr\/wp-json\/wp\/v2\/product"}],"about":[{"href":"https:\/\/www.auvray-security.com\/fr\/wp-json\/wp\/v2\/types\/product"}],"wp:featuredmedia":[{"embeddable":true,"href":"https:\/\/www.auvray-security.com\/fr\/wp-json\/wp\/v2\/media\/1212"}],"wp:attachment":[{"href":"https:\/\/www.auvray-security.com\/fr\/wp-json\/wp\/v2\/media?parent=788"}],"wp:term":[{"taxonomy":"icon_library","embeddable":true,"href":"https:\/\/www.auvray-security.com\/fr\/wp-json\/wp\/v2\/icon_library?post=788"},{"taxonomy":"certification","embeddable":true,"href":"https:\/\/www.auvray-security.com\/fr\/wp-json\/wp\/v2\/certification?post=788"},{"taxonomy":"family","embeddable":true,"href":"https:\/\/www.auvray-security.com\/fr\/wp-json\/wp\/v2\/family?post=788"},{"taxonomy":"product_brand","embeddable":true,"href":"https:\/\/www.auvray-security.com\/fr\/wp-json\/wp\/v2\/product_brand?post=788"},{"taxonomy":"product_cat","embeddable":true,"href":"https:\/\/www.auvray-security.com\/fr\/wp-json\/wp\/v2\/product_cat?post=788"},{"taxonomy":"product_tag","embeddable":true,"href":"https:\/\/www.auvray-security.com\/fr\/wp-json\/wp\/v2\/product_tag?post=788"}],"curies":[{"name":"wp","href":"https:\/\/api.w.org\/{rel}","templated":true}]}}