{"id":7807,"date":"2026-03-28T13:03:04","date_gmt":"2026-03-28T12:03:04","guid":{"rendered":"https:\/\/www.auvray-security.com\/?post_type=product&#038;p=7807"},"modified":"2026-03-28T18:35:38","modified_gmt":"2026-03-28T17:35:38","slug":"city-lock-360-pro-fl90-avec-support","status":"publish","type":"product","link":"https:\/\/www.auvray-security.com\/fr\/produit\/city-lock-360-pro-fl90-avec-support\/","title":{"rendered":"CITY LOCK 360 PRO &#8211; FL90 &#8211; avec support"},"content":{"rendered":"<p>Prot\u00e9gez votre V\u00e9lo avec l\u2019Antivol Pliant City Lock 360 Pro<br \/>\nLe City Lock 360 pro de Auvray est con\u00e7u pour offrir une protection efficace et pratique contre les tentatives de vol. D\u00e9couvrez pourquoi le City Lock 360 Pro est le choix id\u00e9al pour s\u00e9curiser votre v\u00e9lo en milieu urbain.<\/p>\n<p><b>T\u00eate rotative \u00e0 360\u00b0<\/b><\/p>\n<p>Le City lock 360 pro est \u00e9quip\u00e9 d\u2019une t\u00eate rotative \u00e0 360\u00b0 permettant de fermer l\u2019antivol dans toutes les positions. Vous b\u00e9n\u00e9ficiez ainsi de 100% de la taille de votre antivol.<\/p>\n<p><b>Articulation Robuste<\/b><br \/>\nLe City Lock 360 Pro est \u00e9quip\u00e9 d\u2019articulation solides de 7,5 mm de diam\u00e8tre, offrant une r\u00e9sistance accrue contre les tentatives de coupe et de sciage. Ces articulations sont con\u00e7ues pour r\u00e9sister aux m\u00e9thodes de vol les plus courantes, garantissant la s\u00e9curit\u00e9 de votre v\u00e9lo. Elles lui permettent d\u2019\u00eatre certifi\u00e9 ART**.<\/p>\n<p><b>Finition Nylon Noire Mat<\/b><br \/>\nL\u2019antivol pliant City Lock pr\u00e9sente une finition en nylon noire mat, qui non seulement lui conf\u00e8re un aspect \u00e9l\u00e9gant, mais prot\u00e8ge \u00e9galement votre v\u00e9lo des rayures et des dommages. Cette finition durable assure une utilisation prolong\u00e9e sans compromettre l\u2019apparence de votre antivol.<\/p>\n<p><b>Serrure \u00e0 fermeture automatique<\/b><br \/>\nLe simple fait de rapprocher la barre de la serrure fermera automatiquement la serrure et lib\u00e8rera la cl\u00e9.<\/p>\n<p><b>Longueur Optimale<\/b><br \/>\nAvec une longueur confortable de 90 cm, le City Lock 360 Pro permet de fixer facilement votre cadre et vos roues \u00e0 un support fixe, augmentant ainsi la protection contre le vol.<\/p>\n<p><b>Support Universel Fournie<\/b><br \/>\nLe City Lock 360 Pro est livr\u00e9 avec un support se fixant via les vis du porte bidon ou un syst\u00e8me de scratch. L\u2019antivol fix\u00e9 directement sur votre v\u00e9lo est ainsi rapide d\u2019acc\u00e8s et facile \u00e0 utiliser.<\/p>\n<p><b>L\u00e9ger et Pratique<\/b><br \/>\nPesant seulement 1,230 grammes, le City Lock 360 Pro est l\u00e9ger et facile \u00e0 manipuler. Sa conception pliable permet un rangement compact, le rendant id\u00e9al pour une utilisation quotidienne en ville sans encombrement.<\/p>\n<p><b>Accessoires Pratiques<\/b><br \/>\nL\u2019antivol pliant City Lock 360 Pro est livr\u00e9 avec 2 cl\u00e9s, assurant que vous avez toujours une cl\u00e9 de rechange \u00e0 port\u00e9e de main. Chaque cl\u00e9 est con\u00e7ue pour offrir une s\u00e9curit\u00e9 maximale et une utilisation pratique au quotidien.<\/p>\n<p><b>Certifications et Garantie<\/b><br \/>\nL\u2019antivol City lock 360 Pro est certifi\u00e9 ART**, attestant de sa haute performance en mati\u00e8re de s\u00e9curit\u00e9. Confiant dans la qualit\u00e9 de ses produits, Auvray offre une garantie de 2 ans sur cet antivol, vous assurant une protection fiable et durable.<\/p>\n","protected":false},"excerpt":{"rendered":"<p>Prot\u00e9gez votre V\u00e9lo avec l\u2019Antivol Pliant City Lock 360 Pro Le City Lock 360 pro de Auvray est con\u00e7u pour offrir une protection efficace et pratique contre les tentatives de vol. D\u00e9couvrez pourquoi le City Lock 360 Pro est le choix id\u00e9al pour s\u00e9curiser votre v\u00e9lo en milieu urbain. T\u00eate rotative \u00e0 360\u00b0 Le City [&hellip;]<\/p>\n","protected":false},"featured_media":7813,"template":"","meta":{"_acf_changed":false,"inline_featured_image":false},"icon_library":[62,63,70,79,57,86],"certification":[220,38,55,47,379],"family":[],"product_brand":[],"product_cat":[134,107],"product_tag":[377],"class_list":{"0":"post-7807","1":"product","2":"type-product","3":"status-publish","4":"has-post-thumbnail","6":"product_cat-antivols-velo-certifies-sra-art","7":"product_cat-pliants-antivols-velo-et-vae","8":"product_tag-nouveaute-2026","10":"first","11":"instock","12":"taxable","13":"shipping-taxable","14":"purchasable","15":"product-type-simple"},"acf":[],"yoast_head":"<!-- This site is optimized with the Yoast SEO plugin v27.5 - https:\/\/yoast.com\/product\/yoast-seo-wordpress\/ -->\n<title>Antivols v\u00e9lo certifi\u00e9s SRA ART, Pliants - CITY LOCK 360 PRO - FL90 - avec support - AUVRAY Security<\/title>\n<meta name=\"robots\" content=\"index, follow, max-snippet:-1, max-image-preview:large, max-video-preview:-1\" \/>\n<link rel=\"canonical\" href=\"https:\/\/www.auvray-security.com\/fr\/produit\/city-lock-360-pro-fl90-avec-support\/\" \/>\n<meta property=\"og:locale\" content=\"fr_FR\" \/>\n<meta property=\"og:type\" content=\"article\" \/>\n<meta property=\"og:title\" content=\"Antivols v\u00e9lo certifi\u00e9s SRA ART, Pliants - CITY LOCK 360 PRO - FL90 - avec support - AUVRAY Security\" \/>\n<meta property=\"og:description\" content=\"Prot\u00e9gez votre V\u00e9lo avec l\u2019Antivol Pliant City Lock 360 Pro Le City Lock 360 pro de Auvray est con\u00e7u pour offrir une protection efficace et pratique contre les tentatives de vol. D\u00e9couvrez pourquoi le City Lock 360 Pro est le choix id\u00e9al pour s\u00e9curiser votre v\u00e9lo en milieu urbain. T\u00eate rotative \u00e0 360\u00b0 Le City [&hellip;]\" \/>\n<meta property=\"og:url\" content=\"https:\/\/www.auvray-security.com\/fr\/produit\/city-lock-360-pro-fl90-avec-support\/\" \/>\n<meta property=\"og:site_name\" content=\"AUVRAY Security\" \/>\n<meta property=\"article:modified_time\" content=\"2026-03-28T17:35:38+00:00\" \/>\n<meta property=\"og:image\" content=\"https:\/\/www.auvray-security.com\/wp-content\/uploads\/FL90PROAUV-00.jpg\" \/>\n\t<meta property=\"og:image:width\" content=\"1\" \/>\n\t<meta property=\"og:image:height\" content=\"1\" \/>\n\t<meta property=\"og:image:type\" content=\"image\/jpeg\" \/>\n<meta name=\"twitter:card\" content=\"summary_large_image\" \/>\n<meta name=\"twitter:label1\" content=\"Dur\u00e9e de lecture estim\u00e9e\" \/>\n\t<meta name=\"twitter:data1\" content=\"3 minutes\" \/>\n<script type=\"application\/ld+json\" class=\"yoast-schema-graph\">{\"@context\":\"https:\\\/\\\/schema.org\",\"@graph\":[{\"@type\":\"WebPage\",\"@id\":\"https:\\\/\\\/www.auvray-security.com\\\/fr\\\/produit\\\/city-lock-360-pro-fl90-avec-support\\\/\",\"url\":\"https:\\\/\\\/www.auvray-security.com\\\/fr\\\/produit\\\/city-lock-360-pro-fl90-avec-support\\\/\",\"name\":\"Antivols v\u00e9lo certifi\u00e9s SRA ART, Pliants - CITY LOCK 360 PRO - FL90 - avec support - AUVRAY Security\",\"isPartOf\":{\"@id\":\"https:\\\/\\\/www.auvray-security.com\\\/fr\\\/#website\"},\"primaryImageOfPage\":{\"@id\":\"https:\\\/\\\/www.auvray-security.com\\\/fr\\\/produit\\\/city-lock-360-pro-fl90-avec-support\\\/#primaryimage\"},\"image\":{\"@id\":\"https:\\\/\\\/www.auvray-security.com\\\/fr\\\/produit\\\/city-lock-360-pro-fl90-avec-support\\\/#primaryimage\"},\"thumbnailUrl\":\"https:\\\/\\\/www.auvray-security.com\\\/wp-content\\\/uploads\\\/FL90PROAUV-00.jpg\",\"datePublished\":\"2026-03-28T12:03:04+00:00\",\"dateModified\":\"2026-03-28T17:35:38+00:00\",\"breadcrumb\":{\"@id\":\"https:\\\/\\\/www.auvray-security.com\\\/fr\\\/produit\\\/city-lock-360-pro-fl90-avec-support\\\/#breadcrumb\"},\"inLanguage\":\"fr-FR\",\"potentialAction\":[{\"@type\":\"ReadAction\",\"target\":[\"https:\\\/\\\/www.auvray-security.com\\\/fr\\\/produit\\\/city-lock-360-pro-fl90-avec-support\\\/\"]}]},{\"@type\":\"ImageObject\",\"inLanguage\":\"fr-FR\",\"@id\":\"https:\\\/\\\/www.auvray-security.com\\\/fr\\\/produit\\\/city-lock-360-pro-fl90-avec-support\\\/#primaryimage\",\"url\":\"https:\\\/\\\/www.auvray-security.com\\\/wp-content\\\/uploads\\\/FL90PROAUV-00.jpg\",\"contentUrl\":\"https:\\\/\\\/www.auvray-security.com\\\/wp-content\\\/uploads\\\/FL90PROAUV-00.jpg\"},{\"@type\":\"BreadcrumbList\",\"@id\":\"https:\\\/\\\/www.auvray-security.com\\\/fr\\\/produit\\\/city-lock-360-pro-fl90-avec-support\\\/#breadcrumb\",\"itemListElement\":[{\"@type\":\"ListItem\",\"position\":1,\"name\":\"Accueil\",\"item\":\"https:\\\/\\\/www.auvray-security.com\\\/fr\\\/\"},{\"@type\":\"ListItem\",\"position\":2,\"name\":\"Produits\",\"item\":\"https:\\\/\\\/www.auvray-security.com\\\/fr\\\/shop\\\/\"},{\"@type\":\"ListItem\",\"position\":3,\"name\":\"Antivols v\u00e9lo et VAE\",\"item\":\"https:\\\/\\\/www.auvray-security.com\\\/fr\\\/categorie-produit\\\/antivols-velo-et-vae\\\/\"},{\"@type\":\"ListItem\",\"position\":4,\"name\":\"Pliants\",\"item\":\"https:\\\/\\\/www.auvray-security.com\\\/fr\\\/categorie-produit\\\/antivols-velo-et-vae\\\/pliants-antivols-velo-et-vae\\\/\"},{\"@type\":\"ListItem\",\"position\":5,\"name\":\"CITY LOCK 360 PRO &#8211; FL90 &#8211; avec support\"}]},{\"@type\":\"WebSite\",\"@id\":\"https:\\\/\\\/www.auvray-security.com\\\/fr\\\/#website\",\"url\":\"https:\\\/\\\/www.auvray-security.com\\\/fr\\\/\",\"name\":\"AUVRAY Security\",\"description\":\"\",\"potentialAction\":[{\"@type\":\"SearchAction\",\"target\":{\"@type\":\"EntryPoint\",\"urlTemplate\":\"https:\\\/\\\/www.auvray-security.com\\\/fr\\\/?s={search_term_string}\"},\"query-input\":{\"@type\":\"PropertyValueSpecification\",\"valueRequired\":true,\"valueName\":\"search_term_string\"}}],\"inLanguage\":\"fr-FR\"}]}<\/script>\n<!-- \/ Yoast SEO plugin. -->","yoast_head_json":{"title":"Antivols v\u00e9lo certifi\u00e9s SRA ART, Pliants - CITY LOCK 360 PRO - FL90 - avec support - AUVRAY Security","robots":{"index":"index","follow":"follow","max-snippet":"max-snippet:-1","max-image-preview":"max-image-preview:large","max-video-preview":"max-video-preview:-1"},"canonical":"https:\/\/www.auvray-security.com\/fr\/produit\/city-lock-360-pro-fl90-avec-support\/","og_locale":"fr_FR","og_type":"article","og_title":"Antivols v\u00e9lo certifi\u00e9s SRA ART, Pliants - CITY LOCK 360 PRO - FL90 - avec support - AUVRAY Security","og_description":"Prot\u00e9gez votre V\u00e9lo avec l\u2019Antivol Pliant City Lock 360 Pro Le City Lock 360 pro de Auvray est con\u00e7u pour offrir une protection efficace et pratique contre les tentatives de vol. D\u00e9couvrez pourquoi le City Lock 360 Pro est le choix id\u00e9al pour s\u00e9curiser votre v\u00e9lo en milieu urbain. T\u00eate rotative \u00e0 360\u00b0 Le City [&hellip;]","og_url":"https:\/\/www.auvray-security.com\/fr\/produit\/city-lock-360-pro-fl90-avec-support\/","og_site_name":"AUVRAY Security","article_modified_time":"2026-03-28T17:35:38+00:00","og_image":[{"url":"https:\/\/www.auvray-security.com\/wp-content\/uploads\/FL90PROAUV-00.jpg","width":1,"height":1,"type":"image\/jpeg"}],"twitter_card":"summary_large_image","twitter_misc":{"Dur\u00e9e de lecture estim\u00e9e":"3 minutes"},"schema":{"@context":"https:\/\/schema.org","@graph":[{"@type":"WebPage","@id":"https:\/\/www.auvray-security.com\/fr\/produit\/city-lock-360-pro-fl90-avec-support\/","url":"https:\/\/www.auvray-security.com\/fr\/produit\/city-lock-360-pro-fl90-avec-support\/","name":"Antivols v\u00e9lo certifi\u00e9s SRA ART, Pliants - CITY LOCK 360 PRO - FL90 - avec support - AUVRAY Security","isPartOf":{"@id":"https:\/\/www.auvray-security.com\/fr\/#website"},"primaryImageOfPage":{"@id":"https:\/\/www.auvray-security.com\/fr\/produit\/city-lock-360-pro-fl90-avec-support\/#primaryimage"},"image":{"@id":"https:\/\/www.auvray-security.com\/fr\/produit\/city-lock-360-pro-fl90-avec-support\/#primaryimage"},"thumbnailUrl":"https:\/\/www.auvray-security.com\/wp-content\/uploads\/FL90PROAUV-00.jpg","datePublished":"2026-03-28T12:03:04+00:00","dateModified":"2026-03-28T17:35:38+00:00","breadcrumb":{"@id":"https:\/\/www.auvray-security.com\/fr\/produit\/city-lock-360-pro-fl90-avec-support\/#breadcrumb"},"inLanguage":"fr-FR","potentialAction":[{"@type":"ReadAction","target":["https:\/\/www.auvray-security.com\/fr\/produit\/city-lock-360-pro-fl90-avec-support\/"]}]},{"@type":"ImageObject","inLanguage":"fr-FR","@id":"https:\/\/www.auvray-security.com\/fr\/produit\/city-lock-360-pro-fl90-avec-support\/#primaryimage","url":"https:\/\/www.auvray-security.com\/wp-content\/uploads\/FL90PROAUV-00.jpg","contentUrl":"https:\/\/www.auvray-security.com\/wp-content\/uploads\/FL90PROAUV-00.jpg"},{"@type":"BreadcrumbList","@id":"https:\/\/www.auvray-security.com\/fr\/produit\/city-lock-360-pro-fl90-avec-support\/#breadcrumb","itemListElement":[{"@type":"ListItem","position":1,"name":"Accueil","item":"https:\/\/www.auvray-security.com\/fr\/"},{"@type":"ListItem","position":2,"name":"Produits","item":"https:\/\/www.auvray-security.com\/fr\/shop\/"},{"@type":"ListItem","position":3,"name":"Antivols v\u00e9lo et VAE","item":"https:\/\/www.auvray-security.com\/fr\/categorie-produit\/antivols-velo-et-vae\/"},{"@type":"ListItem","position":4,"name":"Pliants","item":"https:\/\/www.auvray-security.com\/fr\/categorie-produit\/antivols-velo-et-vae\/pliants-antivols-velo-et-vae\/"},{"@type":"ListItem","position":5,"name":"CITY LOCK 360 PRO &#8211; FL90 &#8211; avec support"}]},{"@type":"WebSite","@id":"https:\/\/www.auvray-security.com\/fr\/#website","url":"https:\/\/www.auvray-security.com\/fr\/","name":"AUVRAY Security","description":"","potentialAction":[{"@type":"SearchAction","target":{"@type":"EntryPoint","urlTemplate":"https:\/\/www.auvray-security.com\/fr\/?s={search_term_string}"},"query-input":{"@type":"PropertyValueSpecification","valueRequired":true,"valueName":"search_term_string"}}],"inLanguage":"fr-FR"}]}},"_links":{"self":[{"href":"https:\/\/www.auvray-security.com\/fr\/wp-json\/wp\/v2\/product\/7807","targetHints":{"allow":["GET"]}}],"collection":[{"href":"https:\/\/www.auvray-security.com\/fr\/wp-json\/wp\/v2\/product"}],"about":[{"href":"https:\/\/www.auvray-security.com\/fr\/wp-json\/wp\/v2\/types\/product"}],"wp:featuredmedia":[{"embeddable":true,"href":"https:\/\/www.auvray-security.com\/fr\/wp-json\/wp\/v2\/media\/7813"}],"wp:attachment":[{"href":"https:\/\/www.auvray-security.com\/fr\/wp-json\/wp\/v2\/media?parent=7807"}],"wp:term":[{"taxonomy":"icon_library","embeddable":true,"href":"https:\/\/www.auvray-security.com\/fr\/wp-json\/wp\/v2\/icon_library?post=7807"},{"taxonomy":"certification","embeddable":true,"href":"https:\/\/www.auvray-security.com\/fr\/wp-json\/wp\/v2\/certification?post=7807"},{"taxonomy":"family","embeddable":true,"href":"https:\/\/www.auvray-security.com\/fr\/wp-json\/wp\/v2\/family?post=7807"},{"taxonomy":"product_brand","embeddable":true,"href":"https:\/\/www.auvray-security.com\/fr\/wp-json\/wp\/v2\/product_brand?post=7807"},{"taxonomy":"product_cat","embeddable":true,"href":"https:\/\/www.auvray-security.com\/fr\/wp-json\/wp\/v2\/product_cat?post=7807"},{"taxonomy":"product_tag","embeddable":true,"href":"https:\/\/www.auvray-security.com\/fr\/wp-json\/wp\/v2\/product_tag?post=7807"}],"curies":[{"name":"wp","href":"https:\/\/api.w.org\/{rel}","templated":true}]}}