{"id":3577,"date":"2025-07-22T14:17:46","date_gmt":"2025-07-22T12:17:46","guid":{"rendered":"https:\/\/www.auvray-security.com\/?post_type=product&#038;p=3577"},"modified":"2026-01-26T10:50:40","modified_gmt":"2026-01-26T09:50:40","slug":"kbloc-chaine-haute-securite","status":"publish","type":"product","link":"https:\/\/www.auvray-security.com\/fr\/produit\/kbloc-chaine-haute-securite\/","title":{"rendered":"K\u2022BLOC <br>Cha\u00eene avec cadenas"},"content":{"rendered":"<h3>AUVRAY Kit K-BLOC \u2013 Cha\u00eene 120 \/ 150 ou 200 cm + Cadenas Haute S\u00e9curit\u00e9<\/h3>\n<p>Le Kit K-BLOC est con\u00e7u pour offrir une protection de tr\u00e8s haut niveau contre le vol, m\u00eame dans les zones \u00e0 risque \u00e9lev\u00e9. Il associe une cha\u00eene renforc\u00e9e en acier c\u00e9ment\u00e9 \u00e0 un cadenas homologu\u00e9 \u00e0 anse blind\u00e9e. Id\u00e9al pour s\u00e9curiser votre moto, scooter ou v\u00e9lo \u00e9lectrique.<\/p>\n<p>\u2714\ufe0f Cadenas \u2013 protection antivol reconnue<br \/>\n\u2714\ufe0f Maillons de cha\u00eene 10 mm ultra-r\u00e9sistants<br \/>\n\u2714\ufe0f Longueur jusqu&rsquo;\u00e0 200cm \u2013 id\u00e9ale pour points fixes<br \/>\n\u2714\ufe0f Usage ext\u00e9rieur ou int\u00e9rieur<br \/>\n\u2714\ufe0f Con\u00e7u pour durer, m\u00eame dans des conditions extr\u00eames<\/p>\n<p>Une solution robuste et homologu\u00e9e pour la s\u00e9curit\u00e9 des deux-roues exigeants.<\/p>\n<p>Variantes possible :<\/p>\n<ul>\n<li>CHAINE K BLOCK120 \u00d8 10 mm &#8211; R\u00e9f : KBL120AUV10 &#8211; Poids 2,92<\/li>\n<li>CHAINE K BLOCK150 \u00d8 10 mm &#8211; R\u00e9f : KBL150AUV10 &#8211; Poids 3,60<\/li>\n<li>CHAINE K BLOCK200 \u00d8 10 mm &#8211; R\u00e9f : KBL200AUV10 &#8211; Poids 4,80<\/li>\n<\/ul>\n","protected":false},"excerpt":{"rendered":"<p>AUVRAY Kit K-BLOC \u2013 Cha\u00eene 120 \/ 150 ou 200 cm + Cadenas Haute S\u00e9curit\u00e9 Le Kit K-BLOC est con\u00e7u pour offrir une protection de tr\u00e8s haut niveau contre le vol, m\u00eame dans les zones \u00e0 risque \u00e9lev\u00e9. Il associe une cha\u00eene renforc\u00e9e en acier c\u00e9ment\u00e9 \u00e0 un cadenas homologu\u00e9 \u00e0 anse blind\u00e9e. Id\u00e9al pour [&hellip;]<\/p>\n","protected":false},"featured_media":1398,"template":"","meta":{"_acf_changed":false,"inline_featured_image":false},"icon_library":[62,63,65,74,57],"certification":[55,45],"family":[301,306],"product_brand":[],"product_cat":[28],"product_tag":[],"class_list":{"0":"post-3577","1":"product","2":"type-product","3":"status-publish","4":"has-post-thumbnail","6":"family-autre","7":"family-chaine","8":"product_cat-chaines-et-cadenas","10":"first","11":"instock","12":"taxable","13":"shipping-taxable","14":"purchasable","15":"product-type-variable","16":"has-default-attributes"},"acf":[],"yoast_head":"<!-- This site is optimized with the Yoast SEO plugin v27.5 - https:\/\/yoast.com\/product\/yoast-seo-wordpress\/ -->\n<title>Cha\u00eenes et cadenas - K\u2022BLOC Cha\u00eene avec cadenas - AUVRAY Security<\/title>\n<meta name=\"robots\" content=\"index, follow, max-snippet:-1, max-image-preview:large, max-video-preview:-1\" \/>\n<link rel=\"canonical\" href=\"https:\/\/www.auvray-security.com\/fr\/produit\/kbloc-chaine-haute-securite\/\" \/>\n<meta property=\"og:locale\" content=\"fr_FR\" \/>\n<meta property=\"og:type\" content=\"article\" \/>\n<meta property=\"og:title\" content=\"Cha\u00eenes et cadenas - K\u2022BLOC Cha\u00eene avec cadenas - AUVRAY Security\" \/>\n<meta property=\"og:description\" content=\"AUVRAY Kit K-BLOC \u2013 Cha\u00eene 120 \/ 150 ou 200 cm + Cadenas Haute S\u00e9curit\u00e9 Le Kit K-BLOC est con\u00e7u pour offrir une protection de tr\u00e8s haut niveau contre le vol, m\u00eame dans les zones \u00e0 risque \u00e9lev\u00e9. Il associe une cha\u00eene renforc\u00e9e en acier c\u00e9ment\u00e9 \u00e0 un cadenas homologu\u00e9 \u00e0 anse blind\u00e9e. Id\u00e9al pour [&hellip;]\" \/>\n<meta property=\"og:url\" content=\"https:\/\/www.auvray-security.com\/fr\/produit\/kbloc-chaine-haute-securite\/\" \/>\n<meta property=\"og:site_name\" content=\"AUVRAY Security\" \/>\n<meta property=\"article:modified_time\" content=\"2026-01-26T09:50:40+00:00\" \/>\n<meta property=\"og:image\" content=\"https:\/\/www.auvray-security.com\/wp-content\/uploads\/kbloc-chaine-haute-securite-00.jpg\" \/>\n\t<meta property=\"og:image:width\" content=\"1500\" \/>\n\t<meta property=\"og:image:height\" content=\"1501\" \/>\n\t<meta property=\"og:image:type\" content=\"image\/jpeg\" \/>\n<meta name=\"twitter:card\" content=\"summary_large_image\" \/>\n<meta name=\"twitter:label1\" content=\"Dur\u00e9e de lecture estim\u00e9e\" \/>\n\t<meta name=\"twitter:data1\" content=\"1 minute\" \/>\n<script type=\"application\/ld+json\" class=\"yoast-schema-graph\">{\"@context\":\"https:\\\/\\\/schema.org\",\"@graph\":[{\"@type\":\"WebPage\",\"@id\":\"https:\\\/\\\/www.auvray-security.com\\\/fr\\\/produit\\\/kbloc-chaine-haute-securite\\\/\",\"url\":\"https:\\\/\\\/www.auvray-security.com\\\/fr\\\/produit\\\/kbloc-chaine-haute-securite\\\/\",\"name\":\"Cha\u00eenes et cadenas - K\u2022BLOC Cha\u00eene avec cadenas - AUVRAY Security\",\"isPartOf\":{\"@id\":\"https:\\\/\\\/www.auvray-security.com\\\/fr\\\/#website\"},\"primaryImageOfPage\":{\"@id\":\"https:\\\/\\\/www.auvray-security.com\\\/fr\\\/produit\\\/kbloc-chaine-haute-securite\\\/#primaryimage\"},\"image\":{\"@id\":\"https:\\\/\\\/www.auvray-security.com\\\/fr\\\/produit\\\/kbloc-chaine-haute-securite\\\/#primaryimage\"},\"thumbnailUrl\":\"https:\\\/\\\/www.auvray-security.com\\\/wp-content\\\/uploads\\\/kbloc-chaine-haute-securite-00.jpg\",\"datePublished\":\"2025-07-22T12:17:46+00:00\",\"dateModified\":\"2026-01-26T09:50:40+00:00\",\"breadcrumb\":{\"@id\":\"https:\\\/\\\/www.auvray-security.com\\\/fr\\\/produit\\\/kbloc-chaine-haute-securite\\\/#breadcrumb\"},\"inLanguage\":\"fr-FR\",\"potentialAction\":[{\"@type\":\"ReadAction\",\"target\":[\"https:\\\/\\\/www.auvray-security.com\\\/fr\\\/produit\\\/kbloc-chaine-haute-securite\\\/\"]}]},{\"@type\":\"ImageObject\",\"inLanguage\":\"fr-FR\",\"@id\":\"https:\\\/\\\/www.auvray-security.com\\\/fr\\\/produit\\\/kbloc-chaine-haute-securite\\\/#primaryimage\",\"url\":\"https:\\\/\\\/www.auvray-security.com\\\/wp-content\\\/uploads\\\/kbloc-chaine-haute-securite-00.jpg\",\"contentUrl\":\"https:\\\/\\\/www.auvray-security.com\\\/wp-content\\\/uploads\\\/kbloc-chaine-haute-securite-00.jpg\",\"width\":1500,\"height\":1501},{\"@type\":\"BreadcrumbList\",\"@id\":\"https:\\\/\\\/www.auvray-security.com\\\/fr\\\/produit\\\/kbloc-chaine-haute-securite\\\/#breadcrumb\",\"itemListElement\":[{\"@type\":\"ListItem\",\"position\":1,\"name\":\"Accueil\",\"item\":\"https:\\\/\\\/www.auvray-security.com\\\/fr\\\/\"},{\"@type\":\"ListItem\",\"position\":2,\"name\":\"Produits\",\"item\":\"https:\\\/\\\/www.auvray-security.com\\\/fr\\\/shop\\\/\"},{\"@type\":\"ListItem\",\"position\":3,\"name\":\"Antivols moto\",\"item\":\"https:\\\/\\\/www.auvray-security.com\\\/fr\\\/categorie-produit\\\/antivols-moto\\\/\"},{\"@type\":\"ListItem\",\"position\":4,\"name\":\"Cha\u00eenes et cadenas\",\"item\":\"https:\\\/\\\/www.auvray-security.com\\\/fr\\\/categorie-produit\\\/antivols-moto\\\/chaines-et-cadenas\\\/\"},{\"@type\":\"ListItem\",\"position\":5,\"name\":\"K\u2022BLOC Cha\u00eene avec cadenas\"}]},{\"@type\":\"WebSite\",\"@id\":\"https:\\\/\\\/www.auvray-security.com\\\/fr\\\/#website\",\"url\":\"https:\\\/\\\/www.auvray-security.com\\\/fr\\\/\",\"name\":\"AUVRAY Security\",\"description\":\"\",\"potentialAction\":[{\"@type\":\"SearchAction\",\"target\":{\"@type\":\"EntryPoint\",\"urlTemplate\":\"https:\\\/\\\/www.auvray-security.com\\\/fr\\\/?s={search_term_string}\"},\"query-input\":{\"@type\":\"PropertyValueSpecification\",\"valueRequired\":true,\"valueName\":\"search_term_string\"}}],\"inLanguage\":\"fr-FR\"}]}<\/script>\n<!-- \/ Yoast SEO plugin. -->","yoast_head_json":{"title":"Cha\u00eenes et cadenas - K\u2022BLOC Cha\u00eene avec cadenas - AUVRAY Security","robots":{"index":"index","follow":"follow","max-snippet":"max-snippet:-1","max-image-preview":"max-image-preview:large","max-video-preview":"max-video-preview:-1"},"canonical":"https:\/\/www.auvray-security.com\/fr\/produit\/kbloc-chaine-haute-securite\/","og_locale":"fr_FR","og_type":"article","og_title":"Cha\u00eenes et cadenas - K\u2022BLOC Cha\u00eene avec cadenas - AUVRAY Security","og_description":"AUVRAY Kit K-BLOC \u2013 Cha\u00eene 120 \/ 150 ou 200 cm + Cadenas Haute S\u00e9curit\u00e9 Le Kit K-BLOC est con\u00e7u pour offrir une protection de tr\u00e8s haut niveau contre le vol, m\u00eame dans les zones \u00e0 risque \u00e9lev\u00e9. Il associe une cha\u00eene renforc\u00e9e en acier c\u00e9ment\u00e9 \u00e0 un cadenas homologu\u00e9 \u00e0 anse blind\u00e9e. Id\u00e9al pour [&hellip;]","og_url":"https:\/\/www.auvray-security.com\/fr\/produit\/kbloc-chaine-haute-securite\/","og_site_name":"AUVRAY Security","article_modified_time":"2026-01-26T09:50:40+00:00","og_image":[{"width":1500,"height":1501,"url":"https:\/\/www.auvray-security.com\/wp-content\/uploads\/kbloc-chaine-haute-securite-00.jpg","type":"image\/jpeg"}],"twitter_card":"summary_large_image","twitter_misc":{"Dur\u00e9e de lecture estim\u00e9e":"1 minute"},"schema":{"@context":"https:\/\/schema.org","@graph":[{"@type":"WebPage","@id":"https:\/\/www.auvray-security.com\/fr\/produit\/kbloc-chaine-haute-securite\/","url":"https:\/\/www.auvray-security.com\/fr\/produit\/kbloc-chaine-haute-securite\/","name":"Cha\u00eenes et cadenas - K\u2022BLOC Cha\u00eene avec cadenas - AUVRAY Security","isPartOf":{"@id":"https:\/\/www.auvray-security.com\/fr\/#website"},"primaryImageOfPage":{"@id":"https:\/\/www.auvray-security.com\/fr\/produit\/kbloc-chaine-haute-securite\/#primaryimage"},"image":{"@id":"https:\/\/www.auvray-security.com\/fr\/produit\/kbloc-chaine-haute-securite\/#primaryimage"},"thumbnailUrl":"https:\/\/www.auvray-security.com\/wp-content\/uploads\/kbloc-chaine-haute-securite-00.jpg","datePublished":"2025-07-22T12:17:46+00:00","dateModified":"2026-01-26T09:50:40+00:00","breadcrumb":{"@id":"https:\/\/www.auvray-security.com\/fr\/produit\/kbloc-chaine-haute-securite\/#breadcrumb"},"inLanguage":"fr-FR","potentialAction":[{"@type":"ReadAction","target":["https:\/\/www.auvray-security.com\/fr\/produit\/kbloc-chaine-haute-securite\/"]}]},{"@type":"ImageObject","inLanguage":"fr-FR","@id":"https:\/\/www.auvray-security.com\/fr\/produit\/kbloc-chaine-haute-securite\/#primaryimage","url":"https:\/\/www.auvray-security.com\/wp-content\/uploads\/kbloc-chaine-haute-securite-00.jpg","contentUrl":"https:\/\/www.auvray-security.com\/wp-content\/uploads\/kbloc-chaine-haute-securite-00.jpg","width":1500,"height":1501},{"@type":"BreadcrumbList","@id":"https:\/\/www.auvray-security.com\/fr\/produit\/kbloc-chaine-haute-securite\/#breadcrumb","itemListElement":[{"@type":"ListItem","position":1,"name":"Accueil","item":"https:\/\/www.auvray-security.com\/fr\/"},{"@type":"ListItem","position":2,"name":"Produits","item":"https:\/\/www.auvray-security.com\/fr\/shop\/"},{"@type":"ListItem","position":3,"name":"Antivols moto","item":"https:\/\/www.auvray-security.com\/fr\/categorie-produit\/antivols-moto\/"},{"@type":"ListItem","position":4,"name":"Cha\u00eenes et cadenas","item":"https:\/\/www.auvray-security.com\/fr\/categorie-produit\/antivols-moto\/chaines-et-cadenas\/"},{"@type":"ListItem","position":5,"name":"K\u2022BLOC Cha\u00eene avec cadenas"}]},{"@type":"WebSite","@id":"https:\/\/www.auvray-security.com\/fr\/#website","url":"https:\/\/www.auvray-security.com\/fr\/","name":"AUVRAY Security","description":"","potentialAction":[{"@type":"SearchAction","target":{"@type":"EntryPoint","urlTemplate":"https:\/\/www.auvray-security.com\/fr\/?s={search_term_string}"},"query-input":{"@type":"PropertyValueSpecification","valueRequired":true,"valueName":"search_term_string"}}],"inLanguage":"fr-FR"}]}},"_links":{"self":[{"href":"https:\/\/www.auvray-security.com\/fr\/wp-json\/wp\/v2\/product\/3577","targetHints":{"allow":["GET"]}}],"collection":[{"href":"https:\/\/www.auvray-security.com\/fr\/wp-json\/wp\/v2\/product"}],"about":[{"href":"https:\/\/www.auvray-security.com\/fr\/wp-json\/wp\/v2\/types\/product"}],"wp:featuredmedia":[{"embeddable":true,"href":"https:\/\/www.auvray-security.com\/fr\/wp-json\/wp\/v2\/media\/1398"}],"wp:attachment":[{"href":"https:\/\/www.auvray-security.com\/fr\/wp-json\/wp\/v2\/media?parent=3577"}],"wp:term":[{"taxonomy":"icon_library","embeddable":true,"href":"https:\/\/www.auvray-security.com\/fr\/wp-json\/wp\/v2\/icon_library?post=3577"},{"taxonomy":"certification","embeddable":true,"href":"https:\/\/www.auvray-security.com\/fr\/wp-json\/wp\/v2\/certification?post=3577"},{"taxonomy":"family","embeddable":true,"href":"https:\/\/www.auvray-security.com\/fr\/wp-json\/wp\/v2\/family?post=3577"},{"taxonomy":"product_brand","embeddable":true,"href":"https:\/\/www.auvray-security.com\/fr\/wp-json\/wp\/v2\/product_brand?post=3577"},{"taxonomy":"product_cat","embeddable":true,"href":"https:\/\/www.auvray-security.com\/fr\/wp-json\/wp\/v2\/product_cat?post=3577"},{"taxonomy":"product_tag","embeddable":true,"href":"https:\/\/www.auvray-security.com\/fr\/wp-json\/wp\/v2\/product_tag?post=3577"}],"curies":[{"name":"wp","href":"https:\/\/api.w.org\/{rel}","templated":true}]}}