{"id":2422,"date":"2025-06-10T19:35:39","date_gmt":"2025-06-10T17:35:39","guid":{"rendered":"https:\/\/www.auvray-security.com\/?post_type=product&#038;p=2422"},"modified":"2026-01-26T10:05:21","modified_gmt":"2026-01-26T09:05:21","slug":"support-de-transport-pour-antivol-en-u","status":"publish","type":"product","link":"https:\/\/www.auvray-security.com\/fr\/produit\/support-de-transport-pour-antivol-en-u\/","title":{"rendered":"SUPPORT DE TRANSPORT <br>POUR ANTIVOL EN U"},"content":{"rendered":"<p>SUPPORT DE TRANSPORT POUR ANTIVOL EN U XTREM BIKE<br \/>\npour anse \u00d816 mm<br \/>\nSerrage puissant, anti desserrage<br \/>\nTransport de l\u2019antivol U en toute s\u00e9curit\u00e9<\/p>\n<p><strong>Avantages<\/strong><br \/>\n&#8211; Base adaptable sur des cadres jusqu\u2019\u00e0 50mm de diam\u00e8tre<br \/>\n&#8211; Colliers de fixation r\u00e9ajustables<br \/>\n&#8211; Bague \u00e0 fixer sur la anse par vis de pression<br \/>\n&#8211; Connexion base-bague amovible s\u00e9curis\u00e9e par un clippage<\/p>\n","protected":false},"excerpt":{"rendered":"<p>SUPPORT DE TRANSPORT POUR ANTIVOL EN U XTREM BIKE pour anse \u00d816 mm Serrage puissant, anti desserrage Transport de l\u2019antivol U en toute s\u00e9curit\u00e9 Avantages &#8211; Base adaptable sur des cadres jusqu\u2019\u00e0 50mm de diam\u00e8tre &#8211; Colliers de fixation r\u00e9ajustables &#8211; Bague \u00e0 fixer sur la anse par vis de pression &#8211; Connexion base-bague amovible [&hellip;]<\/p>\n","protected":false},"featured_media":2423,"template":"","meta":{"_acf_changed":false,"inline_featured_image":false},"icon_library":[],"certification":[],"family":[],"product_brand":[],"product_cat":[105],"product_tag":[22],"class_list":{"0":"post-2422","1":"product","2":"type-product","3":"status-publish","4":"has-post-thumbnail","6":"product_cat-accessoires-pour-antivols-velo-et-vae","7":"product_tag-nouveau","9":"first","10":"instock","11":"taxable","12":"shipping-taxable","13":"purchasable","14":"product-type-simple"},"acf":[],"yoast_head":"<!-- This site is optimized with the Yoast SEO plugin v27.3 - https:\/\/yoast.com\/product\/yoast-seo-wordpress\/ -->\n<title>Accessoires pour antivols v\u00e9lo - SUPPORT DE TRANSPORT POUR ANTIVOL EN U - AUVRAY Security<\/title>\n<meta name=\"robots\" content=\"index, follow, max-snippet:-1, max-image-preview:large, max-video-preview:-1\" \/>\n<link rel=\"canonical\" href=\"https:\/\/www.auvray-security.com\/fr\/produit\/support-de-transport-pour-antivol-en-u\/\" \/>\n<meta property=\"og:locale\" content=\"fr_FR\" \/>\n<meta property=\"og:type\" content=\"article\" \/>\n<meta property=\"og:title\" content=\"Accessoires pour antivols v\u00e9lo - SUPPORT DE TRANSPORT POUR ANTIVOL EN U - AUVRAY Security\" \/>\n<meta property=\"og:description\" content=\"SUPPORT DE TRANSPORT POUR ANTIVOL EN U XTREM BIKE pour anse \u00d816 mm Serrage puissant, anti desserrage Transport de l\u2019antivol U en toute s\u00e9curit\u00e9 Avantages &#8211; Base adaptable sur des cadres jusqu\u2019\u00e0 50mm de diam\u00e8tre &#8211; Colliers de fixation r\u00e9ajustables &#8211; Bague \u00e0 fixer sur la anse par vis de pression &#8211; Connexion base-bague amovible [&hellip;]\" \/>\n<meta property=\"og:url\" content=\"https:\/\/www.auvray-security.com\/fr\/produit\/support-de-transport-pour-antivol-en-u\/\" \/>\n<meta property=\"og:site_name\" content=\"AUVRAY Security\" \/>\n<meta property=\"article:modified_time\" content=\"2026-01-26T09:05:21+00:00\" \/>\n<meta property=\"og:image\" content=\"https:\/\/www.auvray-security.com\/wp-content\/uploads\/support-de-transport-pour-antivol-en-u-00.jpg\" \/>\n\t<meta property=\"og:image:width\" content=\"1501\" \/>\n\t<meta property=\"og:image:height\" content=\"1500\" \/>\n\t<meta property=\"og:image:type\" content=\"image\/jpeg\" \/>\n<meta name=\"twitter:card\" content=\"summary_large_image\" \/>\n<meta name=\"twitter:label1\" content=\"Dur\u00e9e de lecture estim\u00e9e\" \/>\n\t<meta name=\"twitter:data1\" content=\"1 minute\" \/>\n<script type=\"application\/ld+json\" class=\"yoast-schema-graph\">{\"@context\":\"https:\\\/\\\/schema.org\",\"@graph\":[{\"@type\":\"WebPage\",\"@id\":\"https:\\\/\\\/www.auvray-security.com\\\/fr\\\/produit\\\/support-de-transport-pour-antivol-en-u\\\/\",\"url\":\"https:\\\/\\\/www.auvray-security.com\\\/fr\\\/produit\\\/support-de-transport-pour-antivol-en-u\\\/\",\"name\":\"Accessoires pour antivols v\u00e9lo - SUPPORT DE TRANSPORT POUR ANTIVOL EN U - AUVRAY Security\",\"isPartOf\":{\"@id\":\"https:\\\/\\\/www.auvray-security.com\\\/fr\\\/#website\"},\"primaryImageOfPage\":{\"@id\":\"https:\\\/\\\/www.auvray-security.com\\\/fr\\\/produit\\\/support-de-transport-pour-antivol-en-u\\\/#primaryimage\"},\"image\":{\"@id\":\"https:\\\/\\\/www.auvray-security.com\\\/fr\\\/produit\\\/support-de-transport-pour-antivol-en-u\\\/#primaryimage\"},\"thumbnailUrl\":\"https:\\\/\\\/www.auvray-security.com\\\/wp-content\\\/uploads\\\/support-de-transport-pour-antivol-en-u-00.jpg\",\"datePublished\":\"2025-06-10T17:35:39+00:00\",\"dateModified\":\"2026-01-26T09:05:21+00:00\",\"breadcrumb\":{\"@id\":\"https:\\\/\\\/www.auvray-security.com\\\/fr\\\/produit\\\/support-de-transport-pour-antivol-en-u\\\/#breadcrumb\"},\"inLanguage\":\"fr-FR\",\"potentialAction\":[{\"@type\":\"ReadAction\",\"target\":[\"https:\\\/\\\/www.auvray-security.com\\\/fr\\\/produit\\\/support-de-transport-pour-antivol-en-u\\\/\"]}]},{\"@type\":\"ImageObject\",\"inLanguage\":\"fr-FR\",\"@id\":\"https:\\\/\\\/www.auvray-security.com\\\/fr\\\/produit\\\/support-de-transport-pour-antivol-en-u\\\/#primaryimage\",\"url\":\"https:\\\/\\\/www.auvray-security.com\\\/wp-content\\\/uploads\\\/support-de-transport-pour-antivol-en-u-00.jpg\",\"contentUrl\":\"https:\\\/\\\/www.auvray-security.com\\\/wp-content\\\/uploads\\\/support-de-transport-pour-antivol-en-u-00.jpg\",\"width\":1501,\"height\":1500},{\"@type\":\"BreadcrumbList\",\"@id\":\"https:\\\/\\\/www.auvray-security.com\\\/fr\\\/produit\\\/support-de-transport-pour-antivol-en-u\\\/#breadcrumb\",\"itemListElement\":[{\"@type\":\"ListItem\",\"position\":1,\"name\":\"Accueil\",\"item\":\"https:\\\/\\\/www.auvray-security.com\\\/fr\\\/\"},{\"@type\":\"ListItem\",\"position\":2,\"name\":\"Produits\",\"item\":\"https:\\\/\\\/www.auvray-security.com\\\/fr\\\/shop\\\/\"},{\"@type\":\"ListItem\",\"position\":3,\"name\":\"Antivols v\u00e9lo et VAE\",\"item\":\"https:\\\/\\\/www.auvray-security.com\\\/fr\\\/categorie-produit\\\/antivols-velo-et-vae\\\/\"},{\"@type\":\"ListItem\",\"position\":4,\"name\":\"Accessoires pour antivols v\u00e9lo\",\"item\":\"https:\\\/\\\/www.auvray-security.com\\\/fr\\\/categorie-produit\\\/antivols-velo-et-vae\\\/accessoires-pour-antivols-velo-et-vae\\\/\"},{\"@type\":\"ListItem\",\"position\":5,\"name\":\"SUPPORT DE TRANSPORT POUR ANTIVOL EN U\"}]},{\"@type\":\"WebSite\",\"@id\":\"https:\\\/\\\/www.auvray-security.com\\\/fr\\\/#website\",\"url\":\"https:\\\/\\\/www.auvray-security.com\\\/fr\\\/\",\"name\":\"AUVRAY Security\",\"description\":\"\",\"potentialAction\":[{\"@type\":\"SearchAction\",\"target\":{\"@type\":\"EntryPoint\",\"urlTemplate\":\"https:\\\/\\\/www.auvray-security.com\\\/fr\\\/?s={search_term_string}\"},\"query-input\":{\"@type\":\"PropertyValueSpecification\",\"valueRequired\":true,\"valueName\":\"search_term_string\"}}],\"inLanguage\":\"fr-FR\"}]}<\/script>\n<!-- \/ Yoast SEO plugin. -->","yoast_head_json":{"title":"Accessoires pour antivols v\u00e9lo - SUPPORT DE TRANSPORT POUR ANTIVOL EN U - AUVRAY Security","robots":{"index":"index","follow":"follow","max-snippet":"max-snippet:-1","max-image-preview":"max-image-preview:large","max-video-preview":"max-video-preview:-1"},"canonical":"https:\/\/www.auvray-security.com\/fr\/produit\/support-de-transport-pour-antivol-en-u\/","og_locale":"fr_FR","og_type":"article","og_title":"Accessoires pour antivols v\u00e9lo - SUPPORT DE TRANSPORT POUR ANTIVOL EN U - AUVRAY Security","og_description":"SUPPORT DE TRANSPORT POUR ANTIVOL EN U XTREM BIKE pour anse \u00d816 mm Serrage puissant, anti desserrage Transport de l\u2019antivol U en toute s\u00e9curit\u00e9 Avantages &#8211; Base adaptable sur des cadres jusqu\u2019\u00e0 50mm de diam\u00e8tre &#8211; Colliers de fixation r\u00e9ajustables &#8211; Bague \u00e0 fixer sur la anse par vis de pression &#8211; Connexion base-bague amovible [&hellip;]","og_url":"https:\/\/www.auvray-security.com\/fr\/produit\/support-de-transport-pour-antivol-en-u\/","og_site_name":"AUVRAY Security","article_modified_time":"2026-01-26T09:05:21+00:00","og_image":[{"width":1501,"height":1500,"url":"https:\/\/www.auvray-security.com\/wp-content\/uploads\/support-de-transport-pour-antivol-en-u-00.jpg","type":"image\/jpeg"}],"twitter_card":"summary_large_image","twitter_misc":{"Dur\u00e9e de lecture estim\u00e9e":"1 minute"},"schema":{"@context":"https:\/\/schema.org","@graph":[{"@type":"WebPage","@id":"https:\/\/www.auvray-security.com\/fr\/produit\/support-de-transport-pour-antivol-en-u\/","url":"https:\/\/www.auvray-security.com\/fr\/produit\/support-de-transport-pour-antivol-en-u\/","name":"Accessoires pour antivols v\u00e9lo - SUPPORT DE TRANSPORT POUR ANTIVOL EN U - AUVRAY Security","isPartOf":{"@id":"https:\/\/www.auvray-security.com\/fr\/#website"},"primaryImageOfPage":{"@id":"https:\/\/www.auvray-security.com\/fr\/produit\/support-de-transport-pour-antivol-en-u\/#primaryimage"},"image":{"@id":"https:\/\/www.auvray-security.com\/fr\/produit\/support-de-transport-pour-antivol-en-u\/#primaryimage"},"thumbnailUrl":"https:\/\/www.auvray-security.com\/wp-content\/uploads\/support-de-transport-pour-antivol-en-u-00.jpg","datePublished":"2025-06-10T17:35:39+00:00","dateModified":"2026-01-26T09:05:21+00:00","breadcrumb":{"@id":"https:\/\/www.auvray-security.com\/fr\/produit\/support-de-transport-pour-antivol-en-u\/#breadcrumb"},"inLanguage":"fr-FR","potentialAction":[{"@type":"ReadAction","target":["https:\/\/www.auvray-security.com\/fr\/produit\/support-de-transport-pour-antivol-en-u\/"]}]},{"@type":"ImageObject","inLanguage":"fr-FR","@id":"https:\/\/www.auvray-security.com\/fr\/produit\/support-de-transport-pour-antivol-en-u\/#primaryimage","url":"https:\/\/www.auvray-security.com\/wp-content\/uploads\/support-de-transport-pour-antivol-en-u-00.jpg","contentUrl":"https:\/\/www.auvray-security.com\/wp-content\/uploads\/support-de-transport-pour-antivol-en-u-00.jpg","width":1501,"height":1500},{"@type":"BreadcrumbList","@id":"https:\/\/www.auvray-security.com\/fr\/produit\/support-de-transport-pour-antivol-en-u\/#breadcrumb","itemListElement":[{"@type":"ListItem","position":1,"name":"Accueil","item":"https:\/\/www.auvray-security.com\/fr\/"},{"@type":"ListItem","position":2,"name":"Produits","item":"https:\/\/www.auvray-security.com\/fr\/shop\/"},{"@type":"ListItem","position":3,"name":"Antivols v\u00e9lo et VAE","item":"https:\/\/www.auvray-security.com\/fr\/categorie-produit\/antivols-velo-et-vae\/"},{"@type":"ListItem","position":4,"name":"Accessoires pour antivols v\u00e9lo","item":"https:\/\/www.auvray-security.com\/fr\/categorie-produit\/antivols-velo-et-vae\/accessoires-pour-antivols-velo-et-vae\/"},{"@type":"ListItem","position":5,"name":"SUPPORT DE TRANSPORT POUR ANTIVOL EN U"}]},{"@type":"WebSite","@id":"https:\/\/www.auvray-security.com\/fr\/#website","url":"https:\/\/www.auvray-security.com\/fr\/","name":"AUVRAY Security","description":"","potentialAction":[{"@type":"SearchAction","target":{"@type":"EntryPoint","urlTemplate":"https:\/\/www.auvray-security.com\/fr\/?s={search_term_string}"},"query-input":{"@type":"PropertyValueSpecification","valueRequired":true,"valueName":"search_term_string"}}],"inLanguage":"fr-FR"}]}},"_links":{"self":[{"href":"https:\/\/www.auvray-security.com\/fr\/wp-json\/wp\/v2\/product\/2422","targetHints":{"allow":["GET"]}}],"collection":[{"href":"https:\/\/www.auvray-security.com\/fr\/wp-json\/wp\/v2\/product"}],"about":[{"href":"https:\/\/www.auvray-security.com\/fr\/wp-json\/wp\/v2\/types\/product"}],"wp:featuredmedia":[{"embeddable":true,"href":"https:\/\/www.auvray-security.com\/fr\/wp-json\/wp\/v2\/media\/2423"}],"wp:attachment":[{"href":"https:\/\/www.auvray-security.com\/fr\/wp-json\/wp\/v2\/media?parent=2422"}],"wp:term":[{"taxonomy":"icon_library","embeddable":true,"href":"https:\/\/www.auvray-security.com\/fr\/wp-json\/wp\/v2\/icon_library?post=2422"},{"taxonomy":"certification","embeddable":true,"href":"https:\/\/www.auvray-security.com\/fr\/wp-json\/wp\/v2\/certification?post=2422"},{"taxonomy":"family","embeddable":true,"href":"https:\/\/www.auvray-security.com\/fr\/wp-json\/wp\/v2\/family?post=2422"},{"taxonomy":"product_brand","embeddable":true,"href":"https:\/\/www.auvray-security.com\/fr\/wp-json\/wp\/v2\/product_brand?post=2422"},{"taxonomy":"product_cat","embeddable":true,"href":"https:\/\/www.auvray-security.com\/fr\/wp-json\/wp\/v2\/product_cat?post=2422"},{"taxonomy":"product_tag","embeddable":true,"href":"https:\/\/www.auvray-security.com\/fr\/wp-json\/wp\/v2\/product_tag?post=2422"}],"curies":[{"name":"wp","href":"https:\/\/api.w.org\/{rel}","templated":true}]}}