{"id":2385,"date":"2025-06-10T19:02:00","date_gmt":"2025-06-10T17:02:00","guid":{"rendered":"https:\/\/www.auvray-security.com\/?post_type=product&#038;p=2385"},"modified":"2025-12-19T13:21:50","modified_gmt":"2025-12-19T12:21:50","slug":"cordon-de-rappel-pour-velo","status":"publish","type":"product","link":"https:\/\/www.auvray-security.com\/fr\/produit\/cordon-de-rappel-pour-velo\/","title":{"rendered":"Cordon de rappel <br>pour v\u00e9lo"},"content":{"rendered":"<p>CORDON DE RAPPEL SEUL<br \/>\nOU AVEC KIT DE TRANSPORT<br \/>\n\u00d8 4 mm x 1,50 m &#8211; boucle 80 mm<\/p>\n","protected":false},"excerpt":{"rendered":"<p>CORDON DE RAPPEL SEUL OU AVEC KIT DE TRANSPORT \u00d8 4 mm x 1,50 m &#8211; boucle 80 mm<\/p>\n","protected":false},"featured_media":2386,"template":"","meta":{"_acf_changed":false,"inline_featured_image":false},"icon_library":[],"certification":[],"family":[],"product_brand":[],"product_cat":[105],"product_tag":[],"class_list":{"0":"post-2385","1":"product","2":"type-product","3":"status-publish","4":"has-post-thumbnail","6":"product_cat-accessoires-pour-antivols-velo-et-vae","8":"first","9":"instock","10":"taxable","11":"shipping-taxable","12":"purchasable","13":"product-type-simple"},"acf":[],"yoast_head":"<!-- This site is optimized with the Yoast SEO plugin v27.3 - https:\/\/yoast.com\/product\/yoast-seo-wordpress\/ -->\n<title>Accessoires pour antivols v\u00e9lo - Cordon de rappel pour v\u00e9lo - AUVRAY Security<\/title>\n<meta name=\"robots\" content=\"index, follow, max-snippet:-1, max-image-preview:large, max-video-preview:-1\" \/>\n<link rel=\"canonical\" href=\"https:\/\/www.auvray-security.com\/fr\/produit\/cordon-de-rappel-pour-velo\/\" \/>\n<meta property=\"og:locale\" content=\"fr_FR\" \/>\n<meta property=\"og:type\" content=\"article\" \/>\n<meta property=\"og:title\" content=\"Accessoires pour antivols v\u00e9lo - Cordon de rappel pour v\u00e9lo - AUVRAY Security\" \/>\n<meta property=\"og:description\" content=\"CORDON DE RAPPEL SEUL OU AVEC KIT DE TRANSPORT \u00d8 4 mm x 1,50 m &#8211; boucle 80 mm\" \/>\n<meta property=\"og:url\" content=\"https:\/\/www.auvray-security.com\/fr\/produit\/cordon-de-rappel-pour-velo\/\" \/>\n<meta property=\"og:site_name\" content=\"AUVRAY Security\" \/>\n<meta property=\"article:modified_time\" content=\"2025-12-19T12:21:50+00:00\" \/>\n<meta property=\"og:image\" content=\"https:\/\/www.auvray-security.com\/wp-content\/uploads\/cordon-de-rappel-pour-velo-00.jpg\" \/>\n\t<meta property=\"og:image:width\" content=\"1501\" \/>\n\t<meta property=\"og:image:height\" content=\"1500\" \/>\n\t<meta property=\"og:image:type\" content=\"image\/jpeg\" \/>\n<meta name=\"twitter:card\" content=\"summary_large_image\" \/>\n<meta name=\"twitter:label1\" content=\"Dur\u00e9e de lecture estim\u00e9e\" \/>\n\t<meta name=\"twitter:data1\" content=\"1 minute\" \/>\n<script type=\"application\/ld+json\" class=\"yoast-schema-graph\">{\"@context\":\"https:\\\/\\\/schema.org\",\"@graph\":[{\"@type\":\"WebPage\",\"@id\":\"https:\\\/\\\/www.auvray-security.com\\\/fr\\\/produit\\\/cordon-de-rappel-pour-velo\\\/\",\"url\":\"https:\\\/\\\/www.auvray-security.com\\\/fr\\\/produit\\\/cordon-de-rappel-pour-velo\\\/\",\"name\":\"Accessoires pour antivols v\u00e9lo - Cordon de rappel pour v\u00e9lo - AUVRAY Security\",\"isPartOf\":{\"@id\":\"https:\\\/\\\/www.auvray-security.com\\\/fr\\\/#website\"},\"primaryImageOfPage\":{\"@id\":\"https:\\\/\\\/www.auvray-security.com\\\/fr\\\/produit\\\/cordon-de-rappel-pour-velo\\\/#primaryimage\"},\"image\":{\"@id\":\"https:\\\/\\\/www.auvray-security.com\\\/fr\\\/produit\\\/cordon-de-rappel-pour-velo\\\/#primaryimage\"},\"thumbnailUrl\":\"https:\\\/\\\/www.auvray-security.com\\\/wp-content\\\/uploads\\\/cordon-de-rappel-pour-velo-00.jpg\",\"datePublished\":\"2025-06-10T17:02:00+00:00\",\"dateModified\":\"2025-12-19T12:21:50+00:00\",\"breadcrumb\":{\"@id\":\"https:\\\/\\\/www.auvray-security.com\\\/fr\\\/produit\\\/cordon-de-rappel-pour-velo\\\/#breadcrumb\"},\"inLanguage\":\"fr-FR\",\"potentialAction\":[{\"@type\":\"ReadAction\",\"target\":[\"https:\\\/\\\/www.auvray-security.com\\\/fr\\\/produit\\\/cordon-de-rappel-pour-velo\\\/\"]}]},{\"@type\":\"ImageObject\",\"inLanguage\":\"fr-FR\",\"@id\":\"https:\\\/\\\/www.auvray-security.com\\\/fr\\\/produit\\\/cordon-de-rappel-pour-velo\\\/#primaryimage\",\"url\":\"https:\\\/\\\/www.auvray-security.com\\\/wp-content\\\/uploads\\\/cordon-de-rappel-pour-velo-00.jpg\",\"contentUrl\":\"https:\\\/\\\/www.auvray-security.com\\\/wp-content\\\/uploads\\\/cordon-de-rappel-pour-velo-00.jpg\",\"width\":1501,\"height\":1500},{\"@type\":\"BreadcrumbList\",\"@id\":\"https:\\\/\\\/www.auvray-security.com\\\/fr\\\/produit\\\/cordon-de-rappel-pour-velo\\\/#breadcrumb\",\"itemListElement\":[{\"@type\":\"ListItem\",\"position\":1,\"name\":\"Accueil\",\"item\":\"https:\\\/\\\/www.auvray-security.com\\\/fr\\\/\"},{\"@type\":\"ListItem\",\"position\":2,\"name\":\"Produits\",\"item\":\"https:\\\/\\\/www.auvray-security.com\\\/fr\\\/shop\\\/\"},{\"@type\":\"ListItem\",\"position\":3,\"name\":\"Antivols v\u00e9lo et VAE\",\"item\":\"https:\\\/\\\/www.auvray-security.com\\\/fr\\\/categorie-produit\\\/antivols-velo-et-vae\\\/\"},{\"@type\":\"ListItem\",\"position\":4,\"name\":\"Accessoires pour antivols v\u00e9lo\",\"item\":\"https:\\\/\\\/www.auvray-security.com\\\/fr\\\/categorie-produit\\\/antivols-velo-et-vae\\\/accessoires-pour-antivols-velo-et-vae\\\/\"},{\"@type\":\"ListItem\",\"position\":5,\"name\":\"Cordon de rappel pour v\u00e9lo\"}]},{\"@type\":\"WebSite\",\"@id\":\"https:\\\/\\\/www.auvray-security.com\\\/fr\\\/#website\",\"url\":\"https:\\\/\\\/www.auvray-security.com\\\/fr\\\/\",\"name\":\"AUVRAY Security\",\"description\":\"\",\"potentialAction\":[{\"@type\":\"SearchAction\",\"target\":{\"@type\":\"EntryPoint\",\"urlTemplate\":\"https:\\\/\\\/www.auvray-security.com\\\/fr\\\/?s={search_term_string}\"},\"query-input\":{\"@type\":\"PropertyValueSpecification\",\"valueRequired\":true,\"valueName\":\"search_term_string\"}}],\"inLanguage\":\"fr-FR\"}]}<\/script>\n<!-- \/ Yoast SEO plugin. -->","yoast_head_json":{"title":"Accessoires pour antivols v\u00e9lo - Cordon de rappel pour v\u00e9lo - AUVRAY Security","robots":{"index":"index","follow":"follow","max-snippet":"max-snippet:-1","max-image-preview":"max-image-preview:large","max-video-preview":"max-video-preview:-1"},"canonical":"https:\/\/www.auvray-security.com\/fr\/produit\/cordon-de-rappel-pour-velo\/","og_locale":"fr_FR","og_type":"article","og_title":"Accessoires pour antivols v\u00e9lo - Cordon de rappel pour v\u00e9lo - AUVRAY Security","og_description":"CORDON DE RAPPEL SEUL OU AVEC KIT DE TRANSPORT \u00d8 4 mm x 1,50 m &#8211; boucle 80 mm","og_url":"https:\/\/www.auvray-security.com\/fr\/produit\/cordon-de-rappel-pour-velo\/","og_site_name":"AUVRAY Security","article_modified_time":"2025-12-19T12:21:50+00:00","og_image":[{"width":1501,"height":1500,"url":"https:\/\/www.auvray-security.com\/wp-content\/uploads\/cordon-de-rappel-pour-velo-00.jpg","type":"image\/jpeg"}],"twitter_card":"summary_large_image","twitter_misc":{"Dur\u00e9e de lecture estim\u00e9e":"1 minute"},"schema":{"@context":"https:\/\/schema.org","@graph":[{"@type":"WebPage","@id":"https:\/\/www.auvray-security.com\/fr\/produit\/cordon-de-rappel-pour-velo\/","url":"https:\/\/www.auvray-security.com\/fr\/produit\/cordon-de-rappel-pour-velo\/","name":"Accessoires pour antivols v\u00e9lo - Cordon de rappel pour v\u00e9lo - AUVRAY Security","isPartOf":{"@id":"https:\/\/www.auvray-security.com\/fr\/#website"},"primaryImageOfPage":{"@id":"https:\/\/www.auvray-security.com\/fr\/produit\/cordon-de-rappel-pour-velo\/#primaryimage"},"image":{"@id":"https:\/\/www.auvray-security.com\/fr\/produit\/cordon-de-rappel-pour-velo\/#primaryimage"},"thumbnailUrl":"https:\/\/www.auvray-security.com\/wp-content\/uploads\/cordon-de-rappel-pour-velo-00.jpg","datePublished":"2025-06-10T17:02:00+00:00","dateModified":"2025-12-19T12:21:50+00:00","breadcrumb":{"@id":"https:\/\/www.auvray-security.com\/fr\/produit\/cordon-de-rappel-pour-velo\/#breadcrumb"},"inLanguage":"fr-FR","potentialAction":[{"@type":"ReadAction","target":["https:\/\/www.auvray-security.com\/fr\/produit\/cordon-de-rappel-pour-velo\/"]}]},{"@type":"ImageObject","inLanguage":"fr-FR","@id":"https:\/\/www.auvray-security.com\/fr\/produit\/cordon-de-rappel-pour-velo\/#primaryimage","url":"https:\/\/www.auvray-security.com\/wp-content\/uploads\/cordon-de-rappel-pour-velo-00.jpg","contentUrl":"https:\/\/www.auvray-security.com\/wp-content\/uploads\/cordon-de-rappel-pour-velo-00.jpg","width":1501,"height":1500},{"@type":"BreadcrumbList","@id":"https:\/\/www.auvray-security.com\/fr\/produit\/cordon-de-rappel-pour-velo\/#breadcrumb","itemListElement":[{"@type":"ListItem","position":1,"name":"Accueil","item":"https:\/\/www.auvray-security.com\/fr\/"},{"@type":"ListItem","position":2,"name":"Produits","item":"https:\/\/www.auvray-security.com\/fr\/shop\/"},{"@type":"ListItem","position":3,"name":"Antivols v\u00e9lo et VAE","item":"https:\/\/www.auvray-security.com\/fr\/categorie-produit\/antivols-velo-et-vae\/"},{"@type":"ListItem","position":4,"name":"Accessoires pour antivols v\u00e9lo","item":"https:\/\/www.auvray-security.com\/fr\/categorie-produit\/antivols-velo-et-vae\/accessoires-pour-antivols-velo-et-vae\/"},{"@type":"ListItem","position":5,"name":"Cordon de rappel pour v\u00e9lo"}]},{"@type":"WebSite","@id":"https:\/\/www.auvray-security.com\/fr\/#website","url":"https:\/\/www.auvray-security.com\/fr\/","name":"AUVRAY Security","description":"","potentialAction":[{"@type":"SearchAction","target":{"@type":"EntryPoint","urlTemplate":"https:\/\/www.auvray-security.com\/fr\/?s={search_term_string}"},"query-input":{"@type":"PropertyValueSpecification","valueRequired":true,"valueName":"search_term_string"}}],"inLanguage":"fr-FR"}]}},"_links":{"self":[{"href":"https:\/\/www.auvray-security.com\/fr\/wp-json\/wp\/v2\/product\/2385","targetHints":{"allow":["GET"]}}],"collection":[{"href":"https:\/\/www.auvray-security.com\/fr\/wp-json\/wp\/v2\/product"}],"about":[{"href":"https:\/\/www.auvray-security.com\/fr\/wp-json\/wp\/v2\/types\/product"}],"wp:featuredmedia":[{"embeddable":true,"href":"https:\/\/www.auvray-security.com\/fr\/wp-json\/wp\/v2\/media\/2386"}],"wp:attachment":[{"href":"https:\/\/www.auvray-security.com\/fr\/wp-json\/wp\/v2\/media?parent=2385"}],"wp:term":[{"taxonomy":"icon_library","embeddable":true,"href":"https:\/\/www.auvray-security.com\/fr\/wp-json\/wp\/v2\/icon_library?post=2385"},{"taxonomy":"certification","embeddable":true,"href":"https:\/\/www.auvray-security.com\/fr\/wp-json\/wp\/v2\/certification?post=2385"},{"taxonomy":"family","embeddable":true,"href":"https:\/\/www.auvray-security.com\/fr\/wp-json\/wp\/v2\/family?post=2385"},{"taxonomy":"product_brand","embeddable":true,"href":"https:\/\/www.auvray-security.com\/fr\/wp-json\/wp\/v2\/product_brand?post=2385"},{"taxonomy":"product_cat","embeddable":true,"href":"https:\/\/www.auvray-security.com\/fr\/wp-json\/wp\/v2\/product_cat?post=2385"},{"taxonomy":"product_tag","embeddable":true,"href":"https:\/\/www.auvray-security.com\/fr\/wp-json\/wp\/v2\/product_tag?post=2385"}],"curies":[{"name":"wp","href":"https:\/\/api.w.org\/{rel}","templated":true}]}}