{"id":96,"date":"2025-02-27T13:55:34","date_gmt":"2025-02-27T12:55:34","guid":{"rendered":"https:\/\/www.auvray-security.com\/?page_id=96"},"modified":"2025-12-19T13:19:58","modified_gmt":"2025-12-19T12:19:58","slug":"qui-sommes-nous","status":"publish","type":"page","link":"https:\/\/www.auvray-security.com\/fr\/qui-sommes-nous\/","title":{"rendered":"Qui sommes-nous"},"content":{"rendered":"\t\t<div data-elementor-type=\"wp-page\" data-elementor-id=\"96\" class=\"elementor elementor-96\" data-elementor-post-type=\"page\">\n\t\t\t\t<div class=\"elementor-element elementor-element-a0c1543 e-flex e-con-boxed e-con e-parent\" data-id=\"a0c1543\" data-element_type=\"container\" data-e-type=\"container\" data-settings=\"{&quot;background_background&quot;:&quot;classic&quot;}\">\n\t\t\t\t\t<div class=\"e-con-inner\">\n\t\t\t\t\t<\/div>\n\t\t\t\t<\/div>\n\t\t<div class=\"elementor-element elementor-element-551fce4 e-flex e-con-boxed e-con e-parent\" data-id=\"551fce4\" data-element_type=\"container\" data-e-type=\"container\">\n\t\t\t\t\t<div class=\"e-con-inner\">\n\t\t\t\t<div class=\"elementor-element elementor-element-75abc1c elementor-widget elementor-widget-heading\" data-id=\"75abc1c\" data-element_type=\"widget\" data-e-type=\"widget\" data-widget_type=\"heading.default\">\n\t\t\t\t<div class=\"elementor-widget-container\">\n\t\t\t\t\t<h1 class=\"elementor-heading-title elementor-size-default\">Auvray<\/h1>\t\t\t\t<\/div>\n\t\t\t\t<\/div>\n\t\t\t\t<div class=\"elementor-element elementor-element-755bd2a elementor-widget elementor-widget-heading\" data-id=\"755bd2a\" data-element_type=\"widget\" data-e-type=\"widget\" data-widget_type=\"heading.default\">\n\t\t\t\t<div class=\"elementor-widget-container\">\n\t\t\t\t\t<h2 class=\"elementor-heading-title elementor-size-default\">Le meilleur de marquage 2 roues, tout simplement<\/h2>\t\t\t\t<\/div>\n\t\t\t\t<\/div>\n\t\t<div class=\"elementor-element elementor-element-1d0cc10 e-con-full e-flex e-con e-child\" data-id=\"1d0cc10\" data-element_type=\"container\" data-e-type=\"container\">\n\t\t<div class=\"elementor-element elementor-element-2eb29c0 e-con-full e-flex e-con e-child\" data-id=\"2eb29c0\" data-element_type=\"container\" data-e-type=\"container\">\n\t\t\t\t<div class=\"elementor-element elementor-element-b503d8d elementor-widget elementor-widget-text-editor\" data-id=\"b503d8d\" data-element_type=\"widget\" data-e-type=\"widget\" data-widget_type=\"text-editor.default\">\n\t\t\t\t<div class=\"elementor-widget-container\">\n\t\t\t\t\t\t\t\t\t<p>La soci\u00e9t\u00e9 Auvray a \u00e9t\u00e9 cr\u00e9\u00e9e en 1982 par Joseph Auvray, ferronnier de m\u00e9tier. \u00c0 la demande de marques et concessionnaires moto, il cr\u00e9a une gamme d\u2019antivols de haute s\u00e9curit\u00e9 capable de se ranger sous la selle des mod\u00e8les de l\u2019\u00e9poque. Le U Force 10 \u00e9tait n\u00e9.<br \/>D\u00e8s lors, l\u2019entreprise d\u00e9veloppa une gamme compl\u00e8te d\u2019antivols moto et une solution d\u2019identification des motos agr\u00e9\u00e9e ARGOS. Chaines, U, bloque-disques\u2026etc avec toujours la m\u00eame philosophie de proposer les meilleurs produits avec un haut niveau de s\u00e9curit\u00e9 au meilleur prix.<\/p><p>Auvray a \u00e9t\u00e9 rachet\u00e9e par Gilles Gerin en 2006, solidement implant\u00e9 sur le march\u00e9 de la moto et du v\u00e9lo, il poursuit le d\u00e9veloppement commercial, des gammes d\u2019antivols motos et v\u00e9los ainsi que des services.<\/p><p>2014 sera l\u2019ann\u00e9e o\u00f9 Auvray d\u00e9posera le brevet de son pistolet graveur Speedmarking assurant le marquage des motos avec une qualit\u00e9 usine, un gain de temps important et une tra\u00e7abilit\u00e9 des donn\u00e9es. Cette ann\u00e9e, les antivols v\u00e9los Auvray firent leur entr\u00e9e sur le march\u00e9.<\/p>\t\t\t\t\t\t\t\t<\/div>\n\t\t\t\t<\/div>\n\t\t\t\t<\/div>\n\t\t<div class=\"elementor-element elementor-element-405ffb1 e-con-full e-flex e-con e-child\" data-id=\"405ffb1\" data-element_type=\"container\" data-e-type=\"container\">\n\t\t\t\t<div class=\"elementor-element elementor-element-6b2ebfe elementor-widget elementor-widget-text-editor\" data-id=\"6b2ebfe\" data-element_type=\"widget\" data-e-type=\"widget\" data-widget_type=\"text-editor.default\">\n\t\t\t\t<div class=\"elementor-widget-container\">\n\t\t\t\t\t\t\t\t\t<p>Puis en 2018, Auvray rach\u00e8te la soci\u00e9t\u00e9 ICA, sp\u00e9cialis\u00e9e dans l\u2019identification des motos lui permettant d\u2019asseoir son d\u00e9veloppement tout en compl\u00e9tant son portefeuille avec des services d\u2019assurances affinitaires.<\/p><p>En 2020, Auvray devient op\u00e9rateur d\u2019identification des v\u00e9los agr\u00e9\u00e9 par le minist\u00e8re des transports Fran\u00e7ais. FMA assurance courtier grossiste en assurance depuis 1996, sp\u00e9cialiste de l\u2019assurance deux roues et partenaire de grandes marques : BMW Motorrad France, Honda France, Harley Davidson.<\/p><p>FMA assurances rach\u00e8te la soci\u00e9t\u00e9 Auvray en 2021 afin de proposer aux professionnels du deux roues une solution globale.<\/p>\t\t\t\t\t\t\t\t<\/div>\n\t\t\t\t<\/div>\n\t\t\t\t<\/div>\n\t\t\t\t<\/div>\n\t\t\t\t\t<\/div>\n\t\t\t\t<\/div>\n\t\t<div class=\"elementor-element elementor-element-11d4b57 e-flex e-con-boxed e-con e-parent\" data-id=\"11d4b57\" data-element_type=\"container\" data-e-type=\"container\">\n\t\t\t\t\t<div class=\"e-con-inner\">\n\t\t<div class=\"elementor-element elementor-element-bda316e e-con-full e-flex e-con e-child\" data-id=\"bda316e\" data-element_type=\"container\" data-e-type=\"container\">\n\t\t\t\t<div class=\"elementor-element elementor-element-992de6e elementor-widget elementor-widget-heading\" data-id=\"992de6e\" data-element_type=\"widget\" data-e-type=\"widget\" data-widget_type=\"heading.default\">\n\t\t\t\t<div class=\"elementor-widget-container\">\n\t\t\t\t\t<h2 class=\"elementor-heading-title elementor-size-default\">Localisation<\/h2>\t\t\t\t<\/div>\n\t\t\t\t<\/div>\n\t\t\t\t<div class=\"elementor-element elementor-element-c3a2ab8 elementor-widget elementor-widget-text-editor\" data-id=\"c3a2ab8\" data-element_type=\"widget\" data-e-type=\"widget\" data-widget_type=\"text-editor.default\">\n\t\t\t\t<div class=\"elementor-widget-container\">\n\t\t\t\t\t\t\t\t\t<p>Pr\u00e9sent sur le march\u00e9 international de l\u2019antivol moto et v\u00e9lo, les bureaux administratifs et commerciaux et le centre logistique sont situ\u00e9s dans le d\u00e9partement de la Dr\u00f4me \u00e0 Bourg-de-P\u00e9age pr\u00e8s de Valence.<\/p>\t\t\t\t\t\t\t\t<\/div>\n\t\t\t\t<\/div>\n\t\t\t\t<\/div>\n\t\t\t\t<div class=\"elementor-element elementor-element-0c5fe41 elementor-widget elementor-widget-image\" data-id=\"0c5fe41\" data-element_type=\"widget\" data-e-type=\"widget\" data-widget_type=\"image.default\">\n\t\t\t\t<div class=\"elementor-widget-container\">\n\t\t\t\t\t\t\t\t\t\t\t\t\t\t\t<img fetchpriority=\"high\" decoding=\"async\" width=\"1616\" height=\"1550\" src=\"https:\/\/www.auvray-security.com\/wp-content\/uploads\/2025\/03\/europe-auvray.png\" class=\"attachment-full size-full wp-image-514\" alt=\"\" srcset=\"https:\/\/www.auvray-security.com\/wp-content\/uploads\/2025\/03\/europe-auvray.png 1616w, https:\/\/www.auvray-security.com\/wp-content\/uploads\/2025\/03\/europe-auvray-300x288.png 300w, https:\/\/www.auvray-security.com\/wp-content\/uploads\/2025\/03\/europe-auvray-1024x982.png 1024w, https:\/\/www.auvray-security.com\/wp-content\/uploads\/2025\/03\/europe-auvray-768x737.png 768w, https:\/\/www.auvray-security.com\/wp-content\/uploads\/2025\/03\/europe-auvray-1536x1473.png 1536w, https:\/\/www.auvray-security.com\/wp-content\/uploads\/2025\/03\/europe-auvray-75x72.png 75w, https:\/\/www.auvray-security.com\/wp-content\/uploads\/2025\/03\/europe-auvray-48x46.png 48w, https:\/\/www.auvray-security.com\/wp-content\/uploads\/2025\/03\/europe-auvray-329x316.png 329w, https:\/\/www.auvray-security.com\/wp-content\/uploads\/2025\/03\/europe-auvray-130x125.png 130w, https:\/\/www.auvray-security.com\/wp-content\/uploads\/2025\/03\/europe-auvray-642x616.png 642w, https:\/\/www.auvray-security.com\/wp-content\/uploads\/2025\/03\/europe-auvray-600x575.png 600w\" sizes=\"(max-width: 1616px) 100vw, 1616px\" \/>\t\t\t\t\t\t\t\t\t\t\t\t\t\t\t<\/div>\n\t\t\t\t<\/div>\n\t\t\t\t\t<\/div>\n\t\t\t\t<\/div>\n\t\t<div class=\"elementor-element elementor-element-014f059 e-flex e-con-boxed e-con e-parent\" data-id=\"014f059\" data-element_type=\"container\" data-e-type=\"container\" data-settings=\"{&quot;background_background&quot;:&quot;classic&quot;}\">\n\t\t\t\t\t<div class=\"e-con-inner\">\n\t\t<div class=\"elementor-element elementor-element-cf468f9 e-grid e-con-boxed e-con e-child\" data-id=\"cf468f9\" data-element_type=\"container\" data-e-type=\"container\">\n\t\t\t\t\t<div class=\"e-con-inner\">\n\t\t<div class=\"elementor-element elementor-element-51b97c7 e-con-full e-flex e-con e-child\" data-id=\"51b97c7\" data-element_type=\"container\" data-e-type=\"container\">\n\t\t<div class=\"elementor-element elementor-element-1ee05be e-con-full e-flex e-con e-child\" data-id=\"1ee05be\" data-element_type=\"container\" data-e-type=\"container\" data-settings=\"{&quot;background_background&quot;:&quot;classic&quot;}\">\n\t\t\t\t<div class=\"elementor-element elementor-element-e20a78f elementor-widget elementor-widget-image\" data-id=\"e20a78f\" data-element_type=\"widget\" data-e-type=\"widget\" data-widget_type=\"image.default\">\n\t\t\t\t<div class=\"elementor-widget-container\">\n\t\t\t\t\t\t\t\t\t\t\t\t\t\t\t<img decoding=\"async\" width=\"43\" height=\"57\" src=\"https:\/\/www.auvray-security.com\/wp-content\/uploads\/ampoule.svg\" class=\"attachment-full size-full wp-image-2316\" alt=\"\" \/>\t\t\t\t\t\t\t\t\t\t\t\t\t\t\t<\/div>\n\t\t\t\t<\/div>\n\t\t\t\t<\/div>\n\t\t\t\t<div class=\"elementor-element elementor-element-6e8a4a6 elementor-widget elementor-widget-text-editor\" data-id=\"6e8a4a6\" data-element_type=\"widget\" data-e-type=\"widget\" data-widget_type=\"text-editor.default\">\n\t\t\t\t<div class=\"elementor-widget-container\">\n\t\t\t\t\t\t\t\t\t<p>Un savoir-faire fran\u00e7ais<\/p>\t\t\t\t\t\t\t\t<\/div>\n\t\t\t\t<\/div>\n\t\t\t\t<\/div>\n\t\t<div class=\"elementor-element elementor-element-a1de759 e-con-full e-flex e-con e-child\" data-id=\"a1de759\" data-element_type=\"container\" data-e-type=\"container\">\n\t\t<div class=\"elementor-element elementor-element-dbb1831 e-con-full e-flex e-con e-child\" data-id=\"dbb1831\" data-element_type=\"container\" data-e-type=\"container\" data-settings=\"{&quot;background_background&quot;:&quot;classic&quot;}\">\n\t\t\t\t<div class=\"elementor-element elementor-element-9ba4c1c elementor-widget elementor-widget-image\" data-id=\"9ba4c1c\" data-element_type=\"widget\" data-e-type=\"widget\" data-widget_type=\"image.default\">\n\t\t\t\t<div class=\"elementor-widget-container\">\n\t\t\t\t\t\t\t\t\t\t\t\t\t\t\t<img decoding=\"async\" width=\"41\" height=\"62\" src=\"https:\/\/www.auvray-security.com\/wp-content\/uploads\/brevet.svg\" class=\"attachment-full size-full wp-image-2318\" alt=\"\" \/>\t\t\t\t\t\t\t\t\t\t\t\t\t\t\t<\/div>\n\t\t\t\t<\/div>\n\t\t\t\t<\/div>\n\t\t\t\t<div class=\"elementor-element elementor-element-c98ebd1 elementor-widget elementor-widget-text-editor\" data-id=\"c98ebd1\" data-element_type=\"widget\" data-e-type=\"widget\" data-widget_type=\"text-editor.default\">\n\t\t\t\t<div class=\"elementor-widget-container\">\n\t\t\t\t\t\t\t\t\t<p>Fort de nos innovations<br \/>brevet\u00e9es<\/p>\t\t\t\t\t\t\t\t<\/div>\n\t\t\t\t<\/div>\n\t\t\t\t<\/div>\n\t\t<div class=\"elementor-element elementor-element-5c39b18 e-con-full e-flex e-con e-child\" data-id=\"5c39b18\" data-element_type=\"container\" data-e-type=\"container\">\n\t\t<div class=\"elementor-element elementor-element-abfdd94 e-con-full e-flex e-con e-child\" data-id=\"abfdd94\" data-element_type=\"container\" data-e-type=\"container\" data-settings=\"{&quot;background_background&quot;:&quot;classic&quot;}\">\n\t\t\t\t<div class=\"elementor-element elementor-element-231b85a elementor-widget elementor-widget-image\" data-id=\"231b85a\" data-element_type=\"widget\" data-e-type=\"widget\" data-widget_type=\"image.default\">\n\t\t\t\t<div class=\"elementor-widget-container\">\n\t\t\t\t\t\t\t\t\t\t\t\t\t\t\t<img loading=\"lazy\" decoding=\"async\" width=\"47\" height=\"53\" src=\"https:\/\/www.auvray-security.com\/wp-content\/uploads\/offre.svg\" class=\"attachment-full size-full wp-image-2322\" alt=\"\" \/>\t\t\t\t\t\t\t\t\t\t\t\t\t\t\t<\/div>\n\t\t\t\t<\/div>\n\t\t\t\t<\/div>\n\t\t\t\t<div class=\"elementor-element elementor-element-144c1d3 elementor-widget elementor-widget-text-editor\" data-id=\"144c1d3\" data-element_type=\"widget\" data-e-type=\"widget\" data-widget_type=\"text-editor.default\">\n\t\t\t\t<div class=\"elementor-widget-container\">\n\t\t\t\t\t\t\t\t\t<p>Une offre globale pour la<br \/>protection des deux roues<\/p>\t\t\t\t\t\t\t\t<\/div>\n\t\t\t\t<\/div>\n\t\t\t\t<\/div>\n\t\t<div class=\"elementor-element elementor-element-54e5aef e-con-full e-flex e-con e-child\" data-id=\"54e5aef\" data-element_type=\"container\" data-e-type=\"container\">\n\t\t<div class=\"elementor-element elementor-element-3c177ea e-con-full e-flex e-con e-child\" data-id=\"3c177ea\" data-element_type=\"container\" data-e-type=\"container\" data-settings=\"{&quot;background_background&quot;:&quot;classic&quot;}\">\n\t\t\t\t<div class=\"elementor-element elementor-element-a05c819 elementor-widget elementor-widget-image\" data-id=\"a05c819\" data-element_type=\"widget\" data-e-type=\"widget\" data-widget_type=\"image.default\">\n\t\t\t\t<div class=\"elementor-widget-container\">\n\t\t\t\t\t\t\t\t\t\t\t\t\t\t\t<img loading=\"lazy\" decoding=\"async\" width=\"55\" height=\"59\" src=\"https:\/\/www.auvray-security.com\/wp-content\/uploads\/ecoute.svg\" class=\"attachment-full size-full wp-image-2320\" alt=\"\" \/>\t\t\t\t\t\t\t\t\t\t\t\t\t\t\t<\/div>\n\t\t\t\t<\/div>\n\t\t\t\t<\/div>\n\t\t\t\t<div class=\"elementor-element elementor-element-7a0af1c elementor-widget elementor-widget-text-editor\" data-id=\"7a0af1c\" data-element_type=\"widget\" data-e-type=\"widget\" data-widget_type=\"text-editor.default\">\n\t\t\t\t<div class=\"elementor-widget-container\">\n\t\t\t\t\t\t\t\t\t<p>Une \u00e9quipe \u00e0 votre \u00e9coute<br \/>proche de ses clients<\/p>\t\t\t\t\t\t\t\t<\/div>\n\t\t\t\t<\/div>\n\t\t\t\t<\/div>\n\t\t\t\t\t<\/div>\n\t\t\t\t<\/div>\n\t\t\t\t\t<\/div>\n\t\t\t\t<\/div>\n\t\t<div class=\"elementor-element elementor-element-314d7e5 e-con-full e-flex e-con e-parent\" data-id=\"314d7e5\" data-element_type=\"container\" data-e-type=\"container\">\n\t\t<div class=\"elementor-element elementor-element-698aa35 e-con-full e-flex e-con e-child\" data-id=\"698aa35\" data-element_type=\"container\" data-e-type=\"container\">\n\t\t\t\t<div class=\"elementor-element elementor-element-32579b8 elementor-widget elementor-widget-image\" data-id=\"32579b8\" data-element_type=\"widget\" data-e-type=\"widget\" data-widget_type=\"image.default\">\n\t\t\t\t<div class=\"elementor-widget-container\">\n\t\t\t\t\t\t\t\t\t\t\t\t\t\t\t<img loading=\"lazy\" decoding=\"async\" width=\"1250\" height=\"735\" src=\"https:\/\/www.auvray-security.com\/wp-content\/uploads\/auvray-security-bourg-peage.jpg\" class=\"attachment-full size-full wp-image-2110\" alt=\"\" srcset=\"https:\/\/www.auvray-security.com\/wp-content\/uploads\/auvray-security-bourg-peage.jpg 1250w, https:\/\/www.auvray-security.com\/wp-content\/uploads\/auvray-security-bourg-peage-300x176.jpg 300w, https:\/\/www.auvray-security.com\/wp-content\/uploads\/auvray-security-bourg-peage-1024x602.jpg 1024w, https:\/\/www.auvray-security.com\/wp-content\/uploads\/auvray-security-bourg-peage-768x452.jpg 768w, https:\/\/www.auvray-security.com\/wp-content\/uploads\/auvray-security-bourg-peage-36x21.jpg 36w, https:\/\/www.auvray-security.com\/wp-content\/uploads\/auvray-security-bourg-peage-75x44.jpg 75w, https:\/\/www.auvray-security.com\/wp-content\/uploads\/auvray-security-bourg-peage-48x28.jpg 48w, https:\/\/www.auvray-security.com\/wp-content\/uploads\/auvray-security-bourg-peage-388x228.jpg 388w, https:\/\/www.auvray-security.com\/wp-content\/uploads\/auvray-security-bourg-peage-100x59.jpg 100w, https:\/\/www.auvray-security.com\/wp-content\/uploads\/auvray-security-bourg-peage-712x419.jpg 712w, https:\/\/www.auvray-security.com\/wp-content\/uploads\/auvray-security-bourg-peage-600x353.jpg 600w\" sizes=\"(max-width: 1250px) 100vw, 1250px\" \/>\t\t\t\t\t\t\t\t\t\t\t\t\t\t\t<\/div>\n\t\t\t\t<\/div>\n\t\t\t\t<\/div>\n\t\t<div class=\"elementor-element elementor-element-14e001d e-con-full e-flex e-con e-child\" data-id=\"14e001d\" data-element_type=\"container\" data-e-type=\"container\">\n\t\t\t\t<div class=\"elementor-element elementor-element-9f1d68c elementor-widget elementor-widget-heading\" data-id=\"9f1d68c\" data-element_type=\"widget\" data-e-type=\"widget\" data-widget_type=\"heading.default\">\n\t\t\t\t<div class=\"elementor-widget-container\">\n\t\t\t\t\t<h2 class=\"elementor-heading-title elementor-size-default\">L\u2019\u00e9quipe Auvray est \u00e0 votre \u00e9coute<\/h2>\t\t\t\t<\/div>\n\t\t\t\t<\/div>\n\t\t\t\t<div class=\"elementor-element elementor-element-d090a77 elementor-widget elementor-widget-heading\" data-id=\"d090a77\" data-element_type=\"widget\" data-e-type=\"widget\" data-widget_type=\"heading.default\">\n\t\t\t\t<div class=\"elementor-widget-container\">\n\t\t\t\t\t<h3 class=\"elementor-heading-title elementor-size-default\">Magasins, marques, particuliers<\/h3>\t\t\t\t<\/div>\n\t\t\t\t<\/div>\n\t\t\t\t<div class=\"elementor-element elementor-element-7ed532b elementor-widget elementor-widget-text-editor\" data-id=\"7ed532b\" data-element_type=\"widget\" data-e-type=\"widget\" data-widget_type=\"text-editor.default\">\n\t\t\t\t<div class=\"elementor-widget-container\">\n\t\t\t\t\t\t\t\t\t<p>Toute l\u2019\u00e9quipe se tient \u00e0 votre disposition pour r\u00e9pondre \u00e0 vos questions<\/p>\t\t\t\t\t\t\t\t<\/div>\n\t\t\t\t<\/div>\n\t\t\t\t<div class=\"elementor-element elementor-element-28938af elementor-widget elementor-widget-button\" data-id=\"28938af\" data-element_type=\"widget\" data-e-type=\"widget\" data-widget_type=\"button.default\">\n\t\t\t\t<div class=\"elementor-widget-container\">\n\t\t\t\t\t\t\t\t\t<div class=\"elementor-button-wrapper\">\n\t\t\t\t\t<a class=\"elementor-button elementor-button-link elementor-size-sm\" href=\"https:\/\/www.auvray-security.com\/fr\/contact\/\">\n\t\t\t\t\t\t<span class=\"elementor-button-content-wrapper\">\n\t\t\t\t\t\t\t\t\t<span class=\"elementor-button-text\">Contactez-nous<\/span>\n\t\t\t\t\t<\/span>\n\t\t\t\t\t<\/a>\n\t\t\t\t<\/div>\n\t\t\t\t\t\t\t\t<\/div>\n\t\t\t\t<\/div>\n\t\t\t\t<\/div>\n\t\t\t\t<\/div>\n\t\t\t\t<\/div>\n\t\t","protected":false},"excerpt":{"rendered":"<p>Auvray Le meilleur de marquage 2 roues, tout simplement La soci\u00e9t\u00e9 Auvray a \u00e9t\u00e9 cr\u00e9\u00e9e en 1982 par Joseph Auvray, ferronnier de m\u00e9tier. \u00c0 la demande de marques et concessionnaires moto, il cr\u00e9a une gamme d\u2019antivols de haute s\u00e9curit\u00e9 capable de se ranger sous la selle des mod\u00e8les de l\u2019\u00e9poque. Le U Force 10 \u00e9tait [&hellip;]<\/p>\n","protected":false},"author":3,"featured_media":0,"parent":0,"menu_order":0,"comment_status":"closed","ping_status":"closed","template":"","meta":{"_acf_changed":false,"inline_featured_image":false,"footnotes":""},"class_list":["post-96","page","type-page","status-publish","hentry"],"acf":[],"yoast_head":"<!-- This site is optimized with the Yoast SEO plugin v27.3 - https:\/\/yoast.com\/product\/yoast-seo-wordpress\/ -->\n<title>Qui sommes-nous - AUVRAY Security<\/title>\n<meta name=\"robots\" content=\"index, follow, max-snippet:-1, max-image-preview:large, max-video-preview:-1\" \/>\n<link rel=\"canonical\" href=\"https:\/\/www.auvray-security.com\/fr\/qui-sommes-nous\/\" \/>\n<meta property=\"og:locale\" content=\"fr_FR\" \/>\n<meta property=\"og:type\" content=\"article\" \/>\n<meta property=\"og:title\" content=\"Qui sommes-nous - AUVRAY Security\" \/>\n<meta property=\"og:description\" content=\"Auvray Le meilleur de marquage 2 roues, tout simplement La soci\u00e9t\u00e9 Auvray a \u00e9t\u00e9 cr\u00e9\u00e9e en 1982 par Joseph Auvray, ferronnier de m\u00e9tier. \u00c0 la demande de marques et concessionnaires moto, il cr\u00e9a une gamme d\u2019antivols de haute s\u00e9curit\u00e9 capable de se ranger sous la selle des mod\u00e8les de l\u2019\u00e9poque. Le U Force 10 \u00e9tait [&hellip;]\" \/>\n<meta property=\"og:url\" content=\"https:\/\/www.auvray-security.com\/fr\/qui-sommes-nous\/\" \/>\n<meta property=\"og:site_name\" content=\"AUVRAY Security\" \/>\n<meta property=\"article:modified_time\" content=\"2025-12-19T12:19:58+00:00\" \/>\n<meta property=\"og:image\" content=\"https:\/\/www.auvray-security.com\/wp-content\/uploads\/2025\/03\/europe-auvray.png\" \/>\n<meta name=\"twitter:card\" content=\"summary_large_image\" \/>\n<meta name=\"twitter:label1\" content=\"Dur\u00e9e de lecture estim\u00e9e\" \/>\n\t<meta name=\"twitter:data1\" content=\"3 minutes\" \/>\n<script type=\"application\/ld+json\" class=\"yoast-schema-graph\">{\"@context\":\"https:\\\/\\\/schema.org\",\"@graph\":[{\"@type\":\"WebPage\",\"@id\":\"https:\\\/\\\/www.auvray-security.com\\\/fr\\\/qui-sommes-nous\\\/\",\"url\":\"https:\\\/\\\/www.auvray-security.com\\\/fr\\\/qui-sommes-nous\\\/\",\"name\":\"Qui sommes-nous - AUVRAY Security\",\"isPartOf\":{\"@id\":\"https:\\\/\\\/www.auvray-security.com\\\/fr\\\/#website\"},\"primaryImageOfPage\":{\"@id\":\"https:\\\/\\\/www.auvray-security.com\\\/fr\\\/qui-sommes-nous\\\/#primaryimage\"},\"image\":{\"@id\":\"https:\\\/\\\/www.auvray-security.com\\\/fr\\\/qui-sommes-nous\\\/#primaryimage\"},\"thumbnailUrl\":\"https:\\\/\\\/www.auvray-security.com\\\/wp-content\\\/uploads\\\/2025\\\/03\\\/europe-auvray.png\",\"datePublished\":\"2025-02-27T12:55:34+00:00\",\"dateModified\":\"2025-12-19T12:19:58+00:00\",\"breadcrumb\":{\"@id\":\"https:\\\/\\\/www.auvray-security.com\\\/fr\\\/qui-sommes-nous\\\/#breadcrumb\"},\"inLanguage\":\"fr-FR\",\"potentialAction\":[{\"@type\":\"ReadAction\",\"target\":[\"https:\\\/\\\/www.auvray-security.com\\\/fr\\\/qui-sommes-nous\\\/\"]}]},{\"@type\":\"ImageObject\",\"inLanguage\":\"fr-FR\",\"@id\":\"https:\\\/\\\/www.auvray-security.com\\\/fr\\\/qui-sommes-nous\\\/#primaryimage\",\"url\":\"https:\\\/\\\/www.auvray-security.com\\\/wp-content\\\/uploads\\\/2025\\\/03\\\/europe-auvray.png\",\"contentUrl\":\"https:\\\/\\\/www.auvray-security.com\\\/wp-content\\\/uploads\\\/2025\\\/03\\\/europe-auvray.png\"},{\"@type\":\"BreadcrumbList\",\"@id\":\"https:\\\/\\\/www.auvray-security.com\\\/fr\\\/qui-sommes-nous\\\/#breadcrumb\",\"itemListElement\":[{\"@type\":\"ListItem\",\"position\":1,\"name\":\"Accueil\",\"item\":\"https:\\\/\\\/www.auvray-security.com\\\/fr\\\/\"},{\"@type\":\"ListItem\",\"position\":2,\"name\":\"Qui sommes-nous\"}]},{\"@type\":\"WebSite\",\"@id\":\"https:\\\/\\\/www.auvray-security.com\\\/fr\\\/#website\",\"url\":\"https:\\\/\\\/www.auvray-security.com\\\/fr\\\/\",\"name\":\"AUVRAY Security\",\"description\":\"\",\"potentialAction\":[{\"@type\":\"SearchAction\",\"target\":{\"@type\":\"EntryPoint\",\"urlTemplate\":\"https:\\\/\\\/www.auvray-security.com\\\/fr\\\/?s={search_term_string}\"},\"query-input\":{\"@type\":\"PropertyValueSpecification\",\"valueRequired\":true,\"valueName\":\"search_term_string\"}}],\"inLanguage\":\"fr-FR\"}]}<\/script>\n<!-- \/ Yoast SEO plugin. -->","yoast_head_json":{"title":"Qui sommes-nous - AUVRAY Security","robots":{"index":"index","follow":"follow","max-snippet":"max-snippet:-1","max-image-preview":"max-image-preview:large","max-video-preview":"max-video-preview:-1"},"canonical":"https:\/\/www.auvray-security.com\/fr\/qui-sommes-nous\/","og_locale":"fr_FR","og_type":"article","og_title":"Qui sommes-nous - AUVRAY Security","og_description":"Auvray Le meilleur de marquage 2 roues, tout simplement La soci\u00e9t\u00e9 Auvray a \u00e9t\u00e9 cr\u00e9\u00e9e en 1982 par Joseph Auvray, ferronnier de m\u00e9tier. \u00c0 la demande de marques et concessionnaires moto, il cr\u00e9a une gamme d\u2019antivols de haute s\u00e9curit\u00e9 capable de se ranger sous la selle des mod\u00e8les de l\u2019\u00e9poque. Le U Force 10 \u00e9tait [&hellip;]","og_url":"https:\/\/www.auvray-security.com\/fr\/qui-sommes-nous\/","og_site_name":"AUVRAY Security","article_modified_time":"2025-12-19T12:19:58+00:00","og_image":[{"url":"https:\/\/www.auvray-security.com\/wp-content\/uploads\/2025\/03\/europe-auvray.png","type":"","width":"","height":""}],"twitter_card":"summary_large_image","twitter_misc":{"Dur\u00e9e de lecture estim\u00e9e":"3 minutes"},"schema":{"@context":"https:\/\/schema.org","@graph":[{"@type":"WebPage","@id":"https:\/\/www.auvray-security.com\/fr\/qui-sommes-nous\/","url":"https:\/\/www.auvray-security.com\/fr\/qui-sommes-nous\/","name":"Qui sommes-nous - AUVRAY Security","isPartOf":{"@id":"https:\/\/www.auvray-security.com\/fr\/#website"},"primaryImageOfPage":{"@id":"https:\/\/www.auvray-security.com\/fr\/qui-sommes-nous\/#primaryimage"},"image":{"@id":"https:\/\/www.auvray-security.com\/fr\/qui-sommes-nous\/#primaryimage"},"thumbnailUrl":"https:\/\/www.auvray-security.com\/wp-content\/uploads\/2025\/03\/europe-auvray.png","datePublished":"2025-02-27T12:55:34+00:00","dateModified":"2025-12-19T12:19:58+00:00","breadcrumb":{"@id":"https:\/\/www.auvray-security.com\/fr\/qui-sommes-nous\/#breadcrumb"},"inLanguage":"fr-FR","potentialAction":[{"@type":"ReadAction","target":["https:\/\/www.auvray-security.com\/fr\/qui-sommes-nous\/"]}]},{"@type":"ImageObject","inLanguage":"fr-FR","@id":"https:\/\/www.auvray-security.com\/fr\/qui-sommes-nous\/#primaryimage","url":"https:\/\/www.auvray-security.com\/wp-content\/uploads\/2025\/03\/europe-auvray.png","contentUrl":"https:\/\/www.auvray-security.com\/wp-content\/uploads\/2025\/03\/europe-auvray.png"},{"@type":"BreadcrumbList","@id":"https:\/\/www.auvray-security.com\/fr\/qui-sommes-nous\/#breadcrumb","itemListElement":[{"@type":"ListItem","position":1,"name":"Accueil","item":"https:\/\/www.auvray-security.com\/fr\/"},{"@type":"ListItem","position":2,"name":"Qui sommes-nous"}]},{"@type":"WebSite","@id":"https:\/\/www.auvray-security.com\/fr\/#website","url":"https:\/\/www.auvray-security.com\/fr\/","name":"AUVRAY Security","description":"","potentialAction":[{"@type":"SearchAction","target":{"@type":"EntryPoint","urlTemplate":"https:\/\/www.auvray-security.com\/fr\/?s={search_term_string}"},"query-input":{"@type":"PropertyValueSpecification","valueRequired":true,"valueName":"search_term_string"}}],"inLanguage":"fr-FR"}]}},"_links":{"self":[{"href":"https:\/\/www.auvray-security.com\/fr\/wp-json\/wp\/v2\/pages\/96","targetHints":{"allow":["GET"]}}],"collection":[{"href":"https:\/\/www.auvray-security.com\/fr\/wp-json\/wp\/v2\/pages"}],"about":[{"href":"https:\/\/www.auvray-security.com\/fr\/wp-json\/wp\/v2\/types\/page"}],"author":[{"embeddable":true,"href":"https:\/\/www.auvray-security.com\/fr\/wp-json\/wp\/v2\/users\/3"}],"replies":[{"embeddable":true,"href":"https:\/\/www.auvray-security.com\/fr\/wp-json\/wp\/v2\/comments?post=96"}],"version-history":[{"count":117,"href":"https:\/\/www.auvray-security.com\/fr\/wp-json\/wp\/v2\/pages\/96\/revisions"}],"predecessor-version":[{"id":5027,"href":"https:\/\/www.auvray-security.com\/fr\/wp-json\/wp\/v2\/pages\/96\/revisions\/5027"}],"wp:attachment":[{"href":"https:\/\/www.auvray-security.com\/fr\/wp-json\/wp\/v2\/media?parent=96"}],"curies":[{"name":"wp","href":"https:\/\/api.w.org\/{rel}","templated":true}]}}