{"id":2751,"date":"2025-06-27T06:54:05","date_gmt":"2025-06-27T04:54:05","guid":{"rendered":"https:\/\/www.auvray-security.com\/?page_id=2751"},"modified":"2025-12-19T13:18:08","modified_gmt":"2025-12-19T12:18:08","slug":"pro-revendeurs-antivols-auvray","status":"publish","type":"page","link":"https:\/\/www.auvray-security.com\/fr\/avantages-revendeur-auvray-antivol-affinitaire-moto-velo\/pro-revendeurs-antivols-auvray\/","title":{"rendered":"Revendeurs antivols AUVRAY"},"content":{"rendered":"\t\t<div data-elementor-type=\"wp-page\" data-elementor-id=\"2751\" class=\"elementor elementor-2751\" data-elementor-post-type=\"page\">\n\t\t\t\t<div class=\"elementor-element elementor-element-574cc01 e-con-full e-flex e-con e-parent\" data-id=\"574cc01\" data-element_type=\"container\" data-e-type=\"container\" data-settings=\"{&quot;background_background&quot;:&quot;classic&quot;}\">\n\t\t<div class=\"elementor-element elementor-element-5700421 e-con-full e-flex e-con e-child\" data-id=\"5700421\" data-element_type=\"container\" data-e-type=\"container\" data-settings=\"{&quot;background_background&quot;:&quot;classic&quot;}\">\n\t\t\t\t<div class=\"elementor-element elementor-element-8b73a47 elementor-widget elementor-widget-heading\" data-id=\"8b73a47\" data-element_type=\"widget\" data-e-type=\"widget\" data-widget_type=\"heading.default\">\n\t\t\t\t<div class=\"elementor-widget-container\">\n\t\t\t\t\t<h2 class=\"elementor-heading-title elementor-size-default\">Devenez revendeurs de nos <\/h2>\t\t\t\t<\/div>\n\t\t\t\t<\/div>\n\t\t\t\t<div class=\"elementor-element elementor-element-dc17e27 elementor-widget elementor-widget-heading\" data-id=\"dc17e27\" data-element_type=\"widget\" data-e-type=\"widget\" data-widget_type=\"heading.default\">\n\t\t\t\t<div class=\"elementor-widget-container\">\n\t\t\t\t\t<h1 class=\"elementor-heading-title elementor-size-default\">Antivols moto et v\u00e9lo<\/h1>\t\t\t\t<\/div>\n\t\t\t\t<\/div>\n\t\t\t\t<\/div>\n\t\t\t\t<\/div>\n\t\t<div class=\"elementor-element elementor-element-adbfa60 e-flex e-con-boxed e-con e-parent\" data-id=\"adbfa60\" data-element_type=\"container\" data-e-type=\"container\">\n\t\t\t\t\t<div class=\"e-con-inner\">\n\t\t<div class=\"elementor-element elementor-element-930015a e-con-full e-flex e-con e-child\" data-id=\"930015a\" data-element_type=\"container\" data-e-type=\"container\">\n\t\t\t\t<div class=\"elementor-element elementor-element-1c4ecb0 elementor-widget elementor-widget-heading\" data-id=\"1c4ecb0\" data-element_type=\"widget\" data-e-type=\"widget\" data-widget_type=\"heading.default\">\n\t\t\t\t<div class=\"elementor-widget-container\">\n\t\t\t\t\t<h2 class=\"elementor-heading-title elementor-size-default\">Rejoignez notre r\u00e9seau de distributeurs et <span style=\"background-color: #FFEE00\"> profitez d\u2019une offre d\u00e9di\u00e9e et adapt\u00e9e \u00e0 vos besoins. <\/span><\/h2>\t\t\t\t<\/div>\n\t\t\t\t<\/div>\n\t\t\t\t<\/div>\n\t\t<div class=\"elementor-element elementor-element-8f78616 e-con-full e-flex e-con e-child\" data-id=\"8f78616\" data-element_type=\"container\" data-e-type=\"container\">\n\t\t<div class=\"elementor-element elementor-element-1046f96 e-con-full e-flex e-con e-child\" data-id=\"1046f96\" data-element_type=\"container\" data-e-type=\"container\">\n\t\t\t\t<div class=\"elementor-element elementor-element-3ae2bd0 elementor-widget elementor-widget-heading\" data-id=\"3ae2bd0\" data-element_type=\"widget\" data-e-type=\"widget\" data-widget_type=\"heading.default\">\n\t\t\t\t<div class=\"elementor-widget-container\">\n\t\t\t\t\t<h3 class=\"elementor-heading-title elementor-size-default\">Devenez revendeur Auvray, <br>\nexpert fran\u00e7ais de la s\u00e9curit\u00e9 deux-roues<\/h3>\t\t\t\t<\/div>\n\t\t\t\t<\/div>\n\t\t\t\t<div class=\"elementor-element elementor-element-55ef72f elementor-widget elementor-widget-text-editor\" data-id=\"55ef72f\" data-element_type=\"widget\" data-e-type=\"widget\" data-widget_type=\"text-editor.default\">\n\t\t\t\t<div class=\"elementor-widget-container\">\n\t\t\t\t\t\t\t\t\t<p data-start=\"698\" data-end=\"1070\"><strong>Proposez \u00e0 vos clients une gamme compl\u00e8te d\u2019antivols certifi\u00e9s et performants.<\/strong> B\u00e9n\u00e9ficiez d\u2019un accompagnement personnalis\u00e9, de conditions avantageuses et de la fiabilit\u00e9 d\u2019une marque reconnue depuis plus de 40 ans.<\/p><p data-start=\"698\" data-end=\"1070\">Nous proposons \u00e0 nos partenaires une <strong data-start=\"735\" data-end=\"770\">politique tarifaire avantageuse<\/strong>, avec des <strong data-start=\"781\" data-end=\"823\">remises progressives selon les volumes<\/strong>, ainsi que des <strong data-start=\"839\" data-end=\"877\">supports de communication gratuits<\/strong> (PLV, catalogues, pr\u00e9sentoirs) pour dynamiser vos ventes.<\/p><p data-start=\"698\" data-end=\"1070\">Notre <strong data-start=\"942\" data-end=\"965\">logistique r\u00e9active<\/strong> et nos <strong data-start=\"973\" data-end=\"1006\">d\u00e9lais de livraison optimis\u00e9s<\/strong> vous garantissent une gestion simple et efficace de vos stocks.<\/p><p data-start=\"1072\" data-end=\"1126\">\u00a0<\/p>\t\t\t\t\t\t\t\t<\/div>\n\t\t\t\t<\/div>\n\t\t\t\t<\/div>\n\t\t\t\t<\/div>\n\t\t<div class=\"elementor-element elementor-element-59560e8 e-con-full e-flex e-con e-child\" data-id=\"59560e8\" data-element_type=\"container\" data-e-type=\"container\">\n\t\t\t\t<div class=\"elementor-element elementor-element-0c5a855 elementor-widget elementor-widget-html\" data-id=\"0c5a855\" data-element_type=\"widget\" data-e-type=\"widget\" data-widget_type=\"html.default\">\n\t\t\t\t<div class=\"elementor-widget-container\">\n\t\t\t\t\t<div class=\"ProfessionalAccess__Cards\">\n                  <div class=\"ProfessionalAccess__Cards__Row\">\n                        <div class=\"ProfessionalAccess__Card2 ProfessionalAccess__Card--b2b ProfessionalAccess__Card--dark\">\n    <div class=\"ProfessionalAccess__Card__Container\">\n        <h2 class=\"ProfessionalAccess__Card__Title\">\n            Espace B2B\n        <\/h2>\n\n        <div class=\"ProfessionalAccess__Card__Keywords\">\n            ANTIVOLS, CASQUES ET ACCESSOIRES\n        <\/div>\n\n        <div class=\"ProfessionalAccess__Card__Features\">\n                            <div class=\"ProfessionalAccess__Card__Features__Item\">\n                    Acc\u00e9der \u00e0 l\u2019int\u00e9gralit\u00e9 du catalogue\n                <\/div>\n                            <div class=\"ProfessionalAccess__Card__Features__Item\">\n                    Passer vos commandes simplement\n                <\/div>\n                            <div class=\"ProfessionalAccess__Card__Features__Item\">\n                    Consulter vos factures et les statistiques\n                <\/div>\n                            <div class=\"ProfessionalAccess__Card__Features__Item\">\n                    Consulter le stock en temps r\u00e9el\n                <\/div>\n                    <\/div>\n\n        <button class=\"ProfessionalAccess__Card__Button\">\n            <a href=\"https:\/\/b2b.auvray-security.com\/login\" class=\"ProfessionalAccess__Card__Button__Link\" target=\"_blank\">\n                Se connecter\n            <\/a>\n        <\/button>\n    <\/div>\n<\/div>                    <\/div>\n                <\/div>\t\t\t\t<\/div>\n\t\t\t\t<\/div>\n\t\t\t\t<\/div>\n\t\t\t\t\t<\/div>\n\t\t\t\t<\/div>\n\t\t<div class=\"elementor-element elementor-element-0fa7e02 e-flex e-con-boxed e-con e-parent\" data-id=\"0fa7e02\" data-element_type=\"container\" data-e-type=\"container\" data-settings=\"{&quot;background_background&quot;:&quot;classic&quot;}\">\n\t\t\t\t\t<div class=\"e-con-inner\">\n\t\t<div class=\"elementor-element elementor-element-8936c2d e-con-full e-flex e-con e-child\" data-id=\"8936c2d\" data-element_type=\"container\" data-e-type=\"container\" data-settings=\"{&quot;background_background&quot;:&quot;classic&quot;}\">\n\t\t<div class=\"elementor-element elementor-element-220885c e-con-full e-flex e-con e-child\" data-id=\"220885c\" data-element_type=\"container\" data-e-type=\"container\">\n\t\t<div class=\"elementor-element elementor-element-16cdf57 e-con-full e-flex e-con e-child\" data-id=\"16cdf57\" data-element_type=\"container\" data-e-type=\"container\">\n\t\t\t\t<div class=\"elementor-element elementor-element-bc199f1 elementor-widget elementor-widget-heading\" data-id=\"bc199f1\" data-element_type=\"widget\" data-e-type=\"widget\" data-widget_type=\"heading.default\">\n\t\t\t\t<div class=\"elementor-widget-container\">\n\t\t\t\t\t<h2 class=\"elementor-heading-title elementor-size-default\"><span style=\"background-color: #000\"> &nbsp; Devenez revendeur &nbsp; <\/span><\/h2>\t\t\t\t<\/div>\n\t\t\t\t<\/div>\n\t\t\t\t<div class=\"elementor-element elementor-element-3cf3152 elementor-widget elementor-widget-heading\" data-id=\"3cf3152\" data-element_type=\"widget\" data-e-type=\"widget\" data-widget_type=\"heading.default\">\n\t\t\t\t<div class=\"elementor-widget-container\">\n\t\t\t\t\t<h2 class=\"elementor-heading-title elementor-size-default\">et b\u00e9n\u00e9ficiez d'un accompagnement \nhumain et technique<\/h2>\t\t\t\t<\/div>\n\t\t\t\t<\/div>\n\t\t\t\t<\/div>\n\t\t<div class=\"elementor-element elementor-element-e54266c e-con-full e-flex e-con e-child\" data-id=\"e54266c\" data-element_type=\"container\" data-e-type=\"container\">\n\t\t\t\t<div class=\"elementor-element elementor-element-a99d94e elementor-widget elementor-widget-text-editor\" data-id=\"a99d94e\" data-element_type=\"widget\" data-e-type=\"widget\" data-widget_type=\"text-editor.default\">\n\t\t\t\t<div class=\"elementor-widget-container\">\n\t\t\t\t\t\t\t\t\t<p data-start=\"1501\" data-end=\"1818\">Chez Auvray, nous croyons en la proximit\u00e9. Nos commerciaux sont \u00e0 votre disposition pour <strong data-start=\"1590\" data-end=\"1640\">vous conseiller, \u00e9tablir un devis personnalis\u00e9<\/strong> ou organiser une <strong data-start=\"1658\" data-end=\"1692\">pr\u00e9sentation en point de vente<\/strong>.\u00a0<\/p><p data-start=\"1820\" data-end=\"1965\"><strong data-start=\"1820\" data-end=\"1965\">Rejoignez un r\u00e9seau de professionnels engag\u00e9s dans la s\u00e9curit\u00e9 et la qualit\u00e9 fran\u00e7aise. Ouvrez votre compte revendeur Auvray d\u00e8s aujourd\u2019hui.<\/strong><\/p>\t\t\t\t\t\t\t\t<\/div>\n\t\t\t\t<\/div>\n\t\t\t\t<\/div>\n\t\t<div class=\"elementor-element elementor-element-50085a3 e-con-full e-flex e-con e-child\" data-id=\"50085a3\" data-element_type=\"container\" data-e-type=\"container\">\n\t\t\t\t<div class=\"elementor-element elementor-element-64e3bd3 elementor-widget elementor-widget-heading\" data-id=\"64e3bd3\" data-element_type=\"widget\" data-e-type=\"widget\" data-widget_type=\"heading.default\">\n\t\t\t\t<div class=\"elementor-widget-container\">\n\t\t\t\t\t<h2 class=\"elementor-heading-title elementor-size-default\">Appelez-nous au<\/h2>\t\t\t\t<\/div>\n\t\t\t\t<\/div>\n\t\t\t\t<div class=\"elementor-element elementor-element-1559504 elementor-widget elementor-widget-heading\" data-id=\"1559504\" data-element_type=\"widget\" data-e-type=\"widget\" data-widget_type=\"heading.default\">\n\t\t\t\t<div class=\"elementor-widget-container\">\n\t\t\t\t\t<h2 class=\"elementor-heading-title elementor-size-default\"><div>04 75 71 04 98<\/div><\/h2>\t\t\t\t<\/div>\n\t\t\t\t<\/div>\n\t\t\t\t<\/div>\n\t\t\t\t<\/div>\n\t\t\t\t<\/div>\n\t\t\t\t\t<\/div>\n\t\t\t\t<\/div>\n\t\t\t\t<\/div>\n\t\t","protected":false},"excerpt":{"rendered":"<p>Devenez revendeurs de nos Antivols moto et v\u00e9lo Rejoignez notre r\u00e9seau de distributeurs et profitez d\u2019une offre d\u00e9di\u00e9e et adapt\u00e9e \u00e0 vos besoins. Devenez revendeur Auvray, expert fran\u00e7ais de la s\u00e9curit\u00e9 deux-roues Proposez \u00e0 vos clients une gamme compl\u00e8te d\u2019antivols certifi\u00e9s et performants. B\u00e9n\u00e9ficiez d\u2019un accompagnement personnalis\u00e9, de conditions avantageuses et de la fiabilit\u00e9 d\u2019une [&hellip;]<\/p>\n","protected":false},"author":2,"featured_media":0,"parent":2464,"menu_order":0,"comment_status":"closed","ping_status":"closed","template":"","meta":{"_acf_changed":false,"inline_featured_image":false,"footnotes":""},"class_list":["post-2751","page","type-page","status-publish","hentry"],"acf":[],"yoast_head":"<!-- This site is optimized with the Yoast SEO plugin v27.3 - https:\/\/yoast.com\/product\/yoast-seo-wordpress\/ -->\n<title>Revendeurs antivols AUVRAY - AUVRAY Security<\/title>\n<meta name=\"robots\" content=\"index, follow, max-snippet:-1, max-image-preview:large, max-video-preview:-1\" \/>\n<link rel=\"canonical\" href=\"https:\/\/www.auvray-security.com\/fr\/avantages-revendeur-auvray-antivol-affinitaire-moto-velo\/pro-revendeurs-antivols-auvray\/\" \/>\n<meta property=\"og:locale\" content=\"fr_FR\" \/>\n<meta property=\"og:type\" content=\"article\" \/>\n<meta property=\"og:title\" content=\"Revendeurs antivols AUVRAY - AUVRAY Security\" \/>\n<meta property=\"og:description\" content=\"Devenez revendeurs de nos Antivols moto et v\u00e9lo Rejoignez notre r\u00e9seau de distributeurs et profitez d\u2019une offre d\u00e9di\u00e9e et adapt\u00e9e \u00e0 vos besoins. Devenez revendeur Auvray, expert fran\u00e7ais de la s\u00e9curit\u00e9 deux-roues Proposez \u00e0 vos clients une gamme compl\u00e8te d\u2019antivols certifi\u00e9s et performants. B\u00e9n\u00e9ficiez d\u2019un accompagnement personnalis\u00e9, de conditions avantageuses et de la fiabilit\u00e9 d\u2019une [&hellip;]\" \/>\n<meta property=\"og:url\" content=\"https:\/\/www.auvray-security.com\/fr\/avantages-revendeur-auvray-antivol-affinitaire-moto-velo\/pro-revendeurs-antivols-auvray\/\" \/>\n<meta property=\"og:site_name\" content=\"AUVRAY Security\" \/>\n<meta property=\"article:modified_time\" content=\"2025-12-19T12:18:08+00:00\" \/>\n<meta name=\"twitter:card\" content=\"summary_large_image\" \/>\n<meta name=\"twitter:label1\" content=\"Dur\u00e9e de lecture estim\u00e9e\" \/>\n\t<meta name=\"twitter:data1\" content=\"2 minutes\" \/>\n<script type=\"application\/ld+json\" class=\"yoast-schema-graph\">{\"@context\":\"https:\\\/\\\/schema.org\",\"@graph\":[{\"@type\":\"WebPage\",\"@id\":\"https:\\\/\\\/www.auvray-security.com\\\/fr\\\/avantages-revendeur-auvray-antivol-affinitaire-moto-velo\\\/pro-revendeurs-antivols-auvray\\\/\",\"url\":\"https:\\\/\\\/www.auvray-security.com\\\/fr\\\/avantages-revendeur-auvray-antivol-affinitaire-moto-velo\\\/pro-revendeurs-antivols-auvray\\\/\",\"name\":\"Revendeurs antivols AUVRAY - AUVRAY Security\",\"isPartOf\":{\"@id\":\"https:\\\/\\\/www.auvray-security.com\\\/fr\\\/#website\"},\"datePublished\":\"2025-06-27T04:54:05+00:00\",\"dateModified\":\"2025-12-19T12:18:08+00:00\",\"breadcrumb\":{\"@id\":\"https:\\\/\\\/www.auvray-security.com\\\/fr\\\/avantages-revendeur-auvray-antivol-affinitaire-moto-velo\\\/pro-revendeurs-antivols-auvray\\\/#breadcrumb\"},\"inLanguage\":\"fr-FR\",\"potentialAction\":[{\"@type\":\"ReadAction\",\"target\":[\"https:\\\/\\\/www.auvray-security.com\\\/fr\\\/avantages-revendeur-auvray-antivol-affinitaire-moto-velo\\\/pro-revendeurs-antivols-auvray\\\/\"]}]},{\"@type\":\"BreadcrumbList\",\"@id\":\"https:\\\/\\\/www.auvray-security.com\\\/fr\\\/avantages-revendeur-auvray-antivol-affinitaire-moto-velo\\\/pro-revendeurs-antivols-auvray\\\/#breadcrumb\",\"itemListElement\":[{\"@type\":\"ListItem\",\"position\":1,\"name\":\"Accueil\",\"item\":\"https:\\\/\\\/www.auvray-security.com\\\/fr\\\/\"},{\"@type\":\"ListItem\",\"position\":2,\"name\":\"Avantages revendeurs\",\"item\":\"https:\\\/\\\/www.auvray-security.com\\\/fr\\\/avantages-revendeur-auvray-antivol-affinitaire-moto-velo\\\/\"},{\"@type\":\"ListItem\",\"position\":3,\"name\":\"Revendeurs antivols AUVRAY\"}]},{\"@type\":\"WebSite\",\"@id\":\"https:\\\/\\\/www.auvray-security.com\\\/fr\\\/#website\",\"url\":\"https:\\\/\\\/www.auvray-security.com\\\/fr\\\/\",\"name\":\"AUVRAY Security\",\"description\":\"\",\"potentialAction\":[{\"@type\":\"SearchAction\",\"target\":{\"@type\":\"EntryPoint\",\"urlTemplate\":\"https:\\\/\\\/www.auvray-security.com\\\/fr\\\/?s={search_term_string}\"},\"query-input\":{\"@type\":\"PropertyValueSpecification\",\"valueRequired\":true,\"valueName\":\"search_term_string\"}}],\"inLanguage\":\"fr-FR\"}]}<\/script>\n<!-- \/ Yoast SEO plugin. -->","yoast_head_json":{"title":"Revendeurs antivols AUVRAY - AUVRAY Security","robots":{"index":"index","follow":"follow","max-snippet":"max-snippet:-1","max-image-preview":"max-image-preview:large","max-video-preview":"max-video-preview:-1"},"canonical":"https:\/\/www.auvray-security.com\/fr\/avantages-revendeur-auvray-antivol-affinitaire-moto-velo\/pro-revendeurs-antivols-auvray\/","og_locale":"fr_FR","og_type":"article","og_title":"Revendeurs antivols AUVRAY - AUVRAY Security","og_description":"Devenez revendeurs de nos Antivols moto et v\u00e9lo Rejoignez notre r\u00e9seau de distributeurs et profitez d\u2019une offre d\u00e9di\u00e9e et adapt\u00e9e \u00e0 vos besoins. Devenez revendeur Auvray, expert fran\u00e7ais de la s\u00e9curit\u00e9 deux-roues Proposez \u00e0 vos clients une gamme compl\u00e8te d\u2019antivols certifi\u00e9s et performants. B\u00e9n\u00e9ficiez d\u2019un accompagnement personnalis\u00e9, de conditions avantageuses et de la fiabilit\u00e9 d\u2019une [&hellip;]","og_url":"https:\/\/www.auvray-security.com\/fr\/avantages-revendeur-auvray-antivol-affinitaire-moto-velo\/pro-revendeurs-antivols-auvray\/","og_site_name":"AUVRAY Security","article_modified_time":"2025-12-19T12:18:08+00:00","twitter_card":"summary_large_image","twitter_misc":{"Dur\u00e9e de lecture estim\u00e9e":"2 minutes"},"schema":{"@context":"https:\/\/schema.org","@graph":[{"@type":"WebPage","@id":"https:\/\/www.auvray-security.com\/fr\/avantages-revendeur-auvray-antivol-affinitaire-moto-velo\/pro-revendeurs-antivols-auvray\/","url":"https:\/\/www.auvray-security.com\/fr\/avantages-revendeur-auvray-antivol-affinitaire-moto-velo\/pro-revendeurs-antivols-auvray\/","name":"Revendeurs antivols AUVRAY - AUVRAY Security","isPartOf":{"@id":"https:\/\/www.auvray-security.com\/fr\/#website"},"datePublished":"2025-06-27T04:54:05+00:00","dateModified":"2025-12-19T12:18:08+00:00","breadcrumb":{"@id":"https:\/\/www.auvray-security.com\/fr\/avantages-revendeur-auvray-antivol-affinitaire-moto-velo\/pro-revendeurs-antivols-auvray\/#breadcrumb"},"inLanguage":"fr-FR","potentialAction":[{"@type":"ReadAction","target":["https:\/\/www.auvray-security.com\/fr\/avantages-revendeur-auvray-antivol-affinitaire-moto-velo\/pro-revendeurs-antivols-auvray\/"]}]},{"@type":"BreadcrumbList","@id":"https:\/\/www.auvray-security.com\/fr\/avantages-revendeur-auvray-antivol-affinitaire-moto-velo\/pro-revendeurs-antivols-auvray\/#breadcrumb","itemListElement":[{"@type":"ListItem","position":1,"name":"Accueil","item":"https:\/\/www.auvray-security.com\/fr\/"},{"@type":"ListItem","position":2,"name":"Avantages revendeurs","item":"https:\/\/www.auvray-security.com\/fr\/avantages-revendeur-auvray-antivol-affinitaire-moto-velo\/"},{"@type":"ListItem","position":3,"name":"Revendeurs antivols AUVRAY"}]},{"@type":"WebSite","@id":"https:\/\/www.auvray-security.com\/fr\/#website","url":"https:\/\/www.auvray-security.com\/fr\/","name":"AUVRAY Security","description":"","potentialAction":[{"@type":"SearchAction","target":{"@type":"EntryPoint","urlTemplate":"https:\/\/www.auvray-security.com\/fr\/?s={search_term_string}"},"query-input":{"@type":"PropertyValueSpecification","valueRequired":true,"valueName":"search_term_string"}}],"inLanguage":"fr-FR"}]}},"_links":{"self":[{"href":"https:\/\/www.auvray-security.com\/fr\/wp-json\/wp\/v2\/pages\/2751","targetHints":{"allow":["GET"]}}],"collection":[{"href":"https:\/\/www.auvray-security.com\/fr\/wp-json\/wp\/v2\/pages"}],"about":[{"href":"https:\/\/www.auvray-security.com\/fr\/wp-json\/wp\/v2\/types\/page"}],"author":[{"embeddable":true,"href":"https:\/\/www.auvray-security.com\/fr\/wp-json\/wp\/v2\/users\/2"}],"replies":[{"embeddable":true,"href":"https:\/\/www.auvray-security.com\/fr\/wp-json\/wp\/v2\/comments?post=2751"}],"version-history":[{"count":29,"href":"https:\/\/www.auvray-security.com\/fr\/wp-json\/wp\/v2\/pages\/2751\/revisions"}],"predecessor-version":[{"id":6541,"href":"https:\/\/www.auvray-security.com\/fr\/wp-json\/wp\/v2\/pages\/2751\/revisions\/6541"}],"up":[{"embeddable":true,"href":"https:\/\/www.auvray-security.com\/fr\/wp-json\/wp\/v2\/pages\/2464"}],"wp:attachment":[{"href":"https:\/\/www.auvray-security.com\/fr\/wp-json\/wp\/v2\/media?parent=2751"}],"curies":[{"name":"wp","href":"https:\/\/api.w.org\/{rel}","templated":true}]}}